{"id":11,"date":"2021-02-23T16:30:59","date_gmt":"2021-02-23T16:30:59","guid":{"rendered":"https:\/\/blogsaverroes.juntadeandalucia.es\/fisicayquimicaies2021\/?page_id=11"},"modified":"2021-02-23T16:30:59","modified_gmt":"2021-02-23T16:30:59","slug":"sobre-mi","status":"publish","type":"page","link":"https:\/\/blogsaverroes.juntadeandalucia.es\/fisicayquimicaies2021\/sobre-mi\/","title":{"rendered":"SOBRE M\u00cd"},"content":{"rendered":"<p>Me llamo Raquel Campos Ord\u00f3\u00f1ez,<\/p>\n<p>Soy profesora de f\u00edsica y qu\u00edmica&nbsp;<\/p>\n<p>Mi correo es: raquelcampos@iesmediterraneogarrucha.com<\/p>\n","protected":false},"excerpt":{"rendered":"<p>Me llamo Raquel Campos Ord\u00f3\u00f1ez, Soy profesora de f\u00edsica y qu\u00edmica&nbsp; Mi correo es: raquelcampos@iesmediterraneogarrucha.com<\/p>\n","protected":false},"author":12503,"featured_media":0,"parent":0,"menu_order":0,"comment_status":"closed","ping_status":"closed","template":"","meta":{"ngg_post_thumbnail":0,"footnotes":""},"aioseo_notices":[],"_links":{"self":[{"href":"https:\/\/blogsaverroes.juntadeandalucia.es\/fisicayquimicaies2021\/wp-json\/wp\/v2\/pages\/11"}],"collection":[{"href":"https:\/\/blogsaverroes.juntadeandalucia.es\/fisicayquimicaies2021\/wp-json\/wp\/v2\/pages"}],"about":[{"href":"https:\/\/blogsaverroes.juntadeandalucia.es\/fisicayquimicaies2021\/wp-json\/wp\/v2\/types\/page"}],"author":[{"embeddable":true,"href":"https:\/\/blogsaverroes.juntadeandalucia.es\/fisicayquimicaies2021\/wp-json\/wp\/v2\/users\/12503"}],"replies":[{"embeddable":true,"href":"https:\/\/blogsaverroes.juntadeandalucia.es\/fisicayquimicaies2021\/wp-json\/wp\/v2\/comments?post=11"}],"version-history":[{"count":1,"href":"https:\/\/blogsaverroes.juntadeandalucia.es\/fisicayquimicaies2021\/wp-json\/wp\/v2\/pages\/11\/revisions"}],"predecessor-version":[{"id":12,"href":"https:\/\/blogsaverroes.juntadeandalucia.es\/fisicayquimicaies2021\/wp-json\/wp\/v2\/pages\/11\/revisions\/12"}],"wp:attachment":[{"href":"https:\/\/blogsaverroes.juntadeandalucia.es\/fisicayquimicaies2021\/wp-json\/wp\/v2\/media?parent=11"}],"curies":[{"name":"wp","href":"https:\/\/api.w.org\/{rel}","templated":true}]}}