{"id":372,"date":"2019-01-22T23:10:23","date_gmt":"2019-01-22T23:10:23","guid":{"rendered":"https:\/\/fjalvarezjimenez.wordpress.com\/?page_id=372"},"modified":"2019-01-22T23:10:23","modified_gmt":"2019-01-22T23:10:23","slug":"clase-invertida","status":"publish","type":"page","link":"https:\/\/blogsaverroes.juntadeandalucia.es\/fjavieralvarezjimenez\/clase-invertida\/","title":{"rendered":"Clase Invertida"},"content":{"rendered":"\n<p>El Flipped Classroom (FC) es un modelo pedag\u00f3gico que&nbsp;<strong>transfiere<\/strong>&nbsp;el trabajo de&nbsp;<strong>determinados procesos de aprendizaje&nbsp;fuera del aula<\/strong>&nbsp;y utiliza e<strong>l tiempo de clase<\/strong>, junto con la experiencia del docente,&nbsp;<strong>para facilitar y potenciar otros procesos de adquisici\u00f3n y pr\u00e1ctica de conocimientos&nbsp;dentro del aula.<\/strong><\/p>\n\n\n\n<p>Sin embargo, &nbsp;\u201c<em>flippear\u201d<\/em>&nbsp;una clase es mucho m\u00e1s que la edici\u00f3n y distribuci\u00f3n de un video. Se trata de un enfoque integral que&nbsp;<strong>combina la instrucci\u00f3n directa con m\u00e9todos constructivistas<\/strong>, el incremento de&nbsp;<strong>compromiso<\/strong>&nbsp;e&nbsp;<strong>implicaci\u00f3n<\/strong>&nbsp;de los estudiantes con el contenido del curso y mejorar su comprensi\u00f3n conceptual. Se trata de&nbsp;<strong>un enfoque integral<\/strong>&nbsp;que, cuando se aplica con \u00e9xito,&nbsp;<strong>apoyar\u00e1 todas las fases de un ciclo de aprendizaje.<\/strong>(Taxonom\u00eda de Bloom)<\/p>\n\n\n\n<div class=\"wp-block-image\"><figure class=\"alignright\"><img decoding=\"async\" src=\"https:\/\/www.theflippedclassroom.es\/wp-content\/uploads\/2013\/06\/flipped2-300x151.jpg\" alt=\"what is the flipped classroom\" class=\"wp-image-833\" \/><\/figure><\/div>\n\n\n\n<p>Cuando los docentes dise\u00f1an y publican una \u201cen l\u00ednea\u201d,&nbsp;<strong>el tiempo de clase se libera para que se pueda&nbsp;<\/strong><strong>facilitar la participaci\u00f3n de los estudiantes<\/strong>&nbsp;en el aprendizaje activo a trav\u00e9s de&nbsp;<strong>preguntas, discusiones y actividades aplicadas<\/strong>&nbsp;que fomentan la&nbsp;<strong>exploraci\u00f3n<\/strong>, la&nbsp;<strong>articulaci\u00f3n<\/strong>&nbsp;y&nbsp;<strong>aplicaci\u00f3n<\/strong>&nbsp;de ideas.<\/p>\n\n\n\n<p><strong>Jonathan Bergmann&nbsp;<\/strong>y<strong>&nbsp;Aaron Sam<\/strong>s, dos profesores de qu\u00edmica en Woodland Park High School en Woodland Park Colorado, acu\u00f1aron el t\u00e9rmino \u201cFlipped Classroom\u201d. Bergmann y Sams se dieron cuenta de que los estudiantes frecuentemente&nbsp;<strong>perd\u00edan algunas clases<\/strong>&nbsp;por determinadas razones (enfermedad, por ejemplo). En un esfuerzo para ayudar a estos alumnos,&nbsp;<strong>impulsaron la grabaci\u00f3n y distribuci\u00f3n de video<\/strong>, pero adem\u00e1s,&nbsp;<strong>se dieron cuenta que este mismo modelo permite que el profesor centre m\u00e1s la atenci\u00f3n en las necesidades individuales de aprendizaje de cada estudiante.<\/strong><\/p>\n\n\n\n<p>Cuando usamos el t\u00e9rmino \u201cFlipped Classroom\u201d debemos tener en cuenta que&nbsp;<strong>muchos modelos similares de instrucci\u00f3n se han desarrollado bajo otras denominaciones<\/strong>.<strong>&nbsp;Instrucci\u00f3n Peer (PI)<\/strong>&nbsp;fue desarrollado por el profesor de Harvard Eric Mazur, e incorpora una t\u00e9cnica denominada \u201d ense\u00f1anza&nbsp;<em>just-in-time<\/em>\u201d como un elemento complementario al modelo FC. \u201cEnse\u00f1anza&nbsp;<em>Just-in-time<\/em>\u201d permite al profesor &nbsp;<strong>recibir retroalimentaci\u00f3n de los estudiantes<\/strong>&nbsp;el d\u00eda antes de la clase&nbsp;<strong>para que \u00e9l puede preparar estrategias y actividades para centrarse en las deficiencias que puedan existir<\/strong>&nbsp;en los estudiantes en la comprensi\u00f3n del contenido. El modelo de Mazur se centra en gran medida de la comprensi\u00f3n conceptual, y aunque este elemento no es un componente necesario del FC, tiene unas claras y cercanas connotaciones.<\/p>\n\n\n\n<p>En resumen,&nbsp;<em>la innovaci\u00f3n educativa<\/em>&nbsp;que supone este modelo aporta como principales&nbsp;<strong>beneficios&nbsp;<\/strong>los siguientes:<\/p>\n\n\n\n<ul><li>Permite a los docentes&nbsp;<strong>dedicar m\u00e1s tiempo a la atenci\u00f3n a la diversidad.<\/strong><\/li><li>Es una oportunidad para que el&nbsp;<strong>profesorado pueda compartir informaci\u00f3n y conocimiento<\/strong>&nbsp;entre s\u00ed, con el alumnado, las familias y la comunidad.<\/li><li>Proporciona al alumnado la<strong>&nbsp;posibilidad de volver a acceder a los mejores contenidos generados o facilitados por sus profesores.<\/strong><\/li><li>Crea un&nbsp;<strong>ambiente de aprendizaje colaborativo<\/strong>&nbsp;en el aula.<\/li><li><strong>Involucra a las familias<\/strong>&nbsp;desde el inicio del proceso de aprendizaje.<\/li><\/ul>\n\n\n\n<p class=\"has-small-font-size\">Fuente: https:\/\/www.theflippedclassroom.es\/what-is-innovacion-educativa\/<\/p>\n","protected":false},"excerpt":{"rendered":"<p>El Flipped Classroom (FC) es un modelo pedag\u00f3gico que&nbsp;transfiere&nbsp;el trabajo de&nbsp;determinados procesos de aprendizaje&nbsp;fuera del aula&nbsp;y utiliza el tiempo de clase, junto con la experiencia del docente,&nbsp;para facilitar y potenciar otros procesos de adquisici\u00f3n y pr\u00e1ctica de conocimientos&nbsp;dentro del aula. Sin embargo, &nbsp;\u201cflippear\u201d&nbsp;una clase es mucho m\u00e1s que la edici\u00f3n y distribuci\u00f3n de un video. [&hellip;]<\/p>\n","protected":false},"author":6095,"featured_media":0,"parent":0,"menu_order":0,"comment_status":"closed","ping_status":"closed","template":"","meta":{"ngg_post_thumbnail":0,"footnotes":""},"aioseo_notices":[],"_links":{"self":[{"href":"https:\/\/blogsaverroes.juntadeandalucia.es\/fjavieralvarezjimenez\/wp-json\/wp\/v2\/pages\/372"}],"collection":[{"href":"https:\/\/blogsaverroes.juntadeandalucia.es\/fjavieralvarezjimenez\/wp-json\/wp\/v2\/pages"}],"about":[{"href":"https:\/\/blogsaverroes.juntadeandalucia.es\/fjavieralvarezjimenez\/wp-json\/wp\/v2\/types\/page"}],"author":[{"embeddable":true,"href":"https:\/\/blogsaverroes.juntadeandalucia.es\/fjavieralvarezjimenez\/wp-json\/wp\/v2\/users\/6095"}],"replies":[{"embeddable":true,"href":"https:\/\/blogsaverroes.juntadeandalucia.es\/fjavieralvarezjimenez\/wp-json\/wp\/v2\/comments?post=372"}],"version-history":[{"count":0,"href":"https:\/\/blogsaverroes.juntadeandalucia.es\/fjavieralvarezjimenez\/wp-json\/wp\/v2\/pages\/372\/revisions"}],"wp:attachment":[{"href":"https:\/\/blogsaverroes.juntadeandalucia.es\/fjavieralvarezjimenez\/wp-json\/wp\/v2\/media?parent=372"}],"curies":[{"name":"wp","href":"https:\/\/api.w.org\/{rel}","templated":true}]}}