{"id":377,"date":"2019-01-22T23:10:31","date_gmt":"2019-01-22T23:10:31","guid":{"rendered":"https:\/\/fjalvarezjimenez.wordpress.com\/?page_id=377"},"modified":"2019-01-22T23:10:31","modified_gmt":"2019-01-22T23:10:31","slug":"pensamiento-computacional-2","status":"publish","type":"page","link":"https:\/\/blogsaverroes.juntadeandalucia.es\/fjavieralvarezjimenez\/pensamiento-computacional-2\/","title":{"rendered":"Pensamiento Computacional"},"content":{"rendered":"\n<p><strong>Pensamiento Computacional<\/strong>\u00a0se define como el proceso por el cual un individuo, a trav\u00e9s de habilidades propias de la computaci\u00f3n y del <strong>pensamiento<\/strong>\u00a0cr\u00edtico, del\u00a0<strong>pensamiento<\/strong>\u00a0lateral y otros m\u00e1s, logra hacerle frente a problemas de distinta \u00edndole.<br><br>El t\u00e9rmino tiene su origen las ideas de\u00a0<a href=\"https:\/\/es.wikipedia.org\/wiki\/Seymour_Papert\">Seymour Papert<\/a>, pero es Jeanette Wing quien lo desarrolla. El Pensamiento Computacional incluye habilidades tales como modelar y descomponer un problema, procesar datos, crear algoritmos y generalizarlos.<sup><a href=\"https:\/\/es.wikipedia.org\/wiki\/Pensamiento_computacional#cite_note-1\">1<\/a><\/sup>\u200b\u00a0<\/p>\n\n\n\n<p>Fuente: Wikipedia.es<\/p>\n\n\n\n<p>Espacio donde encontrar art\u00edculos del Pensamiento Computacional, as\u00ed como diferentes recursos.<\/p>\n","protected":false},"excerpt":{"rendered":"<p>Pensamiento Computacional\u00a0se define como el proceso por el cual un individuo, a trav\u00e9s de habilidades propias de la computaci\u00f3n y del pensamiento\u00a0cr\u00edtico, del\u00a0pensamiento\u00a0lateral y otros m\u00e1s, logra hacerle frente a problemas de distinta \u00edndole. El t\u00e9rmino tiene su origen las ideas de\u00a0Seymour Papert, pero es Jeanette Wing quien lo desarrolla. El Pensamiento Computacional incluye habilidades [&hellip;]<\/p>\n","protected":false},"author":6095,"featured_media":0,"parent":0,"menu_order":0,"comment_status":"closed","ping_status":"closed","template":"","meta":{"ngg_post_thumbnail":0,"footnotes":""},"aioseo_notices":[],"_links":{"self":[{"href":"https:\/\/blogsaverroes.juntadeandalucia.es\/fjavieralvarezjimenez\/wp-json\/wp\/v2\/pages\/377"}],"collection":[{"href":"https:\/\/blogsaverroes.juntadeandalucia.es\/fjavieralvarezjimenez\/wp-json\/wp\/v2\/pages"}],"about":[{"href":"https:\/\/blogsaverroes.juntadeandalucia.es\/fjavieralvarezjimenez\/wp-json\/wp\/v2\/types\/page"}],"author":[{"embeddable":true,"href":"https:\/\/blogsaverroes.juntadeandalucia.es\/fjavieralvarezjimenez\/wp-json\/wp\/v2\/users\/6095"}],"replies":[{"embeddable":true,"href":"https:\/\/blogsaverroes.juntadeandalucia.es\/fjavieralvarezjimenez\/wp-json\/wp\/v2\/comments?post=377"}],"version-history":[{"count":0,"href":"https:\/\/blogsaverroes.juntadeandalucia.es\/fjavieralvarezjimenez\/wp-json\/wp\/v2\/pages\/377\/revisions"}],"wp:attachment":[{"href":"https:\/\/blogsaverroes.juntadeandalucia.es\/fjavieralvarezjimenez\/wp-json\/wp\/v2\/media?parent=377"}],"curies":[{"name":"wp","href":"https:\/\/api.w.org\/{rel}","templated":true}]}}