{"id":378,"date":"2019-01-22T23:10:33","date_gmt":"2019-01-22T23:10:33","guid":{"rendered":"https:\/\/fjalvarezjimenez.wordpress.com\/?page_id=378"},"modified":"2019-01-22T23:10:33","modified_gmt":"2019-01-22T23:10:33","slug":"prodig","status":"publish","type":"page","link":"https:\/\/blogsaverroes.juntadeandalucia.es\/fjavieralvarezjimenez\/prodig\/","title":{"rendered":"#Prodig"},"content":{"rendered":"\n<p>El objetivo principal del programa es propiciar los mecanismos y herramientas que permitan a los centros educativos&nbsp;<strong>transformarse&nbsp;<\/strong>en organizaciones educativas digitalmente competentes sea cual sea su situaci\u00f3n de partida.<\/p>\n\n\n\n<p>Por esta raz\u00f3n una de las actuaciones que realizar\u00e1 el centro en su primer curso de participaci\u00f3n en el programa ser\u00e1 su propia&nbsp;<strong>autoevaluaci\u00f3n&nbsp;<\/strong>con el fin de identificar puntos d\u00e9biles y fuertes en relaci\u00f3n a los tres \u00e1mbitos que contempla este programa; procesos de ense\u00f1anza-aprendizaje, organizaci\u00f3n de centro y procesos de informaci\u00f3n y comunicaci\u00f3n. Conociendo su&nbsp;<strong>punto de partida<\/strong>&nbsp;podr\u00e1 marcarse objetivos realistas, identificar actuaciones necesarias a tomar y planificar su implementaci\u00f3n con el fin \u00faltimo de alcanzar su transformaci\u00f3n. El resultado de este proceso de autoreflexi\u00f3n se materializar\u00e1 en un documento denominado<strong>Proyecto M\u00ednimo Viable&nbsp;<\/strong>(PMV).<\/p>\n\n\n\n<p>Con el fin de facilitar al centro un diagn\u00f3stico previo como organizaci\u00f3n educativa digitalmente competente, y la competencia digital del profesorado y del alumnado, el centro participar\u00e1 en el proyecto para su evaluaci\u00f3n SELFIE. Adem\u00e1s y como recurso para el diagn\u00f3stico y desarrollo de la competencia digital del profesorado se ofrece un curso online masivo o MOOC.<\/p>\n\n\n\n<p>En base a este diagn\u00f3stico se detectar\u00e1n las necesidades formativas del profesorado, sirviendo de base para la elaboraci\u00f3n del Proyecto de Formaci\u00f3n Espec\u00edfica del Centro. Para ello se contar\u00e1 con la asesor\u00eda del CEP de referencia.\u00a0El equipo directivo liderar\u00e1 la difusi\u00f3n del PRODIG a toda la comunidad educativa; familias, personal PAS, y profesorado. Para la buena marcha de este proceso se constituir\u00e1 en el centro un Equipo de Coordinaci\u00f3n PRODIG que velar\u00e1 por el buen desarrollo del programa.<\/p>\n\n\n\n<p><a href=\"https:\/\/moocedu.juntadeandalucia.es\/\">Enlace al MOOC.<\/a><\/p>\n\n\n\n<p><a href=\"https:\/\/colaboraeducacion30.juntadeandalucia.es\/educacion\/colabora\/web\/prodig\">Enlace a la plataforma.<\/a><\/p>\n\n\n\n<p class=\"has-small-font-size\">Fuente: http:\/\/www.juntadeandalucia.es\/educacion\/portals\/web\/prodig\/primer-curso<\/p>\n","protected":false},"excerpt":{"rendered":"<p>El objetivo principal del programa es propiciar los mecanismos y herramientas que permitan a los centros educativos&nbsp;transformarse&nbsp;en organizaciones educativas digitalmente competentes sea cual sea su situaci\u00f3n de partida. Por esta raz\u00f3n una de las actuaciones que realizar\u00e1 el centro en su primer curso de participaci\u00f3n en el programa ser\u00e1 su propia&nbsp;autoevaluaci\u00f3n&nbsp;con el fin de identificar [&hellip;]<\/p>\n","protected":false},"author":6095,"featured_media":0,"parent":0,"menu_order":0,"comment_status":"closed","ping_status":"closed","template":"","meta":{"ngg_post_thumbnail":0,"footnotes":""},"aioseo_notices":[],"_links":{"self":[{"href":"https:\/\/blogsaverroes.juntadeandalucia.es\/fjavieralvarezjimenez\/wp-json\/wp\/v2\/pages\/378"}],"collection":[{"href":"https:\/\/blogsaverroes.juntadeandalucia.es\/fjavieralvarezjimenez\/wp-json\/wp\/v2\/pages"}],"about":[{"href":"https:\/\/blogsaverroes.juntadeandalucia.es\/fjavieralvarezjimenez\/wp-json\/wp\/v2\/types\/page"}],"author":[{"embeddable":true,"href":"https:\/\/blogsaverroes.juntadeandalucia.es\/fjavieralvarezjimenez\/wp-json\/wp\/v2\/users\/6095"}],"replies":[{"embeddable":true,"href":"https:\/\/blogsaverroes.juntadeandalucia.es\/fjavieralvarezjimenez\/wp-json\/wp\/v2\/comments?post=378"}],"version-history":[{"count":1,"href":"https:\/\/blogsaverroes.juntadeandalucia.es\/fjavieralvarezjimenez\/wp-json\/wp\/v2\/pages\/378\/revisions"}],"predecessor-version":[{"id":845,"href":"https:\/\/blogsaverroes.juntadeandalucia.es\/fjavieralvarezjimenez\/wp-json\/wp\/v2\/pages\/378\/revisions\/845"}],"wp:attachment":[{"href":"https:\/\/blogsaverroes.juntadeandalucia.es\/fjavieralvarezjimenez\/wp-json\/wp\/v2\/media?parent=378"}],"curies":[{"name":"wp","href":"https:\/\/api.w.org\/{rel}","templated":true}]}}