{"id":395,"date":"2019-01-22T23:28:06","date_gmt":"2019-01-22T23:28:06","guid":{"rendered":"https:\/\/fjalvarezjimenez.wordpress.com\/?page_id=395"},"modified":"2019-01-22T23:28:06","modified_gmt":"2019-01-22T23:28:06","slug":"cultura-digital","status":"publish","type":"page","link":"https:\/\/blogsaverroes.juntadeandalucia.es\/fjavieralvarezjimenez\/cultura-digital\/","title":{"rendered":"Cultura Digital"},"content":{"rendered":"\n<h3 class=\"wp-block-heading\">Cultura<\/h3>\n\n\n\n<p>Denominamos cultura al conjunto de modos de vida y costumbres, conocimientos y grado de desarrollo art\u00edstico, cient\u00edfico, industrial, en una \u00e9poca, grupo social, etc. (Real Academia Espa\u00f1ola, 2014)<\/p>\n\n\n\n<h3 class=\"wp-block-heading\">Digital<\/h3>\n\n\n\n<p>Es aquello relativo a los dedos (las extremidades de las manos y los pies del ser humano). El concepto de todas formas, est\u00e1 estrechamente vinculado en la actualidad a la tecnolog\u00eda y la inform\u00e1tica para hacer referencia a la representaci\u00f3n de la informaci\u00f3n de modo binario. (Definici\u00f3n.de, 2015)<\/p>\n\n\n\n<p>Las costumbres y conocimientos que heredamos para desarrollarnos de manera profesional y personal se ven influenciadas directamente por el avance tecnol\u00f3gico, y el tema que abordamos el d\u00eda de hoy, se refiere precisamente a la forma en que hemos adoptado los cambios en las maneras de aprender y de convivir gracias al desarrollo de herramientas digitales.<\/p>\n\n\n\n<p><\/p>\n\n\n\n<hr class=\"wp-block-separator\" \/>\n\n\n\n<p>Las tecnolog\u00edas no s\u00f3lo transforman al mundo, sino que influyen en la percepci\u00f3n que los sujetos tienen de ese mundo (Scolari, 2008, 273).<\/p>\n\n\n\n<p>La digitalizaci\u00f3n y la interactividad han planteado un desaf\u00edo a la hegemon\u00eda del lenguaje y la escritura como \u00fanicos medios de expresi\u00f3n de la racionalidad (Vizer, 2009, 240).<\/p>\n\n\n\n<p>Fuente: https:\/\/www.gestiopolis.com\/cultura-digital-tecnologias-de-la-informacion-y-redes-sociales\/<\/p>\n\n\n\n<p><\/p>\n\n\n\n<p><\/p>\n","protected":false},"excerpt":{"rendered":"<p>Cultura Denominamos cultura al conjunto de modos de vida y costumbres, conocimientos y grado de desarrollo art\u00edstico, cient\u00edfico, industrial, en una \u00e9poca, grupo social, etc. (Real Academia Espa\u00f1ola, 2014) Digital Es aquello relativo a los dedos (las extremidades de las manos y los pies del ser humano). El concepto de todas formas, est\u00e1 estrechamente vinculado [&hellip;]<\/p>\n","protected":false},"author":6095,"featured_media":0,"parent":0,"menu_order":0,"comment_status":"closed","ping_status":"closed","template":"","meta":{"ngg_post_thumbnail":0,"footnotes":""},"aioseo_notices":[],"_links":{"self":[{"href":"https:\/\/blogsaverroes.juntadeandalucia.es\/fjavieralvarezjimenez\/wp-json\/wp\/v2\/pages\/395"}],"collection":[{"href":"https:\/\/blogsaverroes.juntadeandalucia.es\/fjavieralvarezjimenez\/wp-json\/wp\/v2\/pages"}],"about":[{"href":"https:\/\/blogsaverroes.juntadeandalucia.es\/fjavieralvarezjimenez\/wp-json\/wp\/v2\/types\/page"}],"author":[{"embeddable":true,"href":"https:\/\/blogsaverroes.juntadeandalucia.es\/fjavieralvarezjimenez\/wp-json\/wp\/v2\/users\/6095"}],"replies":[{"embeddable":true,"href":"https:\/\/blogsaverroes.juntadeandalucia.es\/fjavieralvarezjimenez\/wp-json\/wp\/v2\/comments?post=395"}],"version-history":[{"count":0,"href":"https:\/\/blogsaverroes.juntadeandalucia.es\/fjavieralvarezjimenez\/wp-json\/wp\/v2\/pages\/395\/revisions"}],"wp:attachment":[{"href":"https:\/\/blogsaverroes.juntadeandalucia.es\/fjavieralvarezjimenez\/wp-json\/wp\/v2\/media?parent=395"}],"curies":[{"name":"wp","href":"https:\/\/api.w.org\/{rel}","templated":true}]}}