{"id":411,"date":"2019-01-22T23:47:30","date_gmt":"2019-01-22T23:47:30","guid":{"rendered":"https:\/\/fjalvarezjimenez.wordpress.com\/?page_id=411"},"modified":"2019-01-22T23:47:30","modified_gmt":"2019-01-22T23:47:30","slug":"ccnn-en-el-medio","status":"publish","type":"page","link":"https:\/\/blogsaverroes.juntadeandalucia.es\/fjavieralvarezjimenez\/ccnn-en-el-medio\/","title":{"rendered":"CCNN en el Medio &#8211; Ornitolog\u00eda"},"content":{"rendered":"\n<p>En el CEIP Carlos V,  desde el curso 2017\/18, se viene realizando una experiencia de Ornitolog\u00eda en vivo, dentro del programa: Torreblanca en positivo. <br>Este programa, abanderado por el Centro C\u00edvico de Torreblanca, inclu\u00eda esta actividad dentro de las propuestas de mejora de nuestro barrio.<br>Despu\u00e9s del primer curso, s\u00f3lo podemos tener palabras de agradecimiento hacia los responsables del Centro C\u00edvico, por habernos dado la oportunidad de vivir esta experiencia formativa tan especial. <br>Durante las primeras dos horas del primer lunes de cada mes,  durante los curso 2017\/18 y 2018\/19, hemos salido al parque de Torreblanca, una de las estaciones de paso de aves entre \u00c1frica, Do\u00f1ana y norte de Europa, a parte de las propias que viven en el parque.  <\/p>\n\n\n\n<p>Se han realizado sesiones con actividades entre salida y salida. De manera progresiva y acumulativa, en clase, hemos estado viendo im\u00e1genes de distintas aves y haciendo escuchas del canto caracter\u00edstico de cada una, con la idea de que pudiesen identificarlas en la siguiente salida por medio del canto y visualmente. <\/p>\n\n\n\n<p>Las escuchas se han ido realizando manera rutinaria, casi a diario, a lo largo de la ma\u00f1ana, en distintos momentos sin previo aviso. Adem\u00e1s, en el \u00e1rea de Ed. Art\u00edstica, han trabajado la representaci\u00f3n de distintas aves, con distintas t\u00e9cnicas; buscando informaci\u00f3n sobre las mismas en la p\u00e1gina de SEO, Sociedad Espa\u00f1ola de Ornitolog\u00eda, haciendo res\u00famenes y exposiciones  sobre los trabajos finales. <\/p>\n\n\n\n<p>El segundo a\u00f1o, y como proyecto final, se est\u00e1 llevando a cabo un juego en Scratch, para el reconocimiento de aves. Se ha programado una peque\u00f1a base de datos de aves, que se sigue ampliando poco a poco, en el que podemos ver distintas aves y escuchar su canto.<\/p>\n\n\n\n<p>Esto no hubiera sido posible sin contar con la colaboraci\u00f3n y direcci\u00f3n del ornit\u00f3logo de SEO, Leonardo Casasola, el cual nos ha acompa\u00f1ado en cada salida, ense\u00f1\u00e1ndonos a apreciar la belleza de los sonidos de la naturaleza desde el silencio, desde el conocimiento.<br><\/p>\n\n\n\n<figure class=\"wp-block-embed-youtube wp-block-embed is-type-rich wp-embed-aspect-16-9 wp-has-aspect-ratio\"><div class=\"wp-block-embed__wrapper\">\n<div class=\"post-video\"><iframe loading=\"lazy\" title=\"Ornitolog\u00eda en Ed. Primaria - Parque de Torreblanca - CEIP Carlos V - Con Leonardo Casasola (SEO)\" width=\"1165\" height=\"655\" src=\"https:\/\/www.youtube.com\/embed\/APkCAhVbMVE?start=420&#038;feature=oembed\" frameborder=\"0\" allow=\"accelerometer; autoplay; clipboard-write; encrypted-media; gyroscope; picture-in-picture\" allowfullscreen><\/iframe><\/div>\n<\/div><figcaption>CCNN en el Medio Ambiente &#8211; Ornitolog\u00eda.<\/figcaption><\/figure>\n","protected":false},"excerpt":{"rendered":"<p>En el CEIP Carlos V, desde el curso 2017\/18, se viene realizando una experiencia de Ornitolog\u00eda en vivo, dentro del programa: Torreblanca en positivo. Este programa, abanderado por el Centro C\u00edvico de Torreblanca, inclu\u00eda esta actividad dentro de las propuestas de mejora de nuestro barrio.Despu\u00e9s del primer curso, s\u00f3lo podemos tener palabras de agradecimiento hacia [&hellip;]<\/p>\n","protected":false},"author":6095,"featured_media":0,"parent":0,"menu_order":0,"comment_status":"closed","ping_status":"closed","template":"","meta":{"ngg_post_thumbnail":0,"footnotes":""},"aioseo_notices":[],"_links":{"self":[{"href":"https:\/\/blogsaverroes.juntadeandalucia.es\/fjavieralvarezjimenez\/wp-json\/wp\/v2\/pages\/411"}],"collection":[{"href":"https:\/\/blogsaverroes.juntadeandalucia.es\/fjavieralvarezjimenez\/wp-json\/wp\/v2\/pages"}],"about":[{"href":"https:\/\/blogsaverroes.juntadeandalucia.es\/fjavieralvarezjimenez\/wp-json\/wp\/v2\/types\/page"}],"author":[{"embeddable":true,"href":"https:\/\/blogsaverroes.juntadeandalucia.es\/fjavieralvarezjimenez\/wp-json\/wp\/v2\/users\/6095"}],"replies":[{"embeddable":true,"href":"https:\/\/blogsaverroes.juntadeandalucia.es\/fjavieralvarezjimenez\/wp-json\/wp\/v2\/comments?post=411"}],"version-history":[{"count":0,"href":"https:\/\/blogsaverroes.juntadeandalucia.es\/fjavieralvarezjimenez\/wp-json\/wp\/v2\/pages\/411\/revisions"}],"wp:attachment":[{"href":"https:\/\/blogsaverroes.juntadeandalucia.es\/fjavieralvarezjimenez\/wp-json\/wp\/v2\/media?parent=411"}],"curies":[{"name":"wp","href":"https:\/\/api.w.org\/{rel}","templated":true}]}}