{"id":430,"date":"2019-01-23T00:23:50","date_gmt":"2019-01-23T00:23:50","guid":{"rendered":"https:\/\/fjalvarezjimenez.wordpress.com\/?page_id=430"},"modified":"2019-01-23T00:23:50","modified_gmt":"2019-01-23T00:23:50","slug":"recursos-para-el-area","status":"publish","type":"page","link":"https:\/\/blogsaverroes.juntadeandalucia.es\/fjavieralvarezjimenez\/recursos-para-el-area\/","title":{"rendered":"Recursos para el \u00e1rea"},"content":{"rendered":"\n<h2 class=\"wp-block-heading\">10 RECURSOS PARA ENSE\u00d1AR MATEM\u00c1TICAS EN PRIMARIA<\/h2>\n\n\n\n<p>Las matem\u00e1ticas son una de esas asignaturas que, aunque es la favorita de algunos alumnos, a otros se les atasca desde el principio. Incorporar a las clases una serie de recursos que la hagan m\u00e1s divertida y amena, puede ser la clave para que todos los alumnos disfruten de las matem\u00e1ticas y mejoren su destreza.<\/p>\n\n\n\n<p>Por tanto, en esta lista te proponemos 10 recursos para ense\u00f1ar matem\u00e1ticas en Primaria, adem\u00e1s de los libros de Kuaderno.<\/p>\n\n\n\n<p>1. El canal de Youtube de&nbsp;<a href=\"https:\/\/www.youtube.com\/channel\/UC4dLo2q0aUNsrHj5m6gcGlQ\">Miguem\u00e1ticas<\/a>&nbsp;con su eslogan \u201cMatem\u00e1ticas para todos\u201d, y explicaciones accesibles sobre diferentes temas.<\/p>\n\n\n\n<div class=\"wp-block-image\"><figure class=\"aligncenter\"><img decoding=\"async\" src=\"https:\/\/kuaderno.com\/wp-content\/uploads\/Miguema%CC%81ticas.png\" alt=\"\" class=\"wp-image-5447\" \/><\/figure><\/div>\n\n\n\n<p><a href=\"https:\/\/matecitos.com\/\">2. Matecitos<\/a>, donde podr\u00e1s encontrar una gran variedad de explicaciones centradas en matem\u00e1ticas para alumnos de Primaria. Tambi\u00e9n disponen de canal de youtube&nbsp;<a href=\"https:\/\/www.youtube.com\/channel\/UCaN-6ktazYo54Pg_F-kH6UQ\">aqu\u00ed<\/a><\/p>\n\n\n\n<div class=\"wp-block-image\"><figure class=\"aligncenter\"><img decoding=\"async\" src=\"https:\/\/kuaderno.com\/wp-content\/uploads\/Matecitos.png\" alt=\"\" class=\"wp-image-5448\" \/><\/figure><\/div>\n\n\n\n<p><a href=\"http:\/\/math.cilenia.com\/es\">3. Math Cilenia<\/a>, que cuenta con divertidos minijuegos para que alumnos de Primaria puedan practicar operaciones b\u00e1sicas.<\/p>\n\n\n\n<div class=\"wp-block-image\"><figure class=\"aligncenter\"><img decoding=\"async\" src=\"https:\/\/kuaderno.com\/wp-content\/uploads\/Math-Cilenia.png\" alt=\"\" class=\"wp-image-5449\" \/><\/figure><\/div>\n\n\n\n<p><a href=\"https:\/\/www.matematicasonline.es\/\">4. Matem\u00e1ticas Online<\/a>, una web muy completa, y organizada en diferentes niveles, entre ellos cada curso de Primaria, por lo que es muy \u00fatil a la hora de conseguir material espec\u00edfico. Encontrar\u00e1s una gran variedad de ejercicios para tratar diversos temas.<\/p>\n\n\n\n<div class=\"wp-block-image\"><figure class=\"aligncenter\"><img decoding=\"async\" src=\"https:\/\/kuaderno.com\/wp-content\/uploads\/Matema%CC%81ticas-online.png\" alt=\"\" class=\"wp-image-5450\" \/><\/figure><\/div>\n\n\n\n<p><a href=\"http:\/\/www.mathgametime.com\/\">5. Math Game Time<\/a>, una p\u00e1gina donde encontrar\u00e1s juegos, v\u00eddeos y ejercicios organizados en diferentes niveles y temas.<\/p>\n\n\n\n<div class=\"wp-block-image\"><figure class=\"aligncenter\"><img decoding=\"async\" src=\"https:\/\/kuaderno.com\/wp-content\/uploads\/Math-Game-Time.png\" alt=\"\" class=\"wp-image-5451\" \/><\/figure><\/div>\n\n\n\n<p><a href=\"http:\/\/www.retomates.es\/\">6. Retomates<\/a>, una p\u00e1gina visualmente cuidada y atractiva, donde encontrar por un lado ejercicios y juegos para los alumnos, y, por el otro, recursos para los propios profesores. Ofrece la opci\u00f3n de registrarse o entrar sin registrarse.<\/p>\n\n\n\n<div class=\"wp-block-image\"><figure class=\"aligncenter\"><img decoding=\"async\" src=\"https:\/\/kuaderno.com\/wp-content\/uploads\/Retomates.png\" alt=\"\" class=\"wp-image-5452\" \/><\/figure><\/div>\n\n\n\n<p><a href=\"https:\/\/anagarciaazcarate.wordpress.com\/\">7. Juegos y matem\u00e1ticas<\/a>: un blog escrito con el objetivo de proporcionar a los profesores juegos y recursos para la ense\u00f1anza de las matem\u00e1ticas. Cada juego viene con una peque\u00f1a explicaci\u00f3n sobre c\u00f3mo plantearlo en la clase. Aunque est\u00e1 pensado para Secundaria y ESO, tambi\u00e9n tiene algunos para el tercer ciclo de Primaria.<\/p>\n\n\n\n<div class=\"wp-block-image\"><figure class=\"aligncenter\"><img decoding=\"async\" src=\"https:\/\/kuaderno.com\/wp-content\/uploads\/Juegos-y-matema%CC%81ticas.png\" alt=\"\" class=\"wp-image-5453\" \/><\/figure><\/div>\n\n\n\n<p><a href=\"http:\/\/mariamatica.blogspot.com.es\/\">8. Matem\u00e1tica en la escuela Primaria<\/a>, un blog que combina publicaciones divulgativas enfocadas a los profesores, pero tambi\u00e9n juegos, ejercicios y recursos para los alumnos.<\/p>\n\n\n\n<div class=\"wp-block-image\"><figure class=\"aligncenter\"><img decoding=\"async\" src=\"https:\/\/kuaderno.com\/wp-content\/uploads\/Matema%CC%81tica-en-la-Escuela-Primaria.png\" alt=\"\" class=\"wp-image-5454\" \/><\/figure><\/div>\n\n\n\n<p><a href=\"http:\/\/www.mundoprimaria.com\/\">9. Mundoprimaria<\/a>, una web con recursos did\u00e1cticos no s\u00f3lo de matem\u00e1ticas, sino de diferentes asignaturas para alumnos de Primaria. Muy visual y con ejercicios separados en diferentes cursos y categor\u00edas.<\/p>\n\n\n\n<div class=\"wp-block-image\"><figure class=\"aligncenter\"><img decoding=\"async\" src=\"https:\/\/kuaderno.com\/wp-content\/uploads\/Mundoprimaria.png\" alt=\"\" class=\"wp-image-5455\" \/><\/figure><\/div>\n\n\n\n<p><a href=\"https:\/\/es.khanacademy.org\/\">10. Khan Academy<\/a>, todo un cl\u00e1sico y un grande en el sector de la ense\u00f1anza, especialmente de las matem\u00e1ticas. Con apartados diferenciados para alumnos, profesores y padres.<\/p>\n\n\n\n<div class=\"wp-block-image\"><figure class=\"aligncenter\"><img decoding=\"async\" src=\"https:\/\/kuaderno.com\/wp-content\/uploads\/Khan-Academy.png\" alt=\"\" class=\"wp-image-5456\" \/><\/figure><\/div>\n\n\n\n<p>En Kuaderno tambi\u00e9n tenemos, entre otros, libros digitales para la ense\u00f1anza de matem\u00e1ticas en Primaria. Contacta con nosotros y te explicaremos las posibilidades que podemos ofrecerte para tus clases.<\/p>\n\n\n\n<p><a href=\"https:\/\/es.ixl.com\">11. IXL aprendizaje inmersivo y adaptable<\/a> de las matem\u00e1ticas. P\u00e1gina con una enorme cantidad de ejercicios muy bien estructurados por niveles, etapas (Ed. Infantil y Primaria) y cursos (de 1\u00ba a 6\u00ba de Ed. Primaria). La estructura de organizaci\u00f3n de los contenidos por nivel est\u00e1 muy bien estructurada por contenido y competencia a desarrollar. <\/p>\n\n\n\n<div class=\"wp-block-image\"><figure class=\"aligncenter size-large\"><img loading=\"lazy\" decoding=\"async\" width=\"1398\" height=\"443\" src=\"https:\/\/blogsaverroes.juntadeandalucia.es\/fjavieralvarezjimenez\/files\/2019\/08\/captura-de-pantalla-2019-08-20-a-las-9.53.44.png\" alt=\"\" class=\"wp-image-719\" srcset=\"https:\/\/blogsaverroes.juntadeandalucia.es\/fjavieralvarezjimenez\/files\/2019\/08\/captura-de-pantalla-2019-08-20-a-las-9.53.44.png 1398w, https:\/\/blogsaverroes.juntadeandalucia.es\/fjavieralvarezjimenez\/files\/2019\/08\/captura-de-pantalla-2019-08-20-a-las-9.53.44-300x95.png 300w, https:\/\/blogsaverroes.juntadeandalucia.es\/fjavieralvarezjimenez\/files\/2019\/08\/captura-de-pantalla-2019-08-20-a-las-9.53.44-768x243.png 768w, https:\/\/blogsaverroes.juntadeandalucia.es\/fjavieralvarezjimenez\/files\/2019\/08\/captura-de-pantalla-2019-08-20-a-las-9.53.44-1024x324.png 1024w, https:\/\/blogsaverroes.juntadeandalucia.es\/fjavieralvarezjimenez\/files\/2019\/08\/captura-de-pantalla-2019-08-20-a-las-9.53.44-24x8.png 24w, https:\/\/blogsaverroes.juntadeandalucia.es\/fjavieralvarezjimenez\/files\/2019\/08\/captura-de-pantalla-2019-08-20-a-las-9.53.44-36x11.png 36w, https:\/\/blogsaverroes.juntadeandalucia.es\/fjavieralvarezjimenez\/files\/2019\/08\/captura-de-pantalla-2019-08-20-a-las-9.53.44-48x15.png 48w\" sizes=\"(max-width: 1398px) 100vw, 1398px\" \/><\/figure><\/div>\n\n\n\n<p>La ventaja que tiene con respecto a otras plataformas similares, es que aqu\u00ed se pueden hacer los ejercicios, todos los ejercicios, sin necesidad de subscribirnos a un plan de pago, eso s\u00ed, por contra, no disfrutamos de las ventajas de seguimiento individualizado del progreso del alumnado.<\/p>\n\n\n\n<p><br><\/p>\n","protected":false},"excerpt":{"rendered":"<p>10 RECURSOS PARA ENSE\u00d1AR MATEM\u00c1TICAS EN PRIMARIA Las matem\u00e1ticas son una de esas asignaturas que, aunque es la favorita de algunos alumnos, a otros se les atasca desde el principio. Incorporar a las clases una serie de recursos que la hagan m\u00e1s divertida y amena, puede ser la clave para que todos los alumnos disfruten [&hellip;]<\/p>\n","protected":false},"author":6095,"featured_media":0,"parent":0,"menu_order":0,"comment_status":"closed","ping_status":"closed","template":"","meta":{"ngg_post_thumbnail":0,"footnotes":""},"aioseo_notices":[],"_links":{"self":[{"href":"https:\/\/blogsaverroes.juntadeandalucia.es\/fjavieralvarezjimenez\/wp-json\/wp\/v2\/pages\/430"}],"collection":[{"href":"https:\/\/blogsaverroes.juntadeandalucia.es\/fjavieralvarezjimenez\/wp-json\/wp\/v2\/pages"}],"about":[{"href":"https:\/\/blogsaverroes.juntadeandalucia.es\/fjavieralvarezjimenez\/wp-json\/wp\/v2\/types\/page"}],"author":[{"embeddable":true,"href":"https:\/\/blogsaverroes.juntadeandalucia.es\/fjavieralvarezjimenez\/wp-json\/wp\/v2\/users\/6095"}],"replies":[{"embeddable":true,"href":"https:\/\/blogsaverroes.juntadeandalucia.es\/fjavieralvarezjimenez\/wp-json\/wp\/v2\/comments?post=430"}],"version-history":[{"count":0,"href":"https:\/\/blogsaverroes.juntadeandalucia.es\/fjavieralvarezjimenez\/wp-json\/wp\/v2\/pages\/430\/revisions"}],"wp:attachment":[{"href":"https:\/\/blogsaverroes.juntadeandalucia.es\/fjavieralvarezjimenez\/wp-json\/wp\/v2\/media?parent=430"}],"curies":[{"name":"wp","href":"https:\/\/api.w.org\/{rel}","templated":true}]}}