{"id":434,"date":"2019-01-23T00:28:20","date_gmt":"2019-01-23T00:28:20","guid":{"rendered":"https:\/\/fjalvarezjimenez.wordpress.com\/?page_id=434"},"modified":"2019-01-23T00:28:20","modified_gmt":"2019-01-23T00:28:20","slug":"recursos-para-el-area-2","status":"publish","type":"page","link":"https:\/\/blogsaverroes.juntadeandalucia.es\/fjavieralvarezjimenez\/recursos-para-el-area-2\/","title":{"rendered":"Recursos Lengua"},"content":{"rendered":"\n<h1 class=\"wp-block-heading\">10 webs imprescindibles para Lengua en Primaria<\/h1>\n\n\n\n<p>Por&nbsp;<a href=\"https:\/\/www.educaciontrespuntocero.com\/author\/educacion-3-0\">EDUCACI\u00d3N 3.0<\/a>&nbsp;-11\/08\/2017<a href=\"https:\/\/www.educaciontrespuntocero.com\/recursos\/webs-para-lengua-en-primaria\/12325.html#comments\">3<\/a><a href=\"https:\/\/www.facebook.com\/sharer.php?u=https%3A%2F%2Fwww.educaciontrespuntocero.com%2Frecursos%2Fwebs-para-lengua-en-primaria%2F12325.html\"><\/a><a href=\"https:\/\/twitter.com\/intent\/tweet?text=10+webs+imprescindibles+para+Lengua+en+Primaria&amp;url=https%3A%2F%2Fwww.educaciontrespuntocero.com%2Frecursos%2Fwebs-para-lengua-en-primaria%2F12325.html&amp;via=educacion3_0\"><\/a><a href=\"https:\/\/plus.google.com\/share?url=https:\/\/www.educaciontrespuntocero.com\/recursos\/webs-para-lengua-en-primaria\/12325.html\"><\/a><a href=\"https:\/\/telegram.me\/share\/url?url=https:\/\/www.educaciontrespuntocero.com\/recursos\/webs-para-lengua-en-primaria\/12325.html&amp;text=10%20webs%20imprescindibles%20para%20Lengua%20en%20Primaria\"><\/a><a href=\"https:\/\/www.linkedin.com\/shareArticle?mini=true&amp;url=https:\/\/www.educaciontrespuntocero.com\/recursos\/webs-para-lengua-en-primaria\/12325.html&amp;title=10%20webs%20imprescindibles%20para%20Lengua%20en%20Primaria\"><\/a><a href=\"https:\/\/pinterest.com\/pin\/create\/button\/?url=https:\/\/www.educaciontrespuntocero.com\/recursos\/webs-para-lengua-en-primaria\/12325.html&amp;media=https:\/\/www.educaciontrespuntocero.com\/wp-content\/uploads\/2017\/08\/lengua-en-primaria.jpeg&amp;description=Repasar%20las%20principales%20reglas%20ortogr%C3%A1ficas,%20los%20elementos%20que%20forman%20una%20oraci%C3%B3n%20o%20los%20tiempos%20verbales%20resulta%C2%A0mucho%20m%C3%A1s%20f%C3%A1cil%20y%20ameno%20con%20los%20ejercicios%20y%20juegos%20que%20incluyen%20estas%20diez%20p%C3%A1ginas%20webs%20para%C2%A0la%20asignatura%20de%20Lengua%20en%20Primaria.\"><\/a><a href=\"mailto:?subject=10%20webs%20imprescindibles%20para%20Lengua%20en%20Primaria&amp;body=https:\/\/www.educaciontrespuntocero.com\/recursos\/webs-para-lengua-en-primaria\/12325.html\"><\/a><\/p>\n\n\n\n<figure class=\"wp-block-image\"><img decoding=\"async\" src=\"https:\/\/www.educaciontrespuntocero.com\/wp-content\/uploads\/2017\/08\/lengua-en-primaria-696x464.jpeg\" alt=\"estudiar lengua en primaria\" \/><\/figure>\n\n\n\n<p><strong>Repasar las principales reglas ortogr\u00e1ficas, los elementos que forman una oraci\u00f3n o los tiempos verbales resulta&nbsp;mucho m\u00e1s f\u00e1cil y ameno con los ejercicios y juegos que incluyen estas nueva p\u00e1ginas webs para&nbsp;la asignatura de Lengua en Primaria.<\/strong><ins><\/ins><\/p>\n\n\n\n<figure class=\"wp-block-image\"><a href=\"https:\/\/www.educaciontrespuntocero.com\/wp-content\/uploads\/2013\/11\/elemental-querido-watson.jpg\"><img decoding=\"async\" src=\"https:\/\/www.educaciontrespuntocero.com\/wp-content\/uploads\/2013\/11\/elemental-querido-watson-300x209.jpg\" alt=\"\" \/><\/a><\/figure>\n\n\n\n<h2 class=\"wp-block-heading\"><strong>1<\/strong><strong><a href=\"http:\/\/www.educa.jcyl.es\/educacyl\/cm\/gallery\/Recursos%20Infinity\/aplicaciones\/13_elemental_watson\/index.html\" target=\"_blank\" rel=\"noreferrer noopener\">Elemental querido Watson<\/a><\/strong><\/h2>\n\n\n\n<p>Re\u00fane una completa colecci\u00f3n de juegos de ortograf\u00eda. En este caso, el alumno se convierte en ayudante del conocido detective Sherlock Holmes y debe ayudarle a resolver con \u00e9xito una serie de misterios a partir de las pruebas ortogr\u00e1ficas que tiene que superar:&nbsp;ejercicios de puntuaci\u00f3n, diptongos, palabras agudas, llanas y esdr\u00fajulas\u2026 Tambi\u00e9n se ha incluido un apartado de frases que hay que completar con la palabra correcta como, por ejemplo, si no \/ sino, a ver \/ haber, o porqu\u00e9 \/ por qu\u00e9 \/ porque \/ por que.<\/p>\n\n\n\n<figure class=\"wp-block-image\"><a href=\"https:\/\/www.educaciontrespuntocero.com\/wp-content\/uploads\/2013\/11\/pasapalabra.jpg\"><img decoding=\"async\" src=\"https:\/\/www.educaciontrespuntocero.com\/wp-content\/uploads\/2013\/11\/pasapalabra-300x213.jpg\" alt=\"\" \/><\/a><\/figure>\n\n\n\n<h2 class=\"wp-block-heading\"><strong>2<\/strong><strong><a href=\"http:\/\/cpvaldespartera.educa.aragon.es\/pasapalabras\/conceptos_lengua_4primaria.swf\" target=\"_blank\" rel=\"noreferrer noopener\">Pasapalabra: Conceptos de lengua<\/a><\/strong><\/h2>\n\n\n\n<p>Roger Rey, Fernando Romero, Alfonso Garc\u00eda y Antonio Correa del colegio Virgen de Gracia de Granada son los autores de esta p\u00e1gina web, una versi\u00f3n especial del conocido programa de televisi\u00f3n adaptado al \u00e1mbito de la Lengua y dirigido a los estudiantes de 4\u00ba de Primaria. Permite el control de errores, intentos y tiempo empleado, y el alumnado puede jugar de forma individual o en grupo.<ins><\/ins><\/p>\n\n\n\n<figure class=\"wp-block-image\"><a href=\"https:\/\/www.educaciontrespuntocero.com\/wp-content\/uploads\/2013\/11\/testeando.jpg\"><img decoding=\"async\" src=\"https:\/\/www.educaciontrespuntocero.com\/wp-content\/uploads\/2013\/11\/testeando-300x214.jpg\" alt=\"\" \/><\/a><\/figure>\n\n\n\n<h2 class=\"wp-block-heading\"><strong>3<\/strong><strong><a href=\"http:\/\/www.testeando.es\/\" target=\"_blank\" rel=\"noreferrer noopener\">Testeando<\/a><\/strong><\/h2>\n\n\n\n<p>Se caracteriza por incorporar una ampl\u00edsima bater\u00eda de preguntas enfocadas a todo el ciclo de Primaria. Tiene una versi\u00f3n gratuita (Lite) y otra de pago (Pro), e incorpora diferentes tipos de actividades para repasar los sustantivos, los adjetivos, los prefijos, los diminutivos, los sonidos de las letras, los elementos de una oraci\u00f3n o los lexemas y morfemas, entre otros conceptos.<\/p>\n\n\n\n<figure class=\"wp-block-image\"><a href=\"https:\/\/www.educaciontrespuntocero.com\/wp-content\/uploads\/2013\/11\/lengua-espa%C3%B1ola-para-primaria.jpg\"><img decoding=\"async\" src=\"https:\/\/www.educaciontrespuntocero.com\/wp-content\/uploads\/2013\/11\/lengua-espa%C3%B1ola-para-primaria-300x219.jpg\" alt=\"\" \/><\/a><\/figure>\n\n\n\n<h2 class=\"wp-block-heading\"><strong>4<\/strong><strong><a href=\"http:\/\/www.educa.jcyl.es\/educacyl\/cm\/gallery\/Recursos%20Infinity\/aplicaciones\/lengua\/popup_fullscreen.htm\" target=\"_blank\" rel=\"noreferrer noopener\">Lengua espa\u00f1ola para Primaria<\/a><\/strong><\/h2>\n\n\n\n<p>Se encuentra disponible en la p\u00e1gina de la Junta de Castilla y Le\u00f3n, y combina una parte te\u00f3rica con otra pr\u00e1ctica. Entre sus contenidos, encontramos un apartado dedicado a las reglas ortogr\u00e1ficas (B y V, G y J, LL e Y, R y RR, X y S, y C, K y R), otro a los gentilicios, palabras hom\u00f3fonas, las diferencias entre los prefijos y los sufijos, o c\u00f3mo reconocer un diptongo, un triptongo y un hiato.<ins><\/ins><\/p>\n\n\n\n<figure class=\"wp-block-image\"><a href=\"https:\/\/www.educaciontrespuntocero.com\/wp-content\/uploads\/2013\/11\/la-llamada-de-la-selva.jpg\"><img decoding=\"async\" src=\"https:\/\/www.educaciontrespuntocero.com\/wp-content\/uploads\/2013\/11\/la-llamada-de-la-selva-300x191.jpg\" alt=\"\" \/><\/a><\/figure>\n\n\n\n<h2 class=\"wp-block-heading\"><strong>5<\/strong><strong><a href=\"http:\/\/ntic.educacion.es\/w3\/eos\/MaterialesEducativos\/mem2002\/selva_lengua\/\" target=\"_blank\" rel=\"noreferrer noopener\">La llamada de la Selva<\/a><\/strong><\/h2>\n\n\n\n<p>A trav\u00e9s del mundo de los animales es posible estudiar diferentes aspectos relacionados con este materia&nbsp;como las onomatopeyas a trav\u00e9s de los sonidos que emiten el mono, el perro o el elefante o&nbsp;las diferencias entre g\u00e9nero, nombres propios y colectivos. Se dirige al alumnado de 3\u00aa a 6\u00aa de Primaria, y tambi\u00e9n se ha incluido una biblioteca y un taller de literatura.<\/p>\n\n\n\n<figure class=\"wp-block-image\"><a href=\"https:\/\/www.educaciontrespuntocero.com\/wp-content\/uploads\/2013\/11\/mundo-primaria.jpg\"><img decoding=\"async\" src=\"https:\/\/www.educaciontrespuntocero.com\/wp-content\/uploads\/2013\/11\/mundo-primaria-300x235.jpg\" alt=\"\" \/><\/a><\/figure>\n\n\n\n<h2 class=\"wp-block-heading\"><strong>6<\/strong><strong><a href=\"http:\/\/www.mundoprimaria.com\/juegos-lenguaje\" target=\"_blank\" rel=\"noreferrer noopener\">Mundo Primaria<\/a><\/strong><\/h2>\n\n\n\n<p>En este portal de juegos educativos y did\u00e1cticos para alumnos de este nivel propone un gran n\u00famero de juegos que est\u00e1n organizados por contenido (gram\u00e1tica, vocabulario, ortograf\u00eda, comunicaci\u00f3n y comprensi\u00f3n lectora) que a su vez est\u00e1 dividido por curso (de 1\u00ba a 6\u00ba de Primaria). De esta forma, los alumnos pueden aprender y repasar de forma l\u00fadica aspectos fundamentales de la lengua espa\u00f1ola.<\/p>\n\n\n\n<figure class=\"wp-block-image\"><a href=\"https:\/\/www.educaciontrespuntocero.com\/wp-content\/uploads\/2013\/11\/popi.jpg\"><img decoding=\"async\" src=\"https:\/\/www.educaciontrespuntocero.com\/wp-content\/uploads\/2013\/11\/popi-300x225.jpg\" alt=\"\" \/><\/a><\/figure>\n\n\n\n<h2 class=\"wp-block-heading\"><strong>7<\/strong><strong><a href=\"http:\/\/contenidos.educarex.es\/mci\/2007\/29\/\" target=\"_blank\" rel=\"noreferrer noopener\">Popi: parch\u00eds ortogr\u00e1fico<\/a><\/strong><\/h2>\n\n\n\n<p>Ana Mar\u00eda Zamora es la autora de Popi, este original y divertido parch\u00eds dedicado al mundo de las letras. \u00bfQu\u00e9 contenidos pueden trabajar docentes y estudiantes? Desde consejos y pr\u00e1cticos trucos para escribir correctamente las palabras que tienen B-V, G-J o S-X, hasta ejercicios de verdadero y falso, completar palabras con las letras correctas, las tildes o la utilizaci\u00f3n correcta de las may\u00fasculas.<ins><\/ins><\/p>\n\n\n\n<figure class=\"wp-block-image\"><a href=\"https:\/\/www.educaciontrespuntocero.com\/wp-content\/uploads\/2013\/11\/la-lengua-en-juego.jpg\"><img decoding=\"async\" src=\"https:\/\/www.educaciontrespuntocero.com\/wp-content\/uploads\/2013\/11\/la-lengua-en-juego-300x211.jpg\" alt=\"\" \/><\/a><\/figure>\n\n\n\n<h2 class=\"wp-block-heading\"><strong>8<\/strong><strong><a href=\"http:\/\/www.conevyt.org.mx\/\" target=\"_blank\" rel=\"noreferrer noopener\">La lengua en juego<\/a><\/strong><\/h2>\n\n\n\n<p>Dirigido&nbsp;a los estudiantes de entre 3\u00ba y 6 \u00ba de Primara, para empezar a jugar (y poner a prueba sus conocimientos) deben elegir uno de los cuatro personajes de la p\u00e1gina y darle un nombre. A continuaci\u00f3n, tienen que seleccionar la meta a alcanzar (10, 20 o 50 puntos) y pulsar el bot\u00f3n verde que aparece en la pantalla principal. Este site&nbsp;plantea diversas preguntas de forma aleatoria relacionadas con la sem\u00e1ntica, la ling\u00fc\u00edstica, la ortograf\u00eda o la literatura. Los docentes tambi\u00e9n pueden repasar con su alumnos el significado de algunos refranes.<\/p>\n\n\n\n<figure class=\"wp-block-image\"><a href=\"https:\/\/www.educaciontrespuntocero.com\/wp-content\/uploads\/2013\/11\/rinc%C3%B3n-maestro.jpg\"><img decoding=\"async\" src=\"https:\/\/www.educaciontrespuntocero.com\/wp-content\/uploads\/2013\/11\/rinc%C3%B3n-maestro-277x300.jpg\" alt=\"\" \/><\/a><\/figure>\n\n\n\n<h2 class=\"wp-block-heading\"><strong>9<\/strong><strong><a href=\"http:\/\/www.rinconmaestro.es\/lengua\/lengua.html\" target=\"_blank\" rel=\"noreferrer noopener\">Rinc\u00f3n del maestro<\/a><\/strong><\/h2>\n\n\n\n<p>Palabras hom\u00f3fonas, la acentuaci\u00f3n de las palabras agudas y llanas, la tilde en el diptongo, la diferenciaci\u00f3n entre las s\u00edlabas t\u00f3nicas y \u00e1tonas\u2026 son algunos de los temas de los ejercicios que ofrece esta web sobre diferentes asignaturas de Primaria. Tambi\u00e9n pone a disposici\u00f3n de los estudiantes adivinanzas, poes\u00eda, cuentos, sopa de letras, etc\u00e9tera.<\/p>\n","protected":false},"excerpt":{"rendered":"<p>10 webs imprescindibles para Lengua en Primaria Por&nbsp;EDUCACI\u00d3N 3.0&nbsp;-11\/08\/20173 Repasar las principales reglas ortogr\u00e1ficas, los elementos que forman una oraci\u00f3n o los tiempos verbales resulta&nbsp;mucho m\u00e1s f\u00e1cil y ameno con los ejercicios y juegos que incluyen estas nueva p\u00e1ginas webs para&nbsp;la asignatura de Lengua en Primaria. 1Elemental querido Watson Re\u00fane una completa colecci\u00f3n de juegos [&hellip;]<\/p>\n","protected":false},"author":6095,"featured_media":0,"parent":0,"menu_order":0,"comment_status":"closed","ping_status":"closed","template":"","meta":{"ngg_post_thumbnail":0,"footnotes":""},"aioseo_notices":[],"_links":{"self":[{"href":"https:\/\/blogsaverroes.juntadeandalucia.es\/fjavieralvarezjimenez\/wp-json\/wp\/v2\/pages\/434"}],"collection":[{"href":"https:\/\/blogsaverroes.juntadeandalucia.es\/fjavieralvarezjimenez\/wp-json\/wp\/v2\/pages"}],"about":[{"href":"https:\/\/blogsaverroes.juntadeandalucia.es\/fjavieralvarezjimenez\/wp-json\/wp\/v2\/types\/page"}],"author":[{"embeddable":true,"href":"https:\/\/blogsaverroes.juntadeandalucia.es\/fjavieralvarezjimenez\/wp-json\/wp\/v2\/users\/6095"}],"replies":[{"embeddable":true,"href":"https:\/\/blogsaverroes.juntadeandalucia.es\/fjavieralvarezjimenez\/wp-json\/wp\/v2\/comments?post=434"}],"version-history":[{"count":0,"href":"https:\/\/blogsaverroes.juntadeandalucia.es\/fjavieralvarezjimenez\/wp-json\/wp\/v2\/pages\/434\/revisions"}],"wp:attachment":[{"href":"https:\/\/blogsaverroes.juntadeandalucia.es\/fjavieralvarezjimenez\/wp-json\/wp\/v2\/media?parent=434"}],"curies":[{"name":"wp","href":"https:\/\/api.w.org\/{rel}","templated":true}]}}