{"id":442,"date":"2019-01-23T00:32:25","date_gmt":"2019-01-23T00:32:25","guid":{"rendered":"https:\/\/fjalvarezjimenez.wordpress.com\/?page_id=442"},"modified":"2019-01-23T00:32:25","modified_gmt":"2019-01-23T00:32:25","slug":"velocidad-lectora","status":"publish","type":"page","link":"https:\/\/blogsaverroes.juntadeandalucia.es\/fjavieralvarezjimenez\/velocidad-lectora\/","title":{"rendered":"Velocidad Lectora"},"content":{"rendered":"\n<p>Recurso muy \u00fatil para evaluar la velocidad lectora. Podemos seleccionar el texto seg\u00fan el nivel educativo del alumno o alumna a la que se le pasar\u00e1 la prueba, y lo m\u00e1s interesante, el recuento lo hace un algoritmo en la propia plataforma, por lo que no tenemos que realizar ning\u00fan tipo de c\u00e1lculo. <\/p>\n\n\n\n<p>Con un solo clic iniciamos la prueba, cuando el estudiante termina de leer el texto, le damos igualmente a finalizar, y listo; nos dan los resultados de velocidad.<\/p>\n\n\n\n<p>Una aplicaci\u00f3n muy \u00fatil.<\/p>\n\n\n\n<p><a href=\"https:\/\/www.bambuamerica.com\/es\/velocidad-lectora-nl\/\">Enlace la p\u00e1gina.<\/a><\/p>\n\n\n\n<p><\/p>\n","protected":false},"excerpt":{"rendered":"<p>Recurso muy \u00fatil para evaluar la velocidad lectora. Podemos seleccionar el texto seg\u00fan el nivel educativo del alumno o alumna a la que se le pasar\u00e1 la prueba, y lo m\u00e1s interesante, el recuento lo hace un algoritmo en la propia plataforma, por lo que no tenemos que realizar ning\u00fan tipo de c\u00e1lculo. Con un [&hellip;]<\/p>\n","protected":false},"author":6095,"featured_media":0,"parent":0,"menu_order":0,"comment_status":"closed","ping_status":"closed","template":"","meta":{"ngg_post_thumbnail":0,"footnotes":""},"aioseo_notices":[],"_links":{"self":[{"href":"https:\/\/blogsaverroes.juntadeandalucia.es\/fjavieralvarezjimenez\/wp-json\/wp\/v2\/pages\/442"}],"collection":[{"href":"https:\/\/blogsaverroes.juntadeandalucia.es\/fjavieralvarezjimenez\/wp-json\/wp\/v2\/pages"}],"about":[{"href":"https:\/\/blogsaverroes.juntadeandalucia.es\/fjavieralvarezjimenez\/wp-json\/wp\/v2\/types\/page"}],"author":[{"embeddable":true,"href":"https:\/\/blogsaverroes.juntadeandalucia.es\/fjavieralvarezjimenez\/wp-json\/wp\/v2\/users\/6095"}],"replies":[{"embeddable":true,"href":"https:\/\/blogsaverroes.juntadeandalucia.es\/fjavieralvarezjimenez\/wp-json\/wp\/v2\/comments?post=442"}],"version-history":[{"count":0,"href":"https:\/\/blogsaverroes.juntadeandalucia.es\/fjavieralvarezjimenez\/wp-json\/wp\/v2\/pages\/442\/revisions"}],"wp:attachment":[{"href":"https:\/\/blogsaverroes.juntadeandalucia.es\/fjavieralvarezjimenez\/wp-json\/wp\/v2\/media?parent=442"}],"curies":[{"name":"wp","href":"https:\/\/api.w.org\/{rel}","templated":true}]}}