{"id":457,"date":"2019-01-23T00:47:22","date_gmt":"2019-01-23T00:47:22","guid":{"rendered":"https:\/\/fjalvarezjimenez.wordpress.com\/?page_id=457"},"modified":"2019-01-23T00:47:22","modified_gmt":"2019-01-23T00:47:22","slug":"recursos-ccss","status":"publish","type":"page","link":"https:\/\/blogsaverroes.juntadeandalucia.es\/fjavieralvarezjimenez\/recursos-ccss\/","title":{"rendered":"Recursos CCSS"},"content":{"rendered":"\n<h1 class=\"wp-block-heading\">25 herramientas TIC para el aula de Ciencias sociales [Infograf\u00eda]<\/h1>\n\n\n\n<figure class=\"wp-block-image\"><img decoding=\"async\" src=\"http:\/\/www.aulaplaneta.com\/wp-content\/uploads\/2015\/09\/recurso352_bis.jpg\" alt=\"\" \/><\/figure>\n\n\n\n<p>Para la asignatura de Ciencias sociales tanto t\u00fa como tus alumnos utiliz\u00e1is mapas, enciclopedias o im\u00e1genes. \u00bfHas pensado en a\u00f1adir un componente m\u00e1s interactivo y optar por las versiones digitales e interactivas de todas estas herramientas? Puedes utilizarlas&nbsp;<strong>para preparar y exponer la clase<\/strong>&nbsp;o ponerlas a disposici\u00f3n de tus alumnos para que&nbsp;<strong>practiquen y asimilen mejor los contenidos de la asignatura<\/strong>. Recopilamos atlas, enciclopedias virtuales, aplicaciones para crear l\u00edneas de tiempo, repositorios de juegos e interactivos y otras&nbsp;<strong>herramientas indispensables para ense\u00f1ar y aprender Ciencias sociales con las TIC<\/strong>.<\/p>\n\n\n\n<p>HERRAMIENTAS TIC IMPRESCINDIBLES EN SOCIALES E HISTORIA<\/p>\n\n\n\n<p>Recopilamos a continuaci\u00f3n 25 herramientas que no pueden faltar en tus clases de Sociales o Geograf\u00eda e Historia. Cuentas adem\u00e1s con las herramientas y recursos espec\u00edficos que ofrece aulaPlaneta, en cuyo Banco de contenidos puedes encontrar un completo Atlas, los v\u00eddeos y contenidos de la Historia Audiovisual de Espa\u00f1a, una Cronolog\u00eda para recorrer toda la Historia, o un Museo Virtual.<\/p>\n\n\n\n<figure class=\"wp-block-image\"><a href=\"http:\/\/www.aulaplaneta.com\/wp-content\/uploads\/2015\/09\/infografia51.jpg\"><img decoding=\"async\" src=\"http:\/\/www.aulaplaneta.com\/wp-content\/uploads\/2015\/09\/infografia51.jpg\" alt=\"Infograf\u00eda 25 herramientas TIC para el aula de Ciencias sociales\" class=\"wp-image-10266\" \/><\/a><\/figure>\n\n\n\n<p><a href=\"http:\/\/www.aulaplaneta.com\/wp-content\/uploads\/2015\/09\/infografia_51.pdf\">Descarga en PDF la Infograf\u00eda \u201c25 herramientas TIC para el aula de Ciencias sociales\u201d<\/a><\/p>\n\n\n\n<p><strong>Atlas digitales y mapas<\/strong><\/p>\n\n\n\n<ol><li><strong>1.&nbsp;<a href=\"http:\/\/www.google.com\/intl\/es_es\/earth\/\" target=\"_blank\" rel=\"noreferrer noopener\">Google Earth<\/a><\/strong>. La herramienta de Google permite viajar por la Tierra a vista de p\u00e1jaro y observar de cerca accidentes geogr\u00e1ficos, construcciones, maravillas naturales, monumentos hist\u00f3ricos en 3D o im\u00e1genes en alta resoluci\u00f3n del fondo marino. Incluso es \u00fatil para&nbsp;<a href=\"http:\/\/www.google.com\/intl\/es_es\/earth\/explore\/showcase\/sky.html\" target=\"_blank\" rel=\"noreferrer noopener\">estudiar el cielo<\/a>, la&nbsp;<a href=\"http:\/\/www.google.com\/intl\/es_es\/earth\/explore\/showcase\/moon.html\" target=\"_blank\" rel=\"noreferrer noopener\">Luna<\/a>&nbsp;o&nbsp;<a href=\"http:\/\/www.google.com\/intl\/es_es\/earth\/explore\/showcase\/mars.html\" target=\"_blank\" rel=\"noreferrer noopener\">Marte<\/a>&nbsp;y cuenta con un complemento para acceder a&nbsp;<a href=\"http:\/\/www.google.com\/intl\/es_es\/earth\/explore\/showcase\/historical.html\" target=\"_blank\" rel=\"noreferrer noopener\">im\u00e1genes hist\u00f3ricas<\/a>&nbsp;y comprobar c\u00f3mo han cambiado a lo largo de los a\u00f1os.<\/li><li><strong>2.&nbsp;<a href=\"http:\/\/www.ign.es\/atlas_didactico\/\" target=\"_blank\" rel=\"noreferrer noopener\">Atlas did\u00e1ctico<\/a><\/strong>. Web interactiva que permite consultar todo tipo de cartograf\u00eda mundial y profundizar en las caracter\u00edsticas del universo y la Tierra.<\/li><li><strong>3.&nbsp;<a href=\"http:\/\/www.aularagon.org\/files\/espa\/Atlas\/Mapas_politicos_index.htm\" target=\"_blank\" rel=\"noreferrer noopener\">Mi Atlas<\/a><\/strong>. Completa web de Aularag\u00f3n con todo tipo de mapas, pol\u00edticos y f\u00edsicos, para visualizar el relieve, los r\u00edos y mares, la organizaci\u00f3n humana, el clima, la poblaci\u00f3n etc. Tambi\u00e9n ofrece mapas mudos y la posibilidad de imprimir cualquiera de ellos para trabajar en el aula sobre papel.<\/li><li><strong>4.&nbsp;<a href=\"http:\/\/geacron.com\/home-es\/?lang=es\" target=\"_blank\" rel=\"noreferrer noopener\">GeaCron<\/a><\/strong>. Atlas hist\u00f3rico interactivo y flexible que permite comprobar sobre el mapa los cambios geopol\u00edticos en el mundo a lo largo de los&nbsp;<a href=\"http:\/\/geacron.com\/doc\/periodos-de-la-historia-universal-mapas-y-cronologia\/?lang=es\" target=\"_blank\" rel=\"noreferrer noopener\">diferentes periodos<\/a>. La versi\u00f3n&nbsp;<em>online<\/em>&nbsp;es gratuita, y hay&nbsp;<a href=\"https:\/\/play.google.com\/store\/apps\/details?id=com.geacron&amp;hl=es\" target=\"_blank\" rel=\"noreferrer noopener\">apps de pago para Android<\/a>,&nbsp;<a href=\"https:\/\/itunes.apple.com\/es\/app\/geacron-history-maps\/id735442530?mt=8\" target=\"_blank\" rel=\"noreferrer noopener\">iOS<\/a>&nbsp;y&nbsp;<a href=\"http:\/\/www.amazon.es\/s\/ref=nb_sb_noss?__mk_es_ES=%C3%85M%C3%85%C5%BD%C3%95%C3%91&amp;url=search-alias%3Dmobile-apps&amp;field-keywords=geacron\" target=\"_blank\" rel=\"noreferrer noopener\">Kindle<\/a>.<\/li><li><strong>5.&nbsp;<a href=\"http:\/\/mapmaker.education.nationalgeographic.com\/\" target=\"_blank\" rel=\"noreferrer noopener\">MapMaker<\/a><\/strong>(en ingl\u00e9s). Sencilla aplicaci\u00f3n web de National Geographic con un mapa que puedes marcar y personalizar y despu\u00e9s imprimir.&nbsp;<\/li><\/ol>\n\n\n\n<p><strong>Enciclopedias y fuentes de documentaci\u00f3n<\/strong><\/p>\n\n\n\n<ol><li><strong>6.&nbsp;<a href=\"http:\/\/www.artehistoria.com\/\" target=\"_blank\" rel=\"noreferrer noopener\">Artehistoria<\/a><\/strong>. P\u00e1gina web con informaci\u00f3n sobre personajes y acontecimientos hist\u00f3ricos, perfecta para documentarse e investigar. Tiene su propio&nbsp;<a href=\"https:\/\/www.youtube.com\/user\/artehistoriacom\/videos\" target=\"_blank\" rel=\"noreferrer noopener\">canal de videos en Youtube<\/a>.<\/li><li><strong>7.&nbsp;<a href=\"https:\/\/es.vikidia.org\/wiki\/Vikidia:Portada\" target=\"_blank\" rel=\"noreferrer noopener\">Vikidia<\/a><\/strong>. Enciclopedia colaborativa especialmente pensada para profesores y estudiantes, en la que tus alumnos no solo podr\u00e1n documentarse, sino que adem\u00e1s tendr\u00e1n la posibilidad de redactar e incorporar contenidos. Desarrollan&nbsp;<a href=\"https:\/\/es.vikidia.org\/wiki\/Proyecto:Proyecto_telem%C3%A1tico\" target=\"_blank\" rel=\"noreferrer noopener\">un proyecto<\/a>&nbsp;que anima a usar la enciclopedia como \u00e1rea de trabajo.<\/li><li><strong>8.&nbsp;<a href=\"http:\/\/www.mienciclo.es\/gee\/index.php\/Portada_GEE\" target=\"_blank\" rel=\"noreferrer noopener\">Gran Enciclopedia de Espa\u00f1a<\/a><\/strong>. Recopila la presencia hist\u00f3rica de Espa\u00f1a en el mundo y analiza los aspectos que relacionan la historia y la cultura de los pueblos.<\/li><li><strong>9.&nbsp;<a href=\"http:\/\/www.geo-cube.eu\/index_spanish.html\" target=\"_blank\" rel=\"noreferrer noopener\">GeoCube<\/a><\/strong>. Un cubo interactivo con informaci\u00f3n muy \u00fatil para utilizar en el aula de Ciencias sociales textos, im\u00e1genes y videos sobre diversos temas: la geograf\u00eda, nuestro mundo, la poblaci\u00f3n, la Tierra, los fen\u00f3menos geol\u00f3gicos etc.<\/li><li><strong>10.&nbsp;<a href=\"https:\/\/www.cia.gov\/library\/publications\/resources\/the-world-factbook\/\" target=\"_blank\" rel=\"noreferrer noopener\">The World Factbook<\/a><\/strong>&nbsp;(en ingl\u00e9s). El libro de datos de la CIA es una interesante fuente de informaci\u00f3n sobre todos los pa\u00edses del mundo, mapas o banderas.<\/li><li><strong>11.&nbsp;<a href=\"http:\/\/www.countryreports.org\/\" target=\"_blank\" rel=\"noreferrer noopener\">Country Reports<\/a><\/strong>&nbsp;(en ingl\u00e9s). Web con datos de cada pa\u00eds y sobre las diversas culturas del planeta.<\/li><\/ol>\n\n\n\n<p><strong>Videos hist\u00f3ricos<\/strong><\/p>\n\n\n\n<ol><li><strong>12.&nbsp;<a href=\"http:\/\/www.youtube.com\/user\/Cliphistoria\" target=\"_blank\" rel=\"noreferrer noopener\">Cliphistoria<\/a><\/strong>. Canal de videos recopilados por el profesor Manuel Gonz\u00e1lez, para aprender historia de Espa\u00f1a a trav\u00e9s de fragmentos de pel\u00edculas. Se pueden consultar&nbsp;<a href=\"https:\/\/www.youtube.com\/user\/Cliphistoria\/playlists\" target=\"_blank\" rel=\"noreferrer noopener\">en listas<\/a>, organizadas por periodos o tem\u00e1ticas.<\/li><li><strong>13.&nbsp;<a href=\"http:\/\/www.rtve.es\/alacarta\/videos\/memoria-de-espana\/\" target=\"_blank\" rel=\"noreferrer noopener\">Memoria de Espa\u00f1a<\/a><\/strong>. Serie de documentales de TVE en la que se repasan diferentes momentos de la historia de Espa\u00f1a. Tienen una duraci\u00f3n de unos 50 minutos e incluyen im\u00e1genes de archivo, testimonios y explicaciones did\u00e1cticas.<\/li><li><strong>14.&nbsp;<a href=\"http:\/\/canalhistoria.es\/aula\/\" target=\"_blank\" rel=\"noreferrer noopener\">Historia Aula<\/a><\/strong>. Secci\u00f3n educativa del Canal Historia especialmente pensada para estudiantes y profesores de Secundaria en la que, adem\u00e1s de videos, se incluyen gu\u00edas, propuestas de actividades, aplicaciones y galer\u00edas de im\u00e1genes.<\/li><li><strong>15.&nbsp;<a href=\"https:\/\/www.youtube.com\/user\/britishpathe\" target=\"_blank\" rel=\"noreferrer noopener\">British Path\u00e9<\/a>.<\/strong>&nbsp;(en ingl\u00e9s). Archivo&nbsp;<em>online<\/em>&nbsp;de la productora brit\u00e1nica de reportajes, documentales y pel\u00edculas, que incluye m\u00e1s de 85.000 videos hist\u00f3ricos en alta resoluci\u00f3n datados entre 1896 y 1976.&nbsp;<\/li><\/ol>\n\n\n\n<p><strong>Juegos e interactivos<\/strong><\/p>\n\n\n\n<ol><li><strong>16.&nbsp;<a href=\"http:\/\/cp.claracampoamor.fuenlabrada.educa.madrid.org\/flash\/area\/science\/geography\/geography.swf.\" target=\"_blank\" rel=\"noreferrer noopener\">Geography<\/a><\/strong>.&nbsp;Repositorio de juegos y aplicaciones en Flash seleccionadas por el Colegio Clara Campoamor de Fuenlabrada. Incluye todo tipo de propuestas para asimilar conceptos de geograf\u00eda de Primaria, tanto en castellano como en ingl\u00e9s.<\/li><li><strong>17.&nbsp;<a href=\"http:\/\/www.juegos-geograficos.es\/\" target=\"_blank\" rel=\"noreferrer noopener\">Juegos geogr\u00e1ficos<\/a><\/strong>. P\u00e1gina web con multitud de opciones para practicar geograf\u00eda a trav\u00e9s de juegos y mapas interactivos. La secci\u00f3n&nbsp;<a href=\"http:\/\/www.toporopa.eu\/es\/\" target=\"_blank\" rel=\"noreferrer noopener\">Toporopa<\/a>&nbsp;se centra en Europa.<\/li><li><strong>18.&nbsp;<a href=\"http:\/\/online.seterra.net\/es\/\" target=\"_blank\" rel=\"noreferrer noopener\">Seterra<\/a><\/strong>. Juegos de geograf\u00eda que se basan en mapas interactivos&nbsp;<em>online<\/em>&nbsp;organizados por zonas y sobre los que hay que situar ciudades, regiones o banderas.<\/li><li><strong>19.&nbsp;<a href=\"http:\/\/serbal.pntic.mec.es\/ealg0027\/mapasflash.htm\" target=\"_blank\" rel=\"noreferrer noopener\">Mapas Flash Interactivos<\/a><\/strong>. Amplia selecci\u00f3n de juegos did\u00e1cticos sobre mapas, para practicar conocimientos geogr\u00e1ficos, incluidas las regiones y comunidades aut\u00f3nomas espa\u00f1olas.&nbsp;<\/li><\/ol>\n\n\n\n<p><strong>L\u00edneas de tiempo<\/strong><\/p>\n\n\n\n<ol><li><strong>20.&nbsp;<a href=\"http:\/\/www.readwritethink.org\/files\/resources\/interactives\/timeline_2\/\" target=\"_blank\" rel=\"noreferrer noopener\">Timeline<\/a><\/strong>&nbsp;(en ingl\u00e9s).Sencilla aplicaci\u00f3n&nbsp;<em>online<\/em>&nbsp;para crear l\u00edneas de tiempo paso a paso, incluyendo textos e im\u00e1genes sobre un eje temporal.<\/li><li><strong>21.&nbsp;<a href=\"http:\/\/www.dipity.com\/\" target=\"_blank\" rel=\"noreferrer noopener\">Dipity<\/a><\/strong>&nbsp;(en ingl\u00e9s). Web para crear l\u00edneas de tiempo interactivas y&nbsp;<em>online<\/em>&nbsp;muy completas, con videos, audios, im\u00e1genes, texto, enlaces o geo-localizaciones. La versi\u00f3n gratuita cuenta con todas las funcionalidades b\u00e1sicas.<\/li><li><strong>22.&nbsp;<a href=\"http:\/\/timeline.knightlab.com\/\" target=\"_blank\" rel=\"noreferrer noopener\">Timeline JS<\/a><\/strong>&nbsp;(en ingl\u00e9s). Algo m\u00e1s compleja, permite elaborar cronolog\u00edas tan visuales como&nbsp;<a href=\"http:\/\/world.time.com\/2013\/12\/05\/nelson-mandelas-extraordinary-life-an-interactive-timeline\/\" target=\"_blank\" rel=\"noreferrer noopener\">estas<\/a>&nbsp;con una hoja de c\u00e1lculo de Google Spreadsheet. Puedes consultar&nbsp;<a href=\"http:\/\/youtu.be\/vAWbm4gF9lU\" target=\"_blank\" rel=\"noreferrer noopener\">este videotutorial<\/a>&nbsp;(en ingl\u00e9s) para ver c\u00f3mo se utiliza.<\/li><li><strong>23.&nbsp;<a href=\"http:\/\/www.timerime.com\/es\/\" target=\"_blank\" rel=\"noreferrer noopener\">TimeRime<\/a><\/strong>. Aplicaci\u00f3n&nbsp;<em>online<\/em>&nbsp;para elaborar l\u00edneas de tiempo interactivas con im\u00e1genes, como&nbsp;<a href=\"http:\/\/www.timerime.com\/es\/linea_de_tiempo\/438350\/PERIODOS+DE+LA+HISTORIA+DE+LA+MSICA\/\" target=\"_blank\" rel=\"noreferrer noopener\">esta<\/a>&nbsp;de la historia de la m\u00fasica.<\/li><li><strong>24.&nbsp;<a href=\"http:\/\/www.myhistro.com\/\" target=\"_blank\" rel=\"noreferrer noopener\">MyHistro<\/a><\/strong>&nbsp;(en ingl\u00e9s). Esta opci\u00f3n combina mapas y l\u00edneas de tiempo para narrar hechos que suceden en diferentes localizaciones, como&nbsp;<a href=\"http:\/\/www.myhistro.com\/explore\" target=\"_blank\" rel=\"noreferrer noopener\">estas<\/a>.<\/li><li><strong>25.&nbsp;<a href=\"http:\/\/www.chronozoom.com\/\" target=\"_blank\" rel=\"noreferrer noopener\">Chronozoom<\/a><\/strong>&nbsp;(en ingl\u00e9s). Esta opci\u00f3n te proporciona una l\u00ednea de tiempo interactiva ya creada y muy completa, pero tambi\u00e9n te da la posibilidad de crear tu propia cronolog\u00eda.&nbsp;<\/li><\/ol>\n\n\n\n<p><strong>\u00bfUtilizas alguna de estas herramientas en clase? \u00bfConoces otras? Comp\u00e1rtelas con nosotros.<\/strong><\/p>\n","protected":false},"excerpt":{"rendered":"<p>25 herramientas TIC para el aula de Ciencias sociales [Infograf\u00eda] Para la asignatura de Ciencias sociales tanto t\u00fa como tus alumnos utiliz\u00e1is mapas, enciclopedias o im\u00e1genes. \u00bfHas pensado en a\u00f1adir un componente m\u00e1s interactivo y optar por las versiones digitales e interactivas de todas estas herramientas? Puedes utilizarlas&nbsp;para preparar y exponer la clase&nbsp;o ponerlas a [&hellip;]<\/p>\n","protected":false},"author":6095,"featured_media":0,"parent":0,"menu_order":0,"comment_status":"closed","ping_status":"closed","template":"","meta":{"ngg_post_thumbnail":0,"footnotes":""},"aioseo_notices":[],"_links":{"self":[{"href":"https:\/\/blogsaverroes.juntadeandalucia.es\/fjavieralvarezjimenez\/wp-json\/wp\/v2\/pages\/457"}],"collection":[{"href":"https:\/\/blogsaverroes.juntadeandalucia.es\/fjavieralvarezjimenez\/wp-json\/wp\/v2\/pages"}],"about":[{"href":"https:\/\/blogsaverroes.juntadeandalucia.es\/fjavieralvarezjimenez\/wp-json\/wp\/v2\/types\/page"}],"author":[{"embeddable":true,"href":"https:\/\/blogsaverroes.juntadeandalucia.es\/fjavieralvarezjimenez\/wp-json\/wp\/v2\/users\/6095"}],"replies":[{"embeddable":true,"href":"https:\/\/blogsaverroes.juntadeandalucia.es\/fjavieralvarezjimenez\/wp-json\/wp\/v2\/comments?post=457"}],"version-history":[{"count":0,"href":"https:\/\/blogsaverroes.juntadeandalucia.es\/fjavieralvarezjimenez\/wp-json\/wp\/v2\/pages\/457\/revisions"}],"wp:attachment":[{"href":"https:\/\/blogsaverroes.juntadeandalucia.es\/fjavieralvarezjimenez\/wp-json\/wp\/v2\/media?parent=457"}],"curies":[{"name":"wp","href":"https:\/\/api.w.org\/{rel}","templated":true}]}}