{"id":468,"date":"2019-01-23T06:54:39","date_gmt":"2019-01-23T06:54:39","guid":{"rendered":"https:\/\/fjalvarezjimenez.wordpress.com\/?page_id=468"},"modified":"2019-01-23T06:54:39","modified_gmt":"2019-01-23T06:54:39","slug":"recursos-pdi","status":"publish","type":"page","link":"https:\/\/blogsaverroes.juntadeandalucia.es\/fjavieralvarezjimenez\/recursos-pdi\/","title":{"rendered":"PDI"},"content":{"rendered":"\n<h1 class=\"wp-block-heading\">Contenidos y recursos para PDI<\/h1>\n\n\n\n<p>Aqu\u00ed recomendamos contenidos \u00fatiles para usuarios de &nbsp;<strong>pizarras digitales interactivas o PDI:<\/strong><\/p>\n\n\n\n<ul><li><strong><a href=\"https:\/\/www.biodigital.com\/\" target=\"_blank\" rel=\"noreferrer noopener\">3D Bio Digital Human<\/a><\/strong>, recurso gratuito de anatom\u00eda humana<\/li><li><strong><a href=\"http:\/\/www.artecompo.com\/\" target=\"_blank\" rel=\"noreferrer noopener\">A trav\u00e9s de un cuadro<\/a><\/strong><\/li><li><a href=\"http:\/\/www.ibge.gov.br\/paisesat\/main.php\" target=\"_blank\" rel=\"noreferrer noopener\"><strong>Atlas interactivo mundial<\/strong><\/a><\/li><li><a href=\"http:\/\/agrega.educacion.es\/\" target=\"_blank\" rel=\"noreferrer noopener\"><strong>Agrega<\/strong><\/a><\/li><li><a href=\"http:\/\/www.youtube.com\/appuseries\" target=\"_blank\" rel=\"noreferrer noopener\"><strong>Appu Series<\/strong><\/a>&nbsp;v\u00eddeos infantiles<\/li><li><a href=\"http:\/\/recursostic.educacion.es\/bancoimagenes\/web\/\" target=\"_blank\" rel=\"noreferrer noopener\"><strong>Banco de recursos ITE para im\u00e1genes y sonidos<\/strong><\/a><\/li><li><a href=\"http:\/\/www.bbc.co.uk\/cbeebies\/\" target=\"_blank\" rel=\"noreferrer noopener\"><strong>BBC cbeebies<\/strong><\/a><\/li><li><strong><a href=\"http:\/\/www.bbc.co.uk\/schools\/\" target=\"_blank\" rel=\"noreferrer noopener\">BBC Schools<\/a><\/strong><\/li><li><strong>Biblioteca escolar digital<\/strong><\/li><li><a href=\"http:\/\/www.bonjourdefrance.com\/\" target=\"_blank\" rel=\"noreferrer noopener\">Bonjour de France<\/a>,<\/li><li><a href=\"http:\/\/www.teachingenglish.org.uk\/britlit\" target=\"_blank\" rel=\"noreferrer noopener\"><strong>BritLit<\/strong><\/a>, literatura inglesa para primaria<\/li><li><a href=\"http:\/\/www.spongelab.com\/slxdev\/interactives\/buildabody\/en\/whole\/index.html\" target=\"_blank\" rel=\"noreferrer noopener\"><strong>Build a body<\/strong><\/a><\/li><li><strong><a href=\"http:\/\/habilidad.chulojuegos.com\/juegos-de-caballos-cantantes.html\" target=\"_blank\" rel=\"noreferrer noopener\">Caballos cantantes<\/a><\/strong><\/li><li><a href=\"http:\/\/www.showersong.noisegames.com\/\" target=\"_blank\" rel=\"noreferrer noopener\"><strong>Cantar en la ducha<\/strong><\/a><\/li><li><strong><a href=\"http:\/\/catedu.es\/webcatedu\/\" target=\"_blank\" rel=\"noreferrer noopener\">Catedu<\/a><\/strong><\/li><li><a href=\"http:\/\/chartsbin.com\/\" target=\"_blank\" rel=\"noreferrer noopener\"><strong>Chartsbin<\/strong><\/a><\/li><li><a href=\"http:\/\/cpmonreal.es\/pizarra-digital\/\" target=\"_blank\" rel=\"noreferrer noopener\"><strong>Colegio NUESTRA SE\u00d1ORA DEL PILAR DE MONREAL DEL CAMPO (TERUEL)<\/strong><\/a>, recursos educativos<\/li><li><a href=\"http:\/\/www.juntadeandalucia.es\/averroes\/loreto\/sugerencias.html\" target=\"_blank\" rel=\"noreferrer noopener\"><strong>Colegio Nuestra Se\u00f1ora de Loreto<\/strong><\/a>, Andaluc\u00eda. M\u00e1s de 9500 enlaces educativos.<\/li><li><strong><a href=\"http:\/\/conteni2.educarex.es\/\" target=\"_blank\" rel=\"noreferrer noopener\">Contenidos Educarex<\/a><\/strong><\/li><li><strong><a href=\"http:\/\/www.cookie.com\/\" target=\"_blank\" rel=\"noreferrer noopener\">Cookie<\/a>&nbsp;<\/strong>Juegos en ingles infantil<\/li><li><strong><a href=\"http:\/\/www.cuadernointercultural.com\/tic-tools\/bancos-de-recursos-gratuitos\/\" target=\"_blank\" rel=\"noreferrer noopener\">Cuaderno intercultural<\/a><\/strong><\/li><li><a href=\"http:\/\/www.infovisual.info\/index_es.html\" target=\"_blank\" rel=\"noreferrer noopener\"><strong>Diccionario Visual<\/strong><\/a>, &nbsp;Diccionario con im\u00e1genes y fichas descriptivas<\/li><li><strong><a href=\"http:\/\/ecomur.com\/\" target=\"_blank\" rel=\"noreferrer noopener\">Ecomur<\/a>&nbsp;<\/strong>Educaci\u00f3n y econom\u00eda<\/li><li><strong><a href=\"http:\/\/educacionplastica.net\/\" target=\"_blank\" rel=\"noreferrer noopener\">Educaci\u00f3n Pl\u00e1stica<\/a><\/strong><\/li><li><a href=\"http:\/\/www.educalandia.net\/\" target=\"_blank\" rel=\"noreferrer noopener\"><strong>Educalandia<\/strong><\/a><\/li><li><strong><a href=\"http:\/\/educapeques.com\/\" target=\"_blank\" rel=\"noreferrer noopener\">Educapeques<\/a><\/strong><\/li><li><a href=\"http:\/\/orientacionandujar.wordpress.com\/2010\/08\/20\/75-unidades-didacticas-infantil-interactivas-y-para-pdi\/\" target=\"_blank\" rel=\"noreferrer noopener\"><strong>Educastur<\/strong><\/a>, 75 y unidades did\u00e1cticas para infantil<\/li><li><a href=\"http:\/\/concurso.cnice.mec.es\/cnice2005\/132_English_for_Little_children\/index.html#\" target=\"_blank\" rel=\"noreferrer noopener\"><strong>English For Little Children<\/strong><\/a><\/li><li><a href=\"http:\/\/www.carlosjmedina.es\/paginas\/mis-enlaces-sobre-pizarra-digital-interactiva\/\" target=\"_blank\" rel=\"noreferrer noopener\"><strong>Enlaces de Carlos J. Medina<\/strong><\/a><\/li><li><a href=\"http:\/\/www.exploorasantillana.com\/es\/exploora\/\" target=\"_blank\" rel=\"noreferrer noopener\"><strong>Exploora<\/strong><\/a><\/li><li><strong><a href=\"http:\/\/francesenelcole.blogspot.com\/\" target=\"_blank\" rel=\"noreferrer noopener\">Franc\u00e9s en el cole<\/a><\/strong><\/li><li><strong><a href=\"http:\/\/www.genmagic.org\/\" target=\"_blank\" rel=\"noreferrer noopener\">GenMagic<\/a><\/strong>&nbsp;Muchas actividades y recursos para usuarios de pizarras interactivas<\/li><li><strong><a href=\"http:\/\/www.gettyimages.es\/\" target=\"_blank\" rel=\"noreferrer noopener\">Getty Images<\/a><\/strong>, banco de im\u00e1genes con m\u00e1s de 35 millones de im\u00e1genes libres de derechos.<\/li><li><strong><a href=\"http:\/\/enpriego.com\/fototeca\/main.php\/v\/MaterialesEducativos\/grafomotricidad\/\" target=\"_blank\" rel=\"noreferrer noopener\">Grafomotricidad<\/a><\/strong><\/li><li><a href=\"http:\/\/ineverycrea.net\/\" target=\"_blank\" rel=\"noreferrer noopener\"><strong>IneveryCREA<\/strong><\/a>&nbsp;Comunidad educativa<\/li><li><a href=\"http:\/\/www.inglesdivino.com\/\" target=\"_blank\" rel=\"noreferrer noopener\"><strong>Ingl\u00e9s Divino<\/strong><\/a>&nbsp;Aprende ingl\u00e9s con canciones de forma interactiva<\/li><li><strong><a href=\"http:\/\/www.ite.educacion.es\/\" target=\"_blank\" rel=\"noreferrer noopener\">Instituto tecnolog\u00edas Educativas<\/a><\/strong><\/li><li><strong><a href=\"http:\/\/www.interactifle.com\/\" target=\"_blank\" rel=\"noreferrer noopener\">InteractiFLE<\/a>,&nbsp;<\/strong>portal de recursos de franc\u00e9s en formato SMART Notebook<\/li><li><a href=\"http:\/\/www.isabelperez.com\/\" target=\"_blank\" rel=\"noreferrer noopener\"><strong>Isabel P\u00e9rez<\/strong><\/a>&nbsp;site, para idiomas, sobre todo ingl\u00e9s pero tambi\u00e9n&nbsp;<a href=\"http:\/\/www.isabelperez.com\/french1.htm\" target=\"_blank\" rel=\"noreferrer noopener\">franc\u00e9s<\/a>,&nbsp;<a href=\"http:\/\/www.isabelperez.com\/german.htm\" target=\"_blank\" rel=\"noreferrer noopener\">alem\u00e1n<\/a>&nbsp;o&nbsp;<a href=\"http:\/\/www.isabelperez.com\/french.html\" target=\"_blank\" rel=\"noreferrer noopener\">espa\u00f1ol<\/a><\/li><li><a href=\"https:\/\/www.jamendo.com\/es\" target=\"_blank\" rel=\"noreferrer noopener\"><strong>Jamendo<\/strong><\/a>, m\u00fasica y sonidos libres para nuestros v\u00eddeos y dem\u00e1s<\/li><li><a href=\"http:\/\/roble.pntic.mec.es\/arum0010\/\" target=\"_blank\" rel=\"noreferrer noopener\"><strong>Jueduland<\/strong><\/a>&nbsp;Juegos educativos interactivos en l\u00ednea<\/li><li><strong><a href=\"http:\/\/kiosko.net\/\" target=\"_blank\" rel=\"noreferrer noopener\">Kiosko.net<\/a>&nbsp;<\/strong>para ver las portadas de la prensa nacional e internacional<\/li><li><a href=\"http:\/\/www.educarm.es\/templates\/portal\/ficheros\/websDinamicas\/91\/7final.swf\" target=\"_blank\" rel=\"noreferrer noopener\"><strong>Las 7 diferencias<\/strong><\/a>, para infantil<\/li><li><a href=\"http:\/\/www.lepointdufle.net\/\" target=\"_blank\" rel=\"noreferrer noopener\"><strong>Le point du FLE<\/strong><\/a>, franc\u00e9s en lengua extranjera<\/li><li><a href=\"http:\/\/ntic.educacion.es\/w3\/eos\/MaterialesEducativos\/mem2003\/vocales\/index.html\" target=\"_blank\" rel=\"noreferrer noopener\"><strong>Lectoescritura<\/strong><\/a>Para infantil y primaria<\/li><li><a href=\"http:\/\/learnenglishkids.britishcouncil.org\/en\/\" target=\"_blank\" rel=\"noreferrer noopener\"><strong>LearnEnglish Kids<\/strong><\/a>&nbsp;Ingl\u00e9s para infantil y primaria. British Council.<\/li><li><a href=\"http:\/\/lexiquefle.free.fr\/\" target=\"_blank\" rel=\"noreferrer noopener\"><strong>Lexique FLE<\/strong><\/a>, Franc\u00e9s con cursos, actividades, contenidos Flash<\/li><li><a href=\"http:\/\/www.oldmapsonline.org\/#\" target=\"_blank\" rel=\"noreferrer noopener\"><strong>Mapas antiguos<\/strong><\/a><\/li><li><strong><a href=\"http:\/\/serbal.pntic.mec.es\/ealg0027\/mapasflash.htm\" target=\"_blank\" rel=\"noreferrer noopener\">Mapas Flash Interactivos<\/a><\/strong>&nbsp;Se puede usar en diferentes idiomas.<\/li><li><a href=\"http:\/\/www.experiencingmaths.org\/\" target=\"_blank\" rel=\"noreferrer noopener\"><strong>Matem\u00e1ticas experimentales<\/strong><\/a><\/li><li><a href=\"https:\/\/miclase.wordpress.com\/\" target=\"_blank\" rel=\"noreferrer noopener\"><strong>Mi Clase<\/strong><\/a>, Recursos para nuestra clase<\/li><li><a href=\"http:\/\/lnx.rebujito.net\/index.php?option=com_frontpage&amp;Itemid=1\" target=\"_blank\" rel=\"noreferrer noopener\"><strong>Necesidades especiales<\/strong><\/a><\/li><li><strong><a href=\"http:\/\/www.olesur.com\/educacion\/fuga-de-palabras.asp\">Olesur fuga de palabras<\/a><\/strong><\/li><li><a href=\"http:\/\/www.deutschakademie.de\/online-deutschkurs\/\" target=\"_blank\" rel=\"noreferrer noopener\"><strong>Online Deutschkurs<\/strong><\/a>, alem\u00e1n<\/li><li><a href=\"http:\/\/orientacionandujar.wordpress.com\/\" target=\"_blank\" rel=\"noreferrer noopener\"><strong>Orientaci\u00f3n Andujar<\/strong><\/a>, recursos para infantil<\/li><li><strong><a href=\"http:\/\/www.oup.com\/elt\/global\/products\/oxfordplayschool\/\">Oxford Play School<\/a><\/strong><\/li><li><a href=\"http:\/\/elt.oup.com\/student\/surprise\/level1\/;jsessionid=67C7D56F046A0A513A523BE19B5A9C6E?cc=global&amp;selLanguage=en\" target=\"_blank\" rel=\"noreferrer noopener\"><strong>Oxford University Press<\/strong><\/a><\/li><li><strong><a href=\"http:\/\/www.papervision3d.org\/\">Papervision 3D<\/a><\/strong><\/li><li><a href=\"http:\/\/pbskids.org\/\"><strong>PBS Kids<\/strong><\/a><\/li><li><a href=\"http:\/\/ntic.educacion.es\/w3\/eos\/MaterialesEducativos\/mem2009\/pequetic\/index.html\" target=\"_blank\" rel=\"noreferrer noopener\"><strong>PequeTIC<\/strong><\/a><\/li><li><strong><a href=\"http:\/\/pizarradigitalinteractiva5.blogspot.com\/\">Pizarra digital interactiva<\/a><\/strong><\/li><li><strong><a href=\"http:\/\/www.pizarrasinteractivas.com\/\">Pizarras Interactivas SMART<\/a><\/strong><\/li><li><a href=\"http:\/\/www.psykopaint.com\/\" target=\"_blank\" rel=\"noreferrer noopener\"><strong>Psykopaint<\/strong><\/a><\/li><li><a href=\"http:\/\/ciclo3.wordpress.com\/\" target=\"_blank\" rel=\"noreferrer noopener\"><strong>Recursos para tercer ciclo de primaria<\/strong><\/a><\/li><li><a href=\"http:\/\/capileiraticrecursos.wikispaces.com\/RECURSOS+PARA+E.+PRIMARIA\" target=\"_blank\" rel=\"noreferrer noopener\"><strong>Recursos de primaria<\/strong><\/a><\/li><li><a href=\"http:\/\/www.pizarradigital2005-2006.blogspot.com.es\/\" target=\"_blank\" rel=\"noreferrer noopener\"><strong>Recursos on-line para usar pizarras digitales interactivas<\/strong><\/a><\/li><li><a href=\"http:\/\/www.sangakoo.com\/spa\" target=\"_blank\" rel=\"noreferrer noopener\"><strong>Sangakoo<\/strong><\/a>, para aprender matem\u00e1ticas<\/li><li><strong><a href=\"http:\/\/www.sesamo.com\/\">Sesamo<\/a><\/strong><\/li><li><a href=\"http:\/\/www.youtube.com\/watch?v=fZ9WiuJPnNA\" target=\"_blank\" rel=\"noreferrer noopener\"><strong>Sesame Street<\/strong><\/a>, canciones de Barrio S\u00e9samo en ingl\u00e9s<\/li><li><a href=\"http:\/\/www.abcya.com\/skeletal_system.htm\" target=\"_blank\" rel=\"noreferrer noopener\"><strong>Skeletal system ABCYA<\/strong><\/a>, para trabajar el esqueleto en ingl\u00e9s en primaria<\/li><li><a href=\"http:\/\/www.solarsystemscope.com\/\" target=\"_blank\" rel=\"noreferrer noopener\"><strong>Sistema solar interactivo<\/strong><\/a><\/li><li><strong><a href=\"http:\/\/exchange.smarttech.com\/\" target=\"_blank\" rel=\"noreferrer noopener\">SMART Exchange &nbsp;<\/a><\/strong>Ayuda y recursos para usuarios de pizarras interactivas SMARTBoard<\/li><li><a href=\"http:\/\/www.bbc.co.uk\/skillswise\/game\/en05skim-game-the-big-scan\" target=\"_blank\" rel=\"noreferrer noopener\"><strong>Skillwise<\/strong><\/a>, recursos de ingl\u00e9s de primaria (juego)<\/li><li><strong><a href=\"http:\/\/www.catedu.es\/gestor_recursos\/public\/softlibre\/\">Software libre educativo<\/a><\/strong><\/li><li><strong><a href=\"http:\/\/www.soloprofes.com\/\">S\u00f3lo Profes<\/a><\/strong>&nbsp;Recursos para usuarios de pizarras interactivas eBeam<\/li><li><strong><a href=\"http:\/\/www.starfall.com\/\">Starfall<\/a><\/strong><\/li><li><a href=\"http:\/\/www.youtube.com\/user\/SuperSimpleSongs\" target=\"_blank\" rel=\"noreferrer noopener\"><strong>Super Simple Songs<\/strong><\/a>, canciones cl\u00e1sicas en Youtube<\/li><li><a href=\"http:\/\/www.switcheroozoo.com\/\" target=\"_blank\" rel=\"noreferrer noopener\"><strong>Switcheero Zoo<\/strong><\/a>&nbsp;para crear tus propios animales<\/li><li><a href=\"http:\/\/elements.wlonk.com\/ElementsTable.htm\"><strong>Tabla peri\u00f3dica interactiva<\/strong><\/a>&nbsp;que muestra para qu\u00e9 se usan los diferentes elementos<\/li><li><strong><a href=\"http:\/\/www.teachertube.com\/\">Teachertube<\/a><\/strong><\/li><li><strong><a href=\"http:\/\/www.bgfl.org\/bgfl\/custom\/resources_ftp\/client_ftp\/ks2\/music\/piano\/index.htm\">Teclado musical<\/a><\/strong>&nbsp;M\u00fasica<\/li><li><a href=\"http:\/\/www.teocio.es\/\" target=\"_blank\" rel=\"noreferrer noopener\"><strong>TeOcio<\/strong><\/a><\/li><li><strong><a href=\"http:\/\/thisissand.com\/\">This is sand<\/a><\/strong>&nbsp;Para pintar con arena<\/li><li><strong><a href=\"http:\/\/iessanjose.blogspot.com.es\/\" target=\"_blank\" rel=\"noreferrer noopener\">TICtirit\u00ed<\/a><\/strong>, recursos para PDI entre otras cosas,<\/li><li><strong><a href=\"http:\/\/www.time-for-time.com\/game.htm\">Time for time<\/a><\/strong><\/li><li><strong><a href=\"http:\/\/www.tivi5mondeplus.com\/\">Tivi 5<\/a><\/strong>&nbsp;Franc\u00e9s para ni\u00f1os<\/li><li><strong><a href=\"http:\/\/www.todoeducativo.com\/\">Todo Educativo<\/a><\/strong><\/li><li><strong><a href=\"http:\/\/www.vedoque.com\/\">Vedoque<br><\/a><\/strong><\/li><li><strong><a href=\"http:\/\/www.wiris.net\/demo\/whiteboard\/es\/index.html\">Wiris Matem\u00e1ticas<\/a><\/strong><\/li><li><strong><a href=\"http:\/\/www.webantoniaortega.com\/\" target=\"_blank\" rel=\"noreferrer noopener\">http:\/\/www.webantoniaortega.com\/<\/a>&nbsp;<\/strong>para Educaci\u00f3n Especial, infantil y primaria<\/li><\/ul>\n","protected":false},"excerpt":{"rendered":"<p>Contenidos y recursos para PDI Aqu\u00ed recomendamos contenidos \u00fatiles para usuarios de &nbsp;pizarras digitales interactivas o PDI: 3D Bio Digital Human, recurso gratuito de anatom\u00eda humana A trav\u00e9s de un cuadro Atlas interactivo mundial Agrega Appu Series&nbsp;v\u00eddeos infantiles Banco de recursos ITE para im\u00e1genes y sonidos BBC cbeebies BBC Schools Biblioteca escolar digital Bonjour de [&hellip;]<\/p>\n","protected":false},"author":6095,"featured_media":0,"parent":0,"menu_order":0,"comment_status":"closed","ping_status":"closed","template":"","meta":{"ngg_post_thumbnail":0,"footnotes":""},"aioseo_notices":[],"_links":{"self":[{"href":"https:\/\/blogsaverroes.juntadeandalucia.es\/fjavieralvarezjimenez\/wp-json\/wp\/v2\/pages\/468"}],"collection":[{"href":"https:\/\/blogsaverroes.juntadeandalucia.es\/fjavieralvarezjimenez\/wp-json\/wp\/v2\/pages"}],"about":[{"href":"https:\/\/blogsaverroes.juntadeandalucia.es\/fjavieralvarezjimenez\/wp-json\/wp\/v2\/types\/page"}],"author":[{"embeddable":true,"href":"https:\/\/blogsaverroes.juntadeandalucia.es\/fjavieralvarezjimenez\/wp-json\/wp\/v2\/users\/6095"}],"replies":[{"embeddable":true,"href":"https:\/\/blogsaverroes.juntadeandalucia.es\/fjavieralvarezjimenez\/wp-json\/wp\/v2\/comments?post=468"}],"version-history":[{"count":0,"href":"https:\/\/blogsaverroes.juntadeandalucia.es\/fjavieralvarezjimenez\/wp-json\/wp\/v2\/pages\/468\/revisions"}],"wp:attachment":[{"href":"https:\/\/blogsaverroes.juntadeandalucia.es\/fjavieralvarezjimenez\/wp-json\/wp\/v2\/media?parent=468"}],"curies":[{"name":"wp","href":"https:\/\/api.w.org\/{rel}","templated":true}]}}