{"id":474,"date":"2019-01-23T06:58:21","date_gmt":"2019-01-23T06:58:21","guid":{"rendered":"https:\/\/fjalvarezjimenez.wordpress.com\/?page_id=474"},"modified":"2019-01-23T06:58:21","modified_gmt":"2019-01-23T06:58:21","slug":"blogs-educativos","status":"publish","type":"page","link":"https:\/\/blogsaverroes.juntadeandalucia.es\/fjavieralvarezjimenez\/blogs-educativos\/","title":{"rendered":"Blogs Educativos"},"content":{"rendered":"\n<h1 class=\"wp-block-heading\"><a href=\"https:\/\/www.blog.andaluciaesdigital.es\/11-blogs-sobre-educacion-que-no-debes-perderte\/\">11 BLOGS SOBRE EDUCACI\u00d3N QUE NO DEBES PERDERTE\t<\/a><\/h1>\n\n\n\n<p>Los blogs dirigidos a la educaci\u00f3n, o edublogs, son el lugar id\u00f3neo donde encontrar consejos, ideas, herramientas, actividades, etc., para aplicarlas en el aula. En este art\u00edculo te proponemos algunos de los edublogs en castellano m\u00e1s interesantes que hemos encontrado por internet.<\/p>\n\n\n\n<p>Por supuesto, no est\u00e1n todos, y quiz\u00e1s para completar la lista tengamos que dedicarle alg\u00fan que otro art\u00edculo m\u00e1s, que no descartamos realizar en un futuro. Por el momento,&nbsp;<strong>estos son los blogs que hemos seleccionado para ti<\/strong>. \u00a1Esperamos que te ayuden a innovar tu clase!<\/p>\n\n\n\n<p><a href=\"http:\/\/justificaturespuesta.com\/\" target=\"_blank\" rel=\"noreferrer noopener\"><strong>Justifica tu respuesta<\/strong><\/a><\/p>\n\n\n\n<p><strong>Dirigido a profesores<\/strong>&nbsp;el blog fue Finalista de los Premios Bit\u00e1cora en la categor\u00eda de Mejor Blog de Educaci\u00f3n en 2014.<\/p>\n\n\n\n<p>Su autor&nbsp;<strong>Santiago Moll<\/strong>, profesor de Lengua Espa\u00f1ola, ofrece&nbsp;<strong>consejos, trucos y herramientas digitales a los docentes<\/strong>&nbsp;con el objetivo de motivar e incentivar el aprendizaje activo y participativo en el aula. Adem\u00e1s de interesantes<strong>&nbsp;art\u00edculos de opini\u00f3n<\/strong>&nbsp;sobre la ense\u00f1anza en la era tecnol\u00f3gica. \u00a1M\u00e1s que recomendable!<\/p>\n\n\n\n<p><a href=\"http:\/\/www.salvarojeducacion.com\/\" target=\"_blank\" rel=\"noreferrer noopener\"><strong>El blog de Salvaroj<\/strong><\/a><\/p>\n\n\n\n<p>Su autor,&nbsp;<strong>Salvador Rodr\u00edguez<\/strong>, ofrece a la comunidad educativa en castellano sus&nbsp;<strong>reflexiones y puntos de vista sobre la innovaci\u00f3n educativa<\/strong>&nbsp;por medio de las tecnolog\u00edas, las&nbsp;<strong>nuevas t\u00e9cnicas de aprendizaje<\/strong>, el&nbsp;<strong>valor de la comunicaci\u00f3n y la colaboraci\u00f3n<\/strong>&nbsp;o la&nbsp;<strong><a href=\"http:\/\/andreseduardogarcia.blogspot.com.es\/2012\/07\/revisando-educacion-y-aprendizaje.html\" target=\"_blank\" rel=\"noreferrer noopener\">educaci\u00f3n disruptiva<\/a><\/strong>, entre otros aspectos. Art\u00edculos interesantes llenos de<strong>reflexiones&nbsp;<\/strong>que te har\u00e1n pensar sobre la nueva forma de educar y aprender. \u00a1No debes perd\u00e9rtelo!<\/p>\n\n\n\n<p><a href=\"https:\/\/jonathanmelgoza.com\/blog\/\" target=\"_blank\" rel=\"noreferrer noopener\"><strong>Blog de Programaci\u00f3n<\/strong><\/a><\/p>\n\n\n\n<p><strong>Jonathan Melgoza<\/strong>&nbsp;(Jhonny para los amigos), el autor del blog, nos&nbsp;<strong>ofrece multitud de tutoriales, consejos, proyectos y noticias sobre programaci\u00f3n, tecnolog\u00eda, electr\u00f3nica, desarrollo web, SEO<\/strong>, etc. Es un&nbsp;<strong>blog muy pr\u00e1ctico<\/strong>&nbsp;en el que el autor tambi\u00e9n nos ofrece sus&nbsp;<strong>opiniones personales<\/strong>sobre herramientas con argumentos que nos ayuden a conocerlas mejor. Un&nbsp;<strong>blog tecnol\u00f3gico<\/strong>&nbsp;que, sin embargo, pretende y logra acercar la tecnolog\u00eda y hacerla f\u00e1cil para todos. \u00a1Si quieres saber m\u00e1s sobre programaci\u00f3n este es tu blog!<\/p>\n\n\n\n<p><a href=\"https:\/\/ined21.com\/\" target=\"_blank\" rel=\"noreferrer noopener\"><strong>INED21<\/strong><\/a><\/p>\n\n\n\n<p>Es un&nbsp;<strong>blog colaborativo en el que participan diferentes docentes<\/strong>&nbsp;e innovadores dentro de las TICs en educaci\u00f3n. En \u00e9l estos&nbsp;<strong>expertos 2.0 reflexionan sobre todos los aspectos de la educaci\u00f3n<\/strong>actual. Su m\u00faltiple autor\u00eda le permite abarcar numerosos puntos de vista en el \u00e1mbito educativo siendo un blog bastante completo que te dar\u00e1 la oportunidad de&nbsp;<strong>estar al d\u00eda de las novedades en educaci\u00f3n<\/strong>&nbsp;tanto en el aspecto tecnol\u00f3gico como t\u00e9cnico o sobre las m\u00e1s novedosas tendencias. \u00a1No conviene perderlo de vista!<\/p>\n\n\n\n<p><a href=\"http:\/\/tecnomapas.blogspot.com.es\/\" target=\"_blank\" rel=\"noreferrer noopener\"><strong>Estoy en ello\u2026<\/strong><\/a><\/p>\n\n\n\n<p>Su autor,&nbsp;<strong>Paco Montero Arranz<\/strong>, nos habla desde su blog de&nbsp;<strong>t\u00e9cnicas y m\u00e9todos de aprendizaje innovadores<\/strong>,<strong>herramientas digitales y su aplicaci\u00f3n en el aula<\/strong>,&nbsp;<strong>art\u00edculos de opini\u00f3n y reflexiones<\/strong>&nbsp;sobre la educaci\u00f3n para hacernos pensar y participar, etc. Un completo abanico que nos permite descubrir a un autor siempre en activo y aprendiendo. \u00a1Merece la pena echarle un vistazo!<\/p>\n\n\n\n<p><a href=\"https:\/\/villaves56.blogspot.com.es\/\" target=\"_blank\" rel=\"noreferrer noopener\"><strong>Educaci\u00f3n Tecnol\u00f3gica<\/strong><\/a><\/p>\n\n\n\n<p><strong>Celestino Arteta<\/strong>, su autor nos ofrece una exquisita&nbsp;<strong>selecci\u00f3n de herramientas disponibles por internet<\/strong>, as\u00ed como<strong>tutoriales y noticias sobre educaci\u00f3n<\/strong>. Como aconseja en su blog, \u201ct\u00fa s\u00f3lo c\u00e9ntrate en qu\u00e9 quieres hacer en clase con tus alumnos y alumnas sin preocuparte por la herramienta que utilizar\u00e1s. La herramienta la encontrar\u00e1s.&nbsp;<strong>La herramienta en las aulas deber\u00eda ser como el ox\u00edgeno: necesaria, invisible y ubicua<\/strong>\u201d. \u00a1Un blog que deber\u00edas revisar peri\u00f3dicamente!<\/p>\n\n\n\n<div class=\"wp-block-image\"><figure class=\"alignright\"><img decoding=\"async\" src=\"https:\/\/www.blog.andaluciaesdigital.es\/wp-content\/uploads\/2015\/05\/blogs-educativos2-200x300.jpg\" alt=\"Blogs sobre educaci\u00f3n\" class=\"wp-image-343\" \/><\/figure><\/div>\n\n\n\n<p><a href=\"http:\/\/www.ayudaparamaestros.com\/\" target=\"_blank\" rel=\"noreferrer noopener\"><strong>Ayuda para maestros<\/strong><\/a><\/p>\n\n\n\n<p>Blog creado por&nbsp;<strong>Manu Velasco<\/strong>&nbsp;y&nbsp;<strong>dirigido a docentes, familias y alumnado<\/strong>. Manu nos ofrece&nbsp;<strong>multitud de recursos, herramientas y aplicaciones digitales para las distintas asignaturas<\/strong>&nbsp;<strong>de Infantil, Primaria y Secundaria<\/strong>. En \u00e9l encontrar\u00e1s tanto&nbsp;<strong>ideas<\/strong>&nbsp;para innovar en el aula como&nbsp;<strong>juegos interactivos<\/strong>&nbsp;para el aprendizaje de los m\u00e1s peque\u00f1os. \u00a1Lo recomendamos!<\/p>\n\n\n\n<p><a href=\"http:\/\/circuloderecreo.blogspot.com.es\/\" target=\"_blank\" rel=\"noreferrer noopener\"><strong>C\u00edrculo de recreo<\/strong><\/a><\/p>\n\n\n\n<p><strong>Henar Garc\u00eda<\/strong>, la autora del blog,&nbsp;<strong>recopila en C\u00edrculo de recreo los distintos blogs educativos que ha creado por asignaturas<\/strong>,&nbsp;<strong>centrados en sus alumnos<\/strong>, los principales protagonistas de los blogs. As\u00ed por ejemplo: el apartado \u201c<strong>la noticia del d\u00eda<\/strong>\u201d dirige a su blog sobre noticias empresariales recopiladas por sus propios alumnos; o el apartado \u201c<strong>los v\u00eddeos en el c\u00edrculo<\/strong>\u201d nos lleva al blog de los v\u00eddeos grabados y editados por sus alumnos; o \u201c<strong>y t\u00fa, \u00bfqu\u00e9 opinas?<\/strong>\u201d nos lleva a la secci\u00f3n en la que los alumnos expresan sus opiniones. \u00a1Un blog a tener en cuenta!<\/p>\n\n\n\n<p><a href=\"http:\/\/laeduteca.blogspot.com.es\/\" target=\"_blank\" rel=\"noreferrer noopener\"><strong>La eduteca<\/strong><\/a><\/p>\n\n\n\n<p>Fue blog ganador del premio al mejor blog de recursos educativos SIMO Educaci\u00f3n del 2013. Su autor,&nbsp;<strong>\u00d3scar Alonso<\/strong>, nos ofrece&nbsp;<strong>multitud de recursos y herramientas digitales para aplicar en el aula<\/strong>,&nbsp;<strong>ideas y consejos<\/strong>&nbsp;para innovar en clase, as\u00ed como&nbsp;&nbsp;<strong>actividades y noticias<\/strong>&nbsp;sobre educaci\u00f3n. \u00a1Si quieres estar a la \u00faltima sobre las tendencias educativas no te pierdas este blog!<\/p>\n\n\n\n<p><a href=\"http:\/\/www.dreig.eu\/caparazon\/\" target=\"_blank\" rel=\"noreferrer noopener\"><strong>El caparaz\u00f3n<\/strong><\/a><\/p>\n\n\n\n<p>Viene avalado por la categor\u00eda y la popularidad de su autora,&nbsp;<strong>Dolors Reig<\/strong>,&nbsp;<strong><a href=\"https:\/\/www.40defiebre.com\/influencers-importantes-estrategia-social-media\/\" target=\"_blank\" rel=\"noreferrer noopener\">influencer<\/a><\/strong>&nbsp;de la web 2.0 en general en castellano. En El Caparaz\u00f3n encontrar\u00e1s interesantes&nbsp;<strong>reflexiones y puntos de vista de esta experta en educaci\u00f3n 2.0 sobre tendencias y nuevas tecnolog\u00edas<\/strong>. \u00a1Imprescindible!<\/p>\n\n\n\n<p><a href=\"http:\/\/lapizarradigital.es\/\" target=\"_blank\" rel=\"noreferrer noopener\"><strong>La pizarra digital<\/strong><\/a><\/p>\n\n\n\n<p>El blog es un&nbsp;<strong>\u00fanico lugar para estar al tanto de las \u00faltimas novedades tecnol\u00f3gicas dirigidas a la educaci\u00f3n<\/strong>. En \u00e9l podr\u00e1s encontrar:&nbsp;<strong>aplicaciones y herramientas digitales educativas<\/strong>;&nbsp;<strong>tecnolog\u00eda de impresi\u00f3n en 3D<\/strong>&nbsp;para la ense\u00f1anza;&nbsp;<strong>dispositivos y recursos tecnol\u00f3gicos<\/strong>&nbsp;para aplicar en el aula; etc. \u00a1Para estar a la \u00faltima en recursos educativos!<\/p>\n\n\n\n<p>\u00bfQu\u00e9 otros blogs sobre educaci\u00f3n conoces?&nbsp;<strong>\u00bfNos ayudas a completar la lista?<\/strong>&nbsp;\u00a1No dudes en dejarnos tu comentario, nos encantar\u00eda conocer tu opini\u00f3n! \ud83d\ude09<\/p>\n\n\n\n<p>En&nbsp;<strong>Andaluc\u00eda es digital<\/strong>&nbsp;tambi\u00e9n tenemos recursos y herramientas digitales que puedes utilizar v\u00eda internet o descargarte gratis en tu ordenador. Visita nuestro apartado&nbsp;<a href=\"http:\/\/www.andaluciaesdigital.es\/acceso-internet\" target=\"_blank\" rel=\"noreferrer noopener\"><strong>Utiliza<\/strong><\/a>&nbsp;y conoce no s\u00f3lo los&nbsp;<strong>recursos educativos<\/strong>disponibles para la ciudadan\u00eda, sino tambi\u00e9n&nbsp;<strong>herramientas dirigidas a los m\u00e1s peque\u00f1os<\/strong>&nbsp;y&nbsp;<strong>a las personas con discapacidad<\/strong>.<\/p>\n\n\n\n<p>\u00bfTe ha gustado el art\u00edculo? Quiz\u00e1s tambi\u00e9n encuentres interesante:<\/p>\n\n\n\n<p><a href=\"https:\/\/www.blog.andaluciaesdigital.es\/google-for-education\/\"><strong>Aplicaciones gratuitas de Google para educaci\u00f3n<\/strong><\/a><\/p>\n\n\n\n<p><a href=\"https:\/\/www.blog.andaluciaesdigital.es\/las-redes-sociales-en-el-aula\/\"><strong>Las redes sociales en el aula<\/strong><\/a><\/p>\n\n\n\n<p><a href=\"https:\/\/www.blog.andaluciaesdigital.es\/blogs-de-profesionales-andaluces-imprescindibles-para-empresas-y-emprendedores\/\"><strong>Blogs de profesionales andaluces imprescindibles para empresas y emprendedores<\/strong><\/a>5&nbsp;(100%)&nbsp;1&nbsp;voto<\/p>\n\n\n\n<p><\/p>\n","protected":false},"excerpt":{"rendered":"<p>11 BLOGS SOBRE EDUCACI\u00d3N QUE NO DEBES PERDERTE Los blogs dirigidos a la educaci\u00f3n, o edublogs, son el lugar id\u00f3neo donde encontrar consejos, ideas, herramientas, actividades, etc., para aplicarlas en el aula. En este art\u00edculo te proponemos algunos de los edublogs en castellano m\u00e1s interesantes que hemos encontrado por internet. Por supuesto, no est\u00e1n todos, [&hellip;]<\/p>\n","protected":false},"author":6095,"featured_media":0,"parent":0,"menu_order":0,"comment_status":"closed","ping_status":"closed","template":"","meta":{"ngg_post_thumbnail":0,"footnotes":""},"aioseo_notices":[],"_links":{"self":[{"href":"https:\/\/blogsaverroes.juntadeandalucia.es\/fjavieralvarezjimenez\/wp-json\/wp\/v2\/pages\/474"}],"collection":[{"href":"https:\/\/blogsaverroes.juntadeandalucia.es\/fjavieralvarezjimenez\/wp-json\/wp\/v2\/pages"}],"about":[{"href":"https:\/\/blogsaverroes.juntadeandalucia.es\/fjavieralvarezjimenez\/wp-json\/wp\/v2\/types\/page"}],"author":[{"embeddable":true,"href":"https:\/\/blogsaverroes.juntadeandalucia.es\/fjavieralvarezjimenez\/wp-json\/wp\/v2\/users\/6095"}],"replies":[{"embeddable":true,"href":"https:\/\/blogsaverroes.juntadeandalucia.es\/fjavieralvarezjimenez\/wp-json\/wp\/v2\/comments?post=474"}],"version-history":[{"count":0,"href":"https:\/\/blogsaverroes.juntadeandalucia.es\/fjavieralvarezjimenez\/wp-json\/wp\/v2\/pages\/474\/revisions"}],"wp:attachment":[{"href":"https:\/\/blogsaverroes.juntadeandalucia.es\/fjavieralvarezjimenez\/wp-json\/wp\/v2\/media?parent=474"}],"curies":[{"name":"wp","href":"https:\/\/api.w.org\/{rel}","templated":true}]}}