{"id":482,"date":"2019-01-23T07:01:26","date_gmt":"2019-01-23T07:01:26","guid":{"rendered":"https:\/\/fjalvarezjimenez.wordpress.com\/?page_id=482"},"modified":"2019-01-23T07:01:26","modified_gmt":"2019-01-23T07:01:26","slug":"videojuegos-educativos","status":"publish","type":"page","link":"https:\/\/blogsaverroes.juntadeandalucia.es\/fjavieralvarezjimenez\/videojuegos-educativos\/","title":{"rendered":"Videojuegos educativos"},"content":{"rendered":"\n<h1 class=\"wp-block-heading\"><a href=\"https:\/\/www.blog.andaluciaesdigital.es\/mejores-videojuegos-educativos\/\">TOP DE VIDEOJUEGOS EDUCATIVOS Y JUEGOS ONLINE PARA NI\u00d1OS\t<\/a><\/h1>\n\n\n\n<figure class=\"wp-block-image\"><img decoding=\"async\" src=\"https:\/\/www.blog.andaluciaesdigital.es\/wp-content\/uploads\/2016\/12\/videojuegoseducativos1024x512px-800x400.png\" alt=\"Top de videojuegos educativos\" \/><\/figure>\n\n\n\n<p>Los videojuegos se han convertido en una fant\u00e1stica herramienta para la formaci\u00f3n de nuestros hijos. La mejor forma de aprender es hacerlo a trav\u00e9s del juego. \u00bfSabes cu\u00e1les son las ventajas de introducir la gamificaci\u00f3n en el aula? Aprende claves y consulta nuestra lista con los que, para muchos, son los mejores videojuegos educativos para ni\u00f1os. \u00bfJugamos?<\/p>\n\n\n\n<p>Art\u00edculos relacionados:<\/p>\n\n\n\n<ul><li><a href=\"https:\/\/www.blog.andaluciaesdigital.es\/plataformas-educativas-online-ninos\/\" target=\"_blank\" rel=\"noreferrer noopener\">10 plataformas educativas online para aprender jugando<\/a><\/li><li><a href=\"https:\/\/www.blog.andaluciaesdigital.es\/uso-seguro-de-los-videojuegos-online\/\" target=\"_blank\" rel=\"noreferrer noopener\">Consejos para que tus hijos hagan un uso seguro de sus videojuegos online<\/a><\/li><\/ul>\n\n\n\n<p>\u00cdndice de contenidos<\/p>\n\n\n\n<ul><li><a href=\"https:\/\/www.blog.andaluciaesdigital.es\/mejores-videojuegos-educativos\/#8_ventajas_de_los_videojuegos_educativos\">1&nbsp;8 ventajas de los videojuegos educativos<\/a><\/li><li><a href=\"https:\/\/www.blog.andaluciaesdigital.es\/mejores-videojuegos-educativos\/#Claves_para_el_uso_de_videojuegos_educativos_en_el_aula\">2&nbsp;Claves para el uso de videojuegos educativos en el aula<\/a><\/li><li><a href=\"https:\/\/www.blog.andaluciaesdigital.es\/mejores-videojuegos-educativos\/#7_Videojuegos_educativos_perfectos_para_el_aprendizaje\">3&nbsp;7 Videojuegos educativos perfectos para el aprendizaje<\/a><\/li><\/ul>\n\n\n\n<h2 class=\"wp-block-heading\">8 ventajas de los videojuegos educativos<\/h2>\n\n\n\n<p>Nuestros hijos est\u00e1n perfectamente adaptados al formato digital. En este sentido, los juegos online son una gran herramienta para el aprendizaje y ya se han convertido en una de las actividades para ni\u00f1os m\u00e1s reclamadas tanto por padres y madres como por docentes, que cada vez recomiendan m\u00e1s una educaci\u00f3n online como complemento a la presencial \u00bf<strong>Sabes cu\u00e1les son las ventajas de los videojuegos educativos?<\/strong><\/p>\n\n\n\n<ol><li>Facilitan la capacidad de retenci\u00f3nSin duda una de las principales ventajas que tienen los videojuegos educativos es que&nbsp;<strong>lo aprendido se retiene mejor<\/strong>, ya que el propio alumno se convierte en actor, no simplemente receptor del mensaje. Participa, por tanto, de su propio aprendizaje y es el responsable de recordar normas, trucos o caminos que le van a ayudar a seguir avanzando en el juego.&nbsp;<strong>Los videojuegos educativos mejoran la capacidad de atenci\u00f3n.<\/strong><\/li><li>Apuestan por la motivaci\u00f3nEn la gran mayor\u00eda de los juegos online se persigue un objetivo, un reto que los jugadores deben alcanzar y que, siguiendo las instrucciones adecuadas, est\u00e1 al alcance de su mando. Los videojuegos educativos apuestan por&nbsp;<strong>incentivar una competitividad sana<\/strong>&nbsp;entre el alumnado, por lo que se sentir\u00e1n&nbsp;<strong>motivados a participar<\/strong>&nbsp;<strong>para ganar<\/strong>&nbsp;al adversario.<\/li><li>Incentivan la participaci\u00f3nLos videojuegos educativos logran que el jugador se olvide de s\u00ed mismo y se centre en el juego, lo que puede motivar a los alumnos m\u00e1s t\u00edmidos a participar y dar lo mejor de s\u00ed. Desde el punto de vista del docente, la educaci\u00f3n basada en juegos online permite incentivar la interacci\u00f3n con los alumnos que, en un entorno l\u00fadico, se muestran mucho m\u00e1s proclives a comentar y hacer part\u00edcipes a sus compa\u00f1eros de sus logros y avances. Los videojuegos educativos mejoran la socializaci\u00f3n del alumno.<\/li><li>Fomentan el trabajo en equipoUna de las grandes ventajas de los juegos online es que apuestan por la interacci\u00f3n de varios jugadores para lograr un objetivo com\u00fan lo que, aparte de mejorar la participaci\u00f3n en el aula, incentiva la creaci\u00f3n de equipos de trabajo que, basados en un contexto de juego, permite relacionar a los ni\u00f1os en torno a un objetivo com\u00fan.&nbsp;<strong>Los juegos online promueven las buenas relaciones en el aula.<\/strong><\/li><li>Alimentan la imaginaci\u00f3n y la l\u00f3gicaEl deseo de conseguir los retos que le plantea el juego online les har\u00e1&nbsp;<strong>esforzarse por encontrar nuevos caminos<\/strong>&nbsp;que les lleven a la meta final. De la misma manera, los videojuegos educativos alimentan el sentido pr\u00e1ctico de los ni\u00f1os y les ayudan a aplicar la l\u00f3gica para la resoluci\u00f3n de los diferentes problemas que se van a ir encontrando a lo largo de la partida y para los que siempre existe una soluci\u00f3n pr\u00e1ctica.&nbsp;<strong>Los videojuegos educativos impulsan el pensamiento cr\u00edtico<\/strong>.<\/li><li>Mejoran la autoestimaLa consecuci\u00f3n de objetivos en el juego online aumenta la confianza y la seguridad de los ni\u00f1os y es una de los aspectos m\u00e1s valorados de los videojuegos educativos para ni\u00f1os que, por timidez o por car\u00e1cter, pudieran tener problemas de inseguridad que pueden influir en sus relaciones personales con el resto de compa\u00f1eros o en su rendimiento acad\u00e9mico. Los juegos educativos online mejoran la seguridad y la independencia en los ni\u00f1os.<\/li><li>Desarrollo psicomotrizEn educaci\u00f3n infantil y primaria los videojuegos educativos son herramientas muy \u00fatiles para mejorar el desarrollo psicomotriz de los ni\u00f1os. Gracias al uso de mandos o de combinaciones de teclas de manera automatizada se fomenta una buena coordinaci\u00f3n y pueden servir de apoyo para la resoluci\u00f3n de posibles problemas en este aspecto.<\/li><li>Desarrollan nuevas habilidadesAprender jugando siempre ha sido la mejor manera de aprender y, gracias a los juegos educativos online, los m\u00e1s peque\u00f1os pueden comenzar a interesarse y a aprender conceptos desde edades muy tempranas y que les van a ser muy \u00fatiles para su desarrollo profesional. El ejemplo m\u00e1s claro de esto son los juegos online de programaci\u00f3n.&nbsp;<strong><a href=\"https:\/\/www.blog.andaluciaesdigital.es\/programacion-para-ninos-beneficios-y-claves-para-comenzar\/\" target=\"_blank\" rel=\"noreferrer noopener\">\u00bfConoces las ventajas de la programaci\u00f3n para ni\u00f1os?<\/a>.<\/strong><\/li><\/ol>\n\n\n\n<p><a href=\"https:\/\/twitter.com\/intent\/tweet?url=https:\/\/www.blog.andaluciaesdigital.es\/?p=3279&amp;text=%C2%BFConoces%20las%20ventajas%20educativas%20de%20los%20videojuegos%20y%20c%C3%B3mo%20aplicarlos%20en%20el%20aula%3F%20Claves%20y%20t%C3%ADtulos%20que%20te%20interesa%20conocer%20&amp;via=AndaluciaDig&amp;related=AndaluciaDig\" target=\"_blank\" rel=\"noreferrer noopener\">\u00bfConoces las ventajas educativas de los videojuegos y c\u00f3mo aplicarlos en el aula? Claves y t\u00edtulos que te interesa conocer<\/a><a href=\"https:\/\/twitter.com\/intent\/tweet?url=https:\/\/www.blog.andaluciaesdigital.es\/?p=3279&amp;text=%C2%BFConoces%20las%20ventajas%20educativas%20de%20los%20videojuegos%20y%20c%C3%B3mo%20aplicarlos%20en%20el%20aula%3F%20Claves%20y%20t%C3%ADtulos%20que%20te%20interesa%20conocer%20&amp;via=AndaluciaDig&amp;related=AndaluciaDig\" target=\"_blank\" rel=\"noreferrer noopener\">\ufeffCLIC PARA TUITEAR<\/a><\/p>\n\n\n\n<h2 class=\"wp-block-heading\">Claves para el uso de videojuegos educativos en el aula<\/h2>\n\n\n\n<p>Las ventajas que aportan los videojuegos educativos no implica que no se tengan en cuenta las debidas consideraciones y claves para su uso correcto en el aula. Est\u00e1 claro que la mejor manera de aprender es jugando, pero desde luego, no puede ser la \u00fanica forma de hacerlo, por muy atractivos que los juegos online sean para los ni\u00f1os. De esta manera, conviene tener en cuenta:<\/p>\n\n\n\n<ol><li>&nbsp;<strong>Definir claramente los objetivos de aprendizaje<\/strong>&nbsp;de la actividad y a partir de ah\u00ed planificar el videojuego educativo que m\u00e1s le conviene poner en marcha. Pueden ser&nbsp;<strong>objetivos sobre conocimientos<\/strong>&nbsp;(aprender a aplicar una f\u00f3rmula matem\u00e1tica, \u00e1lgebra, ecuaciones, etc.). Sobre&nbsp;<strong>acciones y actitudes<\/strong>&nbsp;(que sepan c\u00f3mo trabajar en equipo, la puntualidad, prestar atenci\u00f3n, etc.). Sobre&nbsp;<strong>competencias<\/strong>&nbsp;(solidaridad, empat\u00eda, autonom\u00eda, etc.).<\/li><li><strong>Gesti\u00f3n del tiempo<\/strong>. En el aula ocurre como en casa con los videojuegos tradicionales. Debe gestionarse de forma correcta el tiempo de exposici\u00f3n y adaptarlo tanto a las edades de los alumnos como a los objetivos que se persiguen con su uso.<\/li><li><strong>Coordinaci\u00f3n con otras tareas<\/strong>. El uso de videojuegos educativos debe estar acompa\u00f1ado de tareas complementarias en el mundo f\u00edsico. Cada vez son m\u00e1s habituales las quejas de padres y profesores referidas a que los ni\u00f1os est\u00e1n perdiendo habilidades manuales (colorear, escribir, manualidades\u2026) por el excesivo uso de la tecnolog\u00eda digital.<\/li><li><strong>Adaptaci\u00f3n a las asignaturas<\/strong>&nbsp;o a los conocimientos que se est\u00e1n intentando potenciar en el alumnado. La vertiente l\u00fadica de un juego online no debe despistarnos de que se est\u00e1 utilizando para alcanzar unos objetivos muy concretos que, de forma peri\u00f3dica, deben ser revisados para analizar su grado de cumplimiento.<\/li><li><strong>Determinar el premio<\/strong>&nbsp;que se otorgar\u00e1 al ganador o ganadores, si el juego es en equipo (puntos extra, convalidaci\u00f3n con alg\u00fan examen, etc.). Este incentivo les motivar\u00e1 a tom\u00e1rselo en serio y entender que no se trata solo de un juego, sino que deben cumplir los objetivos marcados al comienzo de la actividad.<\/li><\/ol>\n\n\n\n<p>Como ves, los videojuegos tambi\u00e9n pueden tener un importante componente educativo y de motivaci\u00f3n para los menores que, de esta manera, encuentran en ellos un formato reconocible y divertido con el que, adem\u00e1s, pueden desarrollar nuevas habilidades y adquirir conocimientos m\u00e1s all\u00e1 de los formatos tradicionales de formaci\u00f3n en el aula.<\/p>\n\n\n\n<h2 class=\"wp-block-heading\">7 Videojuegos educativos perfectos para el aprendizaje<\/h2>\n\n\n\n<p>\u00bfCu\u00e1l es el mejor videojuego educativo? La pregunta tiene muchas opciones de respuesta y miles de ejemplos que puedes encontrar en miles de p\u00e1ginas web y buscadores. La soluci\u00f3n a est\u00e1 cuesti\u00f3n pasa por el ensayo y error y, sobre todo por la experiencia como jugador de tu hijo.<\/p>\n\n\n\n<p>En esta lista de videojuegos educativos te mostramos que hay muchas opciones&nbsp; m\u00e1s all\u00e1 de los superventas (Fortnite, Clash Royale, League of Legens\u2026) y que pueden ser de gran utilidad en el apartado educativo. Recuerda que, ante todo, estamos hablando de complementos al terreno educativo y que, por tanto, el tiempo de uso debe ser controlado por padres y educadores \u00bfcomenzamos?<\/p>\n\n\n\n<h3 class=\"wp-block-heading\">1- Minecraft Edu<\/h3>\n\n\n\n<p>El \u00e9xito de Minecraft es innegable en el terreno acad\u00e9mico. Aunque no naci\u00f3 como un videojuego educativo, la comunidad de Minecraft ya la componen m\u00e1s de 100 millones de usuarios. Este hecho ha provocado que se haya lanzado una&nbsp;<strong>versi\u00f3n especial de Minecraft para la Educaci\u00f3n<\/strong>.&nbsp;<strong>\u00bfCu\u00e1les son las ventajas de Minecraft en el terreno educativo?<\/strong>&nbsp;El juego de construcci\u00f3n a base de bloques les permite estimular su creatividad, aprender cuestiones b\u00e1sicas de programaci\u00f3n, dimensiones y organizaci\u00f3n de espacios, trabajos colaborativo\u2026 Si tu&nbsp;<strong>sistema operativo es Windows<\/strong>, puedes descargar la \u00faltima versi\u00f3n de Minecraft Education&nbsp;<a href=\"https:\/\/minecraft-education-edition.softonic.com\/descargar\" target=\"_blank\" rel=\"noreferrer noopener\">en este enlace.&nbsp;&nbsp;<\/a>Si eres usuario de&nbsp;<strong>iOS,<\/strong>&nbsp;descarga Minecraft Education&nbsp;<a href=\"https:\/\/itunes.apple.com\/gb\/app\/minecraft-education-edition\/id1196524622?mt=8\" target=\"_blank\" rel=\"noreferrer noopener\">desde la Apple Store<\/a>&nbsp;aqu\u00ed.<\/p>\n\n\n\n<p>De la misma manera, los principales fabricantes de videoconsolas disponen de ediciones de Minecraft, en su versi\u00f3n est\u00e1ndar, que tambi\u00e9n tiene un importante valor educativo.<\/p>\n\n\n\n<div class=\"wp-block-image\"><figure class=\"aligncenter\"><img decoding=\"async\" src=\"https:\/\/www.blog.andaluciaesdigital.es\/wp-content\/uploads\/2016\/12\/minecraft-videojuego-educativo-1.jpg\" alt=\"\" class=\"wp-image-11702\" \/><\/figure><\/div>\n\n\n\n<p><a href=\"https:\/\/www.blog.andaluciaesdigital.es\/wp-content\/uploads\/2016\/12\/minecraft-videojuego-educativo-1.jpg\"><\/a><\/p>\n\n\n\n<h3 class=\"wp-block-heading\">2- Dragon Box<\/h3>\n\n\n\n<p><strong>Dragon Box<\/strong>&nbsp;es un videojuego educativo especialmente indicado para el aula con el que los alumnos podr\u00e1n aprender de forma divertida matem\u00e1ticas y conceptos de \u00e1lgebra. Los juegos matem\u00e1ticos que plantea Dragon Box est\u00e1n disponibles tanto para el aula (accede a la versi\u00f3n de Educadores), como para el usuario, a trav\u00e9s de la&nbsp;<a href=\"http:\/\/dragonbox.com\/products\" target=\"_blank\" rel=\"noreferrer noopener\"><strong>descarga de sus aplicaciones<\/strong>&nbsp;<\/a>(no son gratis) y que se dividen en aplicaciones para aprender matem\u00e1ticas de 4 a 9 a\u00f1os y, otro bloque, para escolares a partir de 9 a\u00f1os.<\/p>\n\n\n\n<div class=\"wp-block-image\"><figure class=\"aligncenter\"><img decoding=\"async\" src=\"https:\/\/www.blog.andaluciaesdigital.es\/wp-content\/uploads\/2016\/12\/dragonbox-videojuego-educativo-1.jpg\" alt=\"\" class=\"wp-image-11703\" \/><\/figure><\/div>\n\n\n\n<p><a href=\"https:\/\/www.blog.andaluciaesdigital.es\/wp-content\/uploads\/2016\/12\/dragonbox-videojuego-educativo-1.jpg\"><\/a><\/p>\n\n\n\n<h3 class=\"wp-block-heading\">3- SimCity Edu<\/h3>\n\n\n\n<p>SimCity es otro videojuego que ha hecho las delicias de grandes y peque\u00f1os desde hace muchos a\u00f1os y que tambi\u00e9n cuenta con una<strong>&nbsp;<a href=\"http:\/\/www.simcity.com\/es_ES\" target=\"_blank\" rel=\"noreferrer noopener\">versi\u00f3n para educaci\u00f3n<\/a>, denominada Simcity Edu<\/strong>&nbsp;que puede probarse de forma gratuita.&nbsp;<strong>\u00bfQu\u00e9 ventajas tiene SimCity para la educaci\u00f3n?<\/strong>&nbsp;Con este videojuego aprenden a dise\u00f1ar ciudades, administran las finanzas, comprenden c\u00f3mo funcionan las comunicaciones y las infraestructuras b\u00e1sicas de un municipio, que pueden convertir en una Smart City y aprenden a tomar decisiones, ya que se convierten en alcaldes cibern\u00e9ticos.<\/p>\n\n\n\n<p>En el mundo de las videoconsolas, existe una versi\u00f3n muy parecida a Simcity que se denomina Cities y que est\u00e1 disponible para las principales marcas. En este v\u00eddeo puedes ver la versi\u00f3n para PlayStation 4<\/p>\n\n\n\n<h3 class=\"wp-block-heading\">4- ClassDojo<\/h3>\n\n\n\n<p><strong><a href=\"https:\/\/www.classdojo.com\/es-es\/\" target=\"_blank\" rel=\"noreferrer noopener\">ClassDojo<\/a><\/strong>&nbsp; va mucho m\u00e1s all\u00e1 de las funciones b\u00e1sicas de los videojuegos educativos y se convierte en un curioso sistema para poner en contacto a profesores y alumnos a trav\u00e9s de divertidos avatares que, seg\u00fan se comporten en clase, van sumando puntos y mejorando en el r\u00e1nking. De la misma manera, se incentiva la participaci\u00f3n y la implicaci\u00f3n de los alumnos a trav\u00e9s de un sistema de gamificaci\u00f3n que permite a los profesores proponer retos y premios asociados al cumplimiento de objetivos.<\/p>\n\n\n\n<div class=\"wp-block-image\"><figure class=\"aligncenter\"><img decoding=\"async\" src=\"https:\/\/www.blog.andaluciaesdigital.es\/wp-content\/uploads\/2016\/12\/classdojo-videojuego-educativo-1.jpg\" alt=\"\" class=\"wp-image-11704\" \/><\/figure><\/div>\n\n\n\n<p><a href=\"https:\/\/www.blog.andaluciaesdigital.es\/wp-content\/uploads\/2016\/12\/classdojo-videojuego-educativo-1.jpg\"><\/a><\/p>\n\n\n\n<h3 class=\"wp-block-heading\">5- Spore<\/h3>\n\n\n\n<p>Cerramos esta lista de videojuegos educativos para el aula con un juego online para aprender ciencias naturales. Hablamos de&nbsp;<strong><a href=\"http:\/\/www.spore.com\/\" target=\"_blank\" rel=\"noreferrer noopener\">Spore<\/a><\/strong>, una iniciativa de EA que permite a los ni\u00f1os gestionar y comprobar c\u00f3mo evolucionan los seres vivos desde la categor\u00eda m\u00e1s reducida (una c\u00e9lula) hasta convertirse en impresionantes seres vivos que, seg\u00fan les hayan cuidado y el h\u00e1bitat en el que hayan crecido, tendr\u00e1n un aspecto u otro. Este juego es de pago pero dispone de una prueba gratuita.<\/p>\n\n\n\n<p>Spore tambi\u00e9n est\u00e1 disponible para videoconsolas como&nbsp;<a href=\"https:\/\/www.amazon.es\/Spore-Videojuegos\/s?ie=UTF8&amp;page=1&amp;rh=n%3A599382031%2Ck%3ASpore\" target=\"_blank\" rel=\"noreferrer noopener\">Nintendo Ds<\/a><\/p>\n\n\n\n<div class=\"wp-block-image\"><figure class=\"aligncenter\"><img decoding=\"async\" src=\"https:\/\/www.blog.andaluciaesdigital.es\/wp-content\/uploads\/2016\/12\/spore-videojuego-educativo-1.jpg\" alt=\"\" class=\"wp-image-11705\" \/><\/figure><\/div>\n\n\n\n<p><a href=\"https:\/\/www.blog.andaluciaesdigital.es\/wp-content\/uploads\/2016\/12\/spore-videojuego-educativo-1.jpg\"><\/a><\/p>\n\n\n\n<h3 class=\"wp-block-heading\">6- Simple Machines<\/h3>\n\n\n\n<p>Dentro del apartado de videojuegos educativos que apuestan por el mundo de la construcci\u00f3n y sus ventajas para el aprendizaje, Simple Machines es una iniciativa online desarrollada por el Museo de la Industria y la Ciencia de Chicago al que puedes acceder online. El objetivo de este juego es ayudar a un robot a construir su mundo para lo que ser\u00e1 necesario que seleccionemos por orden l\u00f3gico las diferentes piezas que nos encontramos en un espacio. Puedes acceder a Simple Machines&nbsp;<a href=\"https:\/\/www.msichicago.org\/play\/simplemachines\/\" target=\"_blank\" rel=\"noreferrer noopener\">en este enlace.<\/a><\/p>\n\n\n\n<div class=\"wp-block-image\"><figure class=\"aligncenter\"><img decoding=\"async\" src=\"https:\/\/www.blog.andaluciaesdigital.es\/wp-content\/uploads\/2016\/12\/simplemachines.jpg\" alt=\"\" class=\"wp-image-11706\" \/><\/figure><\/div>\n\n\n\n<p><a href=\"https:\/\/www.blog.andaluciaesdigital.es\/wp-content\/uploads\/2016\/12\/simplemachines.jpg\"><\/a><\/p>\n\n\n\n<h3 class=\"wp-block-heading\">7- El misterioso viaje de Layton\u2026<\/h3>\n\n\n\n<p>Centrados en el mundo de las videoconsolas, existen numerosos t\u00edtulos de videojuegos educativos, uno de ellos es El misterioso viaje de Layton: Katrielle y la conspiraci\u00f3n de los millonarios, disponible para Nintendo 3DS&nbsp; que se centra en la resoluci\u00f3n de puzzles y misterios en los que se ponen a prueba las capacidades matem\u00e1ticas y de comprensi\u00f3n de los m\u00e1s peque\u00f1os. Puedes ver un peque\u00f1o v\u00eddeo demostrativo en aqu\u00ed:<\/p>\n\n\n\n<p>Son solo algunos ejemplos de videojuegos educativos para ordenador o videoconsolas que pueden ser de gran utilidad para el aula o, incluso, como regalo para nuestros hijos \u00bfconoces alg\u00fan otro t\u00edtulo que sea interesante y que podamos incluir en esta lista?5&nbsp;(100%)&nbsp;6&nbsp;votos<\/p>\n\n\n\n<p><\/p>\n","protected":false},"excerpt":{"rendered":"<p>TOP DE VIDEOJUEGOS EDUCATIVOS Y JUEGOS ONLINE PARA NI\u00d1OS Los videojuegos se han convertido en una fant\u00e1stica herramienta para la formaci\u00f3n de nuestros hijos. La mejor forma de aprender es hacerlo a trav\u00e9s del juego. \u00bfSabes cu\u00e1les son las ventajas de introducir la gamificaci\u00f3n en el aula? Aprende claves y consulta nuestra lista con los [&hellip;]<\/p>\n","protected":false},"author":6095,"featured_media":0,"parent":0,"menu_order":0,"comment_status":"closed","ping_status":"closed","template":"","meta":{"ngg_post_thumbnail":0,"footnotes":""},"aioseo_notices":[],"_links":{"self":[{"href":"https:\/\/blogsaverroes.juntadeandalucia.es\/fjavieralvarezjimenez\/wp-json\/wp\/v2\/pages\/482"}],"collection":[{"href":"https:\/\/blogsaverroes.juntadeandalucia.es\/fjavieralvarezjimenez\/wp-json\/wp\/v2\/pages"}],"about":[{"href":"https:\/\/blogsaverroes.juntadeandalucia.es\/fjavieralvarezjimenez\/wp-json\/wp\/v2\/types\/page"}],"author":[{"embeddable":true,"href":"https:\/\/blogsaverroes.juntadeandalucia.es\/fjavieralvarezjimenez\/wp-json\/wp\/v2\/users\/6095"}],"replies":[{"embeddable":true,"href":"https:\/\/blogsaverroes.juntadeandalucia.es\/fjavieralvarezjimenez\/wp-json\/wp\/v2\/comments?post=482"}],"version-history":[{"count":0,"href":"https:\/\/blogsaverroes.juntadeandalucia.es\/fjavieralvarezjimenez\/wp-json\/wp\/v2\/pages\/482\/revisions"}],"wp:attachment":[{"href":"https:\/\/blogsaverroes.juntadeandalucia.es\/fjavieralvarezjimenez\/wp-json\/wp\/v2\/media?parent=482"}],"curies":[{"name":"wp","href":"https:\/\/api.w.org\/{rel}","templated":true}]}}