{"id":489,"date":"2019-01-23T10:45:41","date_gmt":"2019-01-23T10:45:41","guid":{"rendered":"https:\/\/fjalvarezjimenez.wordpress.com\/?page_id=489"},"modified":"2019-01-23T10:45:41","modified_gmt":"2019-01-23T10:45:41","slug":"sesion-01","status":"publish","type":"page","link":"https:\/\/blogsaverroes.juntadeandalucia.es\/fjavieralvarezjimenez\/sesion-01\/","title":{"rendered":"Sesi\u00f3n 01 &#8211; Kahoot!"},"content":{"rendered":"<p><strong>#SESI\u00d3N 01 &#8211;<\/strong> RECURSOS EDUCATIVOS ABIERTOS Y PROGRAMAS EDUCATIVOS RELACIONADOS CON LAS NUEVAS TECNOLOG\u00cdAS.<\/p>\n\n<h4 class=\"wp-block-heading\">Sumario:\u00a0<\/h4>\n\n<p>&#8211; Presentaci\u00f3n del Curso.<br \/>&#8211; <a href=\"https:\/\/goo.gl\/forms\/ta248nwYalNpiHxT2\">Encuesta inicial.<\/a><br \/>&#8211; Marco te\u00f3rico de necesidades educativas del alumnado don dificultades de atenci\u00f3n.<br \/>&#8211; Plataformas para la formaci\u00f3n del profesorado y recursos docentes.<\/p>\n\n<p class=\"has-medium-font-size\"><strong>Contenidos<\/strong><\/p>\n\n<p>Caracter\u00edsticas y recursos para atender al alumnado con <a href=\"https:\/\/docs.google.com\/presentation\/d\/1PIbZ5Oh3U21lPKfHeizUrK5qLUPMLWzn4EW9dzMSkcs\/edit?usp=sharing\">dificultades de atenci\u00f3n.<\/a><\/p>\n\n<hr class=\"wp-block-separator\" \/>\n\n<p class=\"has-medium-font-size\"><span style=\"color:#191e23\"><span style=\"background-color:#e8eaeb\"><b>Recursos\u00a0de\u00a0la\u00a0Administraci\u00f3n.<\/b><\/span><\/span><\/p>\n\n<p><a href=\"http:\/\/procomun.educalab.es\/es\">PROCOM\u00daN<\/a> &#8211; Red de recursos educativos en abierto del INTEF.<\/p>\n\n<ul><li><a href=\"http:\/\/agrega.educacion.es\/visualizadorcontenidos2\/Portada\/Portada.do\">AGREGA<\/a><sup><a href=\"http:\/\/agrega.educacion.es\/visualizadorcontenidos2\/Portada\/Portada.do\">2<\/a>\u00a0 &#8211;<\/sup>El proyecto Agrega 2 es una plataforma tecnol\u00f3gica implantada en las administraciones educativas espa\u00f1olas, a trav\u00e9s de nodos auton\u00f3micos interconectados entre s\u00ed (federaci\u00f3n de repositorios de objetos digitales educativos Agrega). Esta red de servidores aloja miles de recursos educativos, adecuadamente etiquetados y empaquetados. Los objetos educativos y secuencias did\u00e1cticas alojados en Agrega se pueden descargar y ser utilizados directamente por profesores y alumnos como recursos did\u00e1cticos y tambi\u00e9n ser recombinados para confeccionar con ellos nuevos materiales educativos.<\/li><\/ul>\n\n<ul><li><a href=\"https:\/\/constructor.educarex.es\/\">CONSTRUCTOR<\/a> &#8211; es la herramienta de autor que la Consejer\u00eda de Educaci\u00f3n de Extremadura ha creado para que los docentes puedan crear sus propias actividades educativas digitales. Ahora acaba de presentar una nueva\u00a0<strong>versi\u00f3n\u00a0<em>online,\u00a0<\/em><\/strong>que integra los mecanismos de la web 2.0 a\u00f1adiendo un componente social a las enormes posibilidades de creaci\u00f3n que ya dispon\u00eda la aplicaci\u00f3n. El nuevo portal web ha sido desarrollado espec\u00edficamente para crear actividades individuales, de una forma sencilla e intuitiva, y poder compartirlas con el resto de usuarios de la plataforma o replicarlas en las redes sociales con tan solo solo\u00a0un clic.\u00a0Con Constructor 2.0 se podr\u00e1n dise\u00f1ar\u00a0<strong>actividades interactivas\u00a0<\/strong>de un modo r\u00e1pido y eficaz, consiguiendo resultados enormemente atractivos con la utilizaci\u00f3n de sus m\u00faltiples plantillas, y las im\u00e1genes y animaciones que pone a nuestra disposici\u00f3n la herramienta. Tambi\u00e9n se podr\u00e1 decidir hacerlas\u00a0<strong>p\u00fablicas<\/strong>, compartidas con la comunidad, o\u00a0<strong>privadas,<\/strong>\u00a0para uso exclusivo del docente que las haya creado.<\/li><\/ul>\n\n<p><a href=\"http:\/\/permanente.ced.junta-andalucia.es\/educacion\/permanente\/materiales\/\">CREA<\/a> &#8211; Base datos de la Junta de Andaluc\u00eda en conexi\u00f3n con AGREA2.<\/p>\n\n<p><a href=\"https:\/\/colaboraeducacion30.juntadeandalucia.es\/educacion\/colabora\/\">COLABORA 3.0<\/a> &#8211; Colabora\u00a0ofrece un espacio colaborativo que integra:<\/p>\n\n<ul><li>Redes Andaluzas del profesorado de Formaci\u00f3n Profesional.<\/li><li>Proyectos de Formaci\u00f3n en Centros.<\/li><li>Grupos de trabajo de los Centros del Profesorado.<\/li><li>Redes tem\u00e1ticas formativas de \u00e1mbito andaluz.<\/li><li>Proyectos espec\u00edficos de formaci\u00f3n colaborativa de la Consejer\u00eda de Educaci\u00f3n.<\/li><\/ul>\n\n<ul><li><a href=\"http:\/\/exelearning.net\/\">eXeLearning<\/a>. Software para la creaci\u00f3n de UDIs onLine.<\/li><\/ul>\n\n<hr class=\"wp-block-separator\" \/>\n\n<p><strong>Formaci\u00f3n\u00a0del\u00a0Profesorado.<\/strong><\/p>\n\n<ul><li><a href=\"https:\/\/aprende.intef.es\/\">Aprende INTEF<\/a> &#8211; P\u00e1gina del Ministerio de Educaci\u00f3n para la formaci\u00f3n del profesorado<\/li><\/ul>\n\n<ul><li><a href=\"https:\/\/educacionadistancia.juntadeandalucia.es\/profesorado\/\">Aula virtual de formaci\u00f3n del profesorado<\/a> &#8211; Junta de Andaluc\u00eda.<\/li><\/ul>\n\n<hr class=\"wp-block-separator\" \/>\n\n<p><strong>Pr\u00e1ctica\u00a001<\/strong><\/p>\n\n<ul><li>Crear un blog: <a href=\"https:\/\/www.ciudaddesaberes.es\/guias\/guiaBLOGS2.pdf\">El Blog como recurso educativo<\/a> de profesorado y el alumnado.<\/li><\/ul>\n\n<ul><li>Crear un Kahoot!:<a href=\"https:\/\/kahoot.it\"> Kahoot! play<\/a> \/<a href=\"https:\/\/create.kahoot.it\/\"> kahoot creador <\/a>Recurso motivador para la evaluaci\u00f3n del alumnado.<\/li><\/ul>","protected":false},"excerpt":{"rendered":"<p>#SESI\u00d3N 01 &#8211; RECURSOS EDUCATIVOS ABIERTOS Y PROGRAMAS EDUCATIVOS RELACIONADOS CON LAS NUEVAS TECNOLOG\u00cdAS. Sumario:\u00a0 &#8211; Presentaci\u00f3n del Curso.&#8211; Encuesta inicial.&#8211; Marco te\u00f3rico de necesidades educativas del alumnado don dificultades de atenci\u00f3n.&#8211; Plataformas para la formaci\u00f3n del profesorado y recursos docentes. Contenidos Caracter\u00edsticas y recursos para atender al alumnado con dificultades de atenci\u00f3n. Recursos\u00a0de\u00a0la\u00a0Administraci\u00f3n. PROCOM\u00daN [&hellip;]<\/p>\n","protected":false},"author":6095,"featured_media":0,"parent":0,"menu_order":0,"comment_status":"closed","ping_status":"closed","template":"","meta":{"ngg_post_thumbnail":0,"footnotes":""},"aioseo_notices":[],"_links":{"self":[{"href":"https:\/\/blogsaverroes.juntadeandalucia.es\/fjavieralvarezjimenez\/wp-json\/wp\/v2\/pages\/489"}],"collection":[{"href":"https:\/\/blogsaverroes.juntadeandalucia.es\/fjavieralvarezjimenez\/wp-json\/wp\/v2\/pages"}],"about":[{"href":"https:\/\/blogsaverroes.juntadeandalucia.es\/fjavieralvarezjimenez\/wp-json\/wp\/v2\/types\/page"}],"author":[{"embeddable":true,"href":"https:\/\/blogsaverroes.juntadeandalucia.es\/fjavieralvarezjimenez\/wp-json\/wp\/v2\/users\/6095"}],"replies":[{"embeddable":true,"href":"https:\/\/blogsaverroes.juntadeandalucia.es\/fjavieralvarezjimenez\/wp-json\/wp\/v2\/comments?post=489"}],"version-history":[{"count":0,"href":"https:\/\/blogsaverroes.juntadeandalucia.es\/fjavieralvarezjimenez\/wp-json\/wp\/v2\/pages\/489\/revisions"}],"wp:attachment":[{"href":"https:\/\/blogsaverroes.juntadeandalucia.es\/fjavieralvarezjimenez\/wp-json\/wp\/v2\/media?parent=489"}],"curies":[{"name":"wp","href":"https:\/\/api.w.org\/{rel}","templated":true}]}}