{"id":22,"date":"2020-05-12T10:41:27","date_gmt":"2020-05-12T08:41:27","guid":{"rendered":"https:\/\/blogsaverroes.juntadeandalucia.es\/flexibilizacionesvc\/?page_id=22"},"modified":"2020-05-17T13:26:56","modified_gmt":"2020-05-17T11:26:56","slug":"eso-y-bachillerato","status":"publish","type":"page","link":"https:\/\/blogsaverroes.juntadeandalucia.es\/flexibilizacionesvc\/eso-y-bachillerato\/","title":{"rendered":"ESO y Bachillerato"},"content":{"rendered":"<p><a href=\"https:\/\/blogsaverroes.juntadeandalucia.es\/flexibilizacionesvc\/departamento-de-matematicas\/\">DEPARTAMENTO DE MATEM\u00c1TICAS<\/a><\/p>\n<p><a href=\"https:\/\/blogsaverroes.juntadeandalucia.es\/flexibilizacionesvc\/departamento-de-lengua-y-literatura\/\">&nbsp;DEPARTAMENTO DE LENGUA Y LITERATURA<\/a><\/p>\n<p><a href=\"https:\/\/blogsaverroes.juntadeandalucia.es\/flexibilizacionesvc\/departamento-de-ingles\/\">&nbsp;DEPARTAMENTO DE INGL\u00c9S<\/a><\/p>\n<p><a href=\"https:\/\/blogsaverroes.juntadeandalucia.es\/flexibilizacionesvc\/departamento-de-frances\/\">DEPARTAMENTO DE FRANC\u00c9S<\/a><\/p>\n<p><a href=\"https:\/\/blogsaverroes.juntadeandalucia.es\/flexibilizacionesvc\/departamento-de-educacion-fisica\/\">&nbsp;DEPARTAMENTO DE EDUCACI\u00d3N F\u00cdSICA<\/a><\/p>\n<p><a href=\"https:\/\/blogsaverroes.juntadeandalucia.es\/flexibilizacionesvc\/departamento-de-artes-plasticas\/\">DEPARTAMENTO DE ARTES PL\u00c1STICAS<\/a><\/p>\n<p><a href=\"https:\/\/blogsaverroes.juntadeandalucia.es\/flexibilizacionesvc\/departamento-de-tecnologia\/\">DEPARTAMENTO DE TECNOLOG\u00cdA<\/a><\/p>\n<p><a href=\"https:\/\/blogsaverroes.juntadeandalucia.es\/flexibilizacionesvc\/departamento-de-lenguas-clasicas\/\">DEPARTAMENTO DE LENGUAS CL\u00c1SICAS<\/a><\/p>\n<p><a href=\"https:\/\/blogsaverroes.juntadeandalucia.es\/flexibilizacionesvc\/departamento-de-filosofia\/\">DEPARTAMENTO DE FILOSOF\u00cdA<\/a><\/p>\n<p><a href=\"https:\/\/blogsaverroes.juntadeandalucia.es\/flexibilizacionesvc\/departamento-de-religion\/\">DEPARTAMENTO DE RELIGI\u00d3N<\/a><\/p>\n<p><a href=\"https:\/\/blogsaverroes.juntadeandalucia.es\/flexibilizacionesvc\/departamento-de-musica\/\">DEPARTAMENTO DE M\u00daSICA<\/a><\/p>\n<p><a href=\"https:\/\/blogsaverroes.juntadeandalucia.es\/flexibilizacionesvc\/departamento-de-biologia-y-geologia\/\">DEPARTAMENTO DE BIOLOG\u00cdA Y GEOLOG\u00cdA<\/a><\/p>\n<p><a href=\"https:\/\/blogsaverroes.juntadeandalucia.es\/flexibilizacionesvc\/departamento-de-economia\/\">DEPARTAMENTO DE ECONOM\u00cdA (MATEM\u00c1TICAS)<\/a><\/p>\n<p><a href=\"https:\/\/blogsaverroes.juntadeandalucia.es\/flexibilizacionesvc\/departamento-de-fisica-y-quimica\/\">DEPARTAMENTO DE F\u00cdSICA Y QU\u00cdMICA<\/a><\/p>\n<p><a href=\"https:\/\/blogsaverroes.juntadeandalucia.es\/flexibilizacionesvc\/departamento-de-geografia-e-historia\/\">DEPARTAMENTO DE GEOGRAF\u00cdA E HISTORIA<\/a><\/p>\n<p>&nbsp;<\/p>\n","protected":false},"excerpt":{"rendered":"<p>DEPARTAMENTO DE MATEM\u00c1TICAS &nbsp;DEPARTAMENTO DE LENGUA Y LITERATURA &nbsp;DEPARTAMENTO DE INGL\u00c9S DEPARTAMENTO DE FRANC\u00c9S &nbsp;DEPARTAMENTO DE EDUCACI\u00d3N F\u00cdSICA DEPARTAMENTO DE ARTES PL\u00c1STICAS DEPARTAMENTO DE TECNOLOG\u00cdA DEPARTAMENTO DE LENGUAS CL\u00c1SICAS DEPARTAMENTO DE FILOSOF\u00cdA DEPARTAMENTO DE RELIGI\u00d3N DEPARTAMENTO DE M\u00daSICA DEPARTAMENTO DE BIOLOG\u00cdA Y GEOLOG\u00cdA DEPARTAMENTO DE ECONOM\u00cdA (MATEM\u00c1TICAS) DEPARTAMENTO DE F\u00cdSICA Y QU\u00cdMICA DEPARTAMENTO DE GEOGRAF\u00cdA &hellip; <\/p>\n<p class=\"link-more\"><a href=\"https:\/\/blogsaverroes.juntadeandalucia.es\/flexibilizacionesvc\/eso-y-bachillerato\/\" class=\"more-link\">Continuar leyendo<span class=\"screen-reader-text\"> \u00abESO y Bachillerato\u00bb<\/span><\/a><\/p>\n","protected":false},"author":10080,"featured_media":0,"parent":0,"menu_order":0,"comment_status":"closed","ping_status":"closed","template":"","meta":{"ngg_post_thumbnail":0,"footnotes":""},"aioseo_notices":[],"_links":{"self":[{"href":"https:\/\/blogsaverroes.juntadeandalucia.es\/flexibilizacionesvc\/wp-json\/wp\/v2\/pages\/22"}],"collection":[{"href":"https:\/\/blogsaverroes.juntadeandalucia.es\/flexibilizacionesvc\/wp-json\/wp\/v2\/pages"}],"about":[{"href":"https:\/\/blogsaverroes.juntadeandalucia.es\/flexibilizacionesvc\/wp-json\/wp\/v2\/types\/page"}],"author":[{"embeddable":true,"href":"https:\/\/blogsaverroes.juntadeandalucia.es\/flexibilizacionesvc\/wp-json\/wp\/v2\/users\/10080"}],"replies":[{"embeddable":true,"href":"https:\/\/blogsaverroes.juntadeandalucia.es\/flexibilizacionesvc\/wp-json\/wp\/v2\/comments?post=22"}],"version-history":[{"count":3,"href":"https:\/\/blogsaverroes.juntadeandalucia.es\/flexibilizacionesvc\/wp-json\/wp\/v2\/pages\/22\/revisions"}],"predecessor-version":[{"id":292,"href":"https:\/\/blogsaverroes.juntadeandalucia.es\/flexibilizacionesvc\/wp-json\/wp\/v2\/pages\/22\/revisions\/292"}],"wp:attachment":[{"href":"https:\/\/blogsaverroes.juntadeandalucia.es\/flexibilizacionesvc\/wp-json\/wp\/v2\/media?parent=22"}],"curies":[{"name":"wp","href":"https:\/\/api.w.org\/{rel}","templated":true}]}}