{"id":26,"date":"2020-05-12T10:46:59","date_gmt":"2020-05-12T08:46:59","guid":{"rendered":"https:\/\/blogsaverroes.juntadeandalucia.es\/flexibilizacionesvc\/?page_id=26"},"modified":"2020-05-12T17:09:14","modified_gmt":"2020-05-12T15:09:14","slug":"presentacion","status":"publish","type":"page","link":"https:\/\/blogsaverroes.juntadeandalucia.es\/flexibilizacionesvc\/","title":{"rendered":"Presentaci\u00f3n"},"content":{"rendered":"<h1>Modificaciones de las programaciones<\/h1>\n<h2>Curso 2019\/2020 &#8211; 3er trimestre<\/h2>\n<p>&nbsp;<\/p>\n<p>Esta p\u00e1gina est\u00e1 dedicada a informar de las modificaciones, adaptaciones y&nbsp; flexibilizaciones realizadas en las programaciones de nuestras ense\u00f1anzas con motivo de la situaci\u00f3n de crisis sanitaria ocasionada por el COVID-19.<\/p>\n<p>Dichas modificaciones se han realizado siguiendo la INSTRUCCI\u00d3N DE 23 DE ABRIL DE 2020, DE LA VICECONSEJER\u00cdA DE EDUCACI\u00d3N Y DEPORTE,<br \/>\nRELATIVA A LAS MEDIDAS EDUCATIVAS A ADOPTAR EN EL TERCER TRIMESTRE DEL CURSO<br \/>\n2019\/2020.<\/p>\n<p>En el men\u00fa desplegable superior podr\u00e1 acceder a las distintas categor\u00edas ordenadas seg\u00fan el tipo de ense\u00f1anzas.<\/p>\n<p>Si desea volver a nuestra p\u00e1gina principal <a href=\"http:\/\/institutovirgendelcarmen.com\/\">pulse aqu\u00ed.<\/a><\/p>\n<p>&nbsp;<\/p>\n","protected":false},"excerpt":{"rendered":"<p>Modificaciones de las programaciones Curso 2019\/2020 &#8211; 3er trimestre &nbsp; Esta p\u00e1gina est\u00e1 dedicada a informar de las modificaciones, adaptaciones y&nbsp; flexibilizaciones realizadas en las programaciones de nuestras ense\u00f1anzas con motivo de la situaci\u00f3n de crisis sanitaria ocasionada por el COVID-19. Dichas modificaciones se han realizado siguiendo la INSTRUCCI\u00d3N DE 23 DE ABRIL DE 2020, &hellip; <\/p>\n<p class=\"link-more\"><a href=\"https:\/\/blogsaverroes.juntadeandalucia.es\/flexibilizacionesvc\/\" class=\"more-link\">Continuar leyendo<span class=\"screen-reader-text\"> \u00abPresentaci\u00f3n\u00bb<\/span><\/a><\/p>\n","protected":false},"author":10080,"featured_media":0,"parent":0,"menu_order":0,"comment_status":"closed","ping_status":"closed","template":"","meta":{"ngg_post_thumbnail":0,"footnotes":""},"aioseo_notices":[],"_links":{"self":[{"href":"https:\/\/blogsaverroes.juntadeandalucia.es\/flexibilizacionesvc\/wp-json\/wp\/v2\/pages\/26"}],"collection":[{"href":"https:\/\/blogsaverroes.juntadeandalucia.es\/flexibilizacionesvc\/wp-json\/wp\/v2\/pages"}],"about":[{"href":"https:\/\/blogsaverroes.juntadeandalucia.es\/flexibilizacionesvc\/wp-json\/wp\/v2\/types\/page"}],"author":[{"embeddable":true,"href":"https:\/\/blogsaverroes.juntadeandalucia.es\/flexibilizacionesvc\/wp-json\/wp\/v2\/users\/10080"}],"replies":[{"embeddable":true,"href":"https:\/\/blogsaverroes.juntadeandalucia.es\/flexibilizacionesvc\/wp-json\/wp\/v2\/comments?post=26"}],"version-history":[{"count":6,"href":"https:\/\/blogsaverroes.juntadeandalucia.es\/flexibilizacionesvc\/wp-json\/wp\/v2\/pages\/26\/revisions"}],"predecessor-version":[{"id":62,"href":"https:\/\/blogsaverroes.juntadeandalucia.es\/flexibilizacionesvc\/wp-json\/wp\/v2\/pages\/26\/revisions\/62"}],"wp:attachment":[{"href":"https:\/\/blogsaverroes.juntadeandalucia.es\/flexibilizacionesvc\/wp-json\/wp\/v2\/media?parent=26"}],"curies":[{"name":"wp","href":"https:\/\/api.w.org\/{rel}","templated":true}]}}