{"id":134,"date":"2023-01-09T08:57:55","date_gmt":"2023-01-09T08:57:55","guid":{"rendered":"https:\/\/blogsaverroes.juntadeandalucia.es\/formajovenacebuche\/?page_id=134"},"modified":"2024-01-21T20:47:59","modified_gmt":"2024-01-21T20:47:59","slug":"que-es","status":"publish","type":"page","link":"https:\/\/blogsaverroes.juntadeandalucia.es\/formajovenacebuche\/que-es\/","title":{"rendered":"\u00bfQu\u00e9 es?"},"content":{"rendered":"<p style=\"text-align: justify\">En el I.E.S. Acebuche es costumbre, desde hace mucho tiempo, realizar cada a\u00f1o una Semana de la Salud. En dicha semana se realizan toda clase de charlas, cursos y talleres relacionados con la salud para todo el alumnado del centro. Los temas que se tratan y los profesionales que los imparten son muy variados y de gran calidad.<\/p>\n<p style=\"text-align: justify\">&nbsp;Este a\u00f1o celebramos la 16\u00aa edici\u00f3n entre los d\u00edas 22 y 26 de enero de 2024.<\/p>\n<p style=\"text-align: justify\">Aqu\u00ed pod\u00e9is ver la programaci\u00f3n de la XVI Semana de la Salud del I.E.S. Acebuche:&nbsp;<\/p>\n<p>&nbsp; &nbsp; &nbsp; &nbsp; &nbsp; &nbsp; &nbsp; &nbsp; &nbsp; &nbsp; &nbsp; &nbsp; &nbsp; &nbsp;<a href=\"https:\/\/blogsaverroes.juntadeandalucia.es\/formajovenacebuche\/files\/2024\/01\/Triptico-Semana-de-la-Salud-2023-24-1.pdf\"><img loading=\"lazy\" decoding=\"async\" class=\"alignnone wp-image-738\" src=\"https:\/\/blogsaverroes.juntadeandalucia.es\/formajovenacebuche\/files\/2024\/01\/cartel-semena-salud-158x300.jpg\" alt=\"\" width=\"357\" height=\"678\" srcset=\"https:\/\/blogsaverroes.juntadeandalucia.es\/formajovenacebuche\/files\/2024\/01\/cartel-semena-salud-158x300.jpg 158w, https:\/\/blogsaverroes.juntadeandalucia.es\/formajovenacebuche\/files\/2024\/01\/cartel-semena-salud.jpg 365w\" sizes=\"(max-width: 357px) 100vw, 357px\" \/><\/a><\/p>\n","protected":false},"excerpt":{"rendered":"<p>En el I.E.S. Acebuche es costumbre, desde hace mucho tiempo, realizar cada a\u00f1o una Semana de la Salud. En dicha semana se realizan toda clase de charlas, cursos y talleres relacionados con la salud para todo el alumnado del centro. Los temas que se tratan y los profesionales que los imparten son muy variados y &hellip; <\/p>\n<p class=\"link-more\"><a href=\"https:\/\/blogsaverroes.juntadeandalucia.es\/formajovenacebuche\/que-es\/\" class=\"more-link\">Continuar leyendo<span class=\"screen-reader-text\"> \u00ab\u00bfQu\u00e9 es?\u00bb<\/span><\/a><\/p>\n","protected":false},"author":7799,"featured_media":0,"parent":0,"menu_order":0,"comment_status":"closed","ping_status":"closed","template":"","meta":{"ngg_post_thumbnail":0,"footnotes":""},"aioseo_notices":[],"_links":{"self":[{"href":"https:\/\/blogsaverroes.juntadeandalucia.es\/formajovenacebuche\/wp-json\/wp\/v2\/pages\/134"}],"collection":[{"href":"https:\/\/blogsaverroes.juntadeandalucia.es\/formajovenacebuche\/wp-json\/wp\/v2\/pages"}],"about":[{"href":"https:\/\/blogsaverroes.juntadeandalucia.es\/formajovenacebuche\/wp-json\/wp\/v2\/types\/page"}],"author":[{"embeddable":true,"href":"https:\/\/blogsaverroes.juntadeandalucia.es\/formajovenacebuche\/wp-json\/wp\/v2\/users\/7799"}],"replies":[{"embeddable":true,"href":"https:\/\/blogsaverroes.juntadeandalucia.es\/formajovenacebuche\/wp-json\/wp\/v2\/comments?post=134"}],"version-history":[{"count":14,"href":"https:\/\/blogsaverroes.juntadeandalucia.es\/formajovenacebuche\/wp-json\/wp\/v2\/pages\/134\/revisions"}],"predecessor-version":[{"id":759,"href":"https:\/\/blogsaverroes.juntadeandalucia.es\/formajovenacebuche\/wp-json\/wp\/v2\/pages\/134\/revisions\/759"}],"wp:attachment":[{"href":"https:\/\/blogsaverroes.juntadeandalucia.es\/formajovenacebuche\/wp-json\/wp\/v2\/media?parent=134"}],"curies":[{"name":"wp","href":"https:\/\/api.w.org\/{rel}","templated":true}]}}