{"id":17,"date":"2022-11-16T10:40:47","date_gmt":"2022-11-16T10:40:47","guid":{"rendered":"https:\/\/blogsaverroes.juntadeandalucia.es\/formajovenacebuche\/?page_id=17"},"modified":"2022-12-21T11:14:05","modified_gmt":"2022-12-21T11:14:05","slug":"inicio","status":"publish","type":"page","link":"https:\/\/blogsaverroes.juntadeandalucia.es\/formajovenacebuche\/inicio\/","title":{"rendered":"PRESENTACI\u00d3N"},"content":{"rendered":"<p dir=\"ltr\" style=\"text-align: justify\">Uno de los programas que se llevan a cabo en el I.E.S. Acebuche es el<a href=\"https:\/\/www.juntadeandalucia.es\/educacion\/portals\/web\/habitos-vida-saludable\/forma-joven-en-el-ambito-educativo\"> FORMA JOVEN EN EL \u00c1MBITO EDUCATIVO<\/a>, que se enmarca dentro de los Programas para la Innovaci\u00f3n Educativa de la Consejer\u00eda de Educaci\u00f3n de la Junta de Andaluc\u00eda.<\/p>\n<p dir=\"ltr\" style=\"text-align: justify\">Esta web est\u00e1 dirigida a toda la comunidad educativa. El profesorado encontrar\u00e1 aqu\u00ed informaci\u00f3n, enlaces y herramientas para trabajar con el alumnado cualquiera de los 5 \u00e1mbitos del programa:<a href=\"https:\/\/www.juntadeandalucia.es\/educacion\/portals\/web\/habitos-vida-saludable\/educacion-emocional_fjae\"> Educaci\u00f3n Emocional<\/a>,<a href=\"https:\/\/www.juntadeandalucia.es\/educacion\/portals\/web\/habitos-vida-saludable\/estilos-de-vida-saludable_fjae\"> Estilos de Vida Saludable<\/a> (Actividad f\u00edsica, Alimentaci\u00f3n saludable, Educaci\u00f3n y seguridad vial),<a href=\"https:\/\/www.juntadeandalucia.es\/educacion\/portals\/web\/habitos-vida-saludable\/sexualidad-y-relaciones-igualitarias_fjae\"> Sexualidad y Relaciones Igualitarias<\/a>,<a href=\"https:\/\/www.juntadeandalucia.es\/educacion\/portals\/web\/habitos-vida-saludable\/uso-positivo-de-las-tic_fjae\"> Uso positivo de las TIC<\/a> y<a href=\"https:\/\/www.juntadeandalucia.es\/educacion\/portals\/web\/habitos-vida-saludable\/prevencion-del-consumo-de-sustancias-adictivas_fjae\"> Prevenci\u00f3n del Consumo de Sustancias Adictivas<\/a>.<\/p>\n<p dir=\"ltr\" style=\"text-align: justify\">Tambi\u00e9n estar\u00e1 toda la informaci\u00f3n de nuestra Semana de la Salud, de la Asesor\u00eda del Forma Joven y del Alumnado Mediador de salud.<\/p>\n","protected":false},"excerpt":{"rendered":"<p>Uno de los programas que se llevan a cabo en el I.E.S. Acebuche es el FORMA JOVEN EN EL \u00c1MBITO EDUCATIVO, que se enmarca dentro de los Programas para la Innovaci\u00f3n Educativa de la Consejer\u00eda de Educaci\u00f3n de la Junta de Andaluc\u00eda. Esta web est\u00e1 dirigida a toda la comunidad educativa. El profesorado encontrar\u00e1 aqu\u00ed &hellip; <\/p>\n<p class=\"link-more\"><a href=\"https:\/\/blogsaverroes.juntadeandalucia.es\/formajovenacebuche\/inicio\/\" class=\"more-link\">Continuar leyendo<span class=\"screen-reader-text\"> \u00abPRESENTACI\u00d3N\u00bb<\/span><\/a><\/p>\n","protected":false},"author":7799,"featured_media":0,"parent":0,"menu_order":0,"comment_status":"closed","ping_status":"closed","template":"","meta":{"ngg_post_thumbnail":0,"footnotes":""},"aioseo_notices":[],"_links":{"self":[{"href":"https:\/\/blogsaverroes.juntadeandalucia.es\/formajovenacebuche\/wp-json\/wp\/v2\/pages\/17"}],"collection":[{"href":"https:\/\/blogsaverroes.juntadeandalucia.es\/formajovenacebuche\/wp-json\/wp\/v2\/pages"}],"about":[{"href":"https:\/\/blogsaverroes.juntadeandalucia.es\/formajovenacebuche\/wp-json\/wp\/v2\/types\/page"}],"author":[{"embeddable":true,"href":"https:\/\/blogsaverroes.juntadeandalucia.es\/formajovenacebuche\/wp-json\/wp\/v2\/users\/7799"}],"replies":[{"embeddable":true,"href":"https:\/\/blogsaverroes.juntadeandalucia.es\/formajovenacebuche\/wp-json\/wp\/v2\/comments?post=17"}],"version-history":[{"count":5,"href":"https:\/\/blogsaverroes.juntadeandalucia.es\/formajovenacebuche\/wp-json\/wp\/v2\/pages\/17\/revisions"}],"predecessor-version":[{"id":132,"href":"https:\/\/blogsaverroes.juntadeandalucia.es\/formajovenacebuche\/wp-json\/wp\/v2\/pages\/17\/revisions\/132"}],"wp:attachment":[{"href":"https:\/\/blogsaverroes.juntadeandalucia.es\/formajovenacebuche\/wp-json\/wp\/v2\/media?parent=17"}],"curies":[{"name":"wp","href":"https:\/\/api.w.org\/{rel}","templated":true}]}}