{"id":95,"date":"2022-12-14T10:04:21","date_gmt":"2022-12-14T10:04:21","guid":{"rendered":"https:\/\/blogsaverroes.juntadeandalucia.es\/formajovenacebuche\/?page_id=95"},"modified":"2022-12-14T11:04:18","modified_gmt":"2022-12-14T11:04:18","slug":"que-es-la-asesoria","status":"publish","type":"page","link":"https:\/\/blogsaverroes.juntadeandalucia.es\/formajovenacebuche\/que-es-la-asesoria\/","title":{"rendered":"\u00bfQu\u00e9 es la asesor\u00eda?"},"content":{"rendered":"<p style=\"text-align: justify\">La asesor\u00eda del Programa Forma Joven es un espacio al que todo el alumnado del centro puede acudir de forma individual o en grupo, pidiendo cita previa en el Departamento de Orientaci\u00f3n.<\/p>\n<p style=\"text-align: justify\">En la asesor\u00eda, los alumnos y alumnas ser\u00e1n atendidos por el profesional que elijan de una manera totalmente confidencial. Aqu\u00ed podr\u00e1n preguntar dudas, obtener formaci\u00f3n, exponer sus preocupaciones o solicitar ayuda sobre cualquier tema relacionado con la salud.<\/p>\n","protected":false},"excerpt":{"rendered":"<p>La asesor\u00eda del Programa Forma Joven es un espacio al que todo el alumnado del centro puede acudir de forma individual o en grupo, pidiendo cita previa en el Departamento de Orientaci\u00f3n. En la asesor\u00eda, los alumnos y alumnas ser\u00e1n atendidos por el profesional que elijan de una manera totalmente confidencial. Aqu\u00ed podr\u00e1n preguntar dudas, &hellip; <\/p>\n<p class=\"link-more\"><a href=\"https:\/\/blogsaverroes.juntadeandalucia.es\/formajovenacebuche\/que-es-la-asesoria\/\" class=\"more-link\">Continuar leyendo<span class=\"screen-reader-text\"> \u00ab\u00bfQu\u00e9 es la asesor\u00eda?\u00bb<\/span><\/a><\/p>\n","protected":false},"author":7799,"featured_media":0,"parent":0,"menu_order":0,"comment_status":"closed","ping_status":"closed","template":"","meta":{"ngg_post_thumbnail":0,"footnotes":""},"aioseo_notices":[],"_links":{"self":[{"href":"https:\/\/blogsaverroes.juntadeandalucia.es\/formajovenacebuche\/wp-json\/wp\/v2\/pages\/95"}],"collection":[{"href":"https:\/\/blogsaverroes.juntadeandalucia.es\/formajovenacebuche\/wp-json\/wp\/v2\/pages"}],"about":[{"href":"https:\/\/blogsaverroes.juntadeandalucia.es\/formajovenacebuche\/wp-json\/wp\/v2\/types\/page"}],"author":[{"embeddable":true,"href":"https:\/\/blogsaverroes.juntadeandalucia.es\/formajovenacebuche\/wp-json\/wp\/v2\/users\/7799"}],"replies":[{"embeddable":true,"href":"https:\/\/blogsaverroes.juntadeandalucia.es\/formajovenacebuche\/wp-json\/wp\/v2\/comments?post=95"}],"version-history":[{"count":3,"href":"https:\/\/blogsaverroes.juntadeandalucia.es\/formajovenacebuche\/wp-json\/wp\/v2\/pages\/95\/revisions"}],"predecessor-version":[{"id":117,"href":"https:\/\/blogsaverroes.juntadeandalucia.es\/formajovenacebuche\/wp-json\/wp\/v2\/pages\/95\/revisions\/117"}],"wp:attachment":[{"href":"https:\/\/blogsaverroes.juntadeandalucia.es\/formajovenacebuche\/wp-json\/wp\/v2\/media?parent=95"}],"curies":[{"name":"wp","href":"https:\/\/api.w.org\/{rel}","templated":true}]}}