{"id":125,"date":"2017-05-02T13:29:05","date_gmt":"2017-05-02T15:29:05","guid":{"rendered":"http:\/\/blogsaverroes.juntadeandalucia.es\/fpautomocion\/?page_id=125"},"modified":"2017-05-02T13:29:05","modified_gmt":"2017-05-02T15:29:05","slug":"normativa","status":"publish","type":"page","link":"https:\/\/blogsaverroes.juntadeandalucia.es\/fpautomocion\/normativa\/","title":{"rendered":"Normativa."},"content":{"rendered":"<p><strong>T\u00e9cnico Superior en Automoci\u00f3n.<\/strong><\/p>\n<p><a href=\"https:\/\/www.adideandalucia.es\/fp\/andalucia\/loe\/O_15_10_2009_TS_Automocion.pdf\" target=\"_blank\">https:\/\/www.adideandalucia.es\/fp\/andalucia\/loe\/O_15_10_2009_TS_Automocion.pdf<\/a><\/p>\n<p><strong>T\u00e9cnico en Carrocer\u00eda.<\/strong><\/p>\n<p><a href=\"https:\/\/www.adideandalucia.es\/fp\/andalucia\/loe\/O_7_7_2009_T_Carroceria.pdf\" target=\"_blank\">https:\/\/www.adideandalucia.es\/fp\/andalucia\/loe\/O_7_7_2009_T_Carroceria.pdf<\/a><\/p>\n<p><strong>T\u00e9cnico en Electromec\u00e1nica de Veh\u00edculos Autom\u00f3viles.<\/strong><\/p>\n<p><a href=\"https:\/\/www.adideandalucia.es\/fp\/andalucia\/loe\/O_16_6_2011_T_Electromecanica_Automovil.pdf\" target=\"_blank\">https:\/\/www.adideandalucia.es\/fp\/andalucia\/loe\/O_16_6_2011_T_Electromecanica_Automovil.pdf<\/a><\/p>\n<p>&nbsp;<\/p>\n","protected":false},"excerpt":{"rendered":"<p>T\u00e9cnico Superior en Automoci\u00f3n. https:\/\/www.adideandalucia.es\/fp\/andalucia\/loe\/O_15_10_2009_TS_Automocion.pdf T\u00e9cnico en Carrocer\u00eda. https:\/\/www.adideandalucia.es\/fp\/andalucia\/loe\/O_7_7_2009_T_Carroceria.pdf T\u00e9cnico en Electromec\u00e1nica de Veh\u00edculos Autom\u00f3viles. https:\/\/www.adideandalucia.es\/fp\/andalucia\/loe\/O_16_6_2011_T_Electromecanica_Automovil.pdf &nbsp;<\/p>\n","protected":false},"author":3780,"featured_media":0,"parent":0,"menu_order":0,"comment_status":"closed","ping_status":"closed","template":"","meta":{"ngg_post_thumbnail":0,"footnotes":""},"aioseo_notices":[],"_links":{"self":[{"href":"https:\/\/blogsaverroes.juntadeandalucia.es\/fpautomocion\/wp-json\/wp\/v2\/pages\/125"}],"collection":[{"href":"https:\/\/blogsaverroes.juntadeandalucia.es\/fpautomocion\/wp-json\/wp\/v2\/pages"}],"about":[{"href":"https:\/\/blogsaverroes.juntadeandalucia.es\/fpautomocion\/wp-json\/wp\/v2\/types\/page"}],"author":[{"embeddable":true,"href":"https:\/\/blogsaverroes.juntadeandalucia.es\/fpautomocion\/wp-json\/wp\/v2\/users\/3780"}],"replies":[{"embeddable":true,"href":"https:\/\/blogsaverroes.juntadeandalucia.es\/fpautomocion\/wp-json\/wp\/v2\/comments?post=125"}],"version-history":[{"count":1,"href":"https:\/\/blogsaverroes.juntadeandalucia.es\/fpautomocion\/wp-json\/wp\/v2\/pages\/125\/revisions"}],"predecessor-version":[{"id":126,"href":"https:\/\/blogsaverroes.juntadeandalucia.es\/fpautomocion\/wp-json\/wp\/v2\/pages\/125\/revisions\/126"}],"wp:attachment":[{"href":"https:\/\/blogsaverroes.juntadeandalucia.es\/fpautomocion\/wp-json\/wp\/v2\/media?parent=125"}],"curies":[{"name":"wp","href":"https:\/\/api.w.org\/{rel}","templated":true}]}}