{"id":13,"date":"2017-04-18T15:21:06","date_gmt":"2017-04-18T15:21:06","guid":{"rendered":"http:\/\/blogsaverroes.juntadeandalucia.es\/fpautomocion\/?page_id=13"},"modified":"2017-04-22T20:05:23","modified_gmt":"2017-04-22T20:05:23","slug":"bienvenido-al-portal-de-fp-de-automocion","status":"publish","type":"page","link":"https:\/\/blogsaverroes.juntadeandalucia.es\/fpautomocion\/","title":{"rendered":"Bienvenido al portal de FP de Automoci\u00f3n."},"content":{"rendered":"<p>En esta p\u00e1gina encontrar\u00e1s materiales y herramientas que te ayudar\u00e1n para ampliar tus conocimientos en automoci\u00f3n.<\/p>\n","protected":false},"excerpt":{"rendered":"<p>En esta p\u00e1gina encontrar\u00e1s materiales y herramientas que te ayudar\u00e1n para ampliar tus conocimientos en automoci\u00f3n.<\/p>\n","protected":false},"author":3780,"featured_media":0,"parent":0,"menu_order":0,"comment_status":"closed","ping_status":"closed","template":"","meta":{"ngg_post_thumbnail":0,"footnotes":""},"aioseo_notices":[],"_links":{"self":[{"href":"https:\/\/blogsaverroes.juntadeandalucia.es\/fpautomocion\/wp-json\/wp\/v2\/pages\/13"}],"collection":[{"href":"https:\/\/blogsaverroes.juntadeandalucia.es\/fpautomocion\/wp-json\/wp\/v2\/pages"}],"about":[{"href":"https:\/\/blogsaverroes.juntadeandalucia.es\/fpautomocion\/wp-json\/wp\/v2\/types\/page"}],"author":[{"embeddable":true,"href":"https:\/\/blogsaverroes.juntadeandalucia.es\/fpautomocion\/wp-json\/wp\/v2\/users\/3780"}],"replies":[{"embeddable":true,"href":"https:\/\/blogsaverroes.juntadeandalucia.es\/fpautomocion\/wp-json\/wp\/v2\/comments?post=13"}],"version-history":[{"count":2,"href":"https:\/\/blogsaverroes.juntadeandalucia.es\/fpautomocion\/wp-json\/wp\/v2\/pages\/13\/revisions"}],"predecessor-version":[{"id":77,"href":"https:\/\/blogsaverroes.juntadeandalucia.es\/fpautomocion\/wp-json\/wp\/v2\/pages\/13\/revisions\/77"}],"wp:attachment":[{"href":"https:\/\/blogsaverroes.juntadeandalucia.es\/fpautomocion\/wp-json\/wp\/v2\/media?parent=13"}],"curies":[{"name":"wp","href":"https:\/\/api.w.org\/{rel}","templated":true}]}}