{"id":126,"date":"2021-03-18T21:43:52","date_gmt":"2021-03-18T20:43:52","guid":{"rendered":"https:\/\/fpiesalmadraba.wordpress.com\/?page_id=126"},"modified":"2021-03-18T21:43:52","modified_gmt":"2021-03-18T20:43:52","slug":"calendario-de-solicitudes-y-admision","status":"publish","type":"page","link":"https:\/\/blogsaverroes.juntadeandalucia.es\/fpiesalmadraba\/admisiones\/calendario-de-solicitudes-y-admision\/","title":{"rendered":"Calendario de solicitudes y admisi\u00f3n"},"content":{"rendered":"\n<div class=\"wp-block-media-text alignwide is-stacked-on-mobile is-image-fill\"><figure class=\"wp-block-media-text__media\" style=\"background-image:url('https:\/\/blogsaverroes.juntadeandalucia.es\/fpiesalmadraba\/files\/2021\/03\/image.jpg?w=300');background-position:63% 60%\"><img loading=\"lazy\" decoding=\"async\" width=\"640\" height=\"640\" src=\"https:\/\/blogsaverroes.juntadeandalucia.es\/fpiesalmadraba\/files\/2021\/03\/image.jpg?w=300\" alt=\"\" class=\"wp-image-110 size-medium\" srcset=\"https:\/\/blogsaverroes.juntadeandalucia.es\/fpiesalmadraba\/files\/2021\/03\/image.jpg 640w, https:\/\/blogsaverroes.juntadeandalucia.es\/fpiesalmadraba\/files\/2021\/03\/image-300x300.jpg 300w, https:\/\/blogsaverroes.juntadeandalucia.es\/fpiesalmadraba\/files\/2021\/03\/image-150x150.jpg 150w, https:\/\/blogsaverroes.juntadeandalucia.es\/fpiesalmadraba\/files\/2021\/03\/image-80x80.jpg 80w, https:\/\/blogsaverroes.juntadeandalucia.es\/fpiesalmadraba\/files\/2021\/03\/image-320x320.jpg 320w\" sizes=\"(max-width: 640px) 100vw, 640px\" \/><\/figure><div class=\"wp-block-media-text__content\">\n<h6 class=\"wp-block-heading\"><span style=\"color:#74c4f3\" class=\"has-inline-color\">1er Plazo de Solicitudes<\/span><\/h6>\n\n\n\n<p class=\"has-text-align-center\" style=\"font-size:16px\"><strong>Presentaci\u00f3n de solicitudes: junio<\/strong><\/p>\n\n\n\n<ul style=\"font-size:15px\"><li>1\u00aa Adjudicaci\u00f3n de plazas: primera quincena julio<\/li><li>Reserva o matr\u00edcula en la primera adjudicaci\u00f3n (obligatoria)<\/li><li>2\u00aa Adjudicaci\u00f3n de plazas: final de julio<\/li><li>Reserva o matr\u00edcula en la segunda adjudicaci\u00f3n (obligatoria)<\/li><\/ul>\n<\/div><\/div>\n\n\n\n<div class=\"wp-block-media-text alignwide has-media-on-the-right is-stacked-on-mobile is-image-fill\"><figure class=\"wp-block-media-text__media\" style=\"background-image:url('https:\/\/blogsaverroes.juntadeandalucia.es\/fpiesalmadraba\/files\/2021\/03\/image-1.jpg?w=640');background-position:50% 50%\"><img loading=\"lazy\" decoding=\"async\" width=\"640\" height=\"426\" src=\"https:\/\/blogsaverroes.juntadeandalucia.es\/fpiesalmadraba\/files\/2021\/03\/image-1.jpg?w=640\" alt=\"\" class=\"wp-image-115 size-medium\" srcset=\"https:\/\/blogsaverroes.juntadeandalucia.es\/fpiesalmadraba\/files\/2021\/03\/image-1.jpg 640w, https:\/\/blogsaverroes.juntadeandalucia.es\/fpiesalmadraba\/files\/2021\/03\/image-1-300x200.jpg 300w\" sizes=\"(max-width: 640px) 100vw, 640px\" \/><\/figure><div class=\"wp-block-media-text__content\">\n<h6 class=\"wp-block-heading\"><span style=\"color:#74c4f3\" class=\"has-inline-color\">2\u00ba Plazo de Solicitudes<\/span><\/h6>\n\n\n\n<p class=\"has-text-align-center\" style=\"font-size:16px\"><strong>Presentaci\u00f3n de solicitudes: primera quincena de septiembre<\/strong><\/p>\n\n\n\n<ul style=\"font-size:15px\"><li>3\u00aa Adjudicaci\u00f3n de plazas: mitad de septiembre-final septiembre<\/li><li>Matr\u00edcula en la tercera adjudicaci\u00f3n (obligatoria)<\/li><\/ul>\n<\/div><\/div>\n\n\n\n<div class=\"wp-block-media-text alignwide is-stacked-on-mobile is-image-fill\"><figure class=\"wp-block-media-text__media\" style=\"background-image:url('https:\/\/blogsaverroes.juntadeandalucia.es\/fpiesalmadraba\/files\/2021\/03\/image-2.jpg?w=640');background-position:50% 50%\"><img loading=\"lazy\" decoding=\"async\" width=\"640\" height=\"427\" src=\"https:\/\/blogsaverroes.juntadeandalucia.es\/fpiesalmadraba\/files\/2021\/03\/image-2.jpg?w=640\" alt=\"\" class=\"wp-image-113 size-medium\" srcset=\"https:\/\/blogsaverroes.juntadeandalucia.es\/fpiesalmadraba\/files\/2021\/03\/image-2.jpg 640w, https:\/\/blogsaverroes.juntadeandalucia.es\/fpiesalmadraba\/files\/2021\/03\/image-2-300x200.jpg 300w\" sizes=\"(max-width: 640px) 100vw, 640px\" \/><\/figure><div class=\"wp-block-media-text__content\">\n<h6 class=\"wp-block-heading\"><span style=\"color:#74c4f3\" class=\"has-inline-color\">Plazo extraordinario<\/span><\/h6>\n\n\n\n<p class=\"has-text-align-center\" style=\"font-size:16px\"><strong>Presentaci\u00f3n de solicitudes: inicio de octubre (si no se ha realizado previamente)<\/strong><\/p>\n\n\n\n<ul style=\"font-size:15px\"><li>4\u00aa Adjudicaci\u00f3n de plazas: mediados de octubre<\/li><li>Matr\u00edcula en la cuarta adjudicaci\u00f3n (obligatoria)<\/li><\/ul>\n<\/div><\/div>\n\n\n\n<div class=\"wp-block-columns is-layout-flex wp-container-core-columns-layout-1 wp-block-columns-is-layout-flex\">\n<div class=\"wp-block-column is-layout-flow wp-block-column-is-layout-flow\" style=\"flex-basis:100%\">\n<p>Puedes encontrar m\u00e1s informaci\u00f3n en la web de la Junta de Andaluc\u00eda.<\/p>\n<\/div>\n\n\n\n<div class=\"wp-block-column is-layout-flow wp-block-column-is-layout-flow\" style=\"flex-basis:15%\">\n<div class=\"wp-block-buttons is-layout-flex wp-block-buttons-is-layout-flex\">\n<div class=\"wp-block-button\"><a class=\"wp-block-button__link\" href=\"https:\/\/www.juntadeandalucia.es\/educacion\/portals\/web\/formacion-profesional-andaluza\" target=\"_blank\" rel=\"noreferrer noopener\">Ir<\/a><\/div>\n<\/div>\n<\/div>\n<\/div>\n\n\n\n<p><\/p>\n","protected":false},"excerpt":{"rendered":"<p>1er Plazo de Solicitudes Presentaci\u00f3n de solicitudes: junio 1\u00aa Adjudicaci\u00f3n de plazas: primera quincena julio Reserva o matr\u00edcula en la primera adjudicaci\u00f3n (obligatoria) 2\u00aa Adjudicaci\u00f3n&hellip;<\/p>\n","protected":false},"author":10364,"featured_media":0,"parent":45,"menu_order":0,"comment_status":"closed","ping_status":"closed","template":"","meta":{"ngg_post_thumbnail":0,"footnotes":""},"aioseo_notices":[],"_links":{"self":[{"href":"https:\/\/blogsaverroes.juntadeandalucia.es\/fpiesalmadraba\/wp-json\/wp\/v2\/pages\/126"}],"collection":[{"href":"https:\/\/blogsaverroes.juntadeandalucia.es\/fpiesalmadraba\/wp-json\/wp\/v2\/pages"}],"about":[{"href":"https:\/\/blogsaverroes.juntadeandalucia.es\/fpiesalmadraba\/wp-json\/wp\/v2\/types\/page"}],"author":[{"embeddable":true,"href":"https:\/\/blogsaverroes.juntadeandalucia.es\/fpiesalmadraba\/wp-json\/wp\/v2\/users\/10364"}],"replies":[{"embeddable":true,"href":"https:\/\/blogsaverroes.juntadeandalucia.es\/fpiesalmadraba\/wp-json\/wp\/v2\/comments?post=126"}],"version-history":[{"count":0,"href":"https:\/\/blogsaverroes.juntadeandalucia.es\/fpiesalmadraba\/wp-json\/wp\/v2\/pages\/126\/revisions"}],"up":[{"embeddable":true,"href":"https:\/\/blogsaverroes.juntadeandalucia.es\/fpiesalmadraba\/wp-json\/wp\/v2\/pages\/45"}],"wp:attachment":[{"href":"https:\/\/blogsaverroes.juntadeandalucia.es\/fpiesalmadraba\/wp-json\/wp\/v2\/media?parent=126"}],"curies":[{"name":"wp","href":"https:\/\/api.w.org\/{rel}","templated":true}]}}