{"id":54,"date":"2021-03-18T22:04:35","date_gmt":"2021-03-18T21:04:35","guid":{"rendered":"https:\/\/fpiesalmadraba.wordpress.com\/?page_id=54"},"modified":"2023-01-17T07:20:13","modified_gmt":"2023-01-17T07:20:13","slug":"otros-datos-de-interes","status":"publish","type":"page","link":"https:\/\/blogsaverroes.juntadeandalucia.es\/fpiesalmadraba\/otros-datos-de-interes\/","title":{"rendered":"Otros datos de inter\u00e9s"},"content":{"rendered":"\r\n<h3 class=\"has-text-align-center wp-block-heading\"><span class=\"has-inline-color\" style=\"color: #9daac6\">\u00bfC\u00f3mo llegar al instituto?<\/span><\/h3>\r\n\r\n\r\n\r\n<div class=\"wp-block-columns is-layout-flex wp-container-core-columns-layout-1 wp-block-columns-is-layout-flex\">\r\n<div class=\"wp-block-column is-layout-flow wp-block-column-is-layout-flow\">\r\n<figure class=\"wp-block-image size-large\"><img loading=\"lazy\" decoding=\"async\" width=\"426\" height=\"426\" class=\"wp-image-65\" src=\"https:\/\/blogsaverroes.juntadeandalucia.es\/fpiesalmadraba\/files\/2021\/03\/autobus-1.jpg?w=426\" alt=\"\" srcset=\"https:\/\/blogsaverroes.juntadeandalucia.es\/fpiesalmadraba\/files\/2021\/03\/autobus-1.jpg 426w, https:\/\/blogsaverroes.juntadeandalucia.es\/fpiesalmadraba\/files\/2021\/03\/autobus-1-300x300.jpg 300w, https:\/\/blogsaverroes.juntadeandalucia.es\/fpiesalmadraba\/files\/2021\/03\/autobus-1-150x150.jpg 150w, https:\/\/blogsaverroes.juntadeandalucia.es\/fpiesalmadraba\/files\/2021\/03\/autobus-1-80x80.jpg 80w, https:\/\/blogsaverroes.juntadeandalucia.es\/fpiesalmadraba\/files\/2021\/03\/autobus-1-320x320.jpg 320w\" sizes=\"(max-width: 426px) 100vw, 426px\" \/><\/figure>\r\n\r\n\r\n\r\n<h5 class=\"has-text-align-center wp-block-heading\"><span class=\"has-inline-color\" style=\"color: #5c6c9b\">Autob\u00fas de l\u00ednea<\/span><\/h5>\r\n\r\n\r\n\r\n<p style=\"font-size: 15px\">Hay l\u00edneas de autob\u00fas de otros municipios cercanos como Algeciras.<\/p>\r\n\r\n\r\n\r\n<p style=\"font-size: 15px\">Los horarios coinciden con el horario del centro escolar.<\/p>\r\n\r\n\r\n\r\n<div class=\"wp-block-buttons is-content-justification-center is-layout-flex wp-block-buttons-is-layout-flex\">\r\n<div class=\"wp-block-button is-style-fill\"><a href=\"https:\/\/tarifa.costasur.com\/es\/horario-autobus-tarifa.html\"><i>Informaci\u00f3n Autobuses Tarifa-Chiclana<\/i><\/a><\/div>\r\n<div><a href=\"https:\/\/siu.ctmcg.es\/movil\/horarios_lineas_tabla.php?linea=7\"><em>Informaci\u00f3n Autobuses Tarifa- Algeciras<\/em><\/a><\/div>\r\n<div>&nbsp;<\/div>\r\n<\/div>\r\n<\/div>\r\n\r\n\r\n\r\n<div class=\"wp-block-column is-layout-flow wp-block-column-is-layout-flow\">\r\n<figure class=\"wp-block-image size-large is-resized\"><img loading=\"lazy\" decoding=\"async\" class=\"wp-image-63\" src=\"https:\/\/blogsaverroes.juntadeandalucia.es\/fpiesalmadraba\/files\/2021\/03\/residencia.jpg?w=200\" alt=\"\" width=\"240\" height=\"240\" srcset=\"https:\/\/blogsaverroes.juntadeandalucia.es\/fpiesalmadraba\/files\/2021\/03\/residencia.jpg 200w, https:\/\/blogsaverroes.juntadeandalucia.es\/fpiesalmadraba\/files\/2021\/03\/residencia-150x150.jpg 150w, https:\/\/blogsaverroes.juntadeandalucia.es\/fpiesalmadraba\/files\/2021\/03\/residencia-80x80.jpg 80w\" sizes=\"(max-width: 240px) 100vw, 240px\" \/><\/figure>\r\n\r\n\r\n\r\n<h5 class=\"has-text-align-center wp-block-heading\"><span class=\"has-inline-color\" style=\"color: #5c6c9b\">Residencia<\/span><\/h5>\r\n\r\n\r\n\r\n<p style=\"font-size: 15px\">En Tarifa hay una residencia de estudiantes municipal donde puedes quedarte si eres de fuera.<\/p>\r\n\r\n\r\n\r\n<div class=\"wp-block-buttons is-layout-flex wp-block-buttons-is-layout-flex\">\r\n<div class=\"wp-block-button\"><a class=\"wp-block-button__link\" style=\"border-radius: 3px\" href=\"http:\/\/www.residenciaescolartarifa.es\/\" target=\"_blank\" rel=\"noreferrer noopener\"><em>M\u00e1s informaci\u00f3n<\/em><\/a><\/div>\r\n<\/div>\r\n<\/div>\r\n\r\n\r\n\r\n<div class=\"wp-block-column is-layout-flow wp-block-column-is-layout-flow\">\r\n<figure class=\"wp-block-image size-large\"><img loading=\"lazy\" decoding=\"async\" width=\"426\" height=\"426\" class=\"wp-image-67\" src=\"https:\/\/blogsaverroes.juntadeandalucia.es\/fpiesalmadraba\/files\/2021\/03\/coche-comp.jpg?w=426\" alt=\"\" srcset=\"https:\/\/blogsaverroes.juntadeandalucia.es\/fpiesalmadraba\/files\/2021\/03\/coche-comp.jpg 426w, https:\/\/blogsaverroes.juntadeandalucia.es\/fpiesalmadraba\/files\/2021\/03\/coche-comp-300x300.jpg 300w, https:\/\/blogsaverroes.juntadeandalucia.es\/fpiesalmadraba\/files\/2021\/03\/coche-comp-150x150.jpg 150w, https:\/\/blogsaverroes.juntadeandalucia.es\/fpiesalmadraba\/files\/2021\/03\/coche-comp-80x80.jpg 80w, https:\/\/blogsaverroes.juntadeandalucia.es\/fpiesalmadraba\/files\/2021\/03\/coche-comp-320x320.jpg 320w\" sizes=\"(max-width: 426px) 100vw, 426px\" \/><\/figure>\r\n\r\n\r\n\r\n<h5 class=\"has-text-align-center wp-block-heading\"><span class=\"has-inline-color\" style=\"color: #5c6c9b\">Grupos de coche<\/span><\/h5>\r\n\r\n\r\n\r\n<p style=\"font-size: 15px\">Muchos de nuestros estudiantes vienen en grupo en coches particulares. Para ello, hacen turnos para traer el coche.<\/p>\r\n<\/div>\r\n<\/div>\r\n\r\n\r\n\r\n<p>&nbsp;<\/p>\r\n","protected":false},"excerpt":{"rendered":"<p>\u00bfC\u00f3mo llegar al instituto? Autob\u00fas de l\u00ednea Hay l\u00edneas de autob\u00fas de otros municipios cercanos como Algeciras. Los horarios coinciden con el horario del centro&hellip;<\/p>\n","protected":false},"author":10364,"featured_media":0,"parent":0,"menu_order":0,"comment_status":"closed","ping_status":"closed","template":"","meta":{"ngg_post_thumbnail":0,"footnotes":""},"aioseo_notices":[],"_links":{"self":[{"href":"https:\/\/blogsaverroes.juntadeandalucia.es\/fpiesalmadraba\/wp-json\/wp\/v2\/pages\/54"}],"collection":[{"href":"https:\/\/blogsaverroes.juntadeandalucia.es\/fpiesalmadraba\/wp-json\/wp\/v2\/pages"}],"about":[{"href":"https:\/\/blogsaverroes.juntadeandalucia.es\/fpiesalmadraba\/wp-json\/wp\/v2\/types\/page"}],"author":[{"embeddable":true,"href":"https:\/\/blogsaverroes.juntadeandalucia.es\/fpiesalmadraba\/wp-json\/wp\/v2\/users\/10364"}],"replies":[{"embeddable":true,"href":"https:\/\/blogsaverroes.juntadeandalucia.es\/fpiesalmadraba\/wp-json\/wp\/v2\/comments?post=54"}],"version-history":[{"count":2,"href":"https:\/\/blogsaverroes.juntadeandalucia.es\/fpiesalmadraba\/wp-json\/wp\/v2\/pages\/54\/revisions"}],"predecessor-version":[{"id":599,"href":"https:\/\/blogsaverroes.juntadeandalucia.es\/fpiesalmadraba\/wp-json\/wp\/v2\/pages\/54\/revisions\/599"}],"wp:attachment":[{"href":"https:\/\/blogsaverroes.juntadeandalucia.es\/fpiesalmadraba\/wp-json\/wp\/v2\/media?parent=54"}],"curies":[{"name":"wp","href":"https:\/\/api.w.org\/{rel}","templated":true}]}}