{"id":725,"date":"2023-04-03T15:03:03","date_gmt":"2023-04-03T15:03:03","guid":{"rendered":"https:\/\/blogsaverroes.juntadeandalucia.es\/fpiesalmadraba\/?page_id=725"},"modified":"2023-04-03T15:03:03","modified_gmt":"2023-04-03T15:03:03","slug":"grado-superior-ensenanza-y-animacion-sociodeportiva","status":"publish","type":"page","link":"https:\/\/blogsaverroes.juntadeandalucia.es\/fpiesalmadraba\/oferta-formativa\/grado-superior-ensenanza-y-animacion-sociodeportiva\/","title":{"rendered":"Grado Superior Ense\u00f1anza y Animaci\u00f3n Sociodeportiva"},"content":{"rendered":"<img loading=\"lazy\" decoding=\"async\" class=\"aligncenter size-large wp-image-712\" src=\"https:\/\/blogsaverroes.juntadeandalucia.es\/fpiesalmadraba\/files\/2023\/03\/Imagen-alumnado-EF-1024x765.jpeg\" alt=\"\" width=\"843\" height=\"630\" srcset=\"https:\/\/blogsaverroes.juntadeandalucia.es\/fpiesalmadraba\/files\/2023\/03\/Imagen-alumnado-EF-1024x765.jpeg 1024w, https:\/\/blogsaverroes.juntadeandalucia.es\/fpiesalmadraba\/files\/2023\/03\/Imagen-alumnado-EF-300x224.jpeg 300w, https:\/\/blogsaverroes.juntadeandalucia.es\/fpiesalmadraba\/files\/2023\/03\/Imagen-alumnado-EF-768x574.jpeg 768w, https:\/\/blogsaverroes.juntadeandalucia.es\/fpiesalmadraba\/files\/2023\/03\/Imagen-alumnado-EF.jpeg 1079w\" sizes=\"(max-width: 843px) 100vw, 843px\" \/>\r\n\r\n<hr>\r\n\r\n<table style=\"border-collapse: collapse;width: 100%\">\r\n<tbody>\r\n<tr>\r\n<td style=\"width: 100%;background-color: #c5b5ff\">\r\n<h2 class=\"a8c-section-title\" style=\"text-align: center\"><span style=\"font-family: helvetica, arial, sans-serif;color: #474444\"><em>\u00bfQu\u00e9 voy a estudiar?<\/em><\/span><\/h2>\r\n<p class=\"has-text-align-center a8c-section-text\" style=\"text-align: center\"><span style=\"font-family: helvetica, arial, sans-serif;color: #14249c\"><strong><span class=\"has-inline-color\">PRIMER CURSO<\/span><\/strong><\/span><\/p>\r\n\r\n<ol style=\"font-size: 16px\">\r\n \t<li><span style=\"font-family: helvetica, arial, sans-serif;color: #474444\">Valoraci\u00f3n de la condici\u00f3n f\u00edsica e intervenci\u00f3n en accidentes<\/span><\/li>\r\n \t<li><span style=\"font-family: helvetica, arial, sans-serif;color: #474444\">Juegos y actividades f\u00edsico-recreativas y de animaci\u00f3n tur\u00edstica<\/span><\/li>\r\n \t<li><span style=\"font-family: helvetica, arial, sans-serif;color: #474444\">Actividades f\u00edsico-deportivas individuales<\/span><\/li>\r\n \t<li><span style=\"font-family: helvetica, arial, sans-serif;color: #474444\">Actividades f\u00edsico-deportivas de equipo<\/span><\/li>\r\n \t<li><span style=\"font-family: helvetica, arial, sans-serif;color: #474444\">Metodolog\u00eda de la ense\u00f1anza de actividades f\u00edsico-deportivas<\/span><\/li>\r\n \t<li><span style=\"font-family: helvetica, arial, sans-serif;color: #474444\">Formaci\u00f3n y Orientaci\u00f3n Laboral<\/span><\/li>\r\n<\/ol>\r\n<p class=\"has-text-align-center a8c-section-text\" style=\"text-align: center\"><span style=\"font-family: helvetica, arial, sans-serif;color: #14249c\"><strong><span class=\"has-inline-color\">SEGUNDO CURSO<\/span><\/strong><\/span><\/p>\r\n\r\n<ol style=\"font-size: 16px\">\r\n \t<li><span style=\"font-family: helvetica, arial, sans-serif;color: #474444\">Actividades de ocio y tiempo libre<\/span><\/li>\r\n \t<li><span style=\"font-family: helvetica, arial, sans-serif;color: #474444\">Dinamizaci\u00f3n grupal<\/span><\/li>\r\n \t<li><span style=\"font-family: helvetica, arial, sans-serif;color: #474444\">Planificaci\u00f3n de la animaci\u00f3n sociodeportiva<\/span><\/li>\r\n \t<li><span style=\"font-family: helvetica, arial, sans-serif;color: #474444\">Actividades f\u00edsico-deportivas de implementos<\/span><\/li>\r\n \t<li><span style=\"font-family: helvetica, arial, sans-serif;color: #474444\">Actividades f\u00edsico-deportivas para la inclusi\u00f3n social<\/span><\/li>\r\n \t<li><span style=\"font-family: helvetica, arial, sans-serif;color: #474444\">Empresa e iniciativa emprendedora<\/span><\/li>\r\n \t<li><span style=\"font-family: helvetica, arial, sans-serif;color: #474444\">Horas de libre configuraci\u00f3n<\/span><\/li>\r\n \t<li><span style=\"font-family: helvetica, arial, sans-serif;color: #474444\">Proyecto de ense\u00f1anza y animaci\u00f3n sociodeportiva<\/span><\/li>\r\n \t<li><span style=\"font-family: helvetica, arial, sans-serif;color: #474444\">Formaci\u00f3n en Centros de Trabajo: 370 horas de pr\u00e1cticas en empresas de la zona<\/span><\/li>\r\n<\/ol>\r\n<p style=\"text-align: center\"><span style=\"font-family: helvetica, arial, sans-serif;color: #b33434;font-size: 18pt\"><strong style=\"text-align: right\">CICLO EN FORMACI\u00d3N PROFESIONAL DUAL<\/strong><\/span><\/p>\r\n<\/td>\r\n<\/tr>\r\n<\/tbody>\r\n<\/table>\r\n<table style=\"border-collapse: collapse;width: 100%\">\r\n<tbody>\r\n<tr>\r\n<td style=\"width: 50%;background-color: #f2f3f7\"><span style=\"font-family: helvetica, arial, sans-serif;color: #474444\"><img loading=\"lazy\" decoding=\"async\" class=\"aligncenter size-large wp-image-710\" src=\"https:\/\/blogsaverroes.juntadeandalucia.es\/fpiesalmadraba\/files\/2023\/03\/volleyball-ge87b5c169_1280-1024x682.jpg\" alt=\"\" width=\"843\" height=\"561\" srcset=\"https:\/\/blogsaverroes.juntadeandalucia.es\/fpiesalmadraba\/files\/2023\/03\/volleyball-ge87b5c169_1280-1024x682.jpg 1024w, https:\/\/blogsaverroes.juntadeandalucia.es\/fpiesalmadraba\/files\/2023\/03\/volleyball-ge87b5c169_1280-300x200.jpg 300w, https:\/\/blogsaverroes.juntadeandalucia.es\/fpiesalmadraba\/files\/2023\/03\/volleyball-ge87b5c169_1280-768x512.jpg 768w, https:\/\/blogsaverroes.juntadeandalucia.es\/fpiesalmadraba\/files\/2023\/03\/volleyball-ge87b5c169_1280.jpg 1280w\" sizes=\"(max-width: 843px) 100vw, 843px\" \/><\/span><\/td>\r\n<td style=\"width: 50%;background-color: #f2f3f7\">\r\n<h2 class=\"a8c-section-title\" style=\"font-size: 38px\"><span style=\"font-family: helvetica, arial, sans-serif;color: #474444\"><em>\u00bfEn qu\u00e9 voy a trabajar?<\/em><\/span><\/h2>\r\n<span style=\"font-family: helvetica, arial, sans-serif;color: #474444\"><!-- \/wp:heading --><!-- wp:list {\"style\":{\"typography\":{\"fontSize\":\"16px\"}}} --><\/span>\r\n<ul>\r\n \t<li><span style=\"font-family: helvetica, arial, sans-serif;color: #474444\">Animador\/a f\u00edsico-deportivo y recreativo.<\/span><\/li>\r\n \t<li><span style=\"font-family: helvetica, arial, sans-serif;color: #474444\">Animador\/a de veladas, espect\u00e1culos y actividades recreativas en instalaciones tur\u00edsticas.<\/span><\/li>\r\n \t<li><span style=\"font-family: helvetica, arial, sans-serif;color: #474444\">Coordinador\/a de actividades f\u00edsico-deportivas en instalaciones deportivas de empresas tur\u00edsticas o entidades p\u00fablicas y privadas.<\/span><\/li>\r\n \t<li><span style=\"font-family: helvetica, arial, sans-serif;color: #474444\">Coordinador\/a de tiempo libre educativo infantil y juvenil.<\/span><\/li>\r\n \t<li><span style=\"font-family: helvetica, arial, sans-serif;color: #474444\">Coordinador\/a de campamentos, de albergues de juventud, de casas de colonias, de granjas-escuelas, de aulas de casas de juventud y escuelas de naturaleza.<\/span><\/li>\r\n \t<li><span style=\"font-family: helvetica, arial, sans-serif;color: #474444\">Coordinador\/a de actividades paracurriculares en el marco escolar.<\/span><\/li>\r\n \t<li><span style=\"font-family: helvetica, arial, sans-serif;color: #474444\">Director\/a de campamentos, de albergues de juventud, de casas de colonias, de granjas-escuelas, de aulas de casas de juventud y escuelas de naturaleza.<\/span><\/li>\r\n \t<li><span style=\"font-family: helvetica, arial, sans-serif;color: #474444\">Jefa\/e de departamento de animaci\u00f3n tur\u00edstica.<\/span><\/li>\r\n \t<li><span style=\"font-family: helvetica, arial, sans-serif;color: #474444\">Cronometrador\/a, juez\/a y \u00e1rbitra\/o de competiciones deportivas no oficiales.<\/span><\/li>\r\n<\/ul>\r\n<\/td>\r\n<\/tr>\r\n<tr>\r\n<td style=\"width: 50%;background-color: #c5b5ff\">\r\n<h2 class=\"has-text-align-center a8c-section-title\"><span style=\"font-family: helvetica, arial, sans-serif;color: #474444\"><em>Seguir estudiando<\/em><\/span><\/h2>\r\n<span style=\"font-family: helvetica, arial, sans-serif;color: #474444\"><!-- \/wp:heading --><!-- wp:jetpack\/layout-grid {\"column1DesktopSpan\":4,\"column1TabletSpan\":4,\"column1MobileSpan\":4,\"column2DesktopSpan\":4,\"column2TabletSpan\":4,\"column2MobileSpan\":4,\"column3DesktopSpan\":4,\"column3TabletSpan\":8,\"column3MobileSpan\":4,\"column4DesktopSpan\":1,\"column4TabletSpan\":4,\"column4MobileSpan\":4,\"className\":\"column1-desktop-grid__span-4 column1-desktop-grid__row-1 column2-desktop-grid__span-4 column2-desktop-grid__start-5 column2-desktop-grid__row-1 column3-desktop-grid__span-4 column3-desktop-grid__start-9 column3-desktop-grid__row-1 column1-tablet-grid__span-4 column1-tablet-grid__row-1 column2-tablet-grid__span-4 column2-tablet-grid__start-5 column2-tablet-grid__row-1 column3-tablet-grid__span-8 column3-tablet-grid__row-2 column1-mobile-grid__span-4 column1-mobile-grid__row-1 column2-mobile-grid__span-4 column2-mobile-grid__row-2 column3-mobile-grid__span-4 column3-mobile-grid__row-3\"} --><\/span>\r\n<div class=\"wp-block-jetpack-layout-grid alignfull column1-desktop-grid__span-4 column1-desktop-grid__row-1 column2-desktop-grid__span-4 column2-desktop-grid__start-5 column2-desktop-grid__row-1 column3-desktop-grid__span-4 column3-desktop-grid__start-9 column3-desktop-grid__row-1 column1-tablet-grid__span-4 column1-tablet-grid__row-1 column2-tablet-grid__span-4 column2-tablet-grid__start-5 column2-tablet-grid__row-1 column3-tablet-grid__span-8 column3-tablet-grid__row-2 column1-mobile-grid__span-4 column1-mobile-grid__row-1 column2-mobile-grid__span-4 column2-mobile-grid__row-2 column3-mobile-grid__span-4 column3-mobile-grid__row-3\"><span style=\"font-family: helvetica, arial, sans-serif;color: #474444\"><!-- wp:jetpack\/layout-grid-column --><\/span>\r\n<div class=\"wp-block-jetpack-layout-grid-column wp-block-jetpack-layout-grid__padding-none\"><span style=\"font-family: helvetica, arial, sans-serif;color: #474444\"><!-- wp:heading {\"level\":4,\"className\":\"a8c-section-column-title\",\"fontSize\":\"normal\"} --><\/span>\r\n<h4 class=\"a8c-section-column-title has-normal-font-size\"><span style=\"font-family: helvetica, arial, sans-serif;color: #474444\"><em>Grado universitario<\/em><\/span><\/h4>\r\n<span style=\"font-family: helvetica, arial, sans-serif;color: #474444\"><!-- \/wp:heading --><!-- wp:paragraph {\"className\":\"a8c-section-column-text\",\"fontSize\":\"small\"} --><\/span>\r\n<p class=\"a8c-section-column-text has-small-font-size\"><span style=\"font-family: helvetica, arial, sans-serif;color: #474444\">Para continuar en esta rama profesional u otra.<\/span><\/p>\r\n\r\n<span style=\"font-family: helvetica, arial, sans-serif;color: #474444\"><!-- \/wp:paragraph --><!-- wp:paragraph {\"className\":\"a8c-section-column-text\",\"fontSize\":\"small\"} --><\/span>\r\n<p class=\"a8c-section-column-text has-small-font-size\"><span style=\"font-family: helvetica, arial, sans-serif;color: #474444\">Si optas por la misma rama, existe posibilidad de convalidaciones de algunas asignaturas.<\/span><\/p>\r\n\r\n<span style=\"font-family: helvetica, arial, sans-serif;color: #474444\"><!-- \/wp:paragraph --><\/span><\/div>\r\n<span style=\"font-family: helvetica, arial, sans-serif;color: #474444\"><!-- \/wp:jetpack\/layout-grid-column --><!-- wp:jetpack\/layout-grid-column --><\/span>\r\n<div class=\"wp-block-jetpack-layout-grid-column wp-block-jetpack-layout-grid__padding-none\"><span style=\"font-family: helvetica, arial, sans-serif;color: #474444\"><!-- wp:heading {\"level\":4,\"className\":\"a8c-section-column-title\",\"fontSize\":\"normal\"} --><\/span>\r\n<h4 class=\"a8c-section-column-title has-normal-font-size\"><span style=\"font-family: helvetica, arial, sans-serif;color: #474444\"><em>CFGS de distinta familia profesional<\/em><\/span><\/h4>\r\n<span style=\"font-family: helvetica, arial, sans-serif;color: #474444\"><!-- \/wp:heading --><!-- wp:paragraph {\"className\":\"a8c-section-column-text\",\"fontSize\":\"small\"} --><\/span>\r\n<p class=\"a8c-section-column-text has-small-font-size\"><span style=\"font-family: helvetica, arial, sans-serif;color: #474444\">Si quieres estudiar otra formaci\u00f3n diferente, que pueda complementar o ampliar tus conocimientos.<\/span><\/p>\r\n\r\n<span style=\"font-family: helvetica, arial, sans-serif;color: #474444\"><!-- \/wp:paragraph --><!-- wp:paragraph {\"fontSize\":\"small\"} --><\/span>\r\n<p class=\"has-small-font-size\"><span style=\"font-family: helvetica, arial, sans-serif;color: #474444\">Existe posibilidad de convalidaci\u00f3n de algunos m\u00f3dulos.<\/span><\/p>\r\n\r\n<span style=\"font-family: helvetica, arial, sans-serif;color: #474444\"><!-- \/wp:paragraph --><\/span><\/div>\r\n<span style=\"font-family: helvetica, arial, sans-serif;color: #474444\"><!-- \/wp:jetpack\/layout-grid-column --><!-- wp:jetpack\/layout-grid-column --><\/span>\r\n<div class=\"wp-block-jetpack-layout-grid-column wp-block-jetpack-layout-grid__padding-none\"><span style=\"font-family: helvetica, arial, sans-serif;color: #474444\"><!-- wp:heading {\"level\":4,\"className\":\"a8c-section-column-title\",\"fontSize\":\"normal\"} --><\/span>\r\n<h4 class=\"a8c-section-column-title has-normal-font-size\"><span style=\"font-family: helvetica, arial, sans-serif;color: #474444\"><em>Preparaci\u00f3n Pruebas Evaluaci\u00f3n Bachillerato<\/em><\/span><\/h4>\r\n<span style=\"font-family: helvetica, arial, sans-serif;color: #474444\"><!-- \/wp:heading --><!-- wp:paragraph {\"className\":\"a8c-section-column-text\",\"fontSize\":\"small\"} --><\/span>\r\n<p class=\"a8c-section-column-text has-small-font-size\"><span style=\"font-family: helvetica, arial, sans-serif;color: #474444\">Puedes subir nota realizando s\u00f3lo las materias troncales y acceder a la Universidad.<\/span><\/p>\r\n\r\n<\/div>\r\n<\/div><\/td>\r\n<td style=\"width: 50%;background-color: #c5b5ff\">\r\n<h2 class=\"a8c-section-title\" style=\"font-size: 38px\"><span style=\"font-family: helvetica, arial, sans-serif\"><em><img loading=\"lazy\" decoding=\"async\" class=\"aligncenter size-large wp-image-709\" src=\"https:\/\/blogsaverroes.juntadeandalucia.es\/fpiesalmadraba\/files\/2023\/03\/workout-g3dd166ba5_1280-1024x682.jpg\" alt=\"\" width=\"843\" height=\"561\" srcset=\"https:\/\/blogsaverroes.juntadeandalucia.es\/fpiesalmadraba\/files\/2023\/03\/workout-g3dd166ba5_1280-1024x682.jpg 1024w, https:\/\/blogsaverroes.juntadeandalucia.es\/fpiesalmadraba\/files\/2023\/03\/workout-g3dd166ba5_1280-300x200.jpg 300w, https:\/\/blogsaverroes.juntadeandalucia.es\/fpiesalmadraba\/files\/2023\/03\/workout-g3dd166ba5_1280-768x512.jpg 768w, https:\/\/blogsaverroes.juntadeandalucia.es\/fpiesalmadraba\/files\/2023\/03\/workout-g3dd166ba5_1280.jpg 1280w\" sizes=\"(max-width: 843px) 100vw, 843px\" \/><\/em><\/span><\/h2>\r\n<\/td>\r\n<\/tr>\r\n<\/tbody>\r\n<\/table>","protected":false},"excerpt":{"rendered":"<p>\u00bfQu\u00e9 voy a estudiar? PRIMER CURSO Valoraci\u00f3n de la condici\u00f3n f\u00edsica e intervenci\u00f3n en accidentes Juegos y actividades f\u00edsico-recreativas y de animaci\u00f3n tur\u00edstica Actividades f\u00edsico-deportivas&hellip;<\/p>\n","protected":false},"author":10364,"featured_media":0,"parent":40,"menu_order":0,"comment_status":"closed","ping_status":"closed","template":"","meta":{"ngg_post_thumbnail":0,"footnotes":""},"aioseo_notices":[],"_links":{"self":[{"href":"https:\/\/blogsaverroes.juntadeandalucia.es\/fpiesalmadraba\/wp-json\/wp\/v2\/pages\/725"}],"collection":[{"href":"https:\/\/blogsaverroes.juntadeandalucia.es\/fpiesalmadraba\/wp-json\/wp\/v2\/pages"}],"about":[{"href":"https:\/\/blogsaverroes.juntadeandalucia.es\/fpiesalmadraba\/wp-json\/wp\/v2\/types\/page"}],"author":[{"embeddable":true,"href":"https:\/\/blogsaverroes.juntadeandalucia.es\/fpiesalmadraba\/wp-json\/wp\/v2\/users\/10364"}],"replies":[{"embeddable":true,"href":"https:\/\/blogsaverroes.juntadeandalucia.es\/fpiesalmadraba\/wp-json\/wp\/v2\/comments?post=725"}],"version-history":[{"count":2,"href":"https:\/\/blogsaverroes.juntadeandalucia.es\/fpiesalmadraba\/wp-json\/wp\/v2\/pages\/725\/revisions"}],"predecessor-version":[{"id":727,"href":"https:\/\/blogsaverroes.juntadeandalucia.es\/fpiesalmadraba\/wp-json\/wp\/v2\/pages\/725\/revisions\/727"}],"up":[{"embeddable":true,"href":"https:\/\/blogsaverroes.juntadeandalucia.es\/fpiesalmadraba\/wp-json\/wp\/v2\/pages\/40"}],"wp:attachment":[{"href":"https:\/\/blogsaverroes.juntadeandalucia.es\/fpiesalmadraba\/wp-json\/wp\/v2\/media?parent=725"}],"curies":[{"name":"wp","href":"https:\/\/api.w.org\/{rel}","templated":true}]}}