{"id":728,"date":"2023-04-03T15:22:54","date_gmt":"2023-04-03T15:22:54","guid":{"rendered":"https:\/\/blogsaverroes.juntadeandalucia.es\/fpiesalmadraba\/?page_id=728"},"modified":"2023-04-03T15:22:54","modified_gmt":"2023-04-03T15:22:54","slug":"grado-superior-administracion-y-finanzas","status":"publish","type":"page","link":"https:\/\/blogsaverroes.juntadeandalucia.es\/fpiesalmadraba\/oferta-formativa\/grado-superior-administracion-y-finanzas\/","title":{"rendered":"Grado Superior Administraci\u00f3n y Finanzas"},"content":{"rendered":"<img loading=\"lazy\" decoding=\"async\" class=\"aligncenter size-large wp-image-729\" src=\"https:\/\/blogsaverroes.juntadeandalucia.es\/fpiesalmadraba\/files\/2023\/04\/IMG-20221220-WA0021-1024x768.jpg\" alt=\"\" width=\"843\" height=\"632\" srcset=\"https:\/\/blogsaverroes.juntadeandalucia.es\/fpiesalmadraba\/files\/2023\/04\/IMG-20221220-WA0021-1024x768.jpg 1024w, https:\/\/blogsaverroes.juntadeandalucia.es\/fpiesalmadraba\/files\/2023\/04\/IMG-20221220-WA0021-300x225.jpg 300w, https:\/\/blogsaverroes.juntadeandalucia.es\/fpiesalmadraba\/files\/2023\/04\/IMG-20221220-WA0021-768x576.jpg 768w, https:\/\/blogsaverroes.juntadeandalucia.es\/fpiesalmadraba\/files\/2023\/04\/IMG-20221220-WA0021-1536x1152.jpg 1536w, https:\/\/blogsaverroes.juntadeandalucia.es\/fpiesalmadraba\/files\/2023\/04\/IMG-20221220-WA0021.jpg 1600w\" sizes=\"(max-width: 843px) 100vw, 843px\" \/>\r\n\r\n<hr>\r\n\r\n<table style=\"border-collapse: collapse;width: 100%\">\r\n<tbody>\r\n<tr>\r\n<td style=\"width: 100%;background-color: #a6ffb5\">\r\n<h2 class=\"a8c-section-title\" style=\"text-align: center\"><span style=\"font-family: helvetica, arial, sans-serif;color: #474444\"><em>\u00bfQu\u00e9 voy a estudiar?<\/em><\/span><\/h2>\r\n<span style=\"font-family: helvetica, arial, sans-serif\"><!-- \/wp:heading --><!-- wp:paragraph {\"align\":\"center\",\"className\":\"a8c-section-text\"} --><\/span>\r\n<p class=\"has-text-align-center a8c-section-text\" style=\"text-align: center\"><span style=\"font-family: helvetica, arial, sans-serif;color: #008a35\"><strong><span class=\"has-inline-color\">PRIMER CURSO<\/span><\/strong><\/span><\/p>\r\n\r\n<span style=\"font-family: helvetica, arial, sans-serif\"><!-- \/wp:paragraph --><!-- wp:list {\"ordered\":true,\"style\":{\"typography\":{\"fontSize\":\"16px\"}}} --><\/span>\r\n<ol style=\"font-size: 16px\">\r\n \t<li><span style=\"font-family: helvetica, arial, sans-serif;color: #474444\">Gesti\u00f3n de la Documentaci\u00f3n Jur\u00eddica y Empresarial<\/span><\/li>\r\n \t<li><span style=\"font-family: helvetica, arial, sans-serif;color: #474444\">Recursos Humanos y Responsabilidad Social Corporativa<\/span><\/li>\r\n \t<li><span style=\"font-family: helvetica, arial, sans-serif;color: #474444\">Ofim\u00e1tica y Proceso de la Informaci\u00f3n<\/span><\/li>\r\n \t<li><span style=\"font-family: helvetica, arial, sans-serif;color: #474444\">Proceso Integral de la Actividad Comercial<\/span><\/li>\r\n \t<li><span style=\"font-family: helvetica, arial, sans-serif;color: #474444\">Comunicaci\u00f3n y Atenci\u00f3n al Cliente<\/span><\/li>\r\n \t<li><span style=\"font-family: helvetica, arial, sans-serif;color: #474444\">Ingl\u00e9s<\/span><\/li>\r\n \t<li><span style=\"font-family: helvetica, arial, sans-serif;color: #474444\">Formaci\u00f3n y Orientaci\u00f3n Laboral<\/span><\/li>\r\n<\/ol>\r\n<span style=\"font-family: helvetica, arial, sans-serif\"><!-- \/wp:list --><!-- wp:paragraph {\"align\":\"center\",\"className\":\"a8c-section-text\"} --><\/span>\r\n<p class=\"has-text-align-center a8c-section-text\" style=\"text-align: center\"><span style=\"font-family: helvetica, arial, sans-serif;color: #008a35\"><strong><span class=\"has-inline-color\">SEGUNDO CURSO<\/span><\/strong><\/span><\/p>\r\n\r\n<span style=\"font-family: helvetica, arial, sans-serif\"><!-- \/wp:paragraph --><!-- wp:list {\"ordered\":true,\"style\":{\"typography\":{\"fontSize\":\"16px\"}}} --><\/span>\r\n<ol style=\"font-size: 16px\">\r\n \t<li><span style=\"font-family: helvetica, arial, sans-serif;color: #474444\">Gesti\u00f3n de Recursos Humanos<\/span><\/li>\r\n \t<li><span style=\"font-family: helvetica, arial, sans-serif;color: #474444\">Gesti\u00f3n Financiera<\/span><\/li>\r\n \t<li><span style=\"font-family: helvetica, arial, sans-serif;color: #474444\">Contabilidad y Fiscalidad<\/span><\/li>\r\n \t<li><span style=\"font-family: helvetica, arial, sans-serif;color: #474444\">Gesti\u00f3n Log\u00edstica y Comercial<\/span><\/li>\r\n \t<li><span style=\"font-family: helvetica, arial, sans-serif;color: #474444\">Simulaci\u00f3n Empresarial<\/span><\/li>\r\n \t<li><span style=\"font-family: helvetica, arial, sans-serif;color: #474444\">Horas de Libre Configuraci\u00f3n<\/span><\/li>\r\n \t<li><span style=\"font-family: helvetica, arial, sans-serif;color: #474444\">Proyecto de Administraci\u00f3n y Finanzas<\/span><\/li>\r\n \t<li><span style=\"font-family: helvetica, arial, sans-serif;color: #474444\">Formaci\u00f3n en Centros de Trabajo: 360 horas de pr\u00e1cticas en empresas de la zona<\/span><\/li>\r\n<\/ol>\r\n<\/td>\r\n<\/tr>\r\n<\/tbody>\r\n<\/table>\r\n<table style=\"border-collapse: collapse;width: 100%\">\r\n<tbody>\r\n<tr>\r\n<td style=\"width: 50%;background-color: #50c763\">\r\n<h2 class=\"a8c-section-title\" style=\"font-size: 38px\"><span style=\"color: #474444;font-family: helvetica, arial, sans-serif\"><em>\u00bfEn qu\u00e9 voy a trabajar?<\/em><\/span><\/h2>\r\n<ul>\r\n \t<li><span style=\"color: #474444;font-family: helvetica, arial, sans-serif\">Administrativo\/a de oficina<\/span><\/li>\r\n \t<li><span style=\"color: #474444;font-family: helvetica, arial, sans-serif\">Administrativo\/a comercial<\/span><\/li>\r\n \t<li><span style=\"color: #474444;font-family: helvetica, arial, sans-serif\">Administrativo\/a financiero<\/span><\/li>\r\n \t<li><span style=\"color: #474444;font-family: helvetica, arial, sans-serif\">Administrativo\/a contable<\/span><\/li>\r\n \t<li><span style=\"color: #474444;font-family: helvetica, arial, sans-serif\">Administrativo\/a de log\u00edstica<\/span><\/li>\r\n \t<li><span style=\"color: #474444;font-family: helvetica, arial, sans-serif\">Administrativo\/a de banca y seguros<\/span><\/li>\r\n \t<li><span style=\"color: #474444;font-family: helvetica, arial, sans-serif\">Administrativo\/a de recursos humanos<\/span><\/li>\r\n \t<li><span style=\"color: #474444;font-family: helvetica, arial, sans-serif\">Administrativo\/a de las administraciones p\u00fablicas<\/span><\/li>\r\n \t<li><span style=\"color: #474444;font-family: helvetica, arial, sans-serif\">Administrativo\/a de asesor\u00edas jur\u00eddicas, contables, laborales, fiscales o gestor\u00edas<\/span><\/li>\r\n \t<li><span style=\"color: #474444;font-family: helvetica, arial, sans-serif\">T\u00e9cnico\/a en gesti\u00f3n de cobros<\/span><\/li>\r\n \t<li><span style=\"color: #474444;font-family: helvetica, arial, sans-serif\">Responsable de atenci\u00f3n al cliente<\/span><\/li>\r\n<\/ul>\r\n<\/td>\r\n<td style=\"width: 50%;background-color: #50c763\">\r\n\r\n<figure id=\"attachment_212\" aria-describedby=\"caption-attachment-212\" style=\"width: 400px\" class=\"wp-caption aligncenter\"><img loading=\"lazy\" decoding=\"async\" class=\"wp-image-212\" src=\"https:\/\/blogsaverroes.juntadeandalucia.es\/fpiesalmadraba\/files\/2021\/03\/pexels-photo-1170412-1024x681.jpeg\" alt=\"\" width=\"400\" height=\"266\" srcset=\"https:\/\/blogsaverroes.juntadeandalucia.es\/fpiesalmadraba\/files\/2021\/03\/pexels-photo-1170412-1024x681.jpeg 1024w, https:\/\/blogsaverroes.juntadeandalucia.es\/fpiesalmadraba\/files\/2021\/03\/pexels-photo-1170412-300x200.jpeg 300w, https:\/\/blogsaverroes.juntadeandalucia.es\/fpiesalmadraba\/files\/2021\/03\/pexels-photo-1170412-768x511.jpeg 768w, https:\/\/blogsaverroes.juntadeandalucia.es\/fpiesalmadraba\/files\/2021\/03\/pexels-photo-1170412-1536x1022.jpeg 1536w, https:\/\/blogsaverroes.juntadeandalucia.es\/fpiesalmadraba\/files\/2021\/03\/pexels-photo-1170412.jpeg 1880w\" sizes=\"(max-width: 400px) 100vw, 400px\" \/><figcaption id=\"caption-attachment-212\" class=\"wp-caption-text\"><\/span> <span style=\"font-family: helvetica, arial, sans-serif\">Photo by Cadeau Maestro on <a href=\"https:\/\/www.pexels.com\/es-es\/foto\/oficina-trabajando-dentro-mesas-1170412\/\" rel=\"nofollow\">Pexels.com<\/a><\/span><\/figcaption><\/figure><\/td>\r\n<\/tr>\r\n<\/tbody>\r\n<\/table>\r\n<table style=\"border-collapse: collapse;width: 100%\">\r\n<tbody>\r\n<tr>\r\n<td style=\"width: 50%;background-color: #a6ffb5\">\r\n\r\n<figure id=\"attachment_213\" aria-describedby=\"caption-attachment-213\" style=\"width: 375px\" class=\"wp-caption aligncenter\"><img loading=\"lazy\" decoding=\"async\" class=\"wp-image-213\" src=\"https:\/\/blogsaverroes.juntadeandalucia.es\/fpiesalmadraba\/files\/2021\/03\/pexels-photo-2861798-767x1024.jpeg\" alt=\"\" width=\"375\" height=\"500\" srcset=\"https:\/\/blogsaverroes.juntadeandalucia.es\/fpiesalmadraba\/files\/2021\/03\/pexels-photo-2861798-767x1024.jpeg 767w, https:\/\/blogsaverroes.juntadeandalucia.es\/fpiesalmadraba\/files\/2021\/03\/pexels-photo-2861798-225x300.jpeg 225w, https:\/\/blogsaverroes.juntadeandalucia.es\/fpiesalmadraba\/files\/2021\/03\/pexels-photo-2861798-768x1025.jpeg 768w, https:\/\/blogsaverroes.juntadeandalucia.es\/fpiesalmadraba\/files\/2021\/03\/pexels-photo-2861798.jpeg 974w\" sizes=\"(max-width: 375px) 100vw, 375px\" \/><figcaption id=\"caption-attachment-213\" class=\"wp-caption-text\"><\/span> <span style=\"font-family: helvetica, arial, sans-serif\">Photo by Oladimeji Ajegbile on <a href=\"https:\/\/www.pexels.com\/es-es\/foto\/hombre-leyendo-un-libro-2861798\/\" rel=\"nofollow\">Pexels.com<\/a><\/span><\/figcaption><\/figure><\/td>\r\n<td style=\"width: 50%;background-color: #a6ffb5\">\r\n<h2 class=\"has-text-align-center a8c-section-title\"><span style=\"font-family: helvetica, arial, sans-serif;color: #474444\"><em>Seguir estudiando<\/em><\/span><\/h2>\r\n<div class=\"wp-block-jetpack-layout-grid alignfull column1-desktop-grid__span-4 column1-desktop-grid__row-1 column2-desktop-grid__span-4 column2-desktop-grid__start-5 column2-desktop-grid__row-1 column3-desktop-grid__span-4 column3-desktop-grid__start-9 column3-desktop-grid__row-1 column1-tablet-grid__span-4 column1-tablet-grid__row-1 column2-tablet-grid__span-4 column2-tablet-grid__start-5 column2-tablet-grid__row-1 column3-tablet-grid__span-8 column3-tablet-grid__row-2 column1-mobile-grid__span-4 column1-mobile-grid__row-1 column2-mobile-grid__span-4 column2-mobile-grid__row-2 column3-mobile-grid__span-4 column3-mobile-grid__row-3\">\r\n<div class=\"wp-block-jetpack-layout-grid-column wp-block-jetpack-layout-grid__padding-none\">\r\n<h4 class=\"a8c-section-column-title has-normal-font-size\"><span style=\"font-family: helvetica, arial, sans-serif;color: #474444\"><em>Grado universitario<\/em><\/span><\/h4>\r\n<p class=\"a8c-section-column-text has-small-font-size\"><span style=\"font-family: helvetica, arial, sans-serif;color: #474444\">Para continuar en esta rama profesional u otra.<\/span><\/p>\r\n<p class=\"a8c-section-column-text has-small-font-size\"><span style=\"font-family: helvetica, arial, sans-serif;color: #474444\">Si optas por la misma rama, existe posibilidad de convalidaciones de algunas asignaturas.<\/span><\/p>\r\n\r\n<\/div>\r\n<div class=\"wp-block-jetpack-layout-grid-column wp-block-jetpack-layout-grid__padding-none\">\r\n<h4 class=\"a8c-section-column-title has-normal-font-size\"><span style=\"font-family: helvetica, arial, sans-serif;color: #474444\"><em>CFGS de distinta familia profesional<\/em><\/span><\/h4>\r\n<p class=\"a8c-section-column-text has-small-font-size\"><span style=\"font-family: helvetica, arial, sans-serif;color: #474444\">Si quieres estudiar otra formaci\u00f3n diferente, que pueda complementar o ampliar tus conocimientos.<\/span><\/p>\r\n<p class=\"has-small-font-size\"><span style=\"font-family: helvetica, arial, sans-serif;color: #474444\">Existe posibilidad de convalidaci\u00f3n de algunos m\u00f3dulos.<\/span><\/p>\r\n\r\n<\/div>\r\n<div class=\"wp-block-jetpack-layout-grid-column wp-block-jetpack-layout-grid__padding-none\">\r\n<h4 class=\"a8c-section-column-title has-normal-font-size\"><span style=\"font-family: helvetica, arial, sans-serif;color: #474444\"><em>Preparaci\u00f3n Pruebas Evaluaci\u00f3n Bachillerato<\/em><\/span><\/h4>\r\n<p class=\"a8c-section-column-text has-small-font-size\"><span style=\"font-family: helvetica, arial, sans-serif;color: #474444\">Puedes subir nota realizando s\u00f3lo las materias troncales y acceder a la Universidad.<\/span><\/p>\r\n\r\n<\/div>\r\n<\/div><\/td>\r\n<\/tr>\r\n<\/tbody>\r\n<\/table>","protected":false},"excerpt":{"rendered":"<p>\u00bfQu\u00e9 voy a estudiar? PRIMER CURSO Gesti\u00f3n de la Documentaci\u00f3n Jur\u00eddica y Empresarial Recursos Humanos y Responsabilidad Social Corporativa Ofim\u00e1tica y Proceso de la Informaci\u00f3n&hellip;<\/p>\n","protected":false},"author":10364,"featured_media":0,"parent":40,"menu_order":0,"comment_status":"closed","ping_status":"closed","template":"","meta":{"ngg_post_thumbnail":0,"footnotes":""},"aioseo_notices":[],"_links":{"self":[{"href":"https:\/\/blogsaverroes.juntadeandalucia.es\/fpiesalmadraba\/wp-json\/wp\/v2\/pages\/728"}],"collection":[{"href":"https:\/\/blogsaverroes.juntadeandalucia.es\/fpiesalmadraba\/wp-json\/wp\/v2\/pages"}],"about":[{"href":"https:\/\/blogsaverroes.juntadeandalucia.es\/fpiesalmadraba\/wp-json\/wp\/v2\/types\/page"}],"author":[{"embeddable":true,"href":"https:\/\/blogsaverroes.juntadeandalucia.es\/fpiesalmadraba\/wp-json\/wp\/v2\/users\/10364"}],"replies":[{"embeddable":true,"href":"https:\/\/blogsaverroes.juntadeandalucia.es\/fpiesalmadraba\/wp-json\/wp\/v2\/comments?post=728"}],"version-history":[{"count":7,"href":"https:\/\/blogsaverroes.juntadeandalucia.es\/fpiesalmadraba\/wp-json\/wp\/v2\/pages\/728\/revisions"}],"predecessor-version":[{"id":736,"href":"https:\/\/blogsaverroes.juntadeandalucia.es\/fpiesalmadraba\/wp-json\/wp\/v2\/pages\/728\/revisions\/736"}],"up":[{"embeddable":true,"href":"https:\/\/blogsaverroes.juntadeandalucia.es\/fpiesalmadraba\/wp-json\/wp\/v2\/pages\/40"}],"wp:attachment":[{"href":"https:\/\/blogsaverroes.juntadeandalucia.es\/fpiesalmadraba\/wp-json\/wp\/v2\/media?parent=728"}],"curies":[{"name":"wp","href":"https:\/\/api.w.org\/{rel}","templated":true}]}}