{"id":738,"date":"2023-04-03T15:33:09","date_gmt":"2023-04-03T15:33:09","guid":{"rendered":"https:\/\/blogsaverroes.juntadeandalucia.es\/fpiesalmadraba\/?page_id=738"},"modified":"2023-04-03T16:01:37","modified_gmt":"2023-04-03T16:01:37","slug":"grado-medio-gestion-administrativa","status":"publish","type":"page","link":"https:\/\/blogsaverroes.juntadeandalucia.es\/fpiesalmadraba\/oferta-formativa\/grado-medio-gestion-administrativa\/","title":{"rendered":"Grado Medio Gesti\u00f3n Administrativa"},"content":{"rendered":"<p><img loading=\"lazy\" decoding=\"async\" class=\"aligncenter wp-image-204 size-large\" src=\"https:\/\/blogsaverroes.juntadeandalucia.es\/fpiesalmadraba\/files\/2021\/03\/img-20210121-wa0002-1-1024x768.jpg\" alt=\"\" width=\"843\" height=\"632\" srcset=\"https:\/\/blogsaverroes.juntadeandalucia.es\/fpiesalmadraba\/files\/2021\/03\/img-20210121-wa0002-1-1024x768.jpg 1024w, https:\/\/blogsaverroes.juntadeandalucia.es\/fpiesalmadraba\/files\/2021\/03\/img-20210121-wa0002-1-300x225.jpg 300w, https:\/\/blogsaverroes.juntadeandalucia.es\/fpiesalmadraba\/files\/2021\/03\/img-20210121-wa0002-1-768x576.jpg 768w, https:\/\/blogsaverroes.juntadeandalucia.es\/fpiesalmadraba\/files\/2021\/03\/img-20210121-wa0002-1-1536x1152.jpg 1536w, https:\/\/blogsaverroes.juntadeandalucia.es\/fpiesalmadraba\/files\/2021\/03\/img-20210121-wa0002-1.jpg 1600w\" sizes=\"(max-width: 843px) 100vw, 843px\" \/><\/p>\n<hr>\n<table style=\"border-collapse: collapse;width: 100%\">\n<tbody>\n<tr>\n<td style=\"width: 100%;background-color: #fffcd9\">\n<h2 class=\"a8c-section-title\" style=\"text-align: center\"><span style=\"font-family: helvetica, arial, sans-serif;color: #474444\"><em>\u00bfQu\u00e9 voy a estudiar?<\/em><\/span><\/h2>\n<p class=\"has-text-align-center a8c-section-text\" style=\"text-align: center\"><span style=\"font-family: helvetica, arial, sans-serif;color: #f7d511\"><strong><span class=\"has-inline-color\">PRIMER CURSO<\/span><\/strong><\/span><\/p>\n<ol style=\"font-size: 16px\">\n<li><span style=\"font-family: helvetica, arial, sans-serif;color: #474444\">Comunicaci\u00f3n Empresarial y Atenci\u00f3n al Cliente<\/span><\/li>\n<li><span style=\"font-family: helvetica, arial, sans-serif;color: #474444\">Operaciones Administrativas de Compra-venta<\/span><\/li>\n<li><span style=\"font-family: helvetica, arial, sans-serif;color: #474444\">Empresa y Administraci\u00f3n<\/span><\/li>\n<li><span style=\"font-family: helvetica, arial, sans-serif;color: #474444\">Tratamiento Inform\u00e1tico de la Informaci\u00f3n<\/span><\/li>\n<li><span style=\"font-family: helvetica, arial, sans-serif;color: #474444\">T\u00e9cnica contable<\/span><\/li>\n<li><span style=\"font-family: helvetica, arial, sans-serif;color: #474444\">Ingl\u00e9s<\/span><\/li>\n<li><span style=\"font-family: helvetica, arial, sans-serif;color: #474444\">Formaci\u00f3n y Orientaci\u00f3n Laboral<\/span><\/li>\n<\/ol>\n<p class=\"has-text-align-center a8c-section-text\" style=\"text-align: center\"><span style=\"font-family: helvetica, arial, sans-serif;color: #f7d511\"><strong><span class=\"has-inline-color\">SEGUNDO CURSO<\/span><\/strong><\/span><\/p>\n<ol style=\"font-size: 16px\">\n<li><span style=\"font-family: helvetica, arial, sans-serif;color: #474444\">Operaciones Administrativas de Recursos Humanos<\/span><\/li>\n<li><span style=\"font-family: helvetica, arial, sans-serif;color: #474444\">Tratamiento de la Documentaci\u00f3n Contable<\/span><\/li>\n<li><span style=\"font-family: helvetica, arial, sans-serif;color: #474444\">Empresa en el Aula<\/span><\/li>\n<li><span style=\"font-family: helvetica, arial, sans-serif;color: #474444\">Operaciones Auxiliares de Gesti\u00f3n de Tesorer\u00eda<\/span><\/li>\n<li><span style=\"font-family: helvetica, arial, sans-serif;color: #474444\">Horas de Libre Configuraci\u00f3n<\/span><\/li>\n<li><span style=\"font-family: helvetica, arial, sans-serif;color: #474444\">Formaci\u00f3n en Centros de Trabajo: 410 horas de pr\u00e1cticas en empresas de la zona<\/span><\/li>\n<\/ol>\n<\/td>\n<\/tr>\n<\/tbody>\n<\/table>\n<table style=\"border-collapse: collapse;width: 100%\">\n<tbody>\n<tr>\n<td style=\"width: 50%;background-color: #faf693\">\n<h2 class=\"a8c-section-title\" style=\"font-size: 38px\"><span style=\"color: #474444\"><em>\u00bfEn qu\u00e9 voy a trabajar?<\/em><\/span><\/h2>\n<ul>\n<li><span style=\"color: #474444\">Auxiliar administrativo<\/span><\/li>\n<li><span style=\"color: #474444\">Ayudante de oficina<\/span><\/li>\n<li><span style=\"color: #474444\">Auxiliar administrativo de cobros y pagos<\/span><\/li>\n<li><span style=\"color: #474444\">Administrativo\/a comercial<\/span><\/li>\n<li><span style=\"color: #474444\">Auxiliar administrativo de gesti\u00f3n de personal<\/span><\/li>\n<li><span style=\"color: #474444\">Auxiliar administrativo de las administraciones p\u00fablicas<\/span><\/li>\n<li><span style=\"color: #474444\">Recepcionista<\/span><\/li>\n<li><span style=\"color: #474444\">Empleado\/a de atenci\u00f3n al cliente<\/span><\/li>\n<li><span style=\"color: #474444\">Empleado\/a de tesorer\u00eda<\/span><\/li>\n<li><span style=\"color: #474444\">Empleado\/a de medios de pago<\/span><\/li>\n<\/ul>\n<\/td>\n<td style=\"width: 50%;background-color: #faf693\">\n<figure id=\"attachment_216\" aria-describedby=\"caption-attachment-216\" style=\"width: 400px\" class=\"wp-caption aligncenter\"><img loading=\"lazy\" decoding=\"async\" class=\"wp-image-216\" src=\"https:\/\/blogsaverroes.juntadeandalucia.es\/fpiesalmadraba\/files\/2021\/03\/pexels-photo-3184357-1024x684.jpeg\" alt=\"\" width=\"400\" height=\"267\" srcset=\"https:\/\/blogsaverroes.juntadeandalucia.es\/fpiesalmadraba\/files\/2021\/03\/pexels-photo-3184357-1024x684.jpeg 1024w, https:\/\/blogsaverroes.juntadeandalucia.es\/fpiesalmadraba\/files\/2021\/03\/pexels-photo-3184357-300x200.jpeg 300w, https:\/\/blogsaverroes.juntadeandalucia.es\/fpiesalmadraba\/files\/2021\/03\/pexels-photo-3184357-768x513.jpeg 768w, https:\/\/blogsaverroes.juntadeandalucia.es\/fpiesalmadraba\/files\/2021\/03\/pexels-photo-3184357-1536x1025.jpeg 1536w, https:\/\/blogsaverroes.juntadeandalucia.es\/fpiesalmadraba\/files\/2021\/03\/pexels-photo-3184357.jpeg 1880w\" sizes=\"(max-width: 400px) 100vw, 400px\" \/><figcaption id=\"caption-attachment-216\" class=\"wp-caption-text\">Photo by fauxels on <a href=\"https:\/\/www.pexels.com\/es-es\/foto\/personas-que-trabajan-frente-a-la-computadora-3184357\/\" rel=\"nofollow\">Pexels.com<\/a><\/figcaption><\/figure>\n<p><span style=\"color: #474444\">&nbsp;<\/span><\/td>\n<\/tr>\n<\/tbody>\n<\/table>\n<table style=\"border-collapse: collapse;width: 100%\">\n<tbody>\n<tr>\n<td style=\"width: 50%;background-color: #fffcd9\">\n<p><figure id=\"attachment_215\" aria-describedby=\"caption-attachment-215\" style=\"width: 400px\" class=\"wp-caption alignleft\"><img loading=\"lazy\" decoding=\"async\" class=\"wp-image-215\" src=\"https:\/\/blogsaverroes.juntadeandalucia.es\/fpiesalmadraba\/files\/2021\/03\/pexels-photo-4170629-847x1024.jpeg\" alt=\"\" width=\"400\" height=\"484\" srcset=\"https:\/\/blogsaverroes.juntadeandalucia.es\/fpiesalmadraba\/files\/2021\/03\/pexels-photo-4170629-847x1024.jpeg 847w, https:\/\/blogsaverroes.juntadeandalucia.es\/fpiesalmadraba\/files\/2021\/03\/pexels-photo-4170629-248x300.jpeg 248w, https:\/\/blogsaverroes.juntadeandalucia.es\/fpiesalmadraba\/files\/2021\/03\/pexels-photo-4170629-768x929.jpeg 768w, https:\/\/blogsaverroes.juntadeandalucia.es\/fpiesalmadraba\/files\/2021\/03\/pexels-photo-4170629.jpeg 1075w\" sizes=\"(max-width: 400px) 100vw, 400px\" \/><figcaption id=\"caption-attachment-215\" class=\"wp-caption-text\"><span style=\"font-family: helvetica, arial, sans-serif\">Photo by Koshevaya_k on <a href=\"https:\/\/www.pexels.com\/es-es\/foto\/libro-de-lectura-de-mujer-sin-rostro-de-cultivo-en-la-cama-4170629\/\" rel=\"nofollow\">Pexels.com<\/a><\/span><\/figcaption><\/figure><\/td>\n<td style=\"width: 50%;background-color: #fffcd9\">\n<h2 class=\"has-text-align-center a8c-section-title\"><span style=\"font-family: helvetica, arial, sans-serif;color: #474444\"><em>Seguir estudiando<\/em><\/span><\/h2>\n<div class=\"wp-block-jetpack-layout-grid alignfull column1-desktop-grid__span-3 column1-desktop-grid__row-1 column2-desktop-grid__span-3 column2-desktop-grid__start-4 column2-desktop-grid__row-1 column3-desktop-grid__span-3 column3-desktop-grid__start-7 column3-desktop-grid__row-1 column4-desktop-grid__span-3 column4-desktop-grid__start-10 column4-desktop-grid__row-1 column1-tablet-grid__span-4 column1-tablet-grid__row-1 column2-tablet-grid__span-4 column2-tablet-grid__start-5 column2-tablet-grid__row-1 column3-tablet-grid__span-4 column3-tablet-grid__row-2 column4-tablet-grid__span-4 column4-tablet-grid__start-5 column4-tablet-grid__row-2 column1-mobile-grid__span-4 column1-mobile-grid__row-1 column2-mobile-grid__span-4 column2-mobile-grid__row-2 column3-mobile-grid__span-4 column3-mobile-grid__row-3 column4-mobile-grid__span-4 column4-mobile-grid__row-4\">\n<div class=\"wp-block-jetpack-layout-grid-column wp-block-jetpack-layout-grid__padding-none\">\n<h4 class=\"a8c-section-column-title has-normal-font-size\"><span style=\"font-family: helvetica, arial, sans-serif;color: #474444\"><em>CFGS de la misma familia profesional<\/em><\/span><\/h4>\n<p class=\"a8c-section-column-text has-small-font-size\"><span style=\"font-family: helvetica, arial, sans-serif;color: #474444\">Para especializarte en esta rama profesional.<\/span><\/p>\n<p class=\"has-small-font-size\"><span style=\"font-family: helvetica, arial, sans-serif;color: #474444\">Existen varias posiblidades:<\/span><\/p>\n<ul style=\"font-size: 14px\">\n<li><span style=\"font-family: helvetica, arial, sans-serif;color: #474444\">CFGS de Administraci\u00f3n y Finanzas<\/span><\/li>\n<li><span style=\"font-family: helvetica, arial, sans-serif;color: #474444\">CFGS de Asistencia a la Direcci\u00f3n<\/span><\/li>\n<\/ul>\n<\/div>\n<div class=\"wp-block-jetpack-layout-grid-column wp-block-jetpack-layout-grid__padding-none\">\n<h4 class=\"a8c-section-column-title has-normal-font-size\"><span style=\"font-family: helvetica, arial, sans-serif;color: #474444\"><em>CFGS de distinta familia profesional<\/em><\/span><\/h4>\n<p class=\"a8c-section-column-text has-small-font-size\"><span style=\"font-family: helvetica, arial, sans-serif;color: #474444\">Si quieres estudiar otra formaci\u00f3n diferente, que pueda complementar o ampliar tus conocimientos.<\/span><\/p>\n<\/div>\n<div class=\"wp-block-jetpack-layout-grid-column wp-block-jetpack-layout-grid__padding-none\">\n<h4 class=\"a8c-section-column-title has-normal-font-size\"><span style=\"font-family: helvetica, arial, sans-serif;color: #474444\"><em>Otro CFGM<\/em><\/span><\/h4>\n<p class=\"a8c-section-column-text has-small-font-size\"><span style=\"font-family: helvetica, arial, sans-serif;color: #474444\">Existe una gran variedad de formaci\u00f3n profesional de diferentes ramas profesionales.<\/span><\/p>\n<p class=\"has-small-font-size\"><span style=\"font-family: helvetica, arial, sans-serif;color: #474444\">Podr\u00e1s complementar tu formaci\u00f3n actual o explorar otras inquietudes.<\/span><\/p>\n<\/div>\n<div class=\"wp-block-jetpack-layout-grid-column wp-block-jetpack-layout-grid__padding-none\">\n<h4 class=\"has-normal-font-size\"><span style=\"font-family: helvetica, arial, sans-serif;color: #474444\">Bachillerato<\/span><\/h4>\n<p class=\"has-small-font-size\"><span style=\"font-family: helvetica, arial, sans-serif;color: #474444\">De cualquier modalidad o preparaci\u00f3n de la prueba de evaluaci\u00f3n de esta ense\u00f1anza por libre.<\/span><\/p>\n<\/div>\n<\/div>\n<\/td>\n<\/tr>\n<\/tbody>\n<\/table>\n","protected":false},"excerpt":{"rendered":"<p>\u00bfQu\u00e9 voy a estudiar? PRIMER CURSO Comunicaci\u00f3n Empresarial y Atenci\u00f3n al Cliente Operaciones Administrativas de Compra-venta Empresa y Administraci\u00f3n Tratamiento Inform\u00e1tico de la Informaci\u00f3n T\u00e9cnica&hellip;<\/p>\n","protected":false},"author":10364,"featured_media":0,"parent":40,"menu_order":0,"comment_status":"closed","ping_status":"closed","template":"","meta":{"ngg_post_thumbnail":0,"footnotes":""},"aioseo_notices":[],"_links":{"self":[{"href":"https:\/\/blogsaverroes.juntadeandalucia.es\/fpiesalmadraba\/wp-json\/wp\/v2\/pages\/738"}],"collection":[{"href":"https:\/\/blogsaverroes.juntadeandalucia.es\/fpiesalmadraba\/wp-json\/wp\/v2\/pages"}],"about":[{"href":"https:\/\/blogsaverroes.juntadeandalucia.es\/fpiesalmadraba\/wp-json\/wp\/v2\/types\/page"}],"author":[{"embeddable":true,"href":"https:\/\/blogsaverroes.juntadeandalucia.es\/fpiesalmadraba\/wp-json\/wp\/v2\/users\/10364"}],"replies":[{"embeddable":true,"href":"https:\/\/blogsaverroes.juntadeandalucia.es\/fpiesalmadraba\/wp-json\/wp\/v2\/comments?post=738"}],"version-history":[{"count":4,"href":"https:\/\/blogsaverroes.juntadeandalucia.es\/fpiesalmadraba\/wp-json\/wp\/v2\/pages\/738\/revisions"}],"predecessor-version":[{"id":758,"href":"https:\/\/blogsaverroes.juntadeandalucia.es\/fpiesalmadraba\/wp-json\/wp\/v2\/pages\/738\/revisions\/758"}],"up":[{"embeddable":true,"href":"https:\/\/blogsaverroes.juntadeandalucia.es\/fpiesalmadraba\/wp-json\/wp\/v2\/pages\/40"}],"wp:attachment":[{"href":"https:\/\/blogsaverroes.juntadeandalucia.es\/fpiesalmadraba\/wp-json\/wp\/v2\/media?parent=738"}],"curies":[{"name":"wp","href":"https:\/\/api.w.org\/{rel}","templated":true}]}}