{"id":742,"date":"2023-04-03T15:47:32","date_gmt":"2023-04-03T15:47:32","guid":{"rendered":"https:\/\/blogsaverroes.juntadeandalucia.es\/fpiesalmadraba\/?page_id=742"},"modified":"2023-04-03T15:58:17","modified_gmt":"2023-04-03T15:58:17","slug":"grado-medio-electromecanica-de-vehiculos-automoviles","status":"publish","type":"page","link":"https:\/\/blogsaverroes.juntadeandalucia.es\/fpiesalmadraba\/oferta-formativa\/grado-medio-electromecanica-de-vehiculos-automoviles\/","title":{"rendered":"Grado Medio Electromec\u00e1nica de Veh\u00edculos Autom\u00f3viles"},"content":{"rendered":"<p><img loading=\"lazy\" decoding=\"async\" class=\"aligncenter wp-image-275 size-large\" src=\"https:\/\/blogsaverroes.juntadeandalucia.es\/fpiesalmadraba\/files\/2021\/03\/49bb87a3-3ed4-489f-a50a-86a315244edd-1-819x1024.jpg\" alt=\"\" width=\"819\" height=\"1024\" srcset=\"https:\/\/blogsaverroes.juntadeandalucia.es\/fpiesalmadraba\/files\/2021\/03\/49bb87a3-3ed4-489f-a50a-86a315244edd-1-819x1024.jpg 819w, https:\/\/blogsaverroes.juntadeandalucia.es\/fpiesalmadraba\/files\/2021\/03\/49bb87a3-3ed4-489f-a50a-86a315244edd-1-240x300.jpg 240w, https:\/\/blogsaverroes.juntadeandalucia.es\/fpiesalmadraba\/files\/2021\/03\/49bb87a3-3ed4-489f-a50a-86a315244edd-1-768x960.jpg 768w, https:\/\/blogsaverroes.juntadeandalucia.es\/fpiesalmadraba\/files\/2021\/03\/49bb87a3-3ed4-489f-a50a-86a315244edd-1.jpg 1200w\" sizes=\"(max-width: 819px) 100vw, 819px\" \/><\/p>\n<hr>\n<table style=\"border-collapse: collapse;width: 100%\">\n<tbody>\n<tr>\n<td style=\"width: 100%;background-color: #ffe9c4\">\n<h2 class=\"a8c-section-title\" style=\"text-align: center\"><span style=\"font-family: helvetica, arial, sans-serif;color: #474444\"><em>\u00bfQu\u00e9 voy a estudiar?<\/em><\/span><\/h2>\n<p class=\"has-text-align-center a8c-section-text\" style=\"text-align: center\"><span style=\"font-family: helvetica, arial, sans-serif;color: #fa970c\"><strong><span class=\"has-inline-color\">PRIMER CURSO<\/span><\/strong><\/span><\/p>\n<ol style=\"font-size: 16px\">\n<li><span style=\"font-family: helvetica, arial, sans-serif;color: #474444\">Motores<\/span><\/li>\n<li><span style=\"font-family: helvetica, arial, sans-serif;color: #474444\">Circuitos de Fluidos. Suspensi\u00f3n y Direcci\u00f3n<\/span><\/li>\n<li><span style=\"font-family: helvetica, arial, sans-serif;color: #474444\">Sistemas de Transmisi\u00f3n y Frenado<\/span><\/li>\n<li><span style=\"font-family: helvetica, arial, sans-serif;color: #474444\">Sistemas de Carga y Arranque<\/span><\/li>\n<li><span style=\"font-family: helvetica, arial, sans-serif;color: #474444\">Mecanizado B\u00e1sico<\/span><\/li>\n<li><span style=\"font-family: helvetica, arial, sans-serif;color: #474444\">Formaci\u00f3n y Orientaci\u00f3n Laboral<\/span><\/li>\n<\/ol>\n<p class=\"has-text-align-center a8c-section-text\" style=\"text-align: center\"><span style=\"font-family: helvetica, arial, sans-serif;color: #fa970c\"><strong><span class=\"has-inline-color\">SEGUNDO CURSO<\/span><\/strong><\/span><\/p>\n<ol style=\"font-size: 16px\">\n<li><span style=\"font-family: helvetica, arial, sans-serif;color: #474444\">Sistemas Auxiliares del Motor<\/span><\/li>\n<li><span style=\"font-family: helvetica, arial, sans-serif;color: #474444\">Circuitos El\u00e9ctricos Auxiliares del Veh\u00edculo<\/span><\/li>\n<li><span style=\"font-family: helvetica, arial, sans-serif;color: #474444\">Sistemas de Seguridad y Confortabilidad<\/span><\/li>\n<li><span style=\"font-family: helvetica, arial, sans-serif;color: #474444\">Empresa e Iniciativa Emprendedora<\/span><\/li>\n<li><span style=\"font-family: helvetica, arial, sans-serif;color: #474444\">Horas de Libre Configuraci\u00f3n<\/span><\/li>\n<li><span style=\"font-family: helvetica, arial, sans-serif;color: #474444\">Formaci\u00f3n en Centros de Trabajo: 410 horas de pr\u00e1cticas en empresas de la zona<\/span><\/li>\n<\/ol>\n<\/td>\n<\/tr>\n<\/tbody>\n<\/table>\n<table style=\"border-collapse: collapse;width: 100%\">\n<tbody>\n<tr>\n<td style=\"width: 50%;background-color: #ffc16b\">\n<h2 class=\"a8c-section-title\" style=\"font-size: 38px\"><span style=\"color: #474444;font-family: helvetica, arial, sans-serif\"><em>\u00bfEn qu\u00e9 voy a trabajar?<\/em><\/span><\/h2>\n<ul>\n<li><span style=\"font-family: helvetica, arial, sans-serif;color: #474444\">Electricista electr\u00f3nico de mantenimiento y reparaci\u00f3n en automoci\u00f3n<\/span><\/li>\n<li><span style=\"font-family: helvetica, arial, sans-serif;color: #474444\">Mec\u00e1nico\/a de autom\u00f3viles<\/span><\/li>\n<li><span style=\"font-family: helvetica, arial, sans-serif;color: #474444\">Electricista de autom\u00f3viles<\/span><\/li>\n<li><span style=\"font-family: helvetica, arial, sans-serif;color: #474444\">Electromec\u00e1nico\/a de autom\u00f3viles<\/span><\/li>\n<li><span style=\"font-family: helvetica, arial, sans-serif;color: #474444\">Mec\u00e1nico\/a de motores y sus sistemas auxiliares de autom\u00f3viles y motocicletas<\/span><\/li>\n<li><span style=\"font-family: helvetica, arial, sans-serif;color: #474444\">Reparador\/a de sistemas neum\u00e1ticos e hidr\u00e1ulicos<\/span><\/li>\n<li><span style=\"font-family: helvetica, arial, sans-serif;color: #474444\">Reparador\/a de sistemas de transmisi\u00f3n y frenos<\/span><\/li>\n<li><span style=\"font-family: helvetica, arial, sans-serif;color: #474444\">Reparador\/a de sistemas de direcci\u00f3n y suspensi\u00f3n<\/span><\/li>\n<li><span style=\"font-family: helvetica, arial, sans-serif;color: #474444\">Operario\/a de ITV<\/span><\/li>\n<li><span style=\"font-family: helvetica, arial, sans-serif;color: #474444\">Instalador\/a de accesorios en veh\u00edculos<\/span><\/li>\n<li><span style=\"font-family: helvetica, arial, sans-serif;color: #474444\">Operario\/a de empresas dedicadas a la fabricaci\u00f3n de recambios<\/span><\/li>\n<li><span style=\"font-family: helvetica, arial, sans-serif;color: #474444\">Electromec\u00e1nico\/a de motocicletas<\/span><\/li>\n<li><span style=\"font-family: helvetica, arial, sans-serif;color: #474444\">Vendedor\/a-distribuidor\/a de recambios y equipos de diagnosis<\/span><\/li>\n<\/ul>\n<\/td>\n<td style=\"width: 50%;background-color: #ffc16b\">\n<figure id=\"attachment_183\" aria-describedby=\"caption-attachment-183\" style=\"width: 400px\" class=\"wp-caption aligncenter\"><img loading=\"lazy\" decoding=\"async\" class=\"wp-image-183\" src=\"https:\/\/blogsaverroes.juntadeandalucia.es\/fpiesalmadraba\/files\/2021\/03\/pexels-photo-4116224-1024x682.jpeg\" alt=\"\" width=\"400\" height=\"267\" srcset=\"https:\/\/blogsaverroes.juntadeandalucia.es\/fpiesalmadraba\/files\/2021\/03\/pexels-photo-4116224-1024x682.jpeg 1024w, https:\/\/blogsaverroes.juntadeandalucia.es\/fpiesalmadraba\/files\/2021\/03\/pexels-photo-4116224-300x200.jpeg 300w, https:\/\/blogsaverroes.juntadeandalucia.es\/fpiesalmadraba\/files\/2021\/03\/pexels-photo-4116224-768x512.jpeg 768w, https:\/\/blogsaverroes.juntadeandalucia.es\/fpiesalmadraba\/files\/2021\/03\/pexels-photo-4116224-1536x1024.jpeg 1536w, https:\/\/blogsaverroes.juntadeandalucia.es\/fpiesalmadraba\/files\/2021\/03\/pexels-photo-4116224.jpeg 1880w\" sizes=\"(max-width: 400px) 100vw, 400px\" \/><figcaption id=\"caption-attachment-183\" class=\"wp-caption-text\"><span style=\"font-family: helvetica, arial, sans-serif\">Photo by Mu00eddia on <a href=\"https:\/\/www.pexels.com\/es-es\/foto\/hombre-trabajando-coche-vehiculo-4116224\/\" rel=\"nofollow\">Pexels.com<\/a><\/span><\/figcaption><\/figure>\n<p><span style=\"color: #474444;font-family: helvetica, arial, sans-serif\">&nbsp;<\/span><\/td>\n<\/tr>\n<\/tbody>\n<\/table>\n<table style=\"border-collapse: collapse;width: 100%\">\n<tbody>\n<tr>\n<td style=\"width: 47.4334%;background-color: #fffcd9\">\n<p><figure id=\"attachment_743\" aria-describedby=\"caption-attachment-743\" style=\"width: 400px\" class=\"wp-caption aligncenter\"><img loading=\"lazy\" decoding=\"async\" class=\"wp-image-743\" src=\"https:\/\/blogsaverroes.juntadeandalucia.es\/fpiesalmadraba\/files\/2023\/04\/mechanics-gd19080633_640.jpg\" alt=\"\" width=\"400\" height=\"266\" srcset=\"https:\/\/blogsaverroes.juntadeandalucia.es\/fpiesalmadraba\/files\/2023\/04\/mechanics-gd19080633_640.jpg 640w, https:\/\/blogsaverroes.juntadeandalucia.es\/fpiesalmadraba\/files\/2023\/04\/mechanics-gd19080633_640-300x199.jpg 300w\" sizes=\"(max-width: 400px) 100vw, 400px\" \/><figcaption id=\"caption-attachment-743\" class=\"wp-caption-text\">Imagen de <a href=\"https:\/\/pixabay.com\/es\/users\/krzysiek-105128\/?utm_source=link-attribution&amp;utm_medium=referral&amp;utm_campaign=image&amp;utm_content=424130\">Krzysztof<\/a> en <a href=\"https:\/\/pixabay.com\/es\/\/?utm_source=link-attribution&amp;utm_medium=referral&amp;utm_campaign=image&amp;utm_content=424130\">Pixabay<\/a><\/figcaption><\/figure><\/td>\n<td style=\"width: 52.5666%;background-color: #fffcd9\">\n<h2 class=\"has-text-align-center a8c-section-title\"><span style=\"font-family: helvetica, arial, sans-serif;color: #474444\"><em>Seguir estudiando<\/em><\/span><\/h2>\n<div class=\"wp-block-jetpack-layout-grid alignfull column1-desktop-grid__span-3 column1-desktop-grid__row-1 column2-desktop-grid__span-3 column2-desktop-grid__start-4 column2-desktop-grid__row-1 column3-desktop-grid__span-3 column3-desktop-grid__start-7 column3-desktop-grid__row-1 column4-desktop-grid__span-3 column4-desktop-grid__start-10 column4-desktop-grid__row-1 column1-tablet-grid__span-4 column1-tablet-grid__row-1 column2-tablet-grid__span-4 column2-tablet-grid__start-5 column2-tablet-grid__row-1 column3-tablet-grid__span-4 column3-tablet-grid__row-2 column4-tablet-grid__span-4 column4-tablet-grid__start-5 column4-tablet-grid__row-2 column1-mobile-grid__span-4 column1-mobile-grid__row-1 column2-mobile-grid__span-4 column2-mobile-grid__row-2 column3-mobile-grid__span-4 column3-mobile-grid__row-3 column4-mobile-grid__span-4 column4-mobile-grid__row-4\">\n<div class=\"wp-block-jetpack-layout-grid-column wp-block-jetpack-layout-grid__padding-none\">\n<h4 class=\"a8c-section-column-title has-normal-font-size\"><span style=\"font-family: helvetica, arial, sans-serif;color: #474444\"><em>CFGS de la misma familia profesional<\/em><\/span><\/h4>\n<p class=\"a8c-section-column-text has-small-font-size\"><span style=\"font-family: helvetica, arial, sans-serif;color: #474444\">Para especializarte en esta rama profesional.<\/span><\/p>\n<p class=\"has-small-font-size\"><span style=\"font-family: helvetica, arial, sans-serif;color: #474444\">Existen varias posibilidades:<\/span><\/p>\n<ul style=\"font-size: 14px\">\n<li><span style=\"font-family: helvetica, arial, sans-serif;color: #474444;font-size: 12pt\">CFGS en Automoci\u00f3n<\/span><\/li>\n<li><span style=\"font-family: helvetica, arial, sans-serif;color: #474444;font-size: 12pt\">CFGS en Mantenimiento Aeromec\u00e1nico de Aviones con Motor de Pist\u00f3n<\/span><\/li>\n<li><span style=\"font-family: helvetica, arial, sans-serif;color: #474444;font-size: 12pt\">CFGS en Mantenimiento Aeromec\u00e1nico de Aviones con Motor de Turbina<\/span><\/li>\n<li><span style=\"font-family: helvetica, arial, sans-serif;color: #474444;font-size: 12pt\">CFGS en Mantenimiento Aeromec\u00e1nico de Helic\u00f3pteros con Motor de Pist\u00f3n<\/span><\/li>\n<li><span style=\"font-family: helvetica, arial, sans-serif;color: #474444;font-size: 12pt\">CFGS en Mantenimiento Aeromec\u00e1nico de Helic\u00f3pteros con Motor de Turbina<\/span><\/li>\n<li><span style=\"font-family: helvetica, arial, sans-serif;color: #474444;font-size: 12pt\">CFGS en Mantenimiento de Sistemas Electr\u00f3nicos y Avi\u00f3nicos de Aeronaves<\/span><\/li>\n<\/ul>\n<\/div>\n<div class=\"wp-block-jetpack-layout-grid-column wp-block-jetpack-layout-grid__padding-none\">\n<h4 class=\"a8c-section-column-title has-normal-font-size\"><span style=\"font-family: helvetica, arial, sans-serif;color: #474444\"><em>CFGS de distinta familia profesional<\/em><\/span><\/h4>\n<p class=\"a8c-section-column-text has-small-font-size\"><span style=\"font-family: helvetica, arial, sans-serif;color: #474444\">Si quieres estudiar otra formaci\u00f3n diferente, que pueda complementar o ampliar tus conocimientos.<\/span><\/p>\n<\/div>\n<div class=\"wp-block-jetpack-layout-grid-column wp-block-jetpack-layout-grid__padding-none\">\n<h4 class=\"a8c-section-column-title has-normal-font-size\"><span style=\"font-family: helvetica, arial, sans-serif;color: #474444\"><em>Otro CFGM<\/em><\/span><\/h4>\n<p class=\"a8c-section-column-text has-small-font-size\"><span style=\"font-family: helvetica, arial, sans-serif;color: #474444\">Existe una gran variedad de formaci\u00f3n profesional de diferentes ramas profesionales.<\/span><\/p>\n<p class=\"has-small-font-size\"><span style=\"font-family: helvetica, arial, sans-serif;color: #474444\">Podr\u00e1s complementar tu formaci\u00f3n actual o explorar otras inquietudes.<\/span><\/p>\n<\/div>\n<div class=\"wp-block-jetpack-layout-grid-column wp-block-jetpack-layout-grid__padding-none\">\n<h4 class=\"has-normal-font-size\"><span style=\"font-family: helvetica, arial, sans-serif;color: #474444\">Bachillerato<\/span><\/h4>\n<p class=\"has-small-font-size\"><span style=\"font-family: helvetica, arial, sans-serif;color: #474444\">De cualquier modalidad o preparaci\u00f3n de la prueba de evaluaci\u00f3n de esta ense\u00f1anza por libre.<\/span><\/p>\n<\/div>\n<\/div>\n<\/td>\n<\/tr>\n<\/tbody>\n<\/table>\n","protected":false},"excerpt":{"rendered":"<p>\u00bfQu\u00e9 voy a estudiar? PRIMER CURSO Motores Circuitos de Fluidos. Suspensi\u00f3n y Direcci\u00f3n Sistemas de Transmisi\u00f3n y Frenado Sistemas de Carga y Arranque Mecanizado B\u00e1sico&hellip;<\/p>\n","protected":false},"author":10364,"featured_media":0,"parent":40,"menu_order":0,"comment_status":"closed","ping_status":"closed","template":"","meta":{"ngg_post_thumbnail":0,"footnotes":""},"aioseo_notices":[],"_links":{"self":[{"href":"https:\/\/blogsaverroes.juntadeandalucia.es\/fpiesalmadraba\/wp-json\/wp\/v2\/pages\/742"}],"collection":[{"href":"https:\/\/blogsaverroes.juntadeandalucia.es\/fpiesalmadraba\/wp-json\/wp\/v2\/pages"}],"about":[{"href":"https:\/\/blogsaverroes.juntadeandalucia.es\/fpiesalmadraba\/wp-json\/wp\/v2\/types\/page"}],"author":[{"embeddable":true,"href":"https:\/\/blogsaverroes.juntadeandalucia.es\/fpiesalmadraba\/wp-json\/wp\/v2\/users\/10364"}],"replies":[{"embeddable":true,"href":"https:\/\/blogsaverroes.juntadeandalucia.es\/fpiesalmadraba\/wp-json\/wp\/v2\/comments?post=742"}],"version-history":[{"count":5,"href":"https:\/\/blogsaverroes.juntadeandalucia.es\/fpiesalmadraba\/wp-json\/wp\/v2\/pages\/742\/revisions"}],"predecessor-version":[{"id":752,"href":"https:\/\/blogsaverroes.juntadeandalucia.es\/fpiesalmadraba\/wp-json\/wp\/v2\/pages\/742\/revisions\/752"}],"up":[{"embeddable":true,"href":"https:\/\/blogsaverroes.juntadeandalucia.es\/fpiesalmadraba\/wp-json\/wp\/v2\/pages\/40"}],"wp:attachment":[{"href":"https:\/\/blogsaverroes.juntadeandalucia.es\/fpiesalmadraba\/wp-json\/wp\/v2\/media?parent=742"}],"curies":[{"name":"wp","href":"https:\/\/api.w.org\/{rel}","templated":true}]}}