{"id":746,"date":"2023-04-03T15:53:46","date_gmt":"2023-04-03T15:53:46","guid":{"rendered":"https:\/\/blogsaverroes.juntadeandalucia.es\/fpiesalmadraba\/?page_id=746"},"modified":"2023-04-03T15:58:20","modified_gmt":"2023-04-03T15:58:20","slug":"grado-medio-carroceria","status":"publish","type":"page","link":"https:\/\/blogsaverroes.juntadeandalucia.es\/fpiesalmadraba\/oferta-formativa\/grado-medio-carroceria\/","title":{"rendered":"Grado Medio Carrocer\u00eda"},"content":{"rendered":"<p><img loading=\"lazy\" decoding=\"async\" class=\"aligncenter wp-image-270 size-large\" src=\"https:\/\/blogsaverroes.juntadeandalucia.es\/fpiesalmadraba\/files\/2021\/03\/b4c50d44-38b5-40d5-a2a5-bec0e9bb2a81-1024x576.jpg\" alt=\"\" width=\"843\" height=\"474\" srcset=\"https:\/\/blogsaverroes.juntadeandalucia.es\/fpiesalmadraba\/files\/2021\/03\/b4c50d44-38b5-40d5-a2a5-bec0e9bb2a81-1024x576.jpg 1024w, https:\/\/blogsaverroes.juntadeandalucia.es\/fpiesalmadraba\/files\/2021\/03\/b4c50d44-38b5-40d5-a2a5-bec0e9bb2a81-300x169.jpg 300w, https:\/\/blogsaverroes.juntadeandalucia.es\/fpiesalmadraba\/files\/2021\/03\/b4c50d44-38b5-40d5-a2a5-bec0e9bb2a81-768x432.jpg 768w, https:\/\/blogsaverroes.juntadeandalucia.es\/fpiesalmadraba\/files\/2021\/03\/b4c50d44-38b5-40d5-a2a5-bec0e9bb2a81-1536x864.jpg 1536w, https:\/\/blogsaverroes.juntadeandalucia.es\/fpiesalmadraba\/files\/2021\/03\/b4c50d44-38b5-40d5-a2a5-bec0e9bb2a81.jpg 1599w\" sizes=\"(max-width: 843px) 100vw, 843px\" \/><\/p>\n<hr>\n<table style=\"border-collapse: collapse;width: 100%\">\n<tbody>\n<tr>\n<td style=\"width: 100%;background-color: #ffc4c4\">\n<h2 class=\"a8c-section-title\" style=\"text-align: center\"><span style=\"font-family: helvetica, arial, sans-serif;color: #474444\"><em>\u00bfQu\u00e9 voy a estudiar?<\/em><\/span><\/h2>\n<p class=\"has-text-align-center a8c-section-text\" style=\"text-align: center\"><span style=\"font-family: helvetica, arial, sans-serif;color: #993366\"><strong><span class=\"has-inline-color\">PRIMER CURSO<\/span><\/strong><\/span><\/p>\n<ol style=\"font-size: 16px\">\n<li><span style=\"font-family: helvetica, arial, sans-serif;color: #474444\">Elementos Amovibles<\/span><\/li>\n<li><span style=\"font-family: helvetica, arial, sans-serif;color: #474444\">Elementos Met\u00e1licos y Sint\u00e9ticos<\/span><\/li>\n<li><span style=\"font-family: helvetica, arial, sans-serif;color: #474444\">Elementos Fijos<\/span><\/li>\n<li><span style=\"font-family: helvetica, arial, sans-serif;color: #474444\">Preparaci\u00f3n de Superficies<\/span><\/li>\n<li><span style=\"font-family: helvetica, arial, sans-serif;color: #474444\">Mecanizado B\u00e1sico<\/span><\/li>\n<li><span style=\"font-family: helvetica, arial, sans-serif;color: #474444\">Formaci\u00f3n y Orientaci\u00f3n Laboral<\/span><\/li>\n<\/ol>\n<ol>\n<li style=\"list-style-type: none\">&nbsp;<\/li>\n<\/ol>\n<p class=\"has-text-align-center a8c-section-text\" style=\"text-align: center\"><span style=\"font-family: helvetica, arial, sans-serif;color: #993366\"><strong><span class=\"has-inline-color\">SEGUNDO CURSO<\/span><\/strong><\/span><\/p>\n<ol style=\"font-size: 16px\">\n<li><span style=\"font-family: helvetica, arial, sans-serif\">Elementos Estructurales del Veh\u00edculo<\/span><\/li>\n<li><span style=\"font-family: helvetica, arial, sans-serif;color: #474444\">Embellecimiento de Superficies<\/span><\/li>\n<li><span style=\"font-family: helvetica, arial, sans-serif;color: #474444\">Empresa e Iniciativa Emprendedora<\/span><\/li>\n<li><span style=\"font-family: helvetica, arial, sans-serif;color: #474444\">Horas de Libre Configuraci\u00f3n<\/span><\/li>\n<li><span style=\"font-family: helvetica, arial, sans-serif;color: #474444\">Formaci\u00f3n en Centros de Trabajo: 410 horas de pr\u00e1cticas en empresas de la zona<\/span><\/li>\n<\/ol>\n<\/td>\n<\/tr>\n<\/tbody>\n<\/table>\n<table style=\"border-collapse: collapse;width: 100%\">\n<tbody>\n<tr>\n<td style=\"width: 49.1115%;background-color: #f06283\">\n<h2 class=\"a8c-section-title\" style=\"font-size: 38px\"><span style=\"color: #474444;font-family: helvetica, arial, sans-serif\"><em>\u00bfEn qu\u00e9 voy a trabajar?<\/em><\/span><\/h2>\n<ul style=\"font-size: 16px\">\n<li><span style=\"font-family: helvetica, arial, sans-serif\">Chapista reparador\/a de carrocer\u00eda de autom\u00f3viles, veh\u00edculos pesados, tractores, maquinaria agr\u00edcola, de industrias extractivas, de construcci\u00f3n y obras p\u00fablicas y material ferroviario<\/span><\/li>\n<li><span style=\"font-family: helvetica, arial, sans-serif\">Instalador\/a de lunas y montador de accesorios<\/span><\/li>\n<li><span style=\"font-family: helvetica, arial, sans-serif\">Pintor\/a de carrocer\u00eda de autom\u00f3viles, veh\u00edculos pesados, tractores, maquinaria agr\u00edcola, de industrias extractivas, de construcci\u00f3n y obras p\u00fablicas y material ferroviario<\/span><\/li>\n<\/ul>\n<\/td>\n<td style=\"width: 50.8885%;background-color: #f06283\"><img loading=\"lazy\" decoding=\"async\" class=\"aligncenter wp-image-279 size-large\" src=\"https:\/\/blogsaverroes.juntadeandalucia.es\/fpiesalmadraba\/files\/2021\/03\/69d87eb3-aadf-4c29-a048-bbdcd65a5df5-1024x576.jpg\" alt=\"\" width=\"843\" height=\"474\" srcset=\"https:\/\/blogsaverroes.juntadeandalucia.es\/fpiesalmadraba\/files\/2021\/03\/69d87eb3-aadf-4c29-a048-bbdcd65a5df5-1024x576.jpg 1024w, https:\/\/blogsaverroes.juntadeandalucia.es\/fpiesalmadraba\/files\/2021\/03\/69d87eb3-aadf-4c29-a048-bbdcd65a5df5-300x169.jpg 300w, https:\/\/blogsaverroes.juntadeandalucia.es\/fpiesalmadraba\/files\/2021\/03\/69d87eb3-aadf-4c29-a048-bbdcd65a5df5-768x432.jpg 768w, https:\/\/blogsaverroes.juntadeandalucia.es\/fpiesalmadraba\/files\/2021\/03\/69d87eb3-aadf-4c29-a048-bbdcd65a5df5-1536x864.jpg 1536w, https:\/\/blogsaverroes.juntadeandalucia.es\/fpiesalmadraba\/files\/2021\/03\/69d87eb3-aadf-4c29-a048-bbdcd65a5df5.jpg 1920w\" sizes=\"(max-width: 843px) 100vw, 843px\" \/><\/p>\n<p><span style=\"color: #474444;font-family: helvetica, arial, sans-serif\">&nbsp;<\/span><\/td>\n<\/tr>\n<\/tbody>\n<\/table>\n<table style=\"border-collapse: collapse;width: 100%\">\n<tbody>\n<tr>\n<td style=\"width: 47.7296%;background-color: #ffc4c4\">\n<p><figure id=\"attachment_743\" aria-describedby=\"caption-attachment-743\" style=\"width: 400px\" class=\"wp-caption aligncenter\"><img loading=\"lazy\" decoding=\"async\" class=\"wp-image-743\" src=\"https:\/\/blogsaverroes.juntadeandalucia.es\/fpiesalmadraba\/files\/2023\/04\/mechanics-gd19080633_640.jpg\" alt=\"\" width=\"400\" height=\"266\" srcset=\"https:\/\/blogsaverroes.juntadeandalucia.es\/fpiesalmadraba\/files\/2023\/04\/mechanics-gd19080633_640.jpg 640w, https:\/\/blogsaverroes.juntadeandalucia.es\/fpiesalmadraba\/files\/2023\/04\/mechanics-gd19080633_640-300x199.jpg 300w\" sizes=\"(max-width: 400px) 100vw, 400px\" \/><figcaption id=\"caption-attachment-743\" class=\"wp-caption-text\">Imagen de <a href=\"https:\/\/pixabay.com\/es\/users\/krzysiek-105128\/?utm_source=link-attribution&amp;utm_medium=referral&amp;utm_campaign=image&amp;utm_content=424130\">Krzysztof<\/a> en <a href=\"https:\/\/pixabay.com\/es\/\/?utm_source=link-attribution&amp;utm_medium=referral&amp;utm_campaign=image&amp;utm_content=424130\">Pixabay<\/a><\/figcaption><\/figure><\/td>\n<td style=\"width: 52.2704%;background-color: #ffc4c4\">\n<h2 class=\"has-text-align-center a8c-section-title\"><span style=\"font-family: helvetica, arial, sans-serif;color: #474444\"><em>Seguir estudiando<\/em><\/span><\/h2>\n<div class=\"wp-block-jetpack-layout-grid alignfull column1-desktop-grid__span-3 column1-desktop-grid__row-1 column2-desktop-grid__span-3 column2-desktop-grid__start-4 column2-desktop-grid__row-1 column3-desktop-grid__span-3 column3-desktop-grid__start-7 column3-desktop-grid__row-1 column4-desktop-grid__span-3 column4-desktop-grid__start-10 column4-desktop-grid__row-1 column1-tablet-grid__span-4 column1-tablet-grid__row-1 column2-tablet-grid__span-4 column2-tablet-grid__start-5 column2-tablet-grid__row-1 column3-tablet-grid__span-4 column3-tablet-grid__row-2 column4-tablet-grid__span-4 column4-tablet-grid__start-5 column4-tablet-grid__row-2 column1-mobile-grid__span-4 column1-mobile-grid__row-1 column2-mobile-grid__span-4 column2-mobile-grid__row-2 column3-mobile-grid__span-4 column3-mobile-grid__row-3 column4-mobile-grid__span-4 column4-mobile-grid__row-4\">\n<div class=\"wp-block-jetpack-layout-grid-column wp-block-jetpack-layout-grid__padding-none\">\n<h4 class=\"a8c-section-column-title has-normal-font-size\"><span style=\"font-family: helvetica, arial, sans-serif;color: #474444\"><em>CFGS de la misma familia profesional<\/em><\/span><\/h4>\n<p class=\"a8c-section-column-text has-small-font-size\"><span style=\"font-family: helvetica, arial, sans-serif;color: #474444\">Para especializarte en esta rama profesional.<\/span><\/p>\n<p class=\"has-small-font-size\"><span style=\"font-family: helvetica, arial, sans-serif;color: #474444\">Existen varias posibilidades:<\/span><\/p>\n<ul style=\"font-size: 14px\">\n<li><span style=\"font-family: helvetica, arial, sans-serif;color: #474444;font-size: 12pt\">CFGS en Automoci\u00f3n<\/span><\/li>\n<li><span style=\"font-family: helvetica, arial, sans-serif;color: #474444;font-size: 12pt\">CFGS en Mantenimiento Aeromec\u00e1nico de Aviones con Motor de Pist\u00f3n<\/span><\/li>\n<li><span style=\"font-family: helvetica, arial, sans-serif;color: #474444;font-size: 12pt\">CFGS en Mantenimiento Aeromec\u00e1nico de Aviones con Motor de Turbina<\/span><\/li>\n<li><span style=\"font-family: helvetica, arial, sans-serif;color: #474444;font-size: 12pt\">CFGS en Mantenimiento Aeromec\u00e1nico de Helic\u00f3pteros con Motor de Pist\u00f3n<\/span><\/li>\n<li><span style=\"font-family: helvetica, arial, sans-serif;color: #474444;font-size: 12pt\">CFGS en Mantenimiento Aeromec\u00e1nico de Helic\u00f3pteros con Motor de Turbina<\/span><\/li>\n<li><span style=\"font-family: helvetica, arial, sans-serif;color: #474444;font-size: 12pt\">CFGS en Mantenimiento de Sistemas Electr\u00f3nicos y Avi\u00f3nicos de Aeronaves<\/span><\/li>\n<\/ul>\n<\/div>\n<div class=\"wp-block-jetpack-layout-grid-column wp-block-jetpack-layout-grid__padding-none\">\n<h4 class=\"a8c-section-column-title has-normal-font-size\"><span style=\"font-family: helvetica, arial, sans-serif;color: #474444\"><em>CFGS de distinta familia profesional<\/em><\/span><\/h4>\n<p class=\"a8c-section-column-text has-small-font-size\"><span style=\"font-family: helvetica, arial, sans-serif;color: #474444\">Si quieres estudiar otra formaci\u00f3n diferente, que pueda complementar o ampliar tus conocimientos.<\/span><\/p>\n<\/div>\n<div class=\"wp-block-jetpack-layout-grid-column wp-block-jetpack-layout-grid__padding-none\">\n<h4 class=\"a8c-section-column-title has-normal-font-size\"><span style=\"font-family: helvetica, arial, sans-serif;color: #474444\"><em>Otro CFGM<\/em><\/span><\/h4>\n<p class=\"a8c-section-column-text has-small-font-size\"><span style=\"font-family: helvetica, arial, sans-serif;color: #474444\">Existe una gran variedad de formaci\u00f3n profesional de diferentes ramas profesionales.<\/span><\/p>\n<p class=\"has-small-font-size\"><span style=\"font-family: helvetica, arial, sans-serif;color: #474444\">Podr\u00e1s complementar tu formaci\u00f3n actual o explorar otras inquietudes.<\/span><\/p>\n<\/div>\n<div class=\"wp-block-jetpack-layout-grid-column wp-block-jetpack-layout-grid__padding-none\">\n<h4 class=\"has-normal-font-size\"><span style=\"font-family: helvetica, arial, sans-serif;color: #474444\">Bachillerato<\/span><\/h4>\n<p class=\"has-small-font-size\"><span style=\"font-family: helvetica, arial, sans-serif;color: #474444\">De cualquier modalidad o preparaci\u00f3n de la prueba de evaluaci\u00f3n de esta ense\u00f1anza por libre.<\/span><\/p>\n<\/div>\n<\/div>\n<\/td>\n<\/tr>\n<\/tbody>\n<\/table>\n","protected":false},"excerpt":{"rendered":"<p>\u00bfQu\u00e9 voy a estudiar? PRIMER CURSO Elementos Amovibles Elementos Met\u00e1licos y Sint\u00e9ticos Elementos Fijos Preparaci\u00f3n de Superficies Mecanizado B\u00e1sico Formaci\u00f3n y Orientaci\u00f3n Laboral &nbsp; SEGUNDO&hellip;<\/p>\n","protected":false},"author":10364,"featured_media":0,"parent":40,"menu_order":0,"comment_status":"closed","ping_status":"closed","template":"","meta":{"ngg_post_thumbnail":0,"footnotes":""},"aioseo_notices":[],"_links":{"self":[{"href":"https:\/\/blogsaverroes.juntadeandalucia.es\/fpiesalmadraba\/wp-json\/wp\/v2\/pages\/746"}],"collection":[{"href":"https:\/\/blogsaverroes.juntadeandalucia.es\/fpiesalmadraba\/wp-json\/wp\/v2\/pages"}],"about":[{"href":"https:\/\/blogsaverroes.juntadeandalucia.es\/fpiesalmadraba\/wp-json\/wp\/v2\/types\/page"}],"author":[{"embeddable":true,"href":"https:\/\/blogsaverroes.juntadeandalucia.es\/fpiesalmadraba\/wp-json\/wp\/v2\/users\/10364"}],"replies":[{"embeddable":true,"href":"https:\/\/blogsaverroes.juntadeandalucia.es\/fpiesalmadraba\/wp-json\/wp\/v2\/comments?post=746"}],"version-history":[{"count":3,"href":"https:\/\/blogsaverroes.juntadeandalucia.es\/fpiesalmadraba\/wp-json\/wp\/v2\/pages\/746\/revisions"}],"predecessor-version":[{"id":750,"href":"https:\/\/blogsaverroes.juntadeandalucia.es\/fpiesalmadraba\/wp-json\/wp\/v2\/pages\/746\/revisions\/750"}],"up":[{"embeddable":true,"href":"https:\/\/blogsaverroes.juntadeandalucia.es\/fpiesalmadraba\/wp-json\/wp\/v2\/pages\/40"}],"wp:attachment":[{"href":"https:\/\/blogsaverroes.juntadeandalucia.es\/fpiesalmadraba\/wp-json\/wp\/v2\/media?parent=746"}],"curies":[{"name":"wp","href":"https:\/\/api.w.org\/{rel}","templated":true}]}}