{"id":273,"date":"2022-05-17T07:02:40","date_gmt":"2022-05-17T07:02:40","guid":{"rendered":"https:\/\/blogsaverroes.juntadeandalucia.es\/fpinformatica\/?page_id=273"},"modified":"2022-05-18T05:03:05","modified_gmt":"2022-05-18T05:03:05","slug":"empresas-colaboradoras","status":"publish","type":"page","link":"https:\/\/blogsaverroes.juntadeandalucia.es\/fpinformatica\/empresas-colaboradoras\/","title":{"rendered":"Empresas colaboradoras"},"content":{"rendered":"\t\t<div data-elementor-type=\"wp-page\" data-elementor-id=\"273\" class=\"elementor elementor-273\">\n\t\t\t\t\t\t<section class=\"elementor-section elementor-top-section elementor-element elementor-element-5ad33713 elementor-section-boxed elementor-section-height-default elementor-section-height-default\" data-id=\"5ad33713\" data-element_type=\"section\">\n\t\t\t\t\t\t<div class=\"elementor-container elementor-column-gap-default\">\n\t\t\t\t\t<div class=\"elementor-column elementor-col-100 elementor-top-column elementor-element elementor-element-2374fb50\" data-id=\"2374fb50\" data-element_type=\"column\">\n\t\t\t<div class=\"elementor-widget-wrap elementor-element-populated\">\n\t\t\t\t\t\t<div class=\"elementor-element elementor-element-24636320 elementor-widget elementor-widget-text-editor\" data-id=\"24636320\" data-element_type=\"widget\" data-widget_type=\"text-editor.default\">\n\t\t\t\t<div class=\"elementor-widget-container\">\n\t\t\t\t\t\t\t\t\t<p style=\"text-align: justify\">A continuaci\u00f3n mostramos las empresas y organismos p\u00fablicos que colaboran con nuestro departamento a la hora de desarrollar el m\u00f3dulo de <strong>Formaci\u00f3n en Centros de Trabajo<\/strong> que cursa nuestro alumnado una vez superados el resto de m\u00f3dulos profesionales de los ciclos formativos en los que se encuentran matriculados:<\/p>\n&nbsp;\t\t\t\t\t\t\t\t<\/div>\n\t\t\t\t<\/div>\n\t\t\t\t\t<\/div>\n\t\t<\/div>\n\t\t\t\t\t<\/div>\n\t\t<\/section>\n\t\t\t\t<section class=\"elementor-section elementor-top-section elementor-element elementor-element-8cd57db elementor-section-boxed elementor-section-height-default elementor-section-height-default\" data-id=\"8cd57db\" data-element_type=\"section\">\n\t\t\t\t\t\t<div class=\"elementor-container elementor-column-gap-default\">\n\t\t\t\t\t<div class=\"elementor-column elementor-col-25 elementor-top-column elementor-element elementor-element-ca40878\" data-id=\"ca40878\" data-element_type=\"column\">\n\t\t\t<div class=\"elementor-widget-wrap elementor-element-populated\">\n\t\t\t\t\t\t<div class=\"elementor-element elementor-element-9d442d4 elementor-widget elementor-widget-image\" data-id=\"9d442d4\" data-element_type=\"widget\" data-widget_type=\"image.default\">\n\t\t\t\t<div class=\"elementor-widget-container\">\n\t\t\t\t\t\t\t\t\t\t\t\t\t\t\t<img decoding=\"async\" src=\"https:\/\/blog.beep.es\/wp-content\/uploads\/2016\/07\/beep-baseline-ES-pos-800x800-1.png\" title=\"\" alt=\"\" loading=\"lazy\" \/>\t\t\t\t\t\t\t\t\t\t\t\t\t\t\t<\/div>\n\t\t\t\t<\/div>\n\t\t\t\t\t<\/div>\n\t\t<\/div>\n\t\t\t\t<div class=\"elementor-column elementor-col-25 elementor-top-column elementor-element elementor-element-9e89ddb\" data-id=\"9e89ddb\" data-element_type=\"column\">\n\t\t\t<div class=\"elementor-widget-wrap elementor-element-populated\">\n\t\t\t\t\t\t<div class=\"elementor-element elementor-element-2016023 elementor-widget elementor-widget-image\" data-id=\"2016023\" data-element_type=\"widget\" data-widget_type=\"image.default\">\n\t\t\t\t<div class=\"elementor-widget-container\">\n\t\t\t\t\t\t\t\t\t\t\t\t\t\t\t<img decoding=\"async\" src=\"https:\/\/rabanales21.com\/wp-content\/uploads\/2019\/07\/innovasur.png\" title=\"\" alt=\"\" loading=\"lazy\" \/>\t\t\t\t\t\t\t\t\t\t\t\t\t\t\t<\/div>\n\t\t\t\t<\/div>\n\t\t\t\t\t<\/div>\n\t\t<\/div>\n\t\t\t\t<div class=\"elementor-column elementor-col-25 elementor-top-column elementor-element elementor-element-d50d350\" data-id=\"d50d350\" data-element_type=\"column\">\n\t\t\t<div class=\"elementor-widget-wrap elementor-element-populated\">\n\t\t\t\t\t\t<div class=\"elementor-element elementor-element-439ecff elementor-widget elementor-widget-image\" data-id=\"439ecff\" data-element_type=\"widget\" data-widget_type=\"image.default\">\n\t\t\t\t<div class=\"elementor-widget-container\">\n\t\t\t\t\t\t\t\t\t\t\t\t\t\t\t<img decoding=\"async\" src=\"https:\/\/www.emprendedores.es\/wp-content\/uploads\/2020\/05\/logo-software-delsol-1581330423.jpg\" title=\"\" alt=\"\" loading=\"lazy\" \/>\t\t\t\t\t\t\t\t\t\t\t\t\t\t\t<\/div>\n\t\t\t\t<\/div>\n\t\t\t\t\t<\/div>\n\t\t<\/div>\n\t\t\t\t<div class=\"elementor-column elementor-col-25 elementor-top-column elementor-element elementor-element-ef7efb4\" data-id=\"ef7efb4\" data-element_type=\"column\">\n\t\t\t<div class=\"elementor-widget-wrap elementor-element-populated\">\n\t\t\t\t\t\t<div class=\"elementor-element elementor-element-7052857 elementor-widget elementor-widget-image\" data-id=\"7052857\" data-element_type=\"widget\" data-widget_type=\"image.default\">\n\t\t\t\t<div class=\"elementor-widget-container\">\n\t\t\t\t\t\t\t\t\t\t\t\t\t\t\t<img decoding=\"async\" src=\"https:\/\/multimedia.infojobs.net\/api\/v1\/tenants\/c7e2b9c1-8480-43b0-ad9e-000c17aa2cbb\/domains\/718302b6-5343-43d3-a8a3-829dc3da0893\/buckets\/6f3ab1cc-5920-4f4e-b131-46a4587a0e1f\/images\/d2\/d2f2bc58-8401-437c-a0bc-d2fc221e0bf4?jwt=eyJhbGciOiJSUzI1NiJ9.eyJpYXQiOjE2NDQzOTk3OTcsImV4cCI6MTY3NTkzNTc5NywicnFzIjoiR0VUXFwvdGVuYW50cy9jN2UyYjljMS04NDgwLTQzYjAtYWQ5ZS0wMDBjMTdhYTJjYmIvZG9tYWlucy83MTgzMDJiNi01MzQzLTQzZDMtYThhMy04MjlkYzNkYTA4OTMvYnVja2V0cy82ZjNhYjFjYy01OTIwLTRmNGUtYjEzMS00NmE0NTg3YTBlMWYvaW1hZ2VzL2QyL2QyZjJiYzU4LTg0MDEtNDM3Yy1hMGJjLWQyZmMyMjFlMGJmNCIsIm1ldGFkYXRhIjp7InJ1bGUiOnsidmVyc2lvbiI6IjIwMTYtMTAiLCJhY3Rpb25zIjpbXX19fQ.Pvu86yAPIYLziWD6klgIrxFTvy70yBpAwE4BsQ7hoS2MZP7FvJvCbdMxK0A36FY_BpqU0W4ZGfCmhopPkA3kNmFxdeJOumZ8hltFUqdALZLdOj9h6sy9J4AlW5XmIGnDdOJw2Ao1RoEcGjn8H5QClEB29BekxbZ3L8MshR17gBZHcqrsbLQjaLoelgDGzJIdJBAW0nbotfzRyewSbgBzSOwF8naEtcobiMRUgSNhunWM4vk-uIQIM5pBsk9bvl-HVhz1YeeGUq6Q0ZkMb1jRw0vziISW-HISQSs4ccUhd2m8Owkh64GX5s_q3G87YA7Z_EBk5scHW7zSjbJSTfwU6Q&#038;AccessKeyId=d724d9a53d95a810\" title=\"\" alt=\"\" loading=\"lazy\" \/>\t\t\t\t\t\t\t\t\t\t\t\t\t\t\t<\/div>\n\t\t\t\t<\/div>\n\t\t\t\t\t<\/div>\n\t\t<\/div>\n\t\t\t\t\t<\/div>\n\t\t<\/section>\n\t\t\t\t<section class=\"elementor-section elementor-top-section elementor-element elementor-element-d4a0078 elementor-section-boxed elementor-section-height-default elementor-section-height-default\" data-id=\"d4a0078\" data-element_type=\"section\">\n\t\t\t\t\t\t<div class=\"elementor-container elementor-column-gap-default\">\n\t\t\t\t\t<div class=\"elementor-column elementor-col-25 elementor-top-column elementor-element elementor-element-dd11e61\" data-id=\"dd11e61\" data-element_type=\"column\">\n\t\t\t<div class=\"elementor-widget-wrap elementor-element-populated\">\n\t\t\t\t\t\t<div class=\"elementor-element elementor-element-ca91cb1 elementor-widget elementor-widget-image\" data-id=\"ca91cb1\" data-element_type=\"widget\" data-widget_type=\"image.default\">\n\t\t\t\t<div class=\"elementor-widget-container\">\n\t\t\t\t\t\t\t\t\t\t\t\t\t\t\t<img decoding=\"async\" src=\"https:\/\/www.informaticanosolopc.com\/wp-content\/uploads\/logo-no-solo-pc-01.png\" title=\"\" alt=\"\" loading=\"lazy\" \/>\t\t\t\t\t\t\t\t\t\t\t\t\t\t\t<\/div>\n\t\t\t\t<\/div>\n\t\t\t\t\t<\/div>\n\t\t<\/div>\n\t\t\t\t<div class=\"elementor-column elementor-col-25 elementor-top-column elementor-element elementor-element-deec4fa\" data-id=\"deec4fa\" data-element_type=\"column\">\n\t\t\t<div class=\"elementor-widget-wrap\">\n\t\t\t\t\t\t\t<\/div>\n\t\t<\/div>\n\t\t\t\t<div class=\"elementor-column elementor-col-25 elementor-top-column elementor-element elementor-element-7024cae\" data-id=\"7024cae\" data-element_type=\"column\">\n\t\t\t<div class=\"elementor-widget-wrap\">\n\t\t\t\t\t\t\t<\/div>\n\t\t<\/div>\n\t\t\t\t<div class=\"elementor-column elementor-col-25 elementor-top-column elementor-element elementor-element-10820f7\" data-id=\"10820f7\" data-element_type=\"column\">\n\t\t\t<div class=\"elementor-widget-wrap\">\n\t\t\t\t\t\t\t<\/div>\n\t\t<\/div>\n\t\t\t\t\t<\/div>\n\t\t<\/section>\n\t\t\t\t<\/div>\n\t\t","protected":false},"excerpt":{"rendered":"<p>A continuaci\u00f3n mostramos las empresas y organismos p\u00fablicos que colaboran con nuestro departamento a la hora de desarrollar el m\u00f3dulo de Formaci\u00f3n en Centros de Trabajo que cursa nuestro alumnado una vez superados el&#46;&#46;&#46;<\/p>\n","protected":false},"author":7916,"featured_media":0,"parent":0,"menu_order":0,"comment_status":"closed","ping_status":"closed","template":"","meta":{"ngg_post_thumbnail":0,"footnotes":""},"aioseo_notices":[],"_links":{"self":[{"href":"https:\/\/blogsaverroes.juntadeandalucia.es\/fpinformatica\/wp-json\/wp\/v2\/pages\/273"}],"collection":[{"href":"https:\/\/blogsaverroes.juntadeandalucia.es\/fpinformatica\/wp-json\/wp\/v2\/pages"}],"about":[{"href":"https:\/\/blogsaverroes.juntadeandalucia.es\/fpinformatica\/wp-json\/wp\/v2\/types\/page"}],"author":[{"embeddable":true,"href":"https:\/\/blogsaverroes.juntadeandalucia.es\/fpinformatica\/wp-json\/wp\/v2\/users\/7916"}],"replies":[{"embeddable":true,"href":"https:\/\/blogsaverroes.juntadeandalucia.es\/fpinformatica\/wp-json\/wp\/v2\/comments?post=273"}],"version-history":[{"count":5,"href":"https:\/\/blogsaverroes.juntadeandalucia.es\/fpinformatica\/wp-json\/wp\/v2\/pages\/273\/revisions"}],"predecessor-version":[{"id":312,"href":"https:\/\/blogsaverroes.juntadeandalucia.es\/fpinformatica\/wp-json\/wp\/v2\/pages\/273\/revisions\/312"}],"wp:attachment":[{"href":"https:\/\/blogsaverroes.juntadeandalucia.es\/fpinformatica\/wp-json\/wp\/v2\/media?parent=273"}],"curies":[{"name":"wp","href":"https:\/\/api.w.org\/{rel}","templated":true}]}}