{"id":40,"date":"2022-02-05T07:41:27","date_gmt":"2022-02-05T07:41:27","guid":{"rendered":"https:\/\/blogsaverroes.juntadeandalucia.es\/fpinformatica\/?page_id=40"},"modified":"2022-05-16T19:21:25","modified_gmt":"2022-05-16T19:21:25","slug":"nosotros","status":"publish","type":"page","link":"https:\/\/blogsaverroes.juntadeandalucia.es\/fpinformatica\/nosotros\/","title":{"rendered":"Nosotros"},"content":{"rendered":"\t\t<div data-elementor-type=\"wp-page\" data-elementor-id=\"40\" class=\"elementor elementor-40\">\n\t\t\t\t\t\t<section class=\"elementor-section elementor-top-section elementor-element elementor-element-ef9dc4f elementor-section-boxed elementor-section-height-default elementor-section-height-default\" data-id=\"ef9dc4f\" data-element_type=\"section\">\n\t\t\t\t\t\t<div class=\"elementor-container elementor-column-gap-default\">\n\t\t\t\t\t<div class=\"elementor-column elementor-col-100 elementor-top-column elementor-element elementor-element-0ca10e8\" data-id=\"0ca10e8\" data-element_type=\"column\">\n\t\t\t<div class=\"elementor-widget-wrap elementor-element-populated\">\n\t\t\t\t\t\t<div class=\"elementor-element elementor-element-7453492 elementor-widget elementor-widget-text-editor\" data-id=\"7453492\" data-element_type=\"widget\" data-widget_type=\"text-editor.default\">\n\t\t\t\t<div class=\"elementor-widget-container\">\n\t\t\t\t\t\t\t\t\t<p style=\"font-weight: 400;line-height: 24px;font-size: 14px;margin-bottom: 16px;color: #212121;text-align: justify;font-family: Roboto, Helvetica, Arial, sans-serif;font-style: normal\">En la actualidad el Departamento de Inform\u00e1tica est\u00e1 compuesto por siete docentes cualificados que formamos un grupo joven, dispuestos a evolucionar y actualizarnos pensando siempre en el inter\u00e9s de nuestro alumnado.<\/p><p style=\"font-weight: 400;line-height: 24px;font-size: 14px;margin-bottom: 16px;color: #212121;text-align: justify;font-family: Roboto, Helvetica, Arial, sans-serif;font-style: normal\">Estamos integrados en el IES Pe\u00f1a del \u00c1guila de Mancha Real (Ja\u00e9n) y adem\u00e1s de las tareas lectivas propias de la docencia tambi\u00e9n nos ocupamos de la Tranformaci\u00f3n Digital Educativa de nuestro centro y de otros proyectos educativos relacionados con la formaci\u00f3n profesional.<\/p><p style=\"font-weight: 400;line-height: 24px;font-size: 14px;margin-bottom: 16px;color: #212121;text-align: justify;font-family: Roboto, Helvetica, Arial, sans-serif;font-style: normal\">Impartimos dos ciclos de Formaci\u00f3n Profesional: el ciclo de grado medio de Sistemas Microinform\u00e1ticos y Redes y el ciclo de\u00a0 F.P. B\u00e1sica de Inform\u00e1tica de Oficina, adem\u00e1s de las asignaturas de inform\u00e1tica en 1\u00ba y 2\u00ba de Bachillerato.<\/p><p style=\"font-weight: 400;line-height: 24px;font-size: 14px;margin-bottom: 16px;color: #212121;text-align: justify;font-family: Roboto, Helvetica, Arial, sans-serif;font-style: normal\">Las clases se imparten en aulas equipadas con ordenadores en red, proyector y acceso a internet<\/p><p style=\"font-weight: 400;line-height: 24px;font-size: 14px;margin-bottom: 16px;color: #212121;text-align: justify;font-family: Roboto, Helvetica, Arial, sans-serif;font-style: normal\">Estaremos encantados de resolverte cualquier duda que tengas, as\u00ed que no dudes en ponerte en contacto con nosotros.<\/p>\t\t\t\t\t\t\t\t<\/div>\n\t\t\t\t<\/div>\n\t\t\t\t\t<\/div>\n\t\t<\/div>\n\t\t\t\t\t<\/div>\n\t\t<\/section>\n\t\t\t\t<section class=\"elementor-section elementor-top-section elementor-element elementor-element-79a9b2b elementor-section-boxed elementor-section-height-default elementor-section-height-default\" data-id=\"79a9b2b\" data-element_type=\"section\">\n\t\t\t\t\t\t<div class=\"elementor-container elementor-column-gap-default\">\n\t\t\t\t\t<div class=\"elementor-column elementor-col-25 elementor-top-column elementor-element elementor-element-f1edb3c\" data-id=\"f1edb3c\" data-element_type=\"column\">\n\t\t\t<div class=\"elementor-widget-wrap elementor-element-populated\">\n\t\t\t\t\t\t<div class=\"elementor-element elementor-element-7afbc8f elementor-widget elementor-widget-image\" data-id=\"7afbc8f\" data-element_type=\"widget\" data-widget_type=\"image.default\">\n\t\t\t\t<div class=\"elementor-widget-container\">\n\t\t\t\t\t\t\t\t\t\t\t\t\t\t\t<img decoding=\"async\" src=\"https:\/\/blogsaverroes.juntadeandalucia.es\/fpinformatica\/wp-content\/plugins\/elementor\/assets\/images\/placeholder.png\" title=\"\" alt=\"\" loading=\"lazy\" \/>\t\t\t\t\t\t\t\t\t\t\t\t\t\t\t<\/div>\n\t\t\t\t<\/div>\n\t\t\t\t\t<\/div>\n\t\t<\/div>\n\t\t\t\t<div class=\"elementor-column elementor-col-25 elementor-top-column elementor-element elementor-element-db38aea\" data-id=\"db38aea\" data-element_type=\"column\">\n\t\t\t<div class=\"elementor-widget-wrap elementor-element-populated\">\n\t\t\t\t\t\t<div class=\"elementor-element elementor-element-5769aa1 elementor-widget elementor-widget-image\" data-id=\"5769aa1\" data-element_type=\"widget\" data-widget_type=\"image.default\">\n\t\t\t\t<div class=\"elementor-widget-container\">\n\t\t\t\t\t\t\t\t\t\t\t\t\t\t\t<img decoding=\"async\" src=\"https:\/\/blogsaverroes.juntadeandalucia.es\/fpinformatica\/wp-content\/plugins\/elementor\/assets\/images\/placeholder.png\" title=\"\" alt=\"\" loading=\"lazy\" \/>\t\t\t\t\t\t\t\t\t\t\t\t\t\t\t<\/div>\n\t\t\t\t<\/div>\n\t\t\t\t\t<\/div>\n\t\t<\/div>\n\t\t\t\t<div class=\"elementor-column elementor-col-25 elementor-top-column elementor-element elementor-element-2e54c60\" data-id=\"2e54c60\" data-element_type=\"column\">\n\t\t\t<div class=\"elementor-widget-wrap elementor-element-populated\">\n\t\t\t\t\t\t<div class=\"elementor-element elementor-element-4ae8cc4 elementor-widget elementor-widget-image\" data-id=\"4ae8cc4\" data-element_type=\"widget\" data-widget_type=\"image.default\">\n\t\t\t\t<div class=\"elementor-widget-container\">\n\t\t\t\t\t\t\t\t\t\t\t\t\t\t\t<img decoding=\"async\" src=\"https:\/\/blogsaverroes.juntadeandalucia.es\/fpinformatica\/wp-content\/plugins\/elementor\/assets\/images\/placeholder.png\" title=\"\" alt=\"\" loading=\"lazy\" \/>\t\t\t\t\t\t\t\t\t\t\t\t\t\t\t<\/div>\n\t\t\t\t<\/div>\n\t\t\t\t\t<\/div>\n\t\t<\/div>\n\t\t\t\t<div class=\"elementor-column elementor-col-25 elementor-top-column elementor-element elementor-element-2c812bb\" data-id=\"2c812bb\" data-element_type=\"column\">\n\t\t\t<div class=\"elementor-widget-wrap elementor-element-populated\">\n\t\t\t\t\t\t<div class=\"elementor-element elementor-element-a2a4577 elementor-widget elementor-widget-image\" data-id=\"a2a4577\" data-element_type=\"widget\" data-widget_type=\"image.default\">\n\t\t\t\t<div class=\"elementor-widget-container\">\n\t\t\t\t\t\t\t\t\t\t\t\t\t\t\t<img decoding=\"async\" src=\"https:\/\/blogsaverroes.juntadeandalucia.es\/fpinformatica\/wp-content\/plugins\/elementor\/assets\/images\/placeholder.png\" title=\"\" alt=\"\" loading=\"lazy\" \/>\t\t\t\t\t\t\t\t\t\t\t\t\t\t\t<\/div>\n\t\t\t\t<\/div>\n\t\t\t\t\t<\/div>\n\t\t<\/div>\n\t\t\t\t\t<\/div>\n\t\t<\/section>\n\t\t\t\t<section class=\"elementor-section elementor-top-section elementor-element elementor-element-873fdad elementor-section-boxed elementor-section-height-default elementor-section-height-default\" data-id=\"873fdad\" data-element_type=\"section\">\n\t\t\t\t\t\t<div class=\"elementor-container elementor-column-gap-default\">\n\t\t\t\t\t<div class=\"elementor-column elementor-col-25 elementor-top-column elementor-element elementor-element-b3823d2\" data-id=\"b3823d2\" data-element_type=\"column\">\n\t\t\t<div class=\"elementor-widget-wrap elementor-element-populated\">\n\t\t\t\t\t\t<div class=\"elementor-element elementor-element-0915c77 elementor-button-info elementor-align-center elementor-widget elementor-widget-button\" data-id=\"0915c77\" data-element_type=\"widget\" data-widget_type=\"button.default\">\n\t\t\t\t<div class=\"elementor-widget-container\">\n\t\t\t\t\t\t\t\t\t<div class=\"elementor-button-wrapper\">\n\t\t\t\t\t<a class=\"elementor-button elementor-button-link elementor-size-sm\" href=\"#\">\n\t\t\t\t\t\t<span class=\"elementor-button-content-wrapper\">\n\t\t\t\t\t\t\t\t\t<span class=\"elementor-button-text\">Haz clic aqu\u00ed<\/span>\n\t\t\t\t\t<\/span>\n\t\t\t\t\t<\/a>\n\t\t\t\t<\/div>\n\t\t\t\t\t\t\t\t<\/div>\n\t\t\t\t<\/div>\n\t\t\t\t\t<\/div>\n\t\t<\/div>\n\t\t\t\t<div class=\"elementor-column elementor-col-25 elementor-top-column elementor-element elementor-element-f92acd9\" data-id=\"f92acd9\" data-element_type=\"column\">\n\t\t\t<div class=\"elementor-widget-wrap\">\n\t\t\t\t\t\t\t<\/div>\n\t\t<\/div>\n\t\t\t\t<div class=\"elementor-column elementor-col-25 elementor-top-column elementor-element elementor-element-e796a95\" data-id=\"e796a95\" data-element_type=\"column\">\n\t\t\t<div class=\"elementor-widget-wrap\">\n\t\t\t\t\t\t\t<\/div>\n\t\t<\/div>\n\t\t\t\t<div class=\"elementor-column elementor-col-25 elementor-top-column elementor-element elementor-element-a60a5f6\" data-id=\"a60a5f6\" data-element_type=\"column\">\n\t\t\t<div class=\"elementor-widget-wrap\">\n\t\t\t\t\t\t\t<\/div>\n\t\t<\/div>\n\t\t\t\t\t<\/div>\n\t\t<\/section>\n\t\t\t\t<\/div>\n\t\t","protected":false},"excerpt":{"rendered":"<p>En la actualidad el Departamento de Inform\u00e1tica est\u00e1 compuesto por siete docentes cualificados que formamos un grupo joven, dispuestos a evolucionar y actualizarnos pensando siempre en el inter\u00e9s de nuestro alumnado. Estamos integrados en&#46;&#46;&#46;<\/p>\n","protected":false},"author":7916,"featured_media":0,"parent":0,"menu_order":0,"comment_status":"closed","ping_status":"closed","template":"","meta":{"ngg_post_thumbnail":0,"footnotes":""},"aioseo_notices":[],"_links":{"self":[{"href":"https:\/\/blogsaverroes.juntadeandalucia.es\/fpinformatica\/wp-json\/wp\/v2\/pages\/40"}],"collection":[{"href":"https:\/\/blogsaverroes.juntadeandalucia.es\/fpinformatica\/wp-json\/wp\/v2\/pages"}],"about":[{"href":"https:\/\/blogsaverroes.juntadeandalucia.es\/fpinformatica\/wp-json\/wp\/v2\/types\/page"}],"author":[{"embeddable":true,"href":"https:\/\/blogsaverroes.juntadeandalucia.es\/fpinformatica\/wp-json\/wp\/v2\/users\/7916"}],"replies":[{"embeddable":true,"href":"https:\/\/blogsaverroes.juntadeandalucia.es\/fpinformatica\/wp-json\/wp\/v2\/comments?post=40"}],"version-history":[{"count":16,"href":"https:\/\/blogsaverroes.juntadeandalucia.es\/fpinformatica\/wp-json\/wp\/v2\/pages\/40\/revisions"}],"predecessor-version":[{"id":242,"href":"https:\/\/blogsaverroes.juntadeandalucia.es\/fpinformatica\/wp-json\/wp\/v2\/pages\/40\/revisions\/242"}],"wp:attachment":[{"href":"https:\/\/blogsaverroes.juntadeandalucia.es\/fpinformatica\/wp-json\/wp\/v2\/media?parent=40"}],"curies":[{"name":"wp","href":"https:\/\/api.w.org\/{rel}","templated":true}]}}