{"id":79,"date":"2022-02-24T09:28:03","date_gmt":"2022-02-24T09:28:03","guid":{"rendered":"https:\/\/blogsaverroes.juntadeandalucia.es\/fpmadera\/?page_id=79"},"modified":"2022-05-11T09:18:03","modified_gmt":"2022-05-11T09:18:03","slug":"contacto","status":"publish","type":"page","link":"https:\/\/blogsaverroes.juntadeandalucia.es\/fpmadera\/contacto\/","title":{"rendered":"CONTACTO"},"content":{"rendered":"\t\t<div data-elementor-type=\"wp-page\" data-elementor-id=\"79\" class=\"elementor elementor-79\">\n\t\t\t\t\t\t<section class=\"elementor-section elementor-top-section elementor-element elementor-element-2d90abe elementor-section-boxed elementor-section-height-default elementor-section-height-default\" data-id=\"2d90abe\" data-element_type=\"section\">\n\t\t\t\t\t\t<div class=\"elementor-container elementor-column-gap-default\">\n\t\t\t\t\t<div class=\"elementor-column elementor-col-100 elementor-top-column elementor-element elementor-element-9f890d0\" data-id=\"9f890d0\" data-element_type=\"column\">\n\t\t\t<div class=\"elementor-widget-wrap elementor-element-populated\">\n\t\t\t\t\t\t<div class=\"elementor-element elementor-element-1edb4d5 elementor-widget elementor-widget-google_maps\" data-id=\"1edb4d5\" data-element_type=\"widget\" data-widget_type=\"google_maps.default\">\n\t\t\t\t<div class=\"elementor-widget-container\">\n\t\t\t\t\t\t\t<div class=\"elementor-custom-embed\">\n\t\t\t<iframe loading=\"lazy\"\n\t\t\t\t\tsrc=\"https:\/\/maps.google.com\/maps?q=ies%20pe%C3%B1a%20del%20aguila%20mancha%20real&#038;t=m&#038;z=16&#038;output=embed&#038;iwloc=near\"\n\t\t\t\t\ttitle=\"ies pe\u00f1a del aguila mancha real\"\n\t\t\t\t\taria-label=\"ies pe\u00f1a del aguila mancha real\"\n\t\t\t><\/iframe>\n\t\t<\/div>\n\t\t\t\t\t\t<\/div>\n\t\t\t\t<\/div>\n\t\t\t\t\t<\/div>\n\t\t<\/div>\n\t\t\t\t\t<\/div>\n\t\t<\/section>\n\t\t\t\t<section class=\"elementor-section elementor-top-section elementor-element elementor-element-9a0a243 elementor-section-boxed elementor-section-height-default elementor-section-height-default\" data-id=\"9a0a243\" data-element_type=\"section\">\n\t\t\t\t\t\t<div class=\"elementor-container elementor-column-gap-default\">\n\t\t\t\t\t<div class=\"elementor-column elementor-col-50 elementor-top-column elementor-element elementor-element-596eb1b\" data-id=\"596eb1b\" data-element_type=\"column\">\n\t\t\t<div class=\"elementor-widget-wrap elementor-element-populated\">\n\t\t\t\t\t\t<div class=\"elementor-element elementor-element-dcac7ab elementor-widget elementor-widget-text-editor\" data-id=\"dcac7ab\" data-element_type=\"widget\" data-widget_type=\"text-editor.default\">\n\t\t\t\t<div class=\"elementor-widget-container\">\n\t\t\t\t\t\t\t\t\t<p><strong><span style=\"color: #800000\">Dpto. Madera y Mueble.<\/span><\/strong><\/p><p><span style=\"color: #800000\">IES Pe\u00f1a del \u00c1guila<\/span><\/p><p><span style=\"color: #800000\">Ctra. de Pegalajar, 10. 23100 Mancha Real Ja\u00e9n)<\/span><\/p><p><span style=\"color: #800000\">Departamento:\u00a0<\/span><span style=\"color: #202124;font-family: arial, sans-serif;font-size: 14pt;font-style: normal;font-weight: 400\">23005074.fpmadera@ g.educaand.es\u00a0<\/span><\/p>\t\t\t\t\t\t\t\t<\/div>\n\t\t\t\t<\/div>\n\t\t\t\t\t<\/div>\n\t\t<\/div>\n\t\t\t\t<div class=\"elementor-column elementor-col-50 elementor-top-column elementor-element elementor-element-d9e6d63\" data-id=\"d9e6d63\" data-element_type=\"column\">\n\t\t\t<div class=\"elementor-widget-wrap\">\n\t\t\t\t\t\t\t<\/div>\n\t\t<\/div>\n\t\t\t\t\t<\/div>\n\t\t<\/section>\n\t\t\t\t<\/div>\n\t\t","protected":false},"excerpt":{"rendered":"<p>Dpto. Madera y Mueble. IES Pe\u00f1a del \u00c1guila Ctra. de Pegalajar, 10. 23100 Mancha Real Ja\u00e9n) Departamento:\u00a023005074.fpmadera@ g.educaand.es\u00a0<\/p>\n","protected":false},"author":12045,"featured_media":0,"parent":0,"menu_order":0,"comment_status":"closed","ping_status":"closed","template":"","meta":{"ngg_post_thumbnail":0,"footnotes":""},"aioseo_notices":[],"_links":{"self":[{"href":"https:\/\/blogsaverroes.juntadeandalucia.es\/fpmadera\/wp-json\/wp\/v2\/pages\/79"}],"collection":[{"href":"https:\/\/blogsaverroes.juntadeandalucia.es\/fpmadera\/wp-json\/wp\/v2\/pages"}],"about":[{"href":"https:\/\/blogsaverroes.juntadeandalucia.es\/fpmadera\/wp-json\/wp\/v2\/types\/page"}],"author":[{"embeddable":true,"href":"https:\/\/blogsaverroes.juntadeandalucia.es\/fpmadera\/wp-json\/wp\/v2\/users\/12045"}],"replies":[{"embeddable":true,"href":"https:\/\/blogsaverroes.juntadeandalucia.es\/fpmadera\/wp-json\/wp\/v2\/comments?post=79"}],"version-history":[{"count":13,"href":"https:\/\/blogsaverroes.juntadeandalucia.es\/fpmadera\/wp-json\/wp\/v2\/pages\/79\/revisions"}],"predecessor-version":[{"id":385,"href":"https:\/\/blogsaverroes.juntadeandalucia.es\/fpmadera\/wp-json\/wp\/v2\/pages\/79\/revisions\/385"}],"wp:attachment":[{"href":"https:\/\/blogsaverroes.juntadeandalucia.es\/fpmadera\/wp-json\/wp\/v2\/media?parent=79"}],"curies":[{"name":"wp","href":"https:\/\/api.w.org\/{rel}","templated":true}]}}