{"id":99,"date":"2022-04-21T07:26:50","date_gmt":"2022-04-21T07:26:50","guid":{"rendered":"https:\/\/blogsaverroes.juntadeandalucia.es\/fpmadera\/?page_id=99"},"modified":"2022-05-11T08:48:42","modified_gmt":"2022-05-11T08:48:42","slug":"nosotros","status":"publish","type":"page","link":"https:\/\/blogsaverroes.juntadeandalucia.es\/fpmadera\/nosotros\/","title":{"rendered":"NOSOTROS"},"content":{"rendered":"\t\t<div data-elementor-type=\"wp-page\" data-elementor-id=\"99\" class=\"elementor elementor-99\">\n\t\t\t\t\t\t<section class=\"elementor-section elementor-top-section elementor-element elementor-element-8a1507f elementor-section-boxed elementor-section-height-default elementor-section-height-default\" data-id=\"8a1507f\" data-element_type=\"section\">\n\t\t\t\t\t\t<div class=\"elementor-container elementor-column-gap-default\">\n\t\t\t\t\t<div class=\"elementor-column elementor-col-100 elementor-top-column elementor-element elementor-element-aae4764\" data-id=\"aae4764\" data-element_type=\"column\">\n\t\t\t<div class=\"elementor-widget-wrap elementor-element-populated\">\n\t\t\t\t\t\t<div class=\"elementor-element elementor-element-06ea644 elementor-widget elementor-widget-text-editor\" data-id=\"06ea644\" data-element_type=\"widget\" data-widget_type=\"text-editor.default\">\n\t\t\t\t<div class=\"elementor-widget-container\">\n\t\t\t\t\t\t\t\t\t<p>\u00a0<\/p><p style=\"text-align: left\"><span>El Departamento de Carpinter\u00eda, Mue<\/span><span>ble y Corcho, lleva impartiend<\/span><span style=\"text-align: right\">o ense\u00f1anzas de carpinter\u00eda en formaci\u00f3n profesional desde el curso 2020\/21.<\/span><\/p><p style=\"text-align: left\">En la actualidad el Departamento de Carpinter\u00eda, Mueble y Corcho est\u00e1 compuesto por cuatro docentes cualificados, que formamos un\u00a0<span>grupo joven, dispuestos a evolucionar y actualizarnos, pensando siempre en el inter\u00e9s de nuestro alumnado.<\/span><\/p><p style=\"text-align: left\">Impartimos un ciclo de grado medio: T\u00e9cnico en Carpinter\u00eda y Mueble y la Formaci\u00f3n Profesional B\u00e1sica de Carpinter\u00eda y Mueble.<\/p><p style=\"text-align: left\">Las clases te\u00f3ricas se imparten en aulas equipadas con ordenadores en red, proyector y acceso a internet.<\/p><p style=\"text-align: left\">Para las clases pr\u00e1cticas contamos en la actualidad con un taller b\u00e1sico con sierra de cinta, combinada (cepilladora- escopleadora), regruesadora, tup\u00ed, ingleteadora y torno y con herramientas manuales y maquinaria port\u00e1til.<\/p><p style=\"text-align: left\">Estaremos encantados de resolverte cualquier duda que tengas, as\u00ed que no dudes en ponerte en contacto con nosotros.\u00a0 \u00a0 \u00a0 <img decoding=\"async\" class=\"alignnone  wp-image-28\" src=\"https:\/\/blogsaverroes.juntadeandalucia.es\/fpmadera\/files\/2022\/02\/EQUIPO-EDUCATIVO-MADERAS-20220207_121702-300x300.jpg\" alt=\"\" width=\"64\" height=\"64\" srcset=\"https:\/\/blogsaverroes.juntadeandalucia.es\/fpmadera\/files\/2022\/02\/EQUIPO-EDUCATIVO-MADERAS-20220207_121702-300x300.jpg 300w, https:\/\/blogsaverroes.juntadeandalucia.es\/fpmadera\/files\/2022\/02\/EQUIPO-EDUCATIVO-MADERAS-20220207_121702-150x150.jpg 150w, https:\/\/blogsaverroes.juntadeandalucia.es\/fpmadera\/files\/2022\/02\/EQUIPO-EDUCATIVO-MADERAS-20220207_121702.jpg 640w\" sizes=\"(max-width: 64px) 100vw, 64px\" \/><\/p>\t\t\t\t\t\t\t\t<\/div>\n\t\t\t\t<\/div>\n\t\t\t\t\t<\/div>\n\t\t<\/div>\n\t\t\t\t\t<\/div>\n\t\t<\/section>\n\t\t\t\t<section class=\"elementor-section elementor-top-section elementor-element elementor-element-96656a7 elementor-section-boxed elementor-section-height-default elementor-section-height-default\" data-id=\"96656a7\" data-element_type=\"section\">\n\t\t\t\t\t\t<div class=\"elementor-container elementor-column-gap-default\">\n\t\t\t\t\t<div class=\"elementor-column elementor-col-100 elementor-top-column elementor-element elementor-element-a9fc167\" data-id=\"a9fc167\" data-element_type=\"column\">\n\t\t\t<div class=\"elementor-widget-wrap elementor-element-populated\">\n\t\t\t\t\t\t<div class=\"elementor-element elementor-element-98c9274 elementor-widget-divider--view-line elementor-widget elementor-widget-divider\" data-id=\"98c9274\" data-element_type=\"widget\" data-widget_type=\"divider.default\">\n\t\t\t\t<div class=\"elementor-widget-container\">\n\t\t\t\t\t\t\t<div class=\"elementor-divider\">\n\t\t\t<span class=\"elementor-divider-separator\">\n\t\t\t\t\t\t<\/span>\n\t\t<\/div>\n\t\t\t\t\t\t<\/div>\n\t\t\t\t<\/div>\n\t\t\t\t\t<\/div>\n\t\t<\/div>\n\t\t\t\t\t<\/div>\n\t\t<\/section>\n\t\t\t\t<section class=\"elementor-section elementor-top-section elementor-element elementor-element-6d05952 elementor-section-boxed elementor-section-height-default elementor-section-height-default\" data-id=\"6d05952\" data-element_type=\"section\">\n\t\t\t\t\t\t<div class=\"elementor-container elementor-column-gap-default\">\n\t\t\t\t\t<div class=\"elementor-column elementor-col-25 elementor-top-column elementor-element elementor-element-5433336\" data-id=\"5433336\" data-element_type=\"column\">\n\t\t\t<div class=\"elementor-widget-wrap elementor-element-populated\">\n\t\t\t\t\t\t<div class=\"elementor-element elementor-element-05399a5 elementor-widget elementor-widget-image\" data-id=\"05399a5\" data-element_type=\"widget\" data-widget_type=\"image.default\">\n\t\t\t\t<div class=\"elementor-widget-container\">\n\t\t\t\t\t\t\t\t\t\t\t\t\t\t\t<img fetchpriority=\"high\" decoding=\"async\" width=\"855\" height=\"1024\" src=\"https:\/\/blogsaverroes.juntadeandalucia.es\/fpmadera\/files\/2022\/05\/20220510_091657-2-855x1024.jpg\" class=\"attachment-large size-large wp-image-309\" alt=\"\" srcset=\"https:\/\/blogsaverroes.juntadeandalucia.es\/fpmadera\/files\/2022\/05\/20220510_091657-2-855x1024.jpg 855w, https:\/\/blogsaverroes.juntadeandalucia.es\/fpmadera\/files\/2022\/05\/20220510_091657-2-250x300.jpg 250w, https:\/\/blogsaverroes.juntadeandalucia.es\/fpmadera\/files\/2022\/05\/20220510_091657-2-768x920.jpg 768w, https:\/\/blogsaverroes.juntadeandalucia.es\/fpmadera\/files\/2022\/05\/20220510_091657-2-1282x1536.jpg 1282w, https:\/\/blogsaverroes.juntadeandalucia.es\/fpmadera\/files\/2022\/05\/20220510_091657-2-1710x2048.jpg 1710w, https:\/\/blogsaverroes.juntadeandalucia.es\/fpmadera\/files\/2022\/05\/20220510_091657-2-e1652258831178.jpg 1500w\" sizes=\"(max-width: 855px) 100vw, 855px\" \/>\t\t\t\t\t\t\t\t\t\t\t\t\t\t\t<\/div>\n\t\t\t\t<\/div>\n\t\t\t\t\t<\/div>\n\t\t<\/div>\n\t\t\t\t<div class=\"elementor-column elementor-col-25 elementor-top-column elementor-element elementor-element-bb03850\" data-id=\"bb03850\" data-element_type=\"column\">\n\t\t\t<div class=\"elementor-widget-wrap elementor-element-populated\">\n\t\t\t\t\t\t<div class=\"elementor-element elementor-element-b96d861 elementor-widget elementor-widget-image\" data-id=\"b96d861\" data-element_type=\"widget\" data-widget_type=\"image.default\">\n\t\t\t\t<div class=\"elementor-widget-container\">\n\t\t\t\t\t\t\t\t\t\t\t\t\t\t\t<img decoding=\"async\" width=\"200\" height=\"225\" src=\"https:\/\/blogsaverroes.juntadeandalucia.es\/fpmadera\/files\/2022\/05\/1-e1652258420510.png\" class=\"attachment-large size-large wp-image-292\" alt=\"\" \/>\t\t\t\t\t\t\t\t\t\t\t\t\t\t\t<\/div>\n\t\t\t\t<\/div>\n\t\t\t\t\t<\/div>\n\t\t<\/div>\n\t\t\t\t<div class=\"elementor-column elementor-col-25 elementor-top-column elementor-element elementor-element-e8dc180\" data-id=\"e8dc180\" data-element_type=\"column\">\n\t\t\t<div class=\"elementor-widget-wrap elementor-element-populated\">\n\t\t\t\t\t\t<div class=\"elementor-element elementor-element-52a9a0d elementor-widget elementor-widget-image\" data-id=\"52a9a0d\" data-element_type=\"widget\" data-widget_type=\"image.default\">\n\t\t\t\t<div class=\"elementor-widget-container\">\n\t\t\t\t\t\t\t\t\t\t\t\t\t\t\t<img loading=\"lazy\" decoding=\"async\" width=\"1024\" height=\"945\" src=\"https:\/\/blogsaverroes.juntadeandalucia.es\/fpmadera\/files\/2022\/05\/IMG_20210216_165943-1024x945.jpg\" class=\"attachment-large size-large wp-image-127\" alt=\"\" srcset=\"https:\/\/blogsaverroes.juntadeandalucia.es\/fpmadera\/files\/2022\/05\/IMG_20210216_165943-1024x945.jpg 1024w, https:\/\/blogsaverroes.juntadeandalucia.es\/fpmadera\/files\/2022\/05\/IMG_20210216_165943-300x277.jpg 300w, https:\/\/blogsaverroes.juntadeandalucia.es\/fpmadera\/files\/2022\/05\/IMG_20210216_165943-768x709.jpg 768w, https:\/\/blogsaverroes.juntadeandalucia.es\/fpmadera\/files\/2022\/05\/IMG_20210216_165943-1536x1418.jpg 1536w, https:\/\/blogsaverroes.juntadeandalucia.es\/fpmadera\/files\/2022\/05\/IMG_20210216_165943-2048x1891.jpg 2048w\" sizes=\"(max-width: 1024px) 100vw, 1024px\" \/>\t\t\t\t\t\t\t\t\t\t\t\t\t\t\t<\/div>\n\t\t\t\t<\/div>\n\t\t\t\t\t<\/div>\n\t\t<\/div>\n\t\t\t\t<div class=\"elementor-column elementor-col-25 elementor-top-column elementor-element elementor-element-7f32665\" data-id=\"7f32665\" data-element_type=\"column\">\n\t\t\t<div class=\"elementor-widget-wrap elementor-element-populated\">\n\t\t\t\t\t\t<div class=\"elementor-element elementor-element-b475ec6 elementor-widget elementor-widget-image\" data-id=\"b475ec6\" data-element_type=\"widget\" data-widget_type=\"image.default\">\n\t\t\t\t<div class=\"elementor-widget-container\">\n\t\t\t\t\t\t\t\t\t\t\t\t\t\t\t<img loading=\"lazy\" decoding=\"async\" width=\"769\" height=\"1024\" src=\"https:\/\/blogsaverroes.juntadeandalucia.es\/fpmadera\/files\/2022\/05\/20220510_092845-1-769x1024.jpg\" class=\"attachment-large size-large wp-image-311\" alt=\"\" srcset=\"https:\/\/blogsaverroes.juntadeandalucia.es\/fpmadera\/files\/2022\/05\/20220510_092845-1-769x1024.jpg 769w, https:\/\/blogsaverroes.juntadeandalucia.es\/fpmadera\/files\/2022\/05\/20220510_092845-1-225x300.jpg 225w, https:\/\/blogsaverroes.juntadeandalucia.es\/fpmadera\/files\/2022\/05\/20220510_092845-1-768x1023.jpg 768w, https:\/\/blogsaverroes.juntadeandalucia.es\/fpmadera\/files\/2022\/05\/20220510_092845-1-1154x1536.jpg 1154w, https:\/\/blogsaverroes.juntadeandalucia.es\/fpmadera\/files\/2022\/05\/20220510_092845-1.jpg 1370w\" sizes=\"(max-width: 769px) 100vw, 769px\" \/>\t\t\t\t\t\t\t\t\t\t\t\t\t\t\t<\/div>\n\t\t\t\t<\/div>\n\t\t\t\t\t<\/div>\n\t\t<\/div>\n\t\t\t\t\t<\/div>\n\t\t<\/section>\n\t\t\t\t<section class=\"elementor-section elementor-top-section elementor-element elementor-element-fe4eb66 elementor-section-boxed elementor-section-height-default elementor-section-height-default\" data-id=\"fe4eb66\" data-element_type=\"section\">\n\t\t\t\t\t\t<div class=\"elementor-container elementor-column-gap-default\">\n\t\t\t\t\t<div class=\"elementor-column elementor-col-25 elementor-top-column elementor-element elementor-element-e64d3de\" data-id=\"e64d3de\" data-element_type=\"column\">\n\t\t\t<div class=\"elementor-widget-wrap elementor-element-populated\">\n\t\t\t\t\t\t<div class=\"elementor-element elementor-element-58ff035 elementor-widget elementor-widget-text-editor\" data-id=\"58ff035\" data-element_type=\"widget\" data-widget_type=\"text-editor.default\">\n\t\t\t\t<div class=\"elementor-widget-container\">\n\t\t\t\t\t\t\t\t\t<p><span style=\"color: #008000\">D. Esteban Molina Rodr\u00edguez<\/span><\/p><p><span style=\"color: #008000\">(Jefe de Departamento)<\/span><\/p>\t\t\t\t\t\t\t\t<\/div>\n\t\t\t\t<\/div>\n\t\t\t\t\t<\/div>\n\t\t<\/div>\n\t\t\t\t<div class=\"elementor-column elementor-col-25 elementor-top-column elementor-element elementor-element-22be1a7\" data-id=\"22be1a7\" data-element_type=\"column\">\n\t\t\t<div class=\"elementor-widget-wrap elementor-element-populated\">\n\t\t\t\t\t\t<div class=\"elementor-element elementor-element-1f5876d elementor-widget elementor-widget-text-editor\" data-id=\"1f5876d\" data-element_type=\"widget\" data-widget_type=\"text-editor.default\">\n\t\t\t\t<div class=\"elementor-widget-container\">\n\t\t\t\t\t\t\t\t\t<p><span style=\"color: #008000\">D. Miguel Blasco Gorriz<\/span><\/p>\t\t\t\t\t\t\t\t<\/div>\n\t\t\t\t<\/div>\n\t\t\t\t\t<\/div>\n\t\t<\/div>\n\t\t\t\t<div class=\"elementor-column elementor-col-25 elementor-top-column elementor-element elementor-element-4861df1\" data-id=\"4861df1\" data-element_type=\"column\">\n\t\t\t<div class=\"elementor-widget-wrap elementor-element-populated\">\n\t\t\t\t\t\t<div class=\"elementor-element elementor-element-2e4c18b elementor-widget elementor-widget-text-editor\" data-id=\"2e4c18b\" data-element_type=\"widget\" data-widget_type=\"text-editor.default\">\n\t\t\t\t<div class=\"elementor-widget-container\">\n\t\t\t\t\t\t\t\t\t<p><span style=\"color: #008000\">D\u00aa M\u00aa Florentina Mart\u00ednez Ruiz<\/span><\/p>\t\t\t\t\t\t\t\t<\/div>\n\t\t\t\t<\/div>\n\t\t\t\t\t<\/div>\n\t\t<\/div>\n\t\t\t\t<div class=\"elementor-column elementor-col-25 elementor-top-column elementor-element elementor-element-3c65c8a\" data-id=\"3c65c8a\" data-element_type=\"column\">\n\t\t\t<div class=\"elementor-widget-wrap elementor-element-populated\">\n\t\t\t\t\t\t<div class=\"elementor-element elementor-element-7c26e6c elementor-widget elementor-widget-text-editor\" data-id=\"7c26e6c\" data-element_type=\"widget\" data-widget_type=\"text-editor.default\">\n\t\t\t\t<div class=\"elementor-widget-container\">\n\t\t\t\t\t\t\t\t\t<p><span style=\"color: #008000\">D\u00aa Mar\u00eda Jos\u00e9 Vilar S\u00e1nchez<\/span><\/p>\t\t\t\t\t\t\t\t<\/div>\n\t\t\t\t<\/div>\n\t\t\t\t\t<\/div>\n\t\t<\/div>\n\t\t\t\t\t<\/div>\n\t\t<\/section>\n\t\t\t\t<\/div>\n\t\t","protected":false},"excerpt":{"rendered":"<p>\u00a0 El Departamento de Carpinter\u00eda, Mueble y Corcho, lleva impartiendo ense\u00f1anzas de carpinter\u00eda en formaci\u00f3n profesional desde el curso 2020\/21. En la actualidad el Departamento de Carpinter\u00eda, Mueble y Corcho est\u00e1 compuesto por cuatro&#46;&#46;&#46;<\/p>\n","protected":false},"author":7916,"featured_media":0,"parent":0,"menu_order":0,"comment_status":"closed","ping_status":"closed","template":"","meta":{"ngg_post_thumbnail":0,"footnotes":""},"aioseo_notices":[],"_links":{"self":[{"href":"https:\/\/blogsaverroes.juntadeandalucia.es\/fpmadera\/wp-json\/wp\/v2\/pages\/99"}],"collection":[{"href":"https:\/\/blogsaverroes.juntadeandalucia.es\/fpmadera\/wp-json\/wp\/v2\/pages"}],"about":[{"href":"https:\/\/blogsaverroes.juntadeandalucia.es\/fpmadera\/wp-json\/wp\/v2\/types\/page"}],"author":[{"embeddable":true,"href":"https:\/\/blogsaverroes.juntadeandalucia.es\/fpmadera\/wp-json\/wp\/v2\/users\/7916"}],"replies":[{"embeddable":true,"href":"https:\/\/blogsaverroes.juntadeandalucia.es\/fpmadera\/wp-json\/wp\/v2\/comments?post=99"}],"version-history":[{"count":19,"href":"https:\/\/blogsaverroes.juntadeandalucia.es\/fpmadera\/wp-json\/wp\/v2\/pages\/99\/revisions"}],"predecessor-version":[{"id":373,"href":"https:\/\/blogsaverroes.juntadeandalucia.es\/fpmadera\/wp-json\/wp\/v2\/pages\/99\/revisions\/373"}],"wp:attachment":[{"href":"https:\/\/blogsaverroes.juntadeandalucia.es\/fpmadera\/wp-json\/wp\/v2\/media?parent=99"}],"curies":[{"name":"wp","href":"https:\/\/api.w.org\/{rel}","templated":true}]}}