{"id":150,"date":"2021-02-27T14:13:43","date_gmt":"2021-02-27T14:13:43","guid":{"rendered":"https:\/\/blogsaverroes.juntadeandalucia.es\/fpmalaga\/?page_id=150"},"modified":"2023-10-04T09:30:39","modified_gmt":"2023-10-04T09:30:39","slug":"ciclos-artes","status":"publish","type":"page","link":"https:\/\/blogsaverroes.juntadeandalucia.es\/fpmalaga\/ciclos-artes\/","title":{"rendered":"ARTES SUPERIORES DE DISE\u00d1O Y ARTES PL\u00c1STICAS"},"content":{"rendered":"<p>&nbsp;<\/p>\n<p>&nbsp;<\/p>\n<p><span style=\"color: #000000\"><span style=\"font-size: 14pt\">La <strong>Escuela de Arte San Telmo de M\u00e1laga<\/strong> oferta ense\u00f1anzas profesionales de artes y dise\u00f1o.<\/span> <a style=\"color: #000000\" href=\"https:\/\/www.escueladeartesantelmo.es\/\" target=\"_blank\" rel=\"noopener noreferrer\">M\u00e1s informaci\u00f3n: <img loading=\"lazy\" decoding=\"async\" class=\"size-medium wp-image-92 alignright\" src=\"https:\/\/blogsaverroes.juntadeandalucia.es\/fpmalaga\/files\/2021\/02\/San-Telmo-300x127.png\" alt=\"\" width=\"300\" height=\"127\" srcset=\"https:\/\/blogsaverroes.juntadeandalucia.es\/fpmalaga\/files\/2021\/02\/San-Telmo-300x127.png 300w, https:\/\/blogsaverroes.juntadeandalucia.es\/fpmalaga\/files\/2021\/02\/San-Telmo.png 345w\" sizes=\"(max-width: 300px) 100vw, 300px\" \/><\/a><\/span><\/p>\n<ul>\n<li><span style=\"color: #000080\"><strong><a style=\"color: #000080\" href=\"https:\/\/www.escueladeartesantelmo.es\/ciclos-formativos-grado-medio\/\" target=\"_blank\" rel=\"noopener noreferrer\">Ciclos formativos de Grado Medio:<\/a><\/strong><\/span>\n<ul>\n<li><span style=\"color: #000000\">T\u00e9cnico en Alfarer\u00eda.&nbsp;<\/span><\/li>\n<li><span style=\"color: #000000\">T\u00e9cnico en reproducciones art\u00edsticas en madera.&nbsp;<\/span><\/li>\n<\/ul>\n<\/li>\n<li><span style=\"color: #000000\"><strong><span style=\"color: #000080\"><a style=\"color: #000080\" href=\"https:\/\/www.escueladeartesantelmo.es\/ciclos-formativos\/\" target=\"_blank\" rel=\"noopener noreferrer\">Ciclos formativos de Grado Superior<\/a>:<\/span><\/strong>&nbsp;<\/span>\n<ul>\n<li><span style=\"color: #000000\">Arquitectura ef\u00edmera.&nbsp;<\/span><\/li>\n<li><span style=\"color: #000000\">Cer\u00e1mica art\u00edstica.&nbsp;<\/span><\/li>\n<li><span style=\"color: #000000\">Dorado, plateado y policrom\u00eda.&nbsp;<\/span><\/li>\n<li><span style=\"color: #000000\">Escaparatismo.&nbsp;<\/span><\/li>\n<li><span style=\"color: #000000\">Fotograf\u00eda.&nbsp;<\/span><\/li>\n<li><span style=\"color: #000000\">Gr\u00e1fica interactiva.&nbsp;<\/span><\/li>\n<li><span style=\"color: #000000\">Ilustraci\u00f3n.&nbsp;<\/span><\/li>\n<li><span style=\"color: #000000\">Modelismo de indumentaria.&nbsp;<\/span><\/li>\n<li><span style=\"color: #000000\">Proyectos y direcci\u00f3n de obras de decoraci\u00f3n.<\/span><\/li>\n<\/ul>\n<\/li>\n<\/ul>\n<ol>\n<li style=\"list-style-type: none\">\n<ol>\n<li><span style=\"color: #000000\">Preinscripci\u00f3n: 1-31 de mayo. <\/span><\/li>\n<li>Prueba espec\u00edfica: junio (tambi\u00e9n la general, si no se cumplen los requisitos de acceso).<\/li>\n<li><span style=\"color: #000000\">Matr\u00edcula: 1-10 julio.&nbsp;<\/span><\/li>\n<\/ol>\n<\/li>\n<\/ol>\n<p><span style=\"color: #000000\">M\u00e1s informaci\u00f3n, web: <\/span><\/p>\n<ul>\n<li><span style=\"color: #000000\"><a href=\"https:\/\/www.juntadeandalucia.es\/educacion\/portals\/web\/ced\/artisticas\/artes-plasticas-y-diseno\" target=\"_blank\" rel=\"noopener noreferrer\">CONSEJER\u00cdA DE EDUCACI\u00d3N: ARTES PL\u00c1STICAS Y DISE\u00d1O<\/a><\/span><\/li>\n<li>WEB: <a href=\"https:\/\/www.escueladeartesantelmo.es\/\" target=\"_blank\" rel=\"noopener noreferrer\">ESCUELA DE ARTES SAN TELMO.<\/a><\/li>\n<\/ul>\n<p>&nbsp;<\/p>\n<p>&nbsp;<\/p>\n<p>&nbsp;<\/p>\n","protected":false},"excerpt":{"rendered":"<p>&nbsp; &nbsp; La Escuela de Arte San Telmo de M\u00e1laga oferta ense\u00f1anzas profesionales de artes y dise\u00f1o. M\u00e1s informaci\u00f3n: Ciclos formativos de Grado Medio: T\u00e9cnico en Alfarer\u00eda.&nbsp; T\u00e9cnico en reproducciones art\u00edsticas en madera.&nbsp; Ciclos&#46;&#46;&#46;<\/p>\n","protected":false},"author":12235,"featured_media":0,"parent":0,"menu_order":0,"comment_status":"closed","ping_status":"closed","template":"","meta":{"ngg_post_thumbnail":0,"footnotes":""},"aioseo_notices":[],"_links":{"self":[{"href":"https:\/\/blogsaverroes.juntadeandalucia.es\/fpmalaga\/wp-json\/wp\/v2\/pages\/150"}],"collection":[{"href":"https:\/\/blogsaverroes.juntadeandalucia.es\/fpmalaga\/wp-json\/wp\/v2\/pages"}],"about":[{"href":"https:\/\/blogsaverroes.juntadeandalucia.es\/fpmalaga\/wp-json\/wp\/v2\/types\/page"}],"author":[{"embeddable":true,"href":"https:\/\/blogsaverroes.juntadeandalucia.es\/fpmalaga\/wp-json\/wp\/v2\/users\/12235"}],"replies":[{"embeddable":true,"href":"https:\/\/blogsaverroes.juntadeandalucia.es\/fpmalaga\/wp-json\/wp\/v2\/comments?post=150"}],"version-history":[{"count":10,"href":"https:\/\/blogsaverroes.juntadeandalucia.es\/fpmalaga\/wp-json\/wp\/v2\/pages\/150\/revisions"}],"predecessor-version":[{"id":644,"href":"https:\/\/blogsaverroes.juntadeandalucia.es\/fpmalaga\/wp-json\/wp\/v2\/pages\/150\/revisions\/644"}],"wp:attachment":[{"href":"https:\/\/blogsaverroes.juntadeandalucia.es\/fpmalaga\/wp-json\/wp\/v2\/media?parent=150"}],"curies":[{"name":"wp","href":"https:\/\/api.w.org\/{rel}","templated":true}]}}