{"id":152,"date":"2021-02-27T14:14:44","date_gmt":"2021-02-27T14:14:44","guid":{"rendered":"https:\/\/blogsaverroes.juntadeandalucia.es\/fpmalaga\/?page_id=152"},"modified":"2021-06-08T05:20:11","modified_gmt":"2021-06-08T05:20:11","slug":"edre-deportivas","status":"publish","type":"page","link":"https:\/\/blogsaverroes.juntadeandalucia.es\/fpmalaga\/edre-deportivas\/","title":{"rendered":"EDRE: DEPORTIVAS"},"content":{"rendered":"<p><span style=\"color: #000000\">Si te interesa un deporte espec\u00edfico, las Ense\u00f1anzas deportivas te ofrecen la oportunidad de realizar cursos de especializaci\u00f3n, as\u00ed como CICLOS FORMATIVOS DE GRADO MEDIO Y SUPERIOR EN R\u00c9GIMEN ESPECIAL DE ENSE\u00d1ANZAS DEPORTIVAS.<img loading=\"lazy\" decoding=\"async\" class=\"wp-image-428 alignright\" src=\"https:\/\/blogsaverroes.juntadeandalucia.es\/fpmalaga\/files\/2021\/06\/Curso_EDRE_2021_fb-300x157.png\" alt=\"\" width=\"451\" height=\"236\" srcset=\"https:\/\/blogsaverroes.juntadeandalucia.es\/fpmalaga\/files\/2021\/06\/Curso_EDRE_2021_fb-300x157.png 300w, https:\/\/blogsaverroes.juntadeandalucia.es\/fpmalaga\/files\/2021\/06\/Curso_EDRE_2021_fb-1024x536.png 1024w, https:\/\/blogsaverroes.juntadeandalucia.es\/fpmalaga\/files\/2021\/06\/Curso_EDRE_2021_fb-768x402.png 768w, https:\/\/blogsaverroes.juntadeandalucia.es\/fpmalaga\/files\/2021\/06\/Curso_EDRE_2021_fb.png 1200w\" sizes=\"(max-width: 451px) 100vw, 451px\" \/> <img loading=\"lazy\" decoding=\"async\" class=\" wp-image-96 alignright\" src=\"https:\/\/blogsaverroes.juntadeandalucia.es\/fpmalaga\/files\/2021\/02\/1-300x169.png\" alt=\"\" width=\"421\" height=\"237\" srcset=\"https:\/\/blogsaverroes.juntadeandalucia.es\/fpmalaga\/files\/2021\/02\/1-300x169.png 300w, https:\/\/blogsaverroes.juntadeandalucia.es\/fpmalaga\/files\/2021\/02\/1-1024x576.png 1024w, https:\/\/blogsaverroes.juntadeandalucia.es\/fpmalaga\/files\/2021\/02\/1-768x432.png 768w, https:\/\/blogsaverroes.juntadeandalucia.es\/fpmalaga\/files\/2021\/02\/1-1536x864.png 1536w, https:\/\/blogsaverroes.juntadeandalucia.es\/fpmalaga\/files\/2021\/02\/1.png 1920w\" sizes=\"(max-width: 421px) 100vw, 421px\" \/><\/span><\/p>\n<p><strong><span style=\"color: #000000\">ENSE\u00d1ANZAS DE R\u00c9GIMEN DEPORTIVO ESPECIAL: OFERTA IAD 2021-2022<\/span><\/strong><br \/>\n<span style=\"color: #000000\">Plazo de solicitudes de ciclos y pruebas espec\u00edficas: 1 junio-31 julio, a trav\u00e9s de la oficina virtual.<\/span><br \/>\n<span style=\"color: #000000\">Pod\u00e9is consultar todos los cursos que se ofertan en el siguiente <span style=\"color: #000080\"><a style=\"color: #000080\" href=\"https:\/\/www.juntadeandalucia.es\/organismos\/educacionydeporte\/areas\/formacion-investigacion-medicina\/ensenanzas-tecnico-deportivo\/paginas\/edre-2020-2021.html\" target=\"_blank\" rel=\"noopener noreferrer\">enlace<\/a><\/span><\/span><br \/>\n<span style=\"color: #000000\">Los cursos que ofertan son:<\/span><\/p>\n<p>&nbsp;<\/p>\n<ul>\n<li><span style=\"font-family: arial, helvetica, sans-serif\"><strong><span style=\"color: #000080\">TD Baloncesto Ciclo Inicial y Final.<br \/>\n<\/span><\/strong><\/span><\/li>\n<li><span style=\"font-family: arial, helvetica, sans-serif\"><strong><span style=\"color: #000080\">TD Buceo Ciclo Final.<br \/>\n<\/span><\/strong><\/span><\/li>\n<li><span style=\"font-family: arial, helvetica, sans-serif\"><strong><span style=\"color: #000080\">TD F\u00fatbol, Nivel II.<\/span><\/strong><\/span><\/li>\n<li><span style=\"font-family: arial, helvetica, sans-serif\"><strong><span style=\"color: #000080\">Monta\u00f1ismo: Ciclo Inicial de Senderismo y Ciclo Final de Media Monta\u00f1a.<br \/>\n<\/span><\/strong><\/span><\/li>\n<li><span style=\"font-family: arial, helvetica, sans-serif\"><strong><span style=\"color: #000080\">TD Vela Ciclo Inicial y Ciclo Final.<\/span><\/strong><\/span><\/li>\n<\/ul>\n<p>&nbsp;<\/p>\n<ul>\n<li><a href=\"https:\/\/juntadeandalucia.es\/organismos\/educacionydeporte\/areas\/formacion-investigacion-medicina\/ensenanzas-tecnico-deportivo.html\" target=\"_blank\" rel=\"noopener noreferrer\"><span style=\"color: #000000\">OFERTA Y SOLICITUDES CICLOS CICLOS ENSE\u00d1ANZAS DEPORTIVAS DE R\u00c9GIMEN ESPECIAL<\/span><\/a><\/li>\n<\/ul>\n<p>Dudas al correo: <strong><span style=\"font-family: Eras Bk BT\"><a class=\"moz-txt-link-abbreviated\" href=\"mailto:formacion.iad.ced@juntadeandalucia.es\">formacion.iad.ced@juntadeandalucia.es<\/a><\/span><\/strong><\/p>\n<p><span style=\"color: #000000\">Sin embargo,<strong> si lo que te interesa es el deporte en general<\/strong>, puedes realizar un ciclo formativo de grado medio o superior en un instituto, relacionado con la <\/span><a href=\"https:\/\/blogsaverroes.juntadeandalucia.es\/fpmalaga\/actividades-fisicas-y-deportivas\/\" target=\"_blank\" rel=\"noopener noreferrer\"><span style=\"color: #000000\">f<strong><span style=\"color: #000080\">amilia profesional ACTIVIDADES F\u00cdSICO- DEP<\/span><\/strong><\/span><strong><span style=\"color: #000080\">ORTIVAS&nbsp;<\/span><\/strong><\/a><\/p>\n","protected":false},"excerpt":{"rendered":"<p>Si te interesa un deporte espec\u00edfico, las Ense\u00f1anzas deportivas te ofrecen la oportunidad de realizar cursos de especializaci\u00f3n, as\u00ed como CICLOS FORMATIVOS DE GRADO MEDIO Y SUPERIOR EN R\u00c9GIMEN ESPECIAL DE ENSE\u00d1ANZAS DEPORTIVAS. ENSE\u00d1ANZAS&#46;&#46;&#46;<\/p>\n","protected":false},"author":12235,"featured_media":428,"parent":0,"menu_order":0,"comment_status":"closed","ping_status":"closed","template":"","meta":{"ngg_post_thumbnail":0,"footnotes":""},"aioseo_notices":[],"_links":{"self":[{"href":"https:\/\/blogsaverroes.juntadeandalucia.es\/fpmalaga\/wp-json\/wp\/v2\/pages\/152"}],"collection":[{"href":"https:\/\/blogsaverroes.juntadeandalucia.es\/fpmalaga\/wp-json\/wp\/v2\/pages"}],"about":[{"href":"https:\/\/blogsaverroes.juntadeandalucia.es\/fpmalaga\/wp-json\/wp\/v2\/types\/page"}],"author":[{"embeddable":true,"href":"https:\/\/blogsaverroes.juntadeandalucia.es\/fpmalaga\/wp-json\/wp\/v2\/users\/12235"}],"replies":[{"embeddable":true,"href":"https:\/\/blogsaverroes.juntadeandalucia.es\/fpmalaga\/wp-json\/wp\/v2\/comments?post=152"}],"version-history":[{"count":6,"href":"https:\/\/blogsaverroes.juntadeandalucia.es\/fpmalaga\/wp-json\/wp\/v2\/pages\/152\/revisions"}],"predecessor-version":[{"id":429,"href":"https:\/\/blogsaverroes.juntadeandalucia.es\/fpmalaga\/wp-json\/wp\/v2\/pages\/152\/revisions\/429"}],"wp:featuredmedia":[{"embeddable":true,"href":"https:\/\/blogsaverroes.juntadeandalucia.es\/fpmalaga\/wp-json\/wp\/v2\/media\/428"}],"wp:attachment":[{"href":"https:\/\/blogsaverroes.juntadeandalucia.es\/fpmalaga\/wp-json\/wp\/v2\/media?parent=152"}],"curies":[{"name":"wp","href":"https:\/\/api.w.org\/{rel}","templated":true}]}}