{"id":158,"date":"2021-02-27T14:20:08","date_gmt":"2021-02-27T14:20:08","guid":{"rendered":"https:\/\/blogsaverroes.juntadeandalucia.es\/fpmalaga\/?page_id=158"},"modified":"2021-03-21T13:29:37","modified_gmt":"2021-03-21T13:29:37","slug":"relacion-fpb-grado-medio","status":"publish","type":"page","link":"https:\/\/blogsaverroes.juntadeandalucia.es\/fpmalaga\/relacion-fpb-grado-medio\/","title":{"rendered":"RELACI\u00d3N FPB-GRADO MEDIO"},"content":{"rendered":"<p><span style=\"color: #000000\">Si has realizado un ciclo de FPB tienes acceso a los ciclos de Grado medio: <\/span><\/p>\n<ul>\n<li><span style=\"color: #000000\">Accedes con el t\u00edtulo de FPB al cupo de 20% de plazas, por nota media en los m\u00f3dulos profesionales.&nbsp;<\/span><\/li>\n<li><span style=\"color: #000000\">Tambi\u00e9n puedes optar por acceder al cupo con t\u00edtulo de Graduado en E.S.O. si lo tienes, con la media de todos los m\u00f3dulos o \u00e1mbitos (60% plazas).<\/span><\/li>\n<\/ul>\n<p>En cada cupo, hay un orden de prioridad. Si solicitas un ciclo de Grado medio relacionado, y accedes desde el cupo de FPB, tienes preferencia sobre los que hayan realizado una FPB no relacionada.&nbsp;<\/p>\n<ul>\n<li>\u00bfQu\u00e9 ciclos de FPB est\u00e1n relacionados con los ciclos de grado medio?&nbsp; (<a href=\"https:\/\/www.juntadeandalucia.es\/boja\/2016\/241\/BOJA16-241-00029-21345-01_00103586.pdf\" target=\"_blank\" rel=\"noopener noreferrer\">p\u00e1g. 28-29 Orden 8 noviembre 2016<\/a>)<\/li>\n<\/ul>\n<p><img loading=\"lazy\" decoding=\"async\" class=\"alignnone size-medium wp-image-227\" src=\"https:\/\/blogsaverroes.juntadeandalucia.es\/fpmalaga\/files\/2021\/03\/FPB-relacionada1-251x300.png\" alt=\"\" width=\"251\" height=\"300\" srcset=\"https:\/\/blogsaverroes.juntadeandalucia.es\/fpmalaga\/files\/2021\/03\/FPB-relacionada1-251x300.png 251w, https:\/\/blogsaverroes.juntadeandalucia.es\/fpmalaga\/files\/2021\/03\/FPB-relacionada1.png 590w\" sizes=\"(max-width: 251px) 100vw, 251px\" \/> <img loading=\"lazy\" decoding=\"async\" class=\"alignnone size-medium wp-image-228\" src=\"https:\/\/blogsaverroes.juntadeandalucia.es\/fpmalaga\/files\/2021\/03\/FPB-relacionada2-251x300.png\" alt=\"\" width=\"251\" height=\"300\" srcset=\"https:\/\/blogsaverroes.juntadeandalucia.es\/fpmalaga\/files\/2021\/03\/FPB-relacionada2-251x300.png 251w, https:\/\/blogsaverroes.juntadeandalucia.es\/fpmalaga\/files\/2021\/03\/FPB-relacionada2.png 590w\" sizes=\"(max-width: 251px) 100vw, 251px\" \/><\/p>\n","protected":false},"excerpt":{"rendered":"<p>Si has realizado un ciclo de FPB tienes acceso a los ciclos de Grado medio: Accedes con el t\u00edtulo de FPB al cupo de 20% de plazas, por nota media en los m\u00f3dulos profesionales.&nbsp;&#46;&#46;&#46;<\/p>\n","protected":false},"author":12235,"featured_media":0,"parent":0,"menu_order":0,"comment_status":"closed","ping_status":"closed","template":"","meta":{"ngg_post_thumbnail":0,"footnotes":""},"aioseo_notices":[],"_links":{"self":[{"href":"https:\/\/blogsaverroes.juntadeandalucia.es\/fpmalaga\/wp-json\/wp\/v2\/pages\/158"}],"collection":[{"href":"https:\/\/blogsaverroes.juntadeandalucia.es\/fpmalaga\/wp-json\/wp\/v2\/pages"}],"about":[{"href":"https:\/\/blogsaverroes.juntadeandalucia.es\/fpmalaga\/wp-json\/wp\/v2\/types\/page"}],"author":[{"embeddable":true,"href":"https:\/\/blogsaverroes.juntadeandalucia.es\/fpmalaga\/wp-json\/wp\/v2\/users\/12235"}],"replies":[{"embeddable":true,"href":"https:\/\/blogsaverroes.juntadeandalucia.es\/fpmalaga\/wp-json\/wp\/v2\/comments?post=158"}],"version-history":[{"count":3,"href":"https:\/\/blogsaverroes.juntadeandalucia.es\/fpmalaga\/wp-json\/wp\/v2\/pages\/158\/revisions"}],"predecessor-version":[{"id":229,"href":"https:\/\/blogsaverroes.juntadeandalucia.es\/fpmalaga\/wp-json\/wp\/v2\/pages\/158\/revisions\/229"}],"wp:attachment":[{"href":"https:\/\/blogsaverroes.juntadeandalucia.es\/fpmalaga\/wp-json\/wp\/v2\/media?parent=158"}],"curies":[{"name":"wp","href":"https:\/\/api.w.org\/{rel}","templated":true}]}}