{"id":178,"date":"2021-02-27T19:33:32","date_gmt":"2021-02-27T19:33:32","guid":{"rendered":"https:\/\/blogsaverroes.juntadeandalucia.es\/fpmalaga\/?page_id=178"},"modified":"2023-10-04T10:29:10","modified_gmt":"2023-10-04T10:29:10","slug":"acredita","status":"publish","type":"page","link":"https:\/\/blogsaverroes.juntadeandalucia.es\/fpmalaga\/acredita\/","title":{"rendered":"ACREDITA"},"content":{"rendered":"<p><span style=\"color: #000000\"><strong>ACREDITA TU EXPERIENCIA PROFESIONAL<img loading=\"lazy\" decoding=\"async\" class=\"size-medium wp-image-268 alignright\" src=\"https:\/\/blogsaverroes.juntadeandalucia.es\/fpmalaga\/files\/2021\/03\/acredita-300x185.jpg\" alt=\"\" width=\"300\" height=\"185\" srcset=\"https:\/\/blogsaverroes.juntadeandalucia.es\/fpmalaga\/files\/2021\/03\/acredita-300x185.jpg 300w, https:\/\/blogsaverroes.juntadeandalucia.es\/fpmalaga\/files\/2021\/03\/acredita-1024x632.jpg 1024w, https:\/\/blogsaverroes.juntadeandalucia.es\/fpmalaga\/files\/2021\/03\/acredita-768x474.jpg 768w, https:\/\/blogsaverroes.juntadeandalucia.es\/fpmalaga\/files\/2021\/03\/acredita.jpg 1248w\" sizes=\"(max-width: 300px) 100vw, 300px\" \/><\/strong><\/span><\/p>\n<p>Regulado por <a href=\"https:\/\/www.boe.es\/diario_boe\/txt.php?id=BOE-A-2021-3700\"><span style=\"color: #0000ff\"><u>Real Decreto 143\/2021, de 9 de marzo, por el que se modifica el Real Decreto 1224\/2009, de 17 de julio, de reconocimiento de las competencias profesionales adquiridas por experiencia laboral<\/u><\/span><\/a>. Aquellas personas que por haber cursado ense\u00f1anzas no formales (no conducentes a una titulaci\u00f3n o un certificado de profesionalidad), o bien por tener experiencia profesional en un determinado sector, pueden participar en un procedimiento de reconocimiento de sus cualificaciones profesionales y acreditaci\u00f3n de competencias. Entre los requisitos, lo fundamental es:<\/p>\n<ul>\n<li>\n<p align=\"justify\"><span style=\"color: #000000\"><span style=\"font-size: medium\">Tener dos a\u00f1os de experiencia profesional (para UC de nivel 1) o tres (para UC de nivel 2 y 3) que pueda ser acreditada (contrato, certificado de empresa y vida laboral) en los \u00faltimos 15 a\u00f1os.<\/span><\/span><\/p>\n<\/li>\n<li>\n<p align=\"justify\"><span style=\"color: #000000\"><span style=\"font-size: medium\">200 horas (para UC de nivel 1) o 300 horas de formaci\u00f3n (para UC de nivel 2 o 3) en un cualificaci\u00f3n profesional concreta. ej. un curso privado no homologado, o un PTVAL<\/span><\/span><\/p>\n<\/li>\n<\/ul>\n<p>A partir de 2021, habr\u00e1 procedimientos abiertos de forma permanente de evaluaci\u00f3n y acreditaci\u00f3n de las competencias profesionales, adquiridas a trav\u00e9s de la experiencia laboral o de v\u00edas no formales de formaci\u00f3n (<a href=\"https:\/\/www.juntadeandalucia.es\/boja\/2021\/118\/22\"><span style=\"color: #0000ff\"><u>Orden 8 de junio de 2021<\/u><\/span><\/a>). En Andaluc\u00eda, este procedimiento de ACREDITACI\u00d3N est\u00e1 gestionado por el <a href=\"http:\/\/www.juntadeandalucia.es\/educacion\/portals\/web\/iacp\"><span style=\"color: #0000ff\"><u>INSTITUTO ANDALUZ DE LAS CUALIFICACIONES PROFESIONALES<\/u><\/span><\/a> que depende de la Consejer\u00eda de Educaci\u00f3n, donde puedes consultar toda la informaci\u00f3n. Tambi\u00e9n puedes participar en procedimientos que se abran de forma espec\u00edfica por la administraci\u00f3n (tanto IACP en Andaluc\u00eda, como en otras Comunidades). M\u00e1s informaci\u00f3n:<\/p>\n<ul>\n<li>\n<p align=\"justify\"><span style=\"color: #000000\"><span style=\"font-size: medium\">Web<\/span><\/span><a href=\"http:\/\/www.juntadeandalucia.es\/educacion\/portals\/web\/iacp\"><span style=\"color: #0000ff\"><span style=\"font-size: medium\"><u> IACP<\/u><\/span><\/span><\/a><span style=\"color: #000000\"><span style=\"font-size: medium\">. <\/span><\/span><\/p>\n<\/li>\n<li>\n<p align=\"justify\"><span style=\"color: #000000\"><span style=\"font-size: medium\">Instituto Nacional de Cualificaciones profesionales (<\/span><\/span><a href=\"https:\/\/incual.mecd.es\/\"><span style=\"color: #0000ff\"><span style=\"font-size: medium\"><u>INCUAL<\/u><\/span><\/span><\/a><span style=\"color: #000000\"><span style=\"font-size: medium\">) del Ministerio de Educaci\u00f3n y FP.<\/span><\/span><\/p>\n<\/li>\n<li>\n<p align=\"justify\"><span style=\"color: #000000\"><span style=\"font-size: medium\">Solicitudes en la <\/span><\/span><a href=\"https:\/\/www.juntadeandalucia.es\/educacion\/secretariavirtual\/sede\/\"><span style=\"color: #0000ff\"><span style=\"font-size: medium\"><u>Oficina virtual del IACP<\/u><\/span><\/span><\/a><\/p>\n<\/li>\n<li>\n<p align=\"justify\"><span style=\"color: #000000\"><span style=\"font-size: medium\">Si participas en un procedimiento de ACREDITACI\u00d3N obtienes un CERTIFICADO DE ACREDITACI\u00d3N DE UNIDADES DE COMPETENCIA. Este documento est\u00e1 firmado electr\u00f3nicamente por la autoridad competente en la Consejer\u00eda de Educaci\u00f3n. Con este documento puedes:<\/span><\/span><\/p>\n<\/li>\n<li>\n<p align=\"justify\"><span style=\"color: #000000\"><span style=\"font-size: medium\">Solicitar a la Consejer\u00eda de Empleo la expedici\u00f3n del CERTIFICADO DE PROFESIONALIDAD. M\u00e1s informaci\u00f3n del procedimiento:<\/span><\/span><a href=\"https:\/\/www.juntadeandalucia.es\/temas\/trabajar\/formacion\/certificados.html\"><span style=\"color: #0000ff\"><span style=\"font-size: medium\"><u> aqu\u00ed<\/u><\/span><\/span><\/a><span style=\"color: #000000\"><span style=\"font-size: medium\">.<\/span><\/span><\/p>\n<\/li>\n<\/ul>\n<p>Convalidar estas UCs por m\u00f3dulos profesionales, previa matriculaci\u00f3n en un ciclo formativo (solicitar el ciclo en junio y\/o en septiembre, si se abre el procedimiento). Una vez matriculado, se solicita la convalidaci\u00f3n.<\/p>\n<p>Hay cupo espec\u00edfico de acceso a grado medio y superior para las personas con experiencia profesional en oferta parcial diferenciada. Para conocer los m\u00f3dulos del ciclo formativo que pueden convalidarse, se debe consultar el Real Decreto del t\u00edtulo de formaci\u00f3n profesional que se va a cursar, en el anexo V correspondiente y comprobar las UCs que tiene ya acreditadas y m\u00f3dulos que pueden convalidarse.<\/p>\n<p><a name=\"_heading=h.2w5ecyt\"><\/a> Para obtener m\u00e1s informaci\u00f3n consultar en el apartado de EMPLEO. (Samuel, por favor,pon el enlace a este apartado, gracias).<\/p>\n<p>M\u00e1s informaci\u00f3n sobre adjudicaci\u00f3n y per\u00edodo de matriculaci\u00f3n en: WEB FPA: ENSE\u00d1ANZAS <a href=\"#_heading=h.ly7c1y\"><span style=\"color: #0000ff\"><u>ANEXO II. Preguntas frecuentes<\/u><\/span><\/a><\/p>\n","protected":false},"excerpt":{"rendered":"<p>ACREDITA TU EXPERIENCIA PROFESIONAL Regulado por Real Decreto 143\/2021, de 9 de marzo, por el que se modifica el Real Decreto 1224\/2009, de 17 de julio, de reconocimiento de las competencias profesionales adquiridas por&#46;&#46;&#46;<\/p>\n","protected":false},"author":12235,"featured_media":0,"parent":0,"menu_order":0,"comment_status":"closed","ping_status":"closed","template":"","meta":{"ngg_post_thumbnail":0,"footnotes":""},"aioseo_notices":[],"_links":{"self":[{"href":"https:\/\/blogsaverroes.juntadeandalucia.es\/fpmalaga\/wp-json\/wp\/v2\/pages\/178"}],"collection":[{"href":"https:\/\/blogsaverroes.juntadeandalucia.es\/fpmalaga\/wp-json\/wp\/v2\/pages"}],"about":[{"href":"https:\/\/blogsaverroes.juntadeandalucia.es\/fpmalaga\/wp-json\/wp\/v2\/types\/page"}],"author":[{"embeddable":true,"href":"https:\/\/blogsaverroes.juntadeandalucia.es\/fpmalaga\/wp-json\/wp\/v2\/users\/12235"}],"replies":[{"embeddable":true,"href":"https:\/\/blogsaverroes.juntadeandalucia.es\/fpmalaga\/wp-json\/wp\/v2\/comments?post=178"}],"version-history":[{"count":5,"href":"https:\/\/blogsaverroes.juntadeandalucia.es\/fpmalaga\/wp-json\/wp\/v2\/pages\/178\/revisions"}],"predecessor-version":[{"id":648,"href":"https:\/\/blogsaverroes.juntadeandalucia.es\/fpmalaga\/wp-json\/wp\/v2\/pages\/178\/revisions\/648"}],"wp:attachment":[{"href":"https:\/\/blogsaverroes.juntadeandalucia.es\/fpmalaga\/wp-json\/wp\/v2\/media?parent=178"}],"curies":[{"name":"wp","href":"https:\/\/api.w.org\/{rel}","templated":true}]}}