{"id":196,"date":"2021-02-27T20:55:45","date_gmt":"2021-02-27T20:55:45","guid":{"rendered":"https:\/\/blogsaverroes.juntadeandalucia.es\/fpmalaga\/?page_id=196"},"modified":"2021-03-24T18:33:36","modified_gmt":"2021-03-24T18:33:36","slug":"artes-graficas","status":"publish","type":"page","link":"https:\/\/blogsaverroes.juntadeandalucia.es\/fpmalaga\/artes-graficas\/","title":{"rendered":"ARTES GR\u00c1FICAS"},"content":{"rendered":"<p><span style=\"color: #000000\">\u00bfTe gustar\u00eda trabajar en una imprenta? \u00bfTe gustar\u00eda preparar documentos para ser impresos? \u00bfLibros, folletos, carteler\u00eda, posters? \u00bfEres creativo y prefieres la preimpresi\u00f3n?<\/span><\/p>\n<p><img loading=\"lazy\" decoding=\"async\" class=\" wp-image-125 alignright\" src=\"https:\/\/blogsaverroes.juntadeandalucia.es\/fpmalaga\/files\/2021\/02\/28-300x169.png\" alt=\"\" width=\"348\" height=\"196\" srcset=\"https:\/\/blogsaverroes.juntadeandalucia.es\/fpmalaga\/files\/2021\/02\/28-300x169.png 300w, https:\/\/blogsaverroes.juntadeandalucia.es\/fpmalaga\/files\/2021\/02\/28-1024x576.png 1024w, https:\/\/blogsaverroes.juntadeandalucia.es\/fpmalaga\/files\/2021\/02\/28-768x432.png 768w, https:\/\/blogsaverroes.juntadeandalucia.es\/fpmalaga\/files\/2021\/02\/28-1536x864.png 1536w, https:\/\/blogsaverroes.juntadeandalucia.es\/fpmalaga\/files\/2021\/02\/28.png 1920w\" sizes=\"(max-width: 348px) 100vw, 348px\" \/><\/p>\n<ul>\n<li><a href=\"https:\/\/youtu.be\/_jd7V5pCIS0\" target=\"_blank\" rel=\"noopener noreferrer\">V\u00eddeo familia profesional &#8220;Artes gr\u00e1ficas&#8221; M\u00e1laga<\/a><\/li>\n<li><a href=\"https:\/\/youtu.be\/ovgyLTWvfjw\" target=\"_blank\" rel=\"noopener noreferrer\">V\u00eddeo &#8220;Artes gr\u00e1ficas &#8221; de Andaluc\u00eda.&nbsp;<\/a><\/li>\n<li><strong>CICLOS GRADO MEDIO<\/strong> (En M\u00e1laga, se estudian ambos en el IES La Rosaleda):&nbsp;\n<ul>\n<li><a href=\"https:\/\/www.juntadeandalucia.es\/educacion\/portals\/web\/formacion-profesional-andaluza\/fp-grado-medio\/detalle-titulo?idTitulo=90\" target=\"_blank\" rel=\"noopener noreferrer\">T\u00e9cnico en Impresi\u00f3n Gr\u00e1fica<\/a><\/li>\n<li><a href=\"https:\/\/www.juntadeandalucia.es\/educacion\/portals\/web\/formacion-profesional-andaluza\/fp-grado-medio\/detalle-titulo?idTitulo=89\" target=\"_blank\" rel=\"noopener noreferrer\">T\u00e9cnico en Preimpresi\u00f3n Digital<\/a><\/li>\n<\/ul>\n<\/li>\n<li><strong>GRADO SUPERIOR: Se estudian en otros centros.&nbsp;<\/strong>\n<ul>\n<li><a href=\"https:\/\/portals.ced.junta-andalucia.es\/educacion\/portals\/web\/formacion-profesional-andaluza\/fp-grado-superior\/detalle-titulo?idTitulo=137\" target=\"_blank\" rel=\"noopener noreferrer\">T\u00e9cnico Superior en Dise\u00f1o y Gesti\u00f3n de la Producci\u00f3n Gr\u00e1fica<\/a>&nbsp;<\/li>\n<li><a href=\"https:\/\/portals.ced.junta-andalucia.es\/educacion\/portals\/web\/formacion-profesional-andaluza\/fp-grado-superior\/detalle-titulo?idTitulo=138\" target=\"_blank\" rel=\"noopener noreferrer\">T\u00e9cnico Superior en Dise\u00f1o y Edici\u00f3n de Publicaciones Impresas y Multimedia<\/a><\/li>\n<\/ul>\n<\/li>\n<li><strong><a href=\"https:\/\/www.juntadeandalucia.es\/educacion\/secretariavirtual\/consulta\/oferta-educativa-formacion-profesional\/\" target=\"_blank\" rel=\"noopener noreferrer\">\u00bfD\u00d3NDE SE ESTUDIA?<\/a><\/strong><\/li>\n<\/ul>\n","protected":false},"excerpt":{"rendered":"<p>\u00bfTe gustar\u00eda trabajar en una imprenta? \u00bfTe gustar\u00eda preparar documentos para ser impresos? \u00bfLibros, folletos, carteler\u00eda, posters? \u00bfEres creativo y prefieres la preimpresi\u00f3n? V\u00eddeo familia profesional &#8220;Artes gr\u00e1ficas&#8221; M\u00e1laga V\u00eddeo &#8220;Artes gr\u00e1ficas &#8221; de&#46;&#46;&#46;<\/p>\n","protected":false},"author":12235,"featured_media":0,"parent":0,"menu_order":0,"comment_status":"closed","ping_status":"closed","template":"","meta":{"ngg_post_thumbnail":0,"footnotes":""},"aioseo_notices":[],"_links":{"self":[{"href":"https:\/\/blogsaverroes.juntadeandalucia.es\/fpmalaga\/wp-json\/wp\/v2\/pages\/196"}],"collection":[{"href":"https:\/\/blogsaverroes.juntadeandalucia.es\/fpmalaga\/wp-json\/wp\/v2\/pages"}],"about":[{"href":"https:\/\/blogsaverroes.juntadeandalucia.es\/fpmalaga\/wp-json\/wp\/v2\/types\/page"}],"author":[{"embeddable":true,"href":"https:\/\/blogsaverroes.juntadeandalucia.es\/fpmalaga\/wp-json\/wp\/v2\/users\/12235"}],"replies":[{"embeddable":true,"href":"https:\/\/blogsaverroes.juntadeandalucia.es\/fpmalaga\/wp-json\/wp\/v2\/comments?post=196"}],"version-history":[{"count":7,"href":"https:\/\/blogsaverroes.juntadeandalucia.es\/fpmalaga\/wp-json\/wp\/v2\/pages\/196\/revisions"}],"predecessor-version":[{"id":378,"href":"https:\/\/blogsaverroes.juntadeandalucia.es\/fpmalaga\/wp-json\/wp\/v2\/pages\/196\/revisions\/378"}],"wp:attachment":[{"href":"https:\/\/blogsaverroes.juntadeandalucia.es\/fpmalaga\/wp-json\/wp\/v2\/media?parent=196"}],"curies":[{"name":"wp","href":"https:\/\/api.w.org\/{rel}","templated":true}]}}