{"id":2,"date":"2021-02-02T10:21:06","date_gmt":"2021-02-02T10:21:06","guid":{"rendered":"https:\/\/blogsaverroes.juntadeandalucia.es\/fpmalaga\/?page_id=2"},"modified":"2023-10-03T09:57:43","modified_gmt":"2023-10-03T09:57:43","slug":"pagina-ejemplo","status":"publish","type":"page","link":"https:\/\/blogsaverroes.juntadeandalucia.es\/fpmalaga\/pagina-ejemplo\/","title":{"rendered":"PROCEDIMIENTO DE SOLICITUD"},"content":{"rendered":"<p>Presentar una \u00fanica solicitud en el centro elegido en 1er lugar (solicitar hasta 10).<\/p>\n<p>Hay dos adjudicaciones en julio:<\/p>\n<ul>\n<li>\n<p align=\"justify\"><span style=\"color: #000000\"><span style=\"font-size: medium\"><b>1\u00aa adjudicaci\u00f3n julio:<\/b><\/span><\/span><span style=\"color: #000000\"><span style=\"font-size: medium\"> el alumno debe matricularse si le han asignado su 1\u00aa petici\u00f3n. Si le han dado una plaza que es su primera petici\u00f3n puede reservar o matricularse.&nbsp;<\/span><\/span><\/p>\n<\/li>\n<li>\n<p align=\"justify\"><span style=\"color: #000000\"><span style=\"font-size: medium\"><b>2\u00aa adjudicaci\u00f3n:<\/b><\/span><\/span><span style=\"color: #000000\"><span style=\"font-size: medium\"> est\u00e1 obligado a matricularse si se le ha dado una plaza. Si la plaza asignada no es la solicitada en primer lugar, quedar\u00e1 en lista de espera de las peticiones prioritarias.<\/span><\/span><\/p>\n<\/li>\n<\/ul>\n<p>Matriculaci\u00f3n (art. 47): El alumnado admitido en un ciclo formativo de FPB deber\u00e1 formalizar su matr\u00edcula (si entra en lo solicitado en 1er lugar) o reservar (si no, pierde su derecho).<\/p>\n<p>V\u00e9ase calendario en <a href=\"https:\/\/www.juntadeandalucia.es\/educacion\/secretariavirtual\/\"><span style=\"color: #0000ff\"><u>SECRETARIA VIRTUAL<\/u><\/span><\/a>.<\/p>\n<p>Agotadas las listas de espera: Los\/as alumnos\/as interesados podr\u00e1n presentar nueva solicitud en los centros con vacantes.<\/p>\n<p>Tambi\u00e9n podr\u00e1n presentar la solicitud alumnado que no cumpla los requisitos de acceso a partir del 30 de septiembre.<\/p>\n","protected":false},"excerpt":{"rendered":"<p>Presentar una \u00fanica solicitud en el centro elegido en 1er lugar (solicitar hasta 10). Hay dos adjudicaciones en julio: 1\u00aa adjudicaci\u00f3n julio: el alumno debe matricularse si le han asignado su 1\u00aa petici\u00f3n. Si&#46;&#46;&#46;<\/p>\n","protected":false},"author":12235,"featured_media":0,"parent":0,"menu_order":0,"comment_status":"closed","ping_status":"open","template":"","meta":{"ngg_post_thumbnail":0,"footnotes":""},"aioseo_notices":[],"_links":{"self":[{"href":"https:\/\/blogsaverroes.juntadeandalucia.es\/fpmalaga\/wp-json\/wp\/v2\/pages\/2"}],"collection":[{"href":"https:\/\/blogsaverroes.juntadeandalucia.es\/fpmalaga\/wp-json\/wp\/v2\/pages"}],"about":[{"href":"https:\/\/blogsaverroes.juntadeandalucia.es\/fpmalaga\/wp-json\/wp\/v2\/types\/page"}],"author":[{"embeddable":true,"href":"https:\/\/blogsaverroes.juntadeandalucia.es\/fpmalaga\/wp-json\/wp\/v2\/users\/12235"}],"replies":[{"embeddable":true,"href":"https:\/\/blogsaverroes.juntadeandalucia.es\/fpmalaga\/wp-json\/wp\/v2\/comments?post=2"}],"version-history":[{"count":2,"href":"https:\/\/blogsaverroes.juntadeandalucia.es\/fpmalaga\/wp-json\/wp\/v2\/pages\/2\/revisions"}],"predecessor-version":[{"id":605,"href":"https:\/\/blogsaverroes.juntadeandalucia.es\/fpmalaga\/wp-json\/wp\/v2\/pages\/2\/revisions\/605"}],"wp:attachment":[{"href":"https:\/\/blogsaverroes.juntadeandalucia.es\/fpmalaga\/wp-json\/wp\/v2\/media?parent=2"}],"curies":[{"name":"wp","href":"https:\/\/api.w.org\/{rel}","templated":true}]}}