{"id":211,"date":"2021-02-27T21:26:46","date_gmt":"2021-02-27T21:26:46","guid":{"rendered":"https:\/\/blogsaverroes.juntadeandalucia.es\/fpmalaga\/?page_id=211"},"modified":"2021-03-24T18:27:22","modified_gmt":"2021-03-24T18:27:22","slug":"edificacion-y-obra-civil","status":"publish","type":"page","link":"https:\/\/blogsaverroes.juntadeandalucia.es\/fpmalaga\/edificacion-y-obra-civil\/","title":{"rendered":"EDIFICACI\u00d3N Y OBRA CIVIL"},"content":{"rendered":"<p>\u00bfTe apasiona el mundo de las construcciones? \u00bfTe imaginas dise\u00f1ando en 3D un edificio? \u00bfTe imaginas ser capaz de construirlo?&nbsp;&nbsp;<\/p>\n<ul>\n<li><span style=\"color: #0000ff\"><a href=\"https:\/\/youtu.be\/g6g9LI-QXoM\" target=\"_blank\" rel=\"noopener noreferrer\">V\u00eddeo FAMILIA PROFESIONAL &#8220;EDIFICACI\u00d3N Y OBRA CIVIL&#8221; EN M\u00c1LAGA<\/a><\/span><img loading=\"lazy\" decoding=\"async\" class=\"size-medium wp-image-106 alignright\" style=\"color: #000000\" src=\"https:\/\/blogsaverroes.juntadeandalucia.es\/fpmalaga\/files\/2021\/02\/10-300x169.png\" alt=\"\" width=\"300\" height=\"169\" srcset=\"https:\/\/blogsaverroes.juntadeandalucia.es\/fpmalaga\/files\/2021\/02\/10-300x169.png 300w, https:\/\/blogsaverroes.juntadeandalucia.es\/fpmalaga\/files\/2021\/02\/10-1024x576.png 1024w, https:\/\/blogsaverroes.juntadeandalucia.es\/fpmalaga\/files\/2021\/02\/10-768x432.png 768w, https:\/\/blogsaverroes.juntadeandalucia.es\/fpmalaga\/files\/2021\/02\/10-1536x864.png 1536w, https:\/\/blogsaverroes.juntadeandalucia.es\/fpmalaga\/files\/2021\/02\/10.png 1920w\" sizes=\"(max-width: 300px) 100vw, 300px\" \/><\/li>\n<li><span style=\"color: #0000ff\"><a style=\"color: #0000ff\" href=\"https:\/\/youtu.be\/gRQ5QK_GOMg\" target=\"_blank\" rel=\"noopener noreferrer\">V\u00eddeo &#8220;Edificaci\u00f3n y obra civil &#8221; de Andaluc\u00eda.<\/a>&nbsp;<\/span><\/li>\n<li><span style=\"color: #000000\"><strong>FORMACI\u00d3N PROFESIONAL B\u00c1SICA:<\/strong><\/span>\n<ul>\n<li><a href=\"https:\/\/www.juntadeandalucia.es\/educacion\/portals\/web\/formacion-profesional-andaluza\/fp-basica\/detalle-titulo?idTitulo=154\" target=\"_blank\" rel=\"noopener noreferrer\"><span style=\"color: #0000ff\">Profesional B\u00e1sico en Reforma y Mantenimiento de Edificios<\/span><\/a><\/li>\n<\/ul>\n<\/li>\n<li><strong><span style=\"color: #000000\">CICLOS DE GRADO MEDIO:<\/span><\/strong>\n<ul>\n<li><a href=\"https:\/\/www.juntadeandalucia.es\/educacion\/portals\/web\/formacion-profesional-andaluza\/fp-grado-medio\/detalle-titulo?idTitulo=96\" target=\"_blank\" rel=\"noopener noreferrer\">T\u00e9cnico en Obras de Interior, Decoraci\u00f3n y Rehabilitaci\u00f3n<\/a><\/li>\n<li><a href=\"https:\/\/www.juntadeandalucia.es\/educacion\/portals\/web\/formacion-profesional-andaluza\/fp-grado-medio\/detalle-titulo?idTitulo=120\" target=\"_blank\" rel=\"noopener noreferrer\">T\u00e9cnico en Construcci\u00f3n<\/a><\/li>\n<\/ul>\n<\/li>\n<li><span style=\"color: #000000\"><strong>CICLOS DE GRADO SUPERIOR:<\/strong><\/span>&nbsp;\n<ul>\n<li><a href=\"https:\/\/portals.ced.junta-andalucia.es\/educacion\/portals\/web\/formacion-profesional-andaluza\/fp-grado-superior\/detalle-titulo?idTitulo=60\" target=\"_blank\" rel=\"noopener noreferrer\">T\u00e9cnico Superior en Proyectos de Edificaci\u00f3n<\/a><\/li>\n<li><a href=\"https:\/\/portals.ced.junta-andalucia.es\/educacion\/portals\/web\/formacion-profesional-andaluza\/fp-grado-superior\/detalle-titulo?idTitulo=77\" target=\"_blank\" rel=\"noopener noreferrer\">T\u00e9cnico Superior en Proyectos de Obra Civil<\/a><\/li>\n<li><a href=\"https:\/\/portals.ced.junta-andalucia.es\/educacion\/portals\/web\/formacion-profesional-andaluza\/fp-grado-superior\/detalle-titulo?idTitulo=521\" target=\"_blank\" rel=\"noopener noreferrer\">T\u00e9cnico Superior en Organizaci\u00f3n y Control de Obras de Construcci\u00f3n<\/a><\/li>\n<\/ul>\n<\/li>\n<li><a href=\"https:\/\/www.juntadeandalucia.es\/educacion\/secretariavirtual\/consulta\/oferta-educativa-formacion-profesional\/\" target=\"_blank\" rel=\"noopener noreferrer\"><strong>\u00bfD\u00d3NDE SE ESTUDIA?<\/strong><\/a><\/li>\n<\/ul>\n","protected":false},"excerpt":{"rendered":"<p>\u00bfTe apasiona el mundo de las construcciones? \u00bfTe imaginas dise\u00f1ando en 3D un edificio? \u00bfTe imaginas ser capaz de construirlo?&nbsp;&nbsp; V\u00eddeo FAMILIA PROFESIONAL &#8220;EDIFICACI\u00d3N Y OBRA CIVIL&#8221; EN M\u00c1LAGA V\u00eddeo &#8220;Edificaci\u00f3n y obra civil&#46;&#46;&#46;<\/p>\n","protected":false},"author":12235,"featured_media":0,"parent":0,"menu_order":0,"comment_status":"closed","ping_status":"closed","template":"","meta":{"ngg_post_thumbnail":0,"footnotes":""},"aioseo_notices":[],"_links":{"self":[{"href":"https:\/\/blogsaverroes.juntadeandalucia.es\/fpmalaga\/wp-json\/wp\/v2\/pages\/211"}],"collection":[{"href":"https:\/\/blogsaverroes.juntadeandalucia.es\/fpmalaga\/wp-json\/wp\/v2\/pages"}],"about":[{"href":"https:\/\/blogsaverroes.juntadeandalucia.es\/fpmalaga\/wp-json\/wp\/v2\/types\/page"}],"author":[{"embeddable":true,"href":"https:\/\/blogsaverroes.juntadeandalucia.es\/fpmalaga\/wp-json\/wp\/v2\/users\/12235"}],"replies":[{"embeddable":true,"href":"https:\/\/blogsaverroes.juntadeandalucia.es\/fpmalaga\/wp-json\/wp\/v2\/comments?post=211"}],"version-history":[{"count":4,"href":"https:\/\/blogsaverroes.juntadeandalucia.es\/fpmalaga\/wp-json\/wp\/v2\/pages\/211\/revisions"}],"predecessor-version":[{"id":372,"href":"https:\/\/blogsaverroes.juntadeandalucia.es\/fpmalaga\/wp-json\/wp\/v2\/pages\/211\/revisions\/372"}],"wp:attachment":[{"href":"https:\/\/blogsaverroes.juntadeandalucia.es\/fpmalaga\/wp-json\/wp\/v2\/media?parent=211"}],"curies":[{"name":"wp","href":"https:\/\/api.w.org\/{rel}","templated":true}]}}