{"id":235,"date":"2021-03-21T13:41:49","date_gmt":"2021-03-21T13:41:49","guid":{"rendered":"https:\/\/blogsaverroes.juntadeandalucia.es\/fpmalaga\/?page_id=235"},"modified":"2021-06-14T18:44:19","modified_gmt":"2021-06-14T18:44:19","slug":"donde-estudiar-gs","status":"publish","type":"page","link":"https:\/\/blogsaverroes.juntadeandalucia.es\/fpmalaga\/donde-estudiar-gs\/","title":{"rendered":"\u00bfD\u00d3NDE ESTUDIAR GS?"},"content":{"rendered":"<ul>\n<li><a href=\"https:\/\/www.youtube.com\/watch?v=1-su2x-AsqM\" target=\"_blank\" rel=\"noopener noreferrer\">\u00bfC\u00d3MO SOLICITAR UN GRADO SUPERIOR? PROCEDIMIENTO EN OFERTA PRESENCIAL<\/a><\/li>\n<li><strong><span style=\"color: #000080\"><a style=\"color: #000080\" href=\"https:\/\/www.juntadeandalucia.es\/educacion\/secretariavirtual\/consulta\/oferta-educativa-formacion-profesional\/\" target=\"_blank\" rel=\"noopener noreferrer\">OFERTA CICLOS FORMATIVOS DE GRADO SUPERIOR<\/a><\/span><\/strong><\/li>\n<li><span style=\"color: #000000\"><a style=\"color: #000000\" href=\"https:\/\/www.juntadeandalucia.es\/educacion\/secretariavirtual\/solicitudes\/\" target=\"_blank\" rel=\"noopener noreferrer\"><strong><span style=\"color: #000080\">SOLICITUD DE CICLOS:<\/span><\/strong><\/a> on line con la clave @IANDE en SECRETAR\u00cdA VIRTUAL CONSEJER\u00cdA<\/span><\/li>\n<li><span style=\"color: #000000\">M\u00e1s dudas: consulta la<span style=\"color: #000080\"> <a style=\"color: #000080\" href=\"https:\/\/blogsaverroes.juntadeandalucia.es\/orientadelegacionmalaga\/guia-orient-oferta-educativa-2021-22\/\" target=\"_blank\" rel=\"noopener noreferrer\">GU\u00cdA DE ORIENTACI\u00d3N ANDALUCIA, apartado 4 y anexos de M\u00e1laga<\/a> <\/span>o al Orientador\/a de tu centro.<\/span><\/li>\n<\/ul>\n","protected":false},"excerpt":{"rendered":"<p>\u00bfC\u00d3MO SOLICITAR UN GRADO SUPERIOR? PROCEDIMIENTO EN OFERTA PRESENCIAL OFERTA CICLOS FORMATIVOS DE GRADO SUPERIOR SOLICITUD DE CICLOS: on line con la clave @IANDE en SECRETAR\u00cdA VIRTUAL CONSEJER\u00cdA M\u00e1s dudas: consulta la GU\u00cdA DE&#46;&#46;&#46;<\/p>\n","protected":false},"author":12235,"featured_media":0,"parent":0,"menu_order":0,"comment_status":"closed","ping_status":"closed","template":"","meta":{"ngg_post_thumbnail":0,"footnotes":""},"aioseo_notices":[],"_links":{"self":[{"href":"https:\/\/blogsaverroes.juntadeandalucia.es\/fpmalaga\/wp-json\/wp\/v2\/pages\/235"}],"collection":[{"href":"https:\/\/blogsaverroes.juntadeandalucia.es\/fpmalaga\/wp-json\/wp\/v2\/pages"}],"about":[{"href":"https:\/\/blogsaverroes.juntadeandalucia.es\/fpmalaga\/wp-json\/wp\/v2\/types\/page"}],"author":[{"embeddable":true,"href":"https:\/\/blogsaverroes.juntadeandalucia.es\/fpmalaga\/wp-json\/wp\/v2\/users\/12235"}],"replies":[{"embeddable":true,"href":"https:\/\/blogsaverroes.juntadeandalucia.es\/fpmalaga\/wp-json\/wp\/v2\/comments?post=235"}],"version-history":[{"count":4,"href":"https:\/\/blogsaverroes.juntadeandalucia.es\/fpmalaga\/wp-json\/wp\/v2\/pages\/235\/revisions"}],"predecessor-version":[{"id":457,"href":"https:\/\/blogsaverroes.juntadeandalucia.es\/fpmalaga\/wp-json\/wp\/v2\/pages\/235\/revisions\/457"}],"wp:attachment":[{"href":"https:\/\/blogsaverroes.juntadeandalucia.es\/fpmalaga\/wp-json\/wp\/v2\/media?parent=235"}],"curies":[{"name":"wp","href":"https:\/\/api.w.org\/{rel}","templated":true}]}}