{"id":241,"date":"2021-03-21T13:46:41","date_gmt":"2021-03-21T13:46:41","guid":{"rendered":"https:\/\/blogsaverroes.juntadeandalucia.es\/fpmalaga\/?page_id=241"},"modified":"2021-06-14T18:40:10","modified_gmt":"2021-06-14T18:40:10","slug":"donde-estudiar-gm","status":"publish","type":"page","link":"https:\/\/blogsaverroes.juntadeandalucia.es\/fpmalaga\/donde-estudiar-gm\/","title":{"rendered":"\u00bfD\u00d3NDE ESTUDIAR GM?"},"content":{"rendered":"<p>&nbsp;<\/p>\n<ul>\n<li><strong><span style=\"color: #000080\"><a style=\"color: #000080\" href=\"https:\/\/www.juntadeandalucia.es\/educacion\/secretariavirtual\/consulta\/oferta-educativa-formacion-profesional\/\" target=\"_blank\" rel=\"noopener noreferrer\">OFERTA CICLOS FORMATIVOS DE GRADO MEDIO<\/a><\/span><\/strong><\/li>\n<li><a href=\"https:\/\/www.youtube.com\/watch?v=1-su2x-AsqM\" target=\"_blank\" rel=\"noopener noreferrer\">\u00bfC\u00f3mo solicitar un ciclo formativo (oferta completa) de grado medio?<\/a>\n<ul>\n<li><a href=\"https:\/\/blogsaverroes.juntadeandalucia.es\/fpmalaga\/files\/2021\/06\/Cupos.pdf\">Cupos:&nbsp;<\/a><\/li>\n<li>70% plazas con el t\u00edtulo de la ESO.&nbsp;<\/li>\n<li>20% plazas con el t\u00edtulo de FPB.<\/li>\n<li>10% plazas pruebas de acceso o curso de acceso.&nbsp;<\/li>\n<\/ul>\n<\/li>\n<li><span style=\"color: #000000\"><a style=\"color: #000000\" href=\"https:\/\/www.juntadeandalucia.es\/educacion\/secretariavirtual\/solicitudes\/\" target=\"_blank\" rel=\"noopener noreferrer\"><strong><span style=\"color: #000080\">SOLICITUD DE CICLOS:<\/span><\/strong><\/a> on line con la clave @IANDE en SECRETAR\u00cdA VIRTUAL CONSEJER\u00cdA<\/span><\/li>\n<li><span style=\"color: #000000\">M\u00e1s dudas: consulta la<span style=\"color: #000080\"> <a style=\"color: #000080\" href=\"https:\/\/blogsaverroes.juntadeandalucia.es\/orientadelegacionmalaga\/guia-orient-oferta-educativa-2021-22\/\" target=\"_blank\" rel=\"noopener noreferrer\">GU\u00cdA DE ORIENTACI\u00d3N ANDALUCIA, apartado 4 y anexos de M\u00e1laga<\/a> <\/span>o al Orientador\/a de tu centro.<\/span><\/li>\n<\/ul>\n","protected":false},"excerpt":{"rendered":"<p>&nbsp; OFERTA CICLOS FORMATIVOS DE GRADO MEDIO \u00bfC\u00f3mo solicitar un ciclo formativo (oferta completa) de grado medio? Cupos:&nbsp; 70% plazas con el t\u00edtulo de la ESO.&nbsp; 20% plazas con el t\u00edtulo de FPB. 10%&#46;&#46;&#46;<\/p>\n","protected":false},"author":12235,"featured_media":0,"parent":0,"menu_order":0,"comment_status":"closed","ping_status":"closed","template":"","meta":{"ngg_post_thumbnail":0,"footnotes":""},"aioseo_notices":[],"_links":{"self":[{"href":"https:\/\/blogsaverroes.juntadeandalucia.es\/fpmalaga\/wp-json\/wp\/v2\/pages\/241"}],"collection":[{"href":"https:\/\/blogsaverroes.juntadeandalucia.es\/fpmalaga\/wp-json\/wp\/v2\/pages"}],"about":[{"href":"https:\/\/blogsaverroes.juntadeandalucia.es\/fpmalaga\/wp-json\/wp\/v2\/types\/page"}],"author":[{"embeddable":true,"href":"https:\/\/blogsaverroes.juntadeandalucia.es\/fpmalaga\/wp-json\/wp\/v2\/users\/12235"}],"replies":[{"embeddable":true,"href":"https:\/\/blogsaverroes.juntadeandalucia.es\/fpmalaga\/wp-json\/wp\/v2\/comments?post=241"}],"version-history":[{"count":4,"href":"https:\/\/blogsaverroes.juntadeandalucia.es\/fpmalaga\/wp-json\/wp\/v2\/pages\/241\/revisions"}],"predecessor-version":[{"id":454,"href":"https:\/\/blogsaverroes.juntadeandalucia.es\/fpmalaga\/wp-json\/wp\/v2\/pages\/241\/revisions\/454"}],"wp:attachment":[{"href":"https:\/\/blogsaverroes.juntadeandalucia.es\/fpmalaga\/wp-json\/wp\/v2\/media?parent=241"}],"curies":[{"name":"wp","href":"https:\/\/api.w.org\/{rel}","templated":true}]}}