{"id":251,"date":"2021-03-21T14:11:08","date_gmt":"2021-03-21T14:11:08","guid":{"rendered":"https:\/\/blogsaverroes.juntadeandalucia.es\/fpmalaga\/?page_id=251"},"modified":"2023-10-04T07:15:23","modified_gmt":"2023-10-04T07:15:23","slug":"requisitos-acceso-gm","status":"publish","type":"page","link":"https:\/\/blogsaverroes.juntadeandalucia.es\/fpmalaga\/requisitos-acceso-gm\/","title":{"rendered":"REQUISITOS ACCESO GM"},"content":{"rendered":"<header class=\"portlet-topper\">\n<h1 class=\"portlet-title\"><span class=\"portlet-title-text\" style=\"font-size: 14pt\">Requisitos de acceso a ciclos formativos de grado medio de Formaci\u00f3n Profesional (<a href=\"https:\/\/www.juntadeandalucia.es\/educacion\/portals\/web\/formacion-profesional-andaluza\/quiero-formarme\/ensenanzas\/fp-grado-medio\/requisitos\" target=\"_blank\" rel=\"noopener noreferrer\">M\u00e1s informaci\u00f3n<\/a>)<\/span><\/h1>\n<p>Art\u00edculo 41 del texto refundido de la LOMLOE<\/p>\n<ul>\n<li>\n<p align=\"justify\"><span style=\"color: #000000\"><span style=\"font-size: medium\">T\u00edtulo de Graduado en Educaci\u00f3n Secundaria Obligatoria.<\/span><\/span><\/p>\n<\/li>\n<li>\n<p align=\"justify\"><span style=\"color: #000000\"><span style=\"font-size: medium\">T\u00edtulo Profesional B\u00e1sico (preferencia, los relacionados) (Ver 0). <\/span><\/span><\/p>\n<\/li>\n<li>\n<p align=\"justify\"><span style=\"color: #000000\"><span style=\"font-size: medium\">Haber superado un curso de formaci\u00f3n espec\u00edfico para el acceso a CFGM. <\/span><\/span><\/p>\n<\/li>\n<li>\n<p align=\"justify\"><span style=\"color: #000000\"><span style=\"font-size: medium\">Haber superado la prueba de acceso a CFGM.<\/span><\/span><\/p>\n<\/li>\n<li>\n<p align=\"justify\"><span style=\"color: #000000\"><span style=\"font-size: medium\">Otras titulaciones equivalentes (v\u00e9ase <\/span><\/span><a href=\"https:\/\/www.juntadeandalucia.es\/educacion\/portals\/web\/formacion-profesional-andaluza\/quiero-formarme\/ensenanzas\/fp-grado-medio\/requisitos\"><span style=\"color: #0000ff\"><span style=\"font-size: medium\"><u>web FPA<\/u><\/span><\/span><\/a><span style=\"color: #000000\"><span style=\"font-size: medium\">) (v\u00e9ase criterios de prelaci\u00f3n).<\/span><\/span><\/p>\n<\/li>\n<\/ul>\n<table style=\"width: 89.7152%\" width=\"642\" cellspacing=\"0\" cellpadding=\"7\">\n<colgroup>\n<col width=\"16\">\n<col width=\"18\">\n<col width=\"101\">\n<col width=\"150\">\n<col width=\"199\">\n<col width=\"71\"> <\/colgroup>\n<tbody>\n<tr>\n<td style=\"width: 44.0063%\" colspan=\"3\" bgcolor=\"#984806\" width=\"163\" height=\"4\">\n<p align=\"center\"><span style=\"color: #ffffff\"><span style=\"font-size: small\"><b>OFERTA<\/b><\/span><\/span><\/p>\n<\/td>\n<td style=\"width: 20.347%\" bgcolor=\"#984806\" width=\"150\">\n<p align=\"center\"><span style=\"color: #ffffff\"><span style=\"font-size: small\"><b>PROCEDE 4\u00ba ESO<\/b><\/span><\/span><\/p>\n<\/td>\n<td style=\"width: 22.082%\" bgcolor=\"#984806\" width=\"199\">\n<p align=\"center\"><span style=\"color: #ffffff\"><span style=\"font-size: small\"><b>Obtuvo el t\u00edtulo en uno de los dos cursos anteriores<\/b><\/span><\/span><\/p>\n<\/td>\n<td style=\"width: 109.183%\" bgcolor=\"#984806\" width=\"71\">\n<p align=\"center\"><span style=\"color: #ffffff\"><span style=\"font-size: small\"><b>PRIORIDAD<\/b><\/span><\/span><\/p>\n<\/td>\n<\/tr>\n<tr>\n<td style=\"width: 15.6151%\" rowspan=\"13\" bgcolor=\"#e36c09\" width=\"16\" height=\"4\">\n<p align=\"center\"><span style=\"color: #ffffff\"><span style=\"font-size: small\"><b>OFERTA PARCIAL DIFERENCIADA (OPD)<\/b><\/span><\/span><\/p>\n<\/td>\n<td style=\"width: 12.1451%\" rowspan=\"12\" bgcolor=\"#e36c09\" width=\"18\">\n<p align=\"center\"><span style=\"color: #ffffff\"><span style=\"font-size: small\"><b>OFERTA COMPLETA (OC)<\/b><\/span><\/span><\/p>\n<\/td>\n<td style=\"width: 16.2461%\" rowspan=\"4\" bgcolor=\"#fbd5b5\" width=\"101\">\n<p align=\"center\"><span style=\"font-size: small\"><b>T\u00cdTULO ESO<\/b><\/span><\/p>\n<p align=\"center\"><span style=\"font-size: small\"><b>OC: 70%<\/b><\/span><\/p>\n<p align=\"center\"><span style=\"font-size: small\"><b>OPD: 65%<\/b><\/span><\/p>\n<\/td>\n<td style=\"width: 20.347%\" bgcolor=\"#fbd5b5\" width=\"150\">\n<p align=\"center\"><span style=\"font-size: small\">S\u00cd<\/span><\/p>\n<\/td>\n<td style=\"width: 22.082%\" bgcolor=\"#fbd5b5\" width=\"199\">\n<p align=\"center\"><span style=\"font-size: small\">S\u00cd<\/span><\/p>\n<\/td>\n<td style=\"width: 109.183%\" bgcolor=\"#fbd5b5\" width=\"71\">\n<p align=\"center\"><span style=\"font-size: small\">1\u00aa<\/span><\/p>\n<\/td>\n<\/tr>\n<tr>\n<td style=\"width: 20.347%\" bgcolor=\"#fbd5b5\" width=\"150\">\n<p align=\"center\"><span style=\"font-size: small\">NO<\/span><\/p>\n<\/td>\n<td style=\"width: 22.082%\" bgcolor=\"#fbd5b5\" width=\"199\">\n<p align=\"center\"><span style=\"font-size: small\">S\u00cd<\/span><\/p>\n<\/td>\n<td style=\"width: 109.183%\" bgcolor=\"#fbd5b5\" width=\"71\">\n<p align=\"center\"><span style=\"font-size: small\">2\u00aa<\/span><\/p>\n<\/td>\n<\/tr>\n<tr>\n<td style=\"width: 20.347%\" bgcolor=\"#fbd5b5\" width=\"150\">\n<p align=\"center\"><span style=\"font-size: small\">S\u00cd<\/span><\/p>\n<\/td>\n<td style=\"width: 22.082%\" bgcolor=\"#fbd5b5\" width=\"199\">\n<p align=\"center\"><span style=\"font-size: small\">NO<\/span><\/p>\n<\/td>\n<td style=\"width: 109.183%\" bgcolor=\"#fbd5b5\" width=\"71\">\n<p align=\"center\"><span style=\"font-size: small\">3\u00aa<\/span><\/p>\n<\/td>\n<\/tr>\n<tr>\n<td style=\"width: 20.347%\" bgcolor=\"#fbd5b5\" width=\"150\">\n<p align=\"center\"><span style=\"font-size: small\">NO<\/span><\/p>\n<\/td>\n<td style=\"width: 22.082%\" bgcolor=\"#fbd5b5\" width=\"199\">\n<p align=\"center\"><span style=\"font-size: small\">NO<\/span><\/p>\n<\/td>\n<td style=\"width: 109.183%\" bgcolor=\"#fbd5b5\" width=\"71\">\n<p align=\"center\"><span style=\"font-size: small\">4\u00aa<\/span><\/p>\n<\/td>\n<\/tr>\n<tr>\n<td style=\"width: 16.2461%\" rowspan=\"5\" width=\"101\">\n<p align=\"center\"><span style=\"font-size: small\"><b>T\u00cdTULO T\u00c9CNICO B\u00c1SICO O FPB<\/b><\/span><\/p>\n<p align=\"center\"><span style=\"font-size: small\"><b>OC: 20%<\/b><\/span><\/p>\n<p align=\"center\"><span style=\"font-size: small\"><b>OPD: 20%<\/b><\/span><\/p>\n<\/td>\n<td style=\"width: 20.347%\" rowspan=\"2\" width=\"150\">\n<p align=\"center\"><span style=\"font-size: small\">RELACIONADO (VER ANEXO IX)<\/span><\/p>\n<\/td>\n<td style=\"width: 22.082%\" width=\"199\">\n<p align=\"center\"><span style=\"font-size: small\">S\u00cd<\/span><\/p>\n<\/td>\n<td style=\"width: 109.183%\" width=\"71\">\n<p align=\"center\"><span style=\"font-size: small\">1\u00aa<\/span><\/p>\n<\/td>\n<\/tr>\n<tr>\n<td style=\"width: 22.082%\" width=\"199\">\n<p align=\"center\"><span style=\"font-size: small\">NO<\/span><\/p>\n<\/td>\n<td style=\"width: 109.183%\" width=\"71\">\n<p align=\"center\"><span style=\"font-size: small\">2\u00aa<\/span><\/p>\n<\/td>\n<\/tr>\n<tr>\n<td style=\"width: 20.347%\" rowspan=\"2\" width=\"150\">\n<p align=\"center\"><span style=\"font-size: small\">NO RELACIONADO<\/span><\/p>\n<\/td>\n<td style=\"width: 22.082%\" width=\"199\">\n<p align=\"center\"><span style=\"font-size: small\">S\u00cd<\/span><\/p>\n<\/td>\n<td style=\"width: 109.183%\" width=\"71\">\n<p align=\"center\"><span style=\"font-size: small\">3\u00aa<\/span><\/p>\n<\/td>\n<\/tr>\n<tr>\n<td style=\"width: 22.082%\" width=\"199\">\n<p align=\"center\"><span style=\"font-size: small\">NO<\/span><\/p>\n<\/td>\n<td style=\"width: 109.183%\" width=\"71\">\n<p align=\"center\"><span style=\"font-size: small\">4\u00aa<\/span><\/p>\n<\/td>\n<\/tr>\n<tr>\n<td style=\"width: 42.429%\" colspan=\"2\" width=\"364\">\n<p align=\"center\"><span style=\"font-size: small\">M\u00f3dulos prof. obligatorios de un PCPI<\/span><\/p>\n<\/td>\n<td style=\"width: 109.183%\" width=\"71\">\n<p align=\"center\"><span style=\"font-size: small\">5\u00aa<\/span><\/p>\n<\/td>\n<\/tr>\n<tr>\n<td style=\"width: 16.2461%\" rowspan=\"3\" bgcolor=\"#fdeada\" width=\"101\">\n<p align=\"center\"><span style=\"font-size: small\"><b>RESTO REQUISITOS<\/b><\/span><\/p>\n<p align=\"center\"><span style=\"font-size: small\"><b>OC: 10%<\/b><\/span><\/p>\n<p align=\"center\"><span style=\"font-size: small\"><b>OPD: 10%<\/b><\/span><\/p>\n<\/td>\n<td style=\"width: 42.429%\" colspan=\"2\" bgcolor=\"#fdeada\" width=\"364\">\n<p align=\"center\"><span style=\"font-size: small\">Pruebas y curso de acceso CFGM<\/span><\/p>\n<\/td>\n<td style=\"width: 109.183%\" bgcolor=\"#fdeada\" width=\"71\">\n<p align=\"center\"><span style=\"font-size: small\">1\u00aa<\/span><\/p>\n<\/td>\n<\/tr>\n<tr>\n<td style=\"width: 42.429%\" colspan=\"2\" bgcolor=\"#fdeada\" width=\"364\">\n<p align=\"center\"><span style=\"font-size: small\">Titulaci\u00f3n equivalente al t\u00edtulo ESO<\/span><\/p>\n<\/td>\n<td style=\"width: 109.183%\" bgcolor=\"#fdeada\" width=\"71\">\n<p align=\"center\"><span style=\"font-size: small\">2\u00aa<\/span><\/p>\n<\/td>\n<\/tr>\n<tr>\n<td style=\"width: 42.429%\" colspan=\"2\" bgcolor=\"#fdeada\" width=\"364\">\n<ul>\n<li>\n<p align=\"left\"><span style=\"color: #000000\"><span style=\"font-size: small\">Estar en posesi\u00f3n del t\u00edtulo de Graduado ESO.<\/span><\/span><\/p>\n<\/li>\n<li>\n<p align=\"left\"><span style=\"color: #000000\"><span style=\"font-size: small\">Estar en posesi\u00f3n del t\u00edtulo de T\u00e9cnico Auxiliar.<\/span><\/span><\/p>\n<\/li>\n<li>\n<p align=\"left\"><span style=\"color: #000000\"><span style=\"font-size: small\">Estar en posesi\u00f3n del t\u00edtulo de T\u00e9cnico.<\/span><\/span><\/p>\n<\/li>\n<li>\n<p align=\"left\"><span style=\"color: #000000\"><span style=\"font-size: small\">Estar en posesi\u00f3n del t\u00edtulo de Bachiller superior.<\/span><\/span><\/p>\n<\/li>\n<li>\n<p align=\"left\"><span style=\"color: #000000\"><span style=\"font-size: small\">Haber superado el segundo curso del primer ciclo experimental de reforma de las ense\u00f1anzas medias.<\/span><\/span><\/p>\n<\/li>\n<li>\n<p align=\"left\"><span style=\"color: #000000\"><span style=\"font-size: small\">Haber superado, de las ense\u00f1anzas de Artes Aplicadas y Oficios Art\u00edsticos, el tercer curso del plan de 1963 o el segundo de comunes experimental.<\/span><\/span><\/p>\n<\/li>\n<li>\n<p align=\"left\"><span style=\"color: #000000\"><span style=\"font-size: small\">Acreditar tener un m\u00e1ximo de dos materias pendientes en el conjunto de los dos primeros cursos del BUP.<\/span><\/span><\/p>\n<\/li>\n<li>\n<p align=\"left\"><span style=\"color: #000000\"><span style=\"font-size: small\">Tener alguna de las titulaciones equivalentes para el acceso a los CFGS.<\/span><\/span><\/p>\n<\/li>\n<li>\n<p align=\"left\"><span style=\"color: #000000\"><span style=\"font-size: small\">Haber superado otros estudios o cursos de formaci\u00f3n de los declarados equivalentes a efectos acad\u00e9micos con alguno de los anteriores.<\/span><\/span><\/p>\n<\/li>\n<\/ul>\n<\/td>\n<td style=\"width: 109.183%\" bgcolor=\"#fdeada\" width=\"71\">\n<p align=\"center\"><span style=\"font-size: small\">3\u00aa<\/span><\/p>\n<\/td>\n<\/tr>\n<tr>\n<td style=\"width: 12.1451%\" width=\"18\">&nbsp;<\/td>\n<td style=\"width: 16.2461%\" width=\"101\">\n<p align=\"center\"><span style=\"font-size: small\"><b>EXPERIENCIA LABORAL<\/b><\/span><\/p>\n<p align=\"center\"><span style=\"font-size: small\"><b>OPD: 5%<\/b><\/span><\/p>\n<\/td>\n<td style=\"width: 151.612%\" colspan=\"3\" width=\"449\">\n<p align=\"left\"><span style=\"font-size: small\">Experiencia laboral, acreditada, que no tengan las condiciones establecidas para el acceso a CF, para m\u00f3dulos profesionales incluidos en t\u00edtulos y asociados a UC del CNCP, ordenados por tiempo de experiencia acreditado.<\/span><\/p>\n<\/td>\n<\/tr>\n<\/tbody>\n<\/table>\n<p>&nbsp;<\/p>\n<\/header>\n<div class=\"portlet-content\">\n<div class=\" portlet-content-container\">\n<div class=\"portlet-body\">\n<div class=\"contenido_portlet \">\n<div class=\"portlet_web\">\n<div class=\"detalle web\">\n<div class=\"contenido_detalle\">\n<section class=\"section_widget_abaco enlaces links_relacionados_web\">\n<header><\/header>\n<div class=\"wrapper-listado\">&nbsp;<\/div>\n<\/section>\n<\/div>\n<\/div>\n<\/div>\n<\/div>\n<\/div>\n<\/div>\n<\/div>\n","protected":false},"excerpt":{"rendered":"<p>Requisitos de acceso a ciclos formativos de grado medio de Formaci\u00f3n Profesional (M\u00e1s informaci\u00f3n) Art\u00edculo 41 del texto refundido de la LOMLOE T\u00edtulo de Graduado en Educaci\u00f3n Secundaria Obligatoria. T\u00edtulo Profesional B\u00e1sico (preferencia, los&#46;&#46;&#46;<\/p>\n","protected":false},"author":12235,"featured_media":0,"parent":0,"menu_order":0,"comment_status":"closed","ping_status":"closed","template":"","meta":{"ngg_post_thumbnail":0,"footnotes":""},"aioseo_notices":[],"_links":{"self":[{"href":"https:\/\/blogsaverroes.juntadeandalucia.es\/fpmalaga\/wp-json\/wp\/v2\/pages\/251"}],"collection":[{"href":"https:\/\/blogsaverroes.juntadeandalucia.es\/fpmalaga\/wp-json\/wp\/v2\/pages"}],"about":[{"href":"https:\/\/blogsaverroes.juntadeandalucia.es\/fpmalaga\/wp-json\/wp\/v2\/types\/page"}],"author":[{"embeddable":true,"href":"https:\/\/blogsaverroes.juntadeandalucia.es\/fpmalaga\/wp-json\/wp\/v2\/users\/12235"}],"replies":[{"embeddable":true,"href":"https:\/\/blogsaverroes.juntadeandalucia.es\/fpmalaga\/wp-json\/wp\/v2\/comments?post=251"}],"version-history":[{"count":6,"href":"https:\/\/blogsaverroes.juntadeandalucia.es\/fpmalaga\/wp-json\/wp\/v2\/pages\/251\/revisions"}],"predecessor-version":[{"id":636,"href":"https:\/\/blogsaverroes.juntadeandalucia.es\/fpmalaga\/wp-json\/wp\/v2\/pages\/251\/revisions\/636"}],"wp:attachment":[{"href":"https:\/\/blogsaverroes.juntadeandalucia.es\/fpmalaga\/wp-json\/wp\/v2\/media?parent=251"}],"curies":[{"name":"wp","href":"https:\/\/api.w.org\/{rel}","templated":true}]}}