{"id":253,"date":"2021-03-21T14:14:54","date_gmt":"2021-03-21T14:14:54","guid":{"rendered":"https:\/\/blogsaverroes.juntadeandalucia.es\/fpmalaga\/?page_id=253"},"modified":"2023-10-04T07:52:41","modified_gmt":"2023-10-04T07:52:41","slug":"requisitos-acceso-gs","status":"publish","type":"page","link":"https:\/\/blogsaverroes.juntadeandalucia.es\/fpmalaga\/requisitos-acceso-gs\/","title":{"rendered":"REQUISITOS ACCESO GS"},"content":{"rendered":"<p>&nbsp; &nbsp; &nbsp;<\/p>\n<h3 class=\"western\">* REQUISITOS CICLOS DE GRADOS SUPERIOR<\/h3>\n<p><span style=\"font-size: 14pt\"><a href=\"http:\/\/www.juntadeandalucia.es\/educacion\/portals\/web\/formacion-profesional-andaluza\/quiero-formarme\/ensenanzas\/fp-grado-superior\/requisitos\"><span style=\"color: #0000ff\"><u>Ver requisitos en web FPA<\/u><\/span><\/a><\/span><\/p>\n<ul>\n<li>\n<p align=\"justify\"><span style=\"color: #000000\"><span style=\"font-size: medium\">T\u00edtulo de Bachiller o titulaci\u00f3n equivalente (Ver Anexo E. ).<\/span><\/span><\/p>\n<\/li>\n<li>\n<p align=\"justify\"><span style=\"color: #000000\"><span style=\"font-size: medium\">T\u00edtulo de T\u00e9cnico, T\u00e9cnico Superior, T\u00e9cnico Especialista o equivalente (Ver 0).<\/span><\/span><\/p>\n<\/li>\n<li>\n<p align=\"justify\"><span style=\"color: #000000\"><span style=\"font-size: medium\">Estar en posesi\u00f3n de un certificado acreditativo de haber superado todas las materias de Bachillerato.<\/span><\/span><\/p>\n<\/li>\n<li>\n<p align=\"justify\"><span style=\"color: #000000\"><span style=\"font-size: medium\">Estar en posesi\u00f3n de un t\u00edtulo universitario.<\/span><\/span><\/p>\n<\/li>\n<li>\n<p align=\"justify\"><span style=\"color: #000000\"><span style=\"font-size: medium\">Haber superado un curso de formaci\u00f3n espec\u00edfico para el acceso a ciclos formativos de grado superior, tener 19 a\u00f1os cumplidos en el a\u00f1o de finalizaci\u00f3n del curso y no reunir otros requisitos de acceso.<\/span><\/span><\/p>\n<\/li>\n<li>\n<p align=\"justify\"><span style=\"color: #000000\"><span style=\"font-size: medium\">Haber superado la prueba de acceso a ciclos formativos de grado superior o la prueba de acceso a la universidad para mayores de 25 a\u00f1os y tener 19 a\u00f1os cumplidos en el a\u00f1o de realizaci\u00f3n de la prueba.<\/span><\/span><\/p>\n<\/li>\n<\/ul>\n<ul>\n<li><strong><span style=\"color: #000000\"><a href=\"https:\/\/blogsaverroes.juntadeandalucia.es\/fpmalaga\/files\/2023\/10\/ORDEN-DE-PRELACI\u00d3N-CICLOS-FORMATIVOS-DE-GRADO-SUPERIOR.pdf\">ORDEN DE PRELACI\u00d3N CICLOS FORMATIVOS DE GRADO SUPERIOR<\/a><\/span><\/strong><\/li>\n<\/ul>\n<ul>\n<li style=\"list-style-type: none\">\n<ul>\n<li style=\"list-style-type: none\">\n<ul>\n<li>\n<h3 class=\"western\">ORDEN DE PRELACI\u00d3N CICLOS FORMATIVOS DE GRADO SUPERIOR<\/h3>\n<\/li>\n<\/ul>\n<\/li>\n<\/ul>\n<\/li>\n<\/ul>\n<p><strong><span style=\"font-size: 14pt\">Art\u00edculos 6 y 7. Orden 7 junio 2021<\/span><\/strong><\/p>\n<table style=\"width: 73.4937%\" width=\"641\" cellspacing=\"0\" cellpadding=\"7\">\n<colgroup>\n<col width=\"18\">\n<col width=\"19\">\n<col width=\"111\">\n<col width=\"152\">\n<col width=\"178\">\n<col width=\"77\"> <\/colgroup>\n<tbody>\n<tr>\n<td style=\"width: 49.3691%\" colspan=\"3\" bgcolor=\"#943734\" width=\"176\" height=\"4\">\n<p align=\"center\"><span style=\"color: #ffffff\"><b>OFERTA<\/b><\/span><\/p>\n<\/td>\n<td style=\"width: 19.5584%\" bgcolor=\"#943734\" width=\"152\">\n<p align=\"center\"><span style=\"color: #ffffff\"><b>PROCEDE 2\u00ba BACHILLERAT0<\/b><\/span><\/p>\n<\/td>\n<td style=\"width: 15.7729%\" bgcolor=\"#943734\" width=\"178\">\n<p align=\"center\"><span style=\"color: #ffffff\"><b>Obtuvo el t\u00edtulo en uno de los dos cursos anteriores<\/b><\/span><\/p>\n<\/td>\n<td style=\"width: 91.6404%\" bgcolor=\"#943734\" width=\"77\">\n<p align=\"center\"><span style=\"color: #ffffff\"><b>PRIORIDAD<\/b><\/span><\/p>\n<\/td>\n<\/tr>\n<tr>\n<td style=\"width: 18.612%\" rowspan=\"14\" bgcolor=\"#d99594\" width=\"18\" height=\"4\">\n<p align=\"center\"><span style=\"color: #ffffff\"><b>OFERTA PARCIAL DIFERENCIADA (OPD)<\/b><\/span><\/p>\n<\/td>\n<td style=\"width: 14.3533%\" rowspan=\"13\" bgcolor=\"#d99594\" width=\"19\">\n<p align=\"center\"><span style=\"color: #ffffff\"><b>OFERTA COMPLETA (OC)<\/b><\/span><\/p>\n<\/td>\n<td style=\"width: 16.4038%\" rowspan=\"4\" bgcolor=\"#f2dcdb\" width=\"111\">\n<p align=\"center\"><span style=\"font-size: small\"><b>T\u00cdTULO BACHILLERATO<\/b><\/span><\/p>\n<p align=\"center\"><span style=\"font-size: small\"><b>OC: 65%<\/b><\/span><\/p>\n<p align=\"center\"><span style=\"font-size: small\"><b>OPD: 60%<\/b><\/span><\/p>\n<\/td>\n<td style=\"width: 19.5584%\" rowspan=\"2\" bgcolor=\"#f2dcdb\" width=\"152\">\n<p align=\"center\"><span style=\"font-size: small\">RELACIONADO <\/span><\/p>\n<p align=\"center\"><span style=\"font-size: small\">(VER Anexo E. )<\/span><\/p>\n<\/td>\n<td style=\"width: 15.7729%\" bgcolor=\"#f2dcdb\" width=\"178\">\n<p align=\"center\"><span style=\"font-size: small\">S\u00cd<\/span><\/p>\n<\/td>\n<td style=\"width: 91.6404%\" bgcolor=\"#f2dcdb\" width=\"77\">\n<p align=\"center\"><span style=\"font-size: small\">1\u00aa<\/span><\/p>\n<\/td>\n<\/tr>\n<tr>\n<td style=\"width: 15.7729%\" bgcolor=\"#f2dcdb\" width=\"178\">\n<p align=\"center\"><span style=\"font-size: small\">NO<\/span><\/p>\n<\/td>\n<td style=\"width: 91.6404%\" bgcolor=\"#f2dcdb\" width=\"77\">\n<p align=\"center\"><span style=\"font-size: small\">2\u00aa<\/span><\/p>\n<\/td>\n<\/tr>\n<tr>\n<td style=\"width: 19.5584%\" rowspan=\"2\" bgcolor=\"#f2dcdb\" width=\"152\">\n<p align=\"center\"><span style=\"font-size: small\">NO RELACIONADO<\/span><\/p>\n<\/td>\n<td style=\"width: 15.7729%\" bgcolor=\"#f2dcdb\" width=\"178\">\n<p align=\"center\"><span style=\"font-size: small\">S\u00cd<\/span><\/p>\n<\/td>\n<td style=\"width: 91.6404%\" bgcolor=\"#f2dcdb\" width=\"77\">\n<p align=\"center\"><span style=\"font-size: small\">3\u00aa<\/span><\/p>\n<\/td>\n<\/tr>\n<tr>\n<td style=\"width: 15.7729%\" bgcolor=\"#f2dcdb\" width=\"178\">\n<p align=\"center\"><span style=\"font-size: small\">NO<\/span><\/p>\n<\/td>\n<td style=\"width: 91.6404%\" bgcolor=\"#f2dcdb\" width=\"77\">\n<p align=\"center\"><span style=\"font-size: small\">4\u00aa<\/span><\/p>\n<\/td>\n<\/tr>\n<tr>\n<td style=\"width: 16.4038%\" rowspan=\"4\" width=\"111\">\n<p align=\"center\"><span style=\"font-size: small\"><b>T\u00cdTULO T\u00c9CNICO OC: 20%<\/b><\/span><\/p>\n<p align=\"center\"><span style=\"font-size: small\"><b>OPD: 20%<\/b><\/span><\/p>\n<\/td>\n<td style=\"width: 19.5584%\" rowspan=\"2\" width=\"152\">\n<p align=\"center\"><span style=\"font-size: small\">RELACIONADO <\/span><\/p>\n<p align=\"center\"><span style=\"font-size: small\">(VER 0)<\/span><\/p>\n<\/td>\n<td style=\"width: 15.7729%\" width=\"178\">\n<p align=\"center\"><span style=\"font-size: small\">S\u00cd<\/span><\/p>\n<\/td>\n<td style=\"width: 91.6404%\" width=\"77\">\n<p align=\"center\"><span style=\"font-size: small\">1\u00aa<\/span><\/p>\n<\/td>\n<\/tr>\n<tr>\n<td style=\"width: 15.7729%\" width=\"178\">\n<p align=\"center\"><span style=\"font-size: small\">NO<\/span><\/p>\n<\/td>\n<td style=\"width: 91.6404%\" width=\"77\">\n<p align=\"center\"><span style=\"font-size: small\">2\u00aa<\/span><\/p>\n<\/td>\n<\/tr>\n<tr>\n<td style=\"width: 19.5584%\" rowspan=\"2\" width=\"152\">\n<p align=\"center\"><span style=\"font-size: small\">NO RELACIONADO<\/span><\/p>\n<\/td>\n<td style=\"width: 15.7729%\" width=\"178\">\n<p align=\"center\"><span style=\"font-size: small\">S\u00cd<\/span><\/p>\n<\/td>\n<td style=\"width: 91.6404%\" width=\"77\">\n<p align=\"center\"><span style=\"font-size: small\">3\u00aa<\/span><\/p>\n<\/td>\n<\/tr>\n<tr>\n<td style=\"width: 15.7729%\" width=\"178\">\n<p align=\"center\"><span style=\"font-size: small\">NO<\/span><\/p>\n<\/td>\n<td style=\"width: 91.6404%\" width=\"77\">\n<p align=\"center\"><span style=\"font-size: small\">4\u00aa<\/span><\/p>\n<\/td>\n<\/tr>\n<tr>\n<td style=\"width: 16.4038%\" rowspan=\"5\" bgcolor=\"#e5b9b7\" width=\"111\">\n<p align=\"center\"><span style=\"font-size: small\"><b>RESTO REQUISITOS<\/b><\/span><\/p>\n<p align=\"center\"><span style=\"font-size: small\"><b>OC: 15%<\/b><\/span><\/p>\n<p align=\"center\"><span style=\"font-size: small\"><b>OPD: 15%<\/b><\/span><\/p>\n<\/td>\n<td style=\"width: 35.3312%\" colspan=\"2\" bgcolor=\"#e5b9b7\" width=\"344\">\n<p align=\"center\"><span style=\"font-size: small\">Pruebas y curso de acceso CFGS RELACIONADA (0)<\/span><\/p>\n<\/td>\n<td style=\"width: 91.6404%\" bgcolor=\"#e5b9b7\" width=\"77\">\n<p align=\"center\"><span style=\"font-size: small\">1\u00aa<\/span><\/p>\n<\/td>\n<\/tr>\n<tr>\n<td style=\"width: 35.3312%\" colspan=\"2\" bgcolor=\"#e5b9b7\" width=\"344\">\n<p align=\"center\"><span style=\"font-size: small\">Pruebas y curso de acceso CFGS NO RELACIONADA<\/span><\/p>\n<\/td>\n<td style=\"width: 91.6404%\" bgcolor=\"#e5b9b7\" width=\"77\">\n<p align=\"center\"><span style=\"font-size: small\">2\u00aa<\/span><\/p>\n<\/td>\n<\/tr>\n<tr>\n<td style=\"width: 35.3312%\" colspan=\"2\" bgcolor=\"#e5b9b7\" width=\"344\">\n<p align=\"center\"><span style=\"font-size: small\">Curso de acceso a CFGS<\/span><\/p>\n<\/td>\n<td style=\"width: 91.6404%\" bgcolor=\"#e5b9b7\" width=\"77\">\n<p align=\"center\"><span style=\"font-size: small\">3\u00aa<\/span><\/p>\n<\/td>\n<\/tr>\n<tr>\n<td style=\"width: 35.3312%\" colspan=\"2\" bgcolor=\"#e5b9b7\" width=\"344\">\n<p align=\"center\"><span style=\"font-size: small\">T\u00edtulo equivalente al t\u00edtulo de Bachiller<\/span><\/p>\n<\/td>\n<td style=\"width: 91.6404%\" bgcolor=\"#e5b9b7\" width=\"77\">\n<p align=\"center\"><span style=\"font-size: small\">4\u00aa<\/span><\/p>\n<\/td>\n<\/tr>\n<tr>\n<td style=\"width: 35.3312%\" colspan=\"2\" bgcolor=\"#e5b9b7\" width=\"344\">\n<ul>\n<li>\n<p align=\"left\"><span style=\"color: #000000\"><span style=\"font-size: small\">Estar en posesi\u00f3n del t\u00edtulo de Bachiller establecido en la Ley Org\u00e1nica 1\/1990, de 3 de octubre, de Ordenaci\u00f3n General del Sistema Educativo.<\/span><\/span><\/p>\n<\/li>\n<li>\n<p align=\"left\"><span style=\"color: #000000\"><span style=\"font-size: small\">Haber superado el segundo curso de cualquier modalidad de Bachillerato Experimental.<\/span><\/span><\/p>\n<\/li>\n<li>\n<p align=\"left\"><span style=\"color: #000000\"><span style=\"font-size: small\">Haber superado COU o preuniversitario.<\/span><\/span><\/p>\n<\/li>\n<li>\n<p align=\"left\"><span style=\"color: #000000\"><span style=\"font-size: small\">Estar en posesi\u00f3n del t\u00edtulo de T\u00e9cnico Especialista, T\u00e9cnico Superior o equivalente a efectos acad\u00e9micos.<\/span><\/span><\/p>\n<\/li>\n<li>\n<p align=\"left\"><span style=\"color: #000000\"><span style=\"font-size: small\">Estar en posesi\u00f3n de una titulaci\u00f3n universitaria o equivalente.<\/span><\/span><\/p>\n<\/li>\n<\/ul>\n<\/td>\n<td style=\"width: 91.6404%\" bgcolor=\"#e5b9b7\" width=\"77\">\n<p align=\"center\"><span style=\"font-size: small\">5\u00aa<\/span><\/p>\n<\/td>\n<\/tr>\n<tr>\n<td style=\"width: 14.3533%\" width=\"19\">&nbsp;<\/td>\n<td style=\"width: 16.4038%\" width=\"111\">\n<p align=\"center\"><span style=\"font-size: small\"><b>EXPERIENCIA LABORAL<\/b><\/span><\/p>\n<p align=\"center\"><span style=\"font-size: small\"><b>OPD: 5%<\/b><\/span><\/p>\n<\/td>\n<td style=\"width: 126.972%\" colspan=\"3\" width=\"435\">\n<p align=\"center\"><span style=\"font-size: small\">Experiencia laboral, acreditada, que no tengan las condiciones establecidas para el acceso a CF, para m\u00f3dulos profesionales incluidos en t\u00edtulos y asociados a UC del CNCP, ordenados por tiempo de experiencia acreditado.<\/span><\/p>\n<\/td>\n<\/tr>\n<\/tbody>\n<\/table>\n<p align=\"justify\"><a name=\"_heading=h.1rvwp1q\"><\/a> <span style=\"color: #984806\"><span style=\"font-size: small\"><b>Tabla 18 Orden de prelaci\u00f3n CFGS<\/b><\/span><\/span><\/p>\n<ul>\n<li style=\"list-style-type: none\">\n<ul>\n<li style=\"list-style-type: none\">\n<ul>\n<li>\n<h3 class=\"western\">&nbsp;<\/h3>\n<\/li>\n<\/ul>\n<\/li>\n<\/ul>\n<\/li>\n<\/ul>\n<p>&nbsp;<\/p>\n<p>&nbsp;<\/p>\n<ul>\n<li><strong><span style=\"color: #0000ff\"><a style=\"color: #0000ff\" href=\"https:\/\/blogsaverroes.juntadeandalucia.es\/fpmalaga\/2021\/04\/05\/pruebas-acceso-ciclos\/\" target=\"_blank\" rel=\"noopener noreferrer\">Prueba acceso a Grado superior<\/a>,<\/span> acceso a universidad o equivalente (15%&nbsp; plazas).<\/strong><\/li>\n<li><strong>RESERVA PLAZAS: 5%&nbsp; para personas con discapacidad, 5% deportistas de alto rendimiento y, en oferta parcial diferenciada, 5% para personas con experiencia laboral que no cumplan requisitos acad\u00e9micos.<\/strong><\/li>\n<li><span style=\"font-size: 14pt\"><a href=\"https:\/\/blogsaverroes.juntadeandalucia.es\/orientadelegacionmalaga\/files\/2019\/06\/bachillerato-relac-fp-y-opciones.pdf\" target=\"_blank\" rel=\"noopener noreferrer\">BACHILLERATOS RELACIONADOS Y PRUEBAS DE ACCESO<\/a><\/span><\/li>\n<\/ul>\n<p><strong>M\u00e1s informaci\u00f3n: web <a href=\"https:\/\/www.juntadeandalucia.es\/educacion\/portals\/web\/formacion-profesional-andaluza\/quiero-formarme\/ensenanzas\/fp-grado-superior\/requisitos\" target=\"_blank\" rel=\"noopener noreferrer\">FPA<\/a><\/strong><\/p>\n","protected":false},"excerpt":{"rendered":"<p>&nbsp; &nbsp; &nbsp; * REQUISITOS CICLOS DE GRADOS SUPERIOR Ver requisitos en web FPA T\u00edtulo de Bachiller o titulaci\u00f3n equivalente (Ver Anexo E. ). T\u00edtulo de T\u00e9cnico, T\u00e9cnico Superior, T\u00e9cnico Especialista o equivalente (Ver&#46;&#46;&#46;<\/p>\n","protected":false},"author":12235,"featured_media":0,"parent":0,"menu_order":0,"comment_status":"closed","ping_status":"closed","template":"","meta":{"ngg_post_thumbnail":0,"footnotes":""},"aioseo_notices":[],"_links":{"self":[{"href":"https:\/\/blogsaverroes.juntadeandalucia.es\/fpmalaga\/wp-json\/wp\/v2\/pages\/253"}],"collection":[{"href":"https:\/\/blogsaverroes.juntadeandalucia.es\/fpmalaga\/wp-json\/wp\/v2\/pages"}],"about":[{"href":"https:\/\/blogsaverroes.juntadeandalucia.es\/fpmalaga\/wp-json\/wp\/v2\/types\/page"}],"author":[{"embeddable":true,"href":"https:\/\/blogsaverroes.juntadeandalucia.es\/fpmalaga\/wp-json\/wp\/v2\/users\/12235"}],"replies":[{"embeddable":true,"href":"https:\/\/blogsaverroes.juntadeandalucia.es\/fpmalaga\/wp-json\/wp\/v2\/comments?post=253"}],"version-history":[{"count":11,"href":"https:\/\/blogsaverroes.juntadeandalucia.es\/fpmalaga\/wp-json\/wp\/v2\/pages\/253\/revisions"}],"predecessor-version":[{"id":639,"href":"https:\/\/blogsaverroes.juntadeandalucia.es\/fpmalaga\/wp-json\/wp\/v2\/pages\/253\/revisions\/639"}],"wp:attachment":[{"href":"https:\/\/blogsaverroes.juntadeandalucia.es\/fpmalaga\/wp-json\/wp\/v2\/media?parent=253"}],"curies":[{"name":"wp","href":"https:\/\/api.w.org\/{rel}","templated":true}]}}