{"id":305,"date":"2021-03-21T17:02:15","date_gmt":"2021-03-21T17:02:15","guid":{"rendered":"https:\/\/blogsaverroes.juntadeandalucia.es\/fpmalaga\/?page_id=305"},"modified":"2021-03-24T18:14:47","modified_gmt":"2021-03-24T18:14:47","slug":"industrias-alimentarias","status":"publish","type":"page","link":"https:\/\/blogsaverroes.juntadeandalucia.es\/fpmalaga\/industrias-alimentarias\/","title":{"rendered":"INDUSTRIAS ALIMENTARIAS"},"content":{"rendered":"<p><span style=\"color: #000000\">\u00bfTe gustar\u00eda convertir una materia prima como el chocolate en pasteles o tartas? \u00bfAprender a elaborar panes artesanales? \u00bfTe gustar\u00eda aprender c\u00f3mo elaborar productos alimentarios como quesos, embutidos, mermeladas y otros productos? \u00bfTe gustar\u00eda aprender c\u00f3mo elaborar vinos con denominaci\u00f3n de origen? <img loading=\"lazy\" decoding=\"async\" class=\"size-medium wp-image-109 alignright\" src=\"https:\/\/blogsaverroes.juntadeandalucia.es\/fpmalaga\/files\/2021\/02\/13-300x169.png\" alt=\"\" width=\"300\" height=\"169\" srcset=\"https:\/\/blogsaverroes.juntadeandalucia.es\/fpmalaga\/files\/2021\/02\/13-300x169.png 300w, https:\/\/blogsaverroes.juntadeandalucia.es\/fpmalaga\/files\/2021\/02\/13-1024x576.png 1024w, https:\/\/blogsaverroes.juntadeandalucia.es\/fpmalaga\/files\/2021\/02\/13-768x432.png 768w, https:\/\/blogsaverroes.juntadeandalucia.es\/fpmalaga\/files\/2021\/02\/13-1536x864.png 1536w, https:\/\/blogsaverroes.juntadeandalucia.es\/fpmalaga\/files\/2021\/02\/13.png 1920w\" sizes=\"(max-width: 300px) 100vw, 300px\" \/><\/span><\/p>\n<ul>\n<li><a href=\"https:\/\/youtu.be\/3tCoaFd1JrY\" target=\"_blank\" rel=\"noopener noreferrer\"><span style=\"color: #000000\">V\u00eddeo &#8220;Industrias alimentarias&#8221; de M\u00e1laga.<\/span><\/a><\/li>\n<li><a href=\"https:\/\/youtu.be\/fmIftrzNyAI\" target=\"_blank\" rel=\"noopener noreferrer\"><span style=\"color: #000000\">V\u00eddeo &#8220;Industrias alimentarias&#8221; de Andaluc\u00eda.&nbsp;<\/span><\/a><\/li>\n<\/ul>\n<p><strong><span style=\"color: #000000\">Oferta de ciclos formativos:&nbsp;<\/span><\/strong><\/p>\n<ul>\n<li><strong><span style=\"color: #000000\">CICLOS B\u00c1SICOS DE FORMACI\u00d3N PROFESIONAL:&nbsp;<\/span><\/strong>\n<ul>\n<li><a href=\"https:\/\/www.juntadeandalucia.es\/educacion\/portals\/web\/formacion-profesional-andaluza\/fp-basica\/detalle-titulo?idTitulo=161\" target=\"_blank\" rel=\"noopener noreferrer\">Profesional B\u00e1sico en Industrias Alimentarias<\/a><\/li>\n<\/ul>\n<\/li>\n<li><strong><span style=\"color: #000000\">CICLOS DE GRADO MEDIO: <\/span><\/strong>\n<ul>\n<li><a href=\"https:\/\/www.juntadeandalucia.es\/educacion\/portals\/web\/formacion-profesional-andaluza\/fp-grado-medio\/detalle-titulo?idTitulo=6\" target=\"_blank\" rel=\"noopener noreferrer\">T\u00e9cnico en Panader\u00eda, Reposter\u00eda y Confiter\u00eda<\/a> (IES Jacaranda, Churriana)<\/li>\n<li><a href=\"https:\/\/www.juntadeandalucia.es\/educacion\/portals\/web\/formacion-profesional-andaluza\/fp-grado-medio\/detalle-titulo?idTitulo=53\" target=\"_blank\" rel=\"noopener noreferrer\">T\u00e9cnico en Elaboraci\u00f3n de Productos Alimenticios<\/a> (IES P\u00e9rez de Guzm\u00e1n, Ronda)<\/li>\n<li><a href=\"https:\/\/www.juntadeandalucia.es\/educacion\/portals\/web\/formacion-profesional-andaluza\/fp-grado-medio\/detalle-titulo?idTitulo=33\" target=\"_blank\" rel=\"noopener noreferrer\">T\u00e9cnico en Aceites de Oliva y Vinos <\/a>&nbsp;(se imparte en Montilla, Priego de C\u00f3rdoba y otras provincias, pero no en M\u00e1laga)<\/li>\n<\/ul>\n<\/li>\n<li><span style=\"color: #000000\"><strong>CICLOS DE GRADO SUPERIOR:&nbsp;<\/strong>&nbsp;<\/span>\n<ul>\n<li><a href=\"https:\/\/www.juntadeandalucia.es\/educacion\/portals\/web\/formacion-profesional-andaluza\/fp-grado-superior\/detalle-titulo?idTitulo=14\" target=\"_blank\" rel=\"noopener noreferrer\">T\u00e9cnico Superior en Vitivinicultura<\/a> (IES P\u00e9rez Guzm\u00e1n, Ronda)<\/li>\n<li><a href=\"https:\/\/www.juntadeandalucia.es\/educacion\/portals\/web\/formacion-profesional-andaluza\/fp-grado-superior\/detalle-titulo?idTitulo=52\" target=\"_blank\" rel=\"noopener noreferrer\">T\u00e9cnico Superior en Procesos y Calidad en la Industria Alimentaria<\/a> (no se imparte en M\u00e1laga<\/li>\n<\/ul>\n<\/li>\n<li><span style=\"color: #000000\">Curso de especializaci\u00f3n:&nbsp;<\/span>\n<ul>\n<li><a href=\"https:\/\/www.todofp.es\/que-como-y-donde-estudiar\/que-estudiar\/familia\/loe\/hosteleria-turismo\/panaderia-bolleria-artesanal.html\" target=\"_blank\" rel=\"noopener noreferrer\">Panader\u00eda y boller\u00eda artesanales<\/a> (IES Jacaranda, Churriana).<\/li>\n<\/ul>\n<\/li>\n<li><a href=\"https:\/\/www.juntadeandalucia.es\/educacion\/secretariavirtual\/consulta\/oferta-educativa-formacion-profesional\/\" target=\"_blank\" rel=\"noopener noreferrer\">\u00bfD\u00d3NDE SE ESTUDIAN?<\/a><\/li>\n<\/ul>\n<p>&nbsp;<\/p>\n","protected":false},"excerpt":{"rendered":"<p>\u00bfTe gustar\u00eda convertir una materia prima como el chocolate en pasteles o tartas? \u00bfAprender a elaborar panes artesanales? \u00bfTe gustar\u00eda aprender c\u00f3mo elaborar productos alimentarios como quesos, embutidos, mermeladas y otros productos? \u00bfTe gustar\u00eda&#46;&#46;&#46;<\/p>\n","protected":false},"author":12235,"featured_media":0,"parent":0,"menu_order":0,"comment_status":"closed","ping_status":"closed","template":"","meta":{"ngg_post_thumbnail":0,"footnotes":""},"aioseo_notices":[],"_links":{"self":[{"href":"https:\/\/blogsaverroes.juntadeandalucia.es\/fpmalaga\/wp-json\/wp\/v2\/pages\/305"}],"collection":[{"href":"https:\/\/blogsaverroes.juntadeandalucia.es\/fpmalaga\/wp-json\/wp\/v2\/pages"}],"about":[{"href":"https:\/\/blogsaverroes.juntadeandalucia.es\/fpmalaga\/wp-json\/wp\/v2\/types\/page"}],"author":[{"embeddable":true,"href":"https:\/\/blogsaverroes.juntadeandalucia.es\/fpmalaga\/wp-json\/wp\/v2\/users\/12235"}],"replies":[{"embeddable":true,"href":"https:\/\/blogsaverroes.juntadeandalucia.es\/fpmalaga\/wp-json\/wp\/v2\/comments?post=305"}],"version-history":[{"count":6,"href":"https:\/\/blogsaverroes.juntadeandalucia.es\/fpmalaga\/wp-json\/wp\/v2\/pages\/305\/revisions"}],"predecessor-version":[{"id":368,"href":"https:\/\/blogsaverroes.juntadeandalucia.es\/fpmalaga\/wp-json\/wp\/v2\/pages\/305\/revisions\/368"}],"wp:attachment":[{"href":"https:\/\/blogsaverroes.juntadeandalucia.es\/fpmalaga\/wp-json\/wp\/v2\/media?parent=305"}],"curies":[{"name":"wp","href":"https:\/\/api.w.org\/{rel}","templated":true}]}}