{"id":317,"date":"2021-03-24T12:12:16","date_gmt":"2021-03-24T12:12:16","guid":{"rendered":"https:\/\/blogsaverroes.juntadeandalucia.es\/fpmalaga\/?page_id=317"},"modified":"2021-03-24T12:12:16","modified_gmt":"2021-03-24T12:12:16","slug":"maritimo-pesquera","status":"publish","type":"page","link":"https:\/\/blogsaverroes.juntadeandalucia.es\/fpmalaga\/maritimo-pesquera\/","title":{"rendered":"MAR\u00cdTIMO-PESQUERA"},"content":{"rendered":"<ul>\n<li><span style=\"color: #800000\"><a style=\"color: #800000\" href=\"https:\/\/youtu.be\/SSCHsavCLyQ\" target=\"_blank\" rel=\"noopener noreferrer\">V\u00eddeo familia profesional &#8220;Mar\u00edtimo-pesquera&#8221; de Andaluc\u00eda.<\/a><\/span><\/li>\n<\/ul>\n<div class=\"imgenEnlace\"><img loading=\"lazy\" decoding=\"async\" class=\"alignright\" src=\"image\/png;base64,\/9j\/4AAQSkZJRgABAQIAJQAlAAD\/2wBDAAEBAQEBAQEBAQEBAQEBAQEBAQEBAQEBAQEBAQEBAQEBAQEBAQEBAQEBAQEBAQEBAQEBAQEBAQEBAQEBAQEBAQH\/2wBDAQEBAQEBAQEBAQEBAQEBAQEBAQEBAQEBAQEBAQEBAQEBAQEBAQEBAQEBAQEBAQEBAQEBAQEBAQEBAQEBAQEBAQH\/wAARCAArADgDASIAAhEBAxEB\/8QAHQAAAQQDAQEAAAAAAAAAAAAACgAHCAkCBAUGC\/\/EADoQAAEEAgIABAIFCAsAAAAAAAUBAwQGAgcIEQAJITESExQVJmHVFiJBVnGBlqEXMzZGUWJlkbHB8P\/EABoBAAIDAQEAAAAAAAAAAAAAAAUGBAcIAgn\/xAAvEQACAgEDAwMCAwkAAAAAAAACAwEEBQYREgcTIRQiMQAIFUFhJDIzQkNRYnHw\/9oADAMBAAIRAxEAPwByfMh8xnd\/JHeWw6rW7\/aadomlWs1U6VSKwZn1+EciVufJDu263Zin4sk+XPyoskhGjEn3h4Ia\/EHQImD+E6bOrO\/Lu7frpb1919LQfX29\/X6w6\/b2vp+nxnstzrY2we1xREvdz7VfVExSyle8l79ExRE7Ve\/RE9UVE78E0eW75QWsnNCDeSvJmvN325XukSbnrjWhpHlp1QrhMNInVk1ZxOKt4Wm0GYTkYy2OJ5uAgMKZDYcGSjLb8qNUiK9\/N3W8SljSkmta0ihag5eI\/mkRidgUsIn4iIiBEiHxiwmm+pfXvqHnxr5axZuw69kstlMhdtLx+Jx4WiBSwAO6QKGSCrjsdUVtxERAFVlOakZLC+XZz+quluc\/O+BEbtJ5xfjVekw\/MI5J8aqqImK5Yr2qd9Ivfic+4OF\/LPTWhoHI0tsaqXTW6kxAS0ydW71c2BO16aOZR2R4u6IFmZCY0nKdLiDJOQQwbYgkZkRiS7i1JZkZlKa7rVNCStsjgVWrQeDFoPl4Evq8TXg4yDhkQsxFx\/qLCgsMZOSUjZfPcywyccbywbcyywwwRGQ84gdGF8feSgWtAmMJFu07o3OVBCi8PnkzAnlVTxAB36COj\/MmEm4JwxCiOYMPTHGM842K5ttNN4Fp08CKdqw6yTDWhpqhYdqBYqXxG+5M7kHNeBkdwmBOYieQjP1cxfbdWwWiNX6kzGrMpmrePwOYt4tNAXY0aeQxTNTJUTOdrIfiSbVnAIBiZXTJSLb+2ZOUsiDsW\/Xf9c7b+xLOeX+akE\/4X\/rxgt9u6f3ztyfttJ78RTw6m4+Lu59GUnWWwdhV1sbWtqRyrYh2PIczIVq0A3kxN69vwiTGiEqbfxUN2EVl1otGweUZPZfjPvORiLEH1gjhrsg1r0bcGLfqmNcLBrA3u2q6KnW2cxum16hr0QsUJ3sLXkAO1v6PkAAHLSJrc+2wbofqoefYA1dmQsY2UlcivYkpCVt5iInIFEiWxQBD7S2mZKDiQiPccyPGN5+stK0zrQ7lnH+hzQXalStesVWk9Dl1ri0NpHANYEmV0LCZpJXyfbJgBXWZzA\/UwPLN8x\/d3HjfWt6NadgWi6aIv9vB0u3Uu0mJ9hh1vG0EIwSFcKg4VflSwBIEQlxJhCFAfbGHRDc2DMhZzVHz4C8ViacfRdv6nVMk6XZ2vOl77TJFuIRUVF9lxyRUVOvdF7\/x8Lw0YLJWkV2J5QxYGMrhnI5XBDtIBPKNg9vKB8xBEUx8zvrH7fOrOs8FpbI4ibYZWnUyYzRDLlZtnRW2sqWVqrPUAa6smHdivvK1sNprACayTkDpqi6z2lzXruv9zWhmm6qs28rFBvljklwlfjQK4zYTs6a1JO2EkJFBoxNIeAmSTdl5SoTJDN8ZBKFcIY6UdzYK1XKMAvmxaDaDhnPZ9MpGvdf1BLcxO1cLlrAzqdHcowthfq0KMmOFopCxFIkqbHwEj5xVhGWsJnzvnVbOeT+kjYaL0qfl5dPfpUXqzlU9Uy7Tpf0+i\/z68We8KeYFSpvGHcmhbRyA2No\/Y0ZbHbtAniL0u36PIFydQmhXaPZK5Irdvl64mPyZZj6tttSYr8KQ9aFnnJSzK2PSZGweQTRKwpiQknSTBsS2AMSWshBUc4hfmCbwk2BEsPjtMkMQvdA+pmE0Pf1Xp\/JYWl6rMXMjk6eo2ZJGPtJt0KNytUxgzdhdA+a7WRmiVm7UVNy3KihjGJgSc9cGqZOGWHYiGMQ2v7+R0XZls1rXAOPCcctGNDxmq7AQwko1myb37dAxopQa23i4an060x5jkRkiPyGyOpv69ha1VbNy42m2T15qes7J4xDhMmxV83GskbW1H3LGLmb8WqbcV6xh8bXabhllAr0kXjYmarWQRcmLgzicgTAoN8vXzZahB2Og\/nVa58ClBHagf1eQqOvQaUiu26m0hrWwd+8haqBnXGW2CqUeJlS3hD0gAEsX1kfIBcy2YYyKkZ5oHnBcTt06+rPHzU2Ng3HQ7Hs3Wli3dYY4E3Vw8nWdIuoa3G6ZVW7GlbOl7NbMhDUBZuLQkUNhfOxxLZT5mDkE+OVpHj2vh6gYIt7Vdm0OJ+x8ZJQsIu1JtI5gd4HlJSyIGBHRlLq3oe706ymeXqfCUcgqvlAxmn8kxSMnZ1A+ciFV93FVblm6vCuyOVt3iVVF0pGw2xN8VV0Vq+35wm39QXXS1y2FSCdY2HRbVufie\/TCUae4Rp1+2RSKbuItteaNljJ0KYWgQdTGtWUi9Fw02O\/Ck5wapKIQTwV6OPazlJszjTpLiHxfKldXWHRXJ\/eXE+2QaIfoocfuc1q3TNijEIIvXGNk2tca3Zq1V7iFuc6vA7K23b79r+nkbJUxJaXDhRc3og754ilNicvOGHH7T5\/Zdp4eb4CVG18XXrScwsEGn6ivJH8vt4DBKD4rDIufR3ZR9+yxSuU+1Ns4AnbAZI4uD3G\/Debpbj3IPzFLzq\/U9YPWxjUAat6D17SqaGI2ApkzrkC8Xto8GADx5c6RiJsJKy4SMIcZxY8APk+\/8LMbPPAPZe2ZvWjSuGGyvRUPCDiXGZ22tSURDYiBmIQxZjJqclkxzgeNOau1JnAV1F1Paw+OTk79\/T2hMUhdMLg2szdsXtWZfL4a8CwyXpq9ewtOEuVrSmPp5XE5CYG32O1XJpp\/rcGpE9ERNn66x+HH2x+2IPH4cfbvFPbHpE7xRFVE9vC8Z0Cv2ak8g9c1O5V83U7SC27rqAbrdkFzAp4POS3193KEUEkWY84fMwaebzziy2Wn8Mc8FzbRck8LxFxg8RcO20wQRMT7ZiY5RMTE\/ExMbTH5Tv8AG3hC6R02Ix2aU1ZrYGSAGLYshNbAQImBicQYEMxsQlG4zExPnf67fJ2g2jUfIjd2t7oPfF2SpbRuo4hGfbyb+Y0+emkRZKN8SdujjQeaPMCpWHbUwbOjSmc823UyVhspKovaL0qey9+qe6ff+\/rr9Pg7XzhuJvHbZWm5u67jq4IR2vXHhgAZfIcw2AsOQXJma82LKy66VEpYIURxFyHxz+BNsb8x7EekbF97HMU7PQeqE6+zD3r339pLX93+ueOr+IbTsEsTUYEXJRSRwcAUzxg44TEFERtPEpidt4232jnqf0RyGjNXX8erJ0LlG4xmRxzDmyFkKVqwyUqth6cgGymIlZkljFs4w2OEnKwrzykf5l9P\/feqeNfOSnqvf7+\/VPv79V\/kn+\/iw9dBanX3rD\/8S2z8d8aeegtT+n2Yf9e+\/tLa\/wAc8Q4ou3\/eX4nbfmf6TP8ATj\/vHx9IoaByG+3qqPn\/ADf+W3z+z\/pP+9\/7T4mv5VvnCCOG9SOae5B16w3vUwKJYLPqEhVhw8xd6NaC7zTpukjMTJAbDZp1xddklPnITgY142k7N3GePNKyNa\/eHm3A2Lxf7zwh4x6\/4q33ZlkL2a878I4j9kb6PET0qTMOfURY7Cm1zXECwvyn3joyuxieEpx1z6PIiLm7m7HNdAamX3q7\/wDEts\/HfGtloDUyovdXf9lX+0ts\/HfBGG5GEKr95cLT\/CKIjuh4iNgdKZaHGPaMrICgPZvIxAxbKdRdS16axWll6gxy6OE5jjLo1VlmqSzCFgqnmW0WZClCEx6dDKL6z11YCt3prgtYMnxtCbI5IcxdOB4r5W57J2fvmrnTBWc49OIkCEi4xrfcrWZk9K5kxAgRjNjOTc+mo0SNJfyVtvDHFF4M78nPiPxy1XpAduyjarBits2zIoBNX6ZMOWGyZhGsIMjISMnWQqXyADpLyYOkIYDEZHJ5sx1ItyvozHy14YsThwXW7lgu4x\/FkcCLYQkYkYmSiJI5mZIp2iImYiInbkWnej3Qyjj9L\/iGprx5LI59y8tE0bDlqRXclcrFrXpFti02ZNtlhCICRQsJZxJx\/wD\/2Q==\" width=\"305\" height=\"234\"><\/div>\n<div>Aunque no se ofertan en M\u00e1laga, s\u00ed hay centros de Andaluc\u00eda que lo ofertan. Lee detenidamente en qu\u00e9 consiste cada ciclo.&nbsp;<\/div>\n<div>&nbsp;<\/div>\n<div class=\"textoImagenEnlace\"><strong class=\"conResumen\">CICLOS DE GRADO MEDIO.<\/strong><\/div>\n<ul>\n<li><a href=\"https:\/\/portals.ced.junta-andalucia.es\/educacion\/portals\/web\/formacion-profesional-andaluza\/fp-grado-medio\/detalle-titulo?idTitulo=67\" target=\"_blank\" rel=\"noopener noreferrer\">T\u00e9cnico en Cultivos Acu\u00edcolas<\/a><\/li>\n<li><a href=\"https:\/\/portals.ced.junta-andalucia.es\/educacion\/portals\/web\/formacion-profesional-andaluza\/fp-grado-medio\/detalle-titulo?idTitulo=134\" target=\"_blank\" rel=\"noopener noreferrer\">T\u00e9cnico en Navegaci\u00f3n y Pesca de Litoral<\/a><\/li>\n<li><a href=\"https:\/\/portals.ced.junta-andalucia.es\/educacion\/portals\/web\/formacion-profesional-andaluza\/fp-grado-medio\/detalle-titulo?idTitulo=130\" target=\"_blank\" rel=\"noopener noreferrer\">T\u00e9cnico en Mantenimiento y Control de la Maquinaria de Buques y Embarcaciones<\/a><\/li>\n<li><a href=\"https:\/\/portals.ced.junta-andalucia.es\/educacion\/portals\/web\/formacion-profesional-andaluza\/fp-grado-medio\/detalle-titulo?idTitulo=131\" target=\"_blank\" rel=\"noopener noreferrer\">T\u00e9cnico en Operaciones Subacu\u00e1ticas e Hiperb\u00e1ricas<\/a><\/li>\n<\/ul>\n<p><strong><span style=\"color: #000000\">CICLOS DE GRADO SUPERIOR: <\/span><\/strong><\/p>\n<ul>\n<li><a href=\"https:\/\/portals.ced.junta-andalucia.es\/educacion\/portals\/web\/formacion-profesional-andaluza\/fp-grado-superior\/detalle-titulo?idTitulo=109\" target=\"_blank\" rel=\"noopener noreferrer\">T\u00e9cnico Superior en Transporte Mar\u00edtimo y Pesca de Altura<\/a><\/li>\n<li><a href=\"https:\/\/portals.ced.junta-andalucia.es\/educacion\/portals\/web\/formacion-profesional-andaluza\/fp-grado-superior\/detalle-titulo?idTitulo=108\" target=\"_blank\" rel=\"noopener noreferrer\">T\u00e9cnico Superior en Acuicultura<\/a><\/li>\n<li><a href=\"https:\/\/portals.ced.junta-andalucia.es\/educacion\/portals\/web\/formacion-profesional-andaluza\/fp-grado-superior\/detalle-titulo?idTitulo=133\" target=\"_blank\" rel=\"noopener noreferrer\">T\u00e9cnico Superior en Organizaci\u00f3n del Mantenimiento de Maquinaria de Buques y Embarcaciones<\/a><\/li>\n<\/ul>\n","protected":false},"excerpt":{"rendered":"<p>V\u00eddeo familia profesional &#8220;Mar\u00edtimo-pesquera&#8221; de Andaluc\u00eda. Aunque no se ofertan en M\u00e1laga, s\u00ed hay centros de Andaluc\u00eda que lo ofertan. Lee detenidamente en qu\u00e9 consiste cada ciclo.&nbsp; &nbsp; CICLOS DE GRADO MEDIO. T\u00e9cnico en&#46;&#46;&#46;<\/p>\n","protected":false},"author":12235,"featured_media":0,"parent":0,"menu_order":0,"comment_status":"closed","ping_status":"closed","template":"","meta":{"ngg_post_thumbnail":0,"footnotes":""},"aioseo_notices":[],"_links":{"self":[{"href":"https:\/\/blogsaverroes.juntadeandalucia.es\/fpmalaga\/wp-json\/wp\/v2\/pages\/317"}],"collection":[{"href":"https:\/\/blogsaverroes.juntadeandalucia.es\/fpmalaga\/wp-json\/wp\/v2\/pages"}],"about":[{"href":"https:\/\/blogsaverroes.juntadeandalucia.es\/fpmalaga\/wp-json\/wp\/v2\/types\/page"}],"author":[{"embeddable":true,"href":"https:\/\/blogsaverroes.juntadeandalucia.es\/fpmalaga\/wp-json\/wp\/v2\/users\/12235"}],"replies":[{"embeddable":true,"href":"https:\/\/blogsaverroes.juntadeandalucia.es\/fpmalaga\/wp-json\/wp\/v2\/comments?post=317"}],"version-history":[{"count":1,"href":"https:\/\/blogsaverroes.juntadeandalucia.es\/fpmalaga\/wp-json\/wp\/v2\/pages\/317\/revisions"}],"predecessor-version":[{"id":318,"href":"https:\/\/blogsaverroes.juntadeandalucia.es\/fpmalaga\/wp-json\/wp\/v2\/pages\/317\/revisions\/318"}],"wp:attachment":[{"href":"https:\/\/blogsaverroes.juntadeandalucia.es\/fpmalaga\/wp-json\/wp\/v2\/media?parent=317"}],"curies":[{"name":"wp","href":"https:\/\/api.w.org\/{rel}","templated":true}]}}