{"id":320,"date":"2021-03-24T12:33:16","date_gmt":"2021-03-24T12:33:16","guid":{"rendered":"https:\/\/blogsaverroes.juntadeandalucia.es\/fpmalaga\/?page_id=320"},"modified":"2021-03-24T12:33:16","modified_gmt":"2021-03-24T12:33:16","slug":"madera-mueble-y-corcho","status":"publish","type":"page","link":"https:\/\/blogsaverroes.juntadeandalucia.es\/fpmalaga\/madera-mueble-y-corcho\/","title":{"rendered":"MADERA, MUEBLE Y CORCHO"},"content":{"rendered":"<p><span style=\"color: #000000\">\u00bfTe gusta el sector de la madera, mueble y corcho? \u00bfTe imaginas trabajando en una empresa que se dedique a la fabricaci\u00f3n de productos de madera, dise\u00f1o de muebles e interiores? \u00bfQuieres conocer m\u00e1s este sector? En los siguientes v\u00eddeos tienes m\u00e1s informaci\u00f3n:&nbsp;<\/span><\/p>\n<ul>\n<li><span style=\"color: #800000\"><a style=\"color: #800000\" href=\"https:\/\/youtu.be\/x2CCaISfq7c\" target=\"_blank\" rel=\"noopener noreferrer\">V\u00eddeo familia profesional &#8220;Madera, mueble y corcho&#8221; de M\u00e1laga.&nbsp;<\/a><img loading=\"lazy\" decoding=\"async\" class=\"size-medium wp-image-112 alignright\" src=\"https:\/\/blogsaverroes.juntadeandalucia.es\/fpmalaga\/files\/2021\/02\/16-300x169.png\" alt=\"\" width=\"300\" height=\"169\" srcset=\"https:\/\/blogsaverroes.juntadeandalucia.es\/fpmalaga\/files\/2021\/02\/16-300x169.png 300w, https:\/\/blogsaverroes.juntadeandalucia.es\/fpmalaga\/files\/2021\/02\/16-1024x576.png 1024w, https:\/\/blogsaverroes.juntadeandalucia.es\/fpmalaga\/files\/2021\/02\/16-768x432.png 768w, https:\/\/blogsaverroes.juntadeandalucia.es\/fpmalaga\/files\/2021\/02\/16-1536x864.png 1536w, https:\/\/blogsaverroes.juntadeandalucia.es\/fpmalaga\/files\/2021\/02\/16.png 1920w\" sizes=\"(max-width: 300px) 100vw, 300px\" \/><\/span><\/li>\n<li><span style=\"color: #800000\"><a style=\"color: #800000\" href=\"https:\/\/youtu.be\/eEugcOf4HTo\" target=\"_blank\" rel=\"noopener noreferrer\">V\u00eddeo familia profesional &#8220;Madera, mueble y corcho&#8221; de Andaluc\u00eda.<\/a>&nbsp;<\/span><\/li>\n<\/ul>\n<p><span style=\"color: #000000\">Formaci\u00f3n profesional b\u00e1sica:&nbsp;<\/span><\/p>\n<ul>\n<li><span style=\"color: #000080\"><a style=\"color: #000080\" href=\"https:\/\/portals.ced.junta-andalucia.es\/educacion\/portals\/web\/formacion-profesional-andaluza\/fp-basica\/detalle-titulo?idTitulo=153\" target=\"_blank\" rel=\"noopener noreferrer\">Profesional B\u00e1sico en Carpinter\u00eda y Mueble<\/a><\/span><\/li>\n<\/ul>\n<p><span style=\"color: #000000\">CICLOS DE GRADO MEDIO:&nbsp;<\/span><\/p>\n<ul>\n<li><span style=\"color: #000080\"><a style=\"color: #000080\" href=\"https:\/\/portals.ced.junta-andalucia.es\/educacion\/portals\/web\/formacion-profesional-andaluza\/fp-grado-medio\/detalle-titulo?idTitulo=62\" target=\"_blank\" rel=\"noopener noreferrer\">T\u00e9cnico en Carpinter\u00eda y Mueble<\/a><\/span><\/li>\n<li><span style=\"color: #000080\"><a style=\"color: #000080\" href=\"https:\/\/portals.ced.junta-andalucia.es\/educacion\/portals\/web\/formacion-profesional-andaluza\/fp-grado-medio\/detalle-titulo?idTitulo=82\" target=\"_blank\" rel=\"noopener noreferrer\">T\u00e9cnico en Instalaci\u00f3n y Amueblamiento<\/a><\/span><\/li>\n<\/ul>\n<p><span style=\"color: #000000\">CICLOS DE GRADO SUPERIOR:<\/span><\/p>\n<ul>\n<li><span style=\"color: #000080\"><a style=\"color: #000080\" href=\"https:\/\/portals.ced.junta-andalucia.es\/educacion\/portals\/web\/formacion-profesional-andaluza\/fp-grado-superior\/detalle-titulo?idTitulo=107\" target=\"_blank\" rel=\"noopener noreferrer\">T\u00e9cnico Superior en Dise\u00f1o y Amueblamiento<\/a><\/span><\/li>\n<\/ul>\n<p><span style=\"color: #000080\"><a style=\"color: #000080\" href=\"https:\/\/www.juntadeandalucia.es\/educacion\/portals\/web\/formacion-profesional-andaluza\/oferta-educativa\" target=\"_blank\" rel=\"noopener noreferrer\">\u00bfD\u00d3NDE SE ESTUDIAN?<\/a><\/span><\/p>\n<p>&nbsp;<\/p>\n","protected":false},"excerpt":{"rendered":"<p>\u00bfTe gusta el sector de la madera, mueble y corcho? \u00bfTe imaginas trabajando en una empresa que se dedique a la fabricaci\u00f3n de productos de madera, dise\u00f1o de muebles e interiores? \u00bfQuieres conocer m\u00e1s&#46;&#46;&#46;<\/p>\n","protected":false},"author":12235,"featured_media":0,"parent":0,"menu_order":0,"comment_status":"closed","ping_status":"closed","template":"","meta":{"ngg_post_thumbnail":0,"footnotes":""},"aioseo_notices":[],"_links":{"self":[{"href":"https:\/\/blogsaverroes.juntadeandalucia.es\/fpmalaga\/wp-json\/wp\/v2\/pages\/320"}],"collection":[{"href":"https:\/\/blogsaverroes.juntadeandalucia.es\/fpmalaga\/wp-json\/wp\/v2\/pages"}],"about":[{"href":"https:\/\/blogsaverroes.juntadeandalucia.es\/fpmalaga\/wp-json\/wp\/v2\/types\/page"}],"author":[{"embeddable":true,"href":"https:\/\/blogsaverroes.juntadeandalucia.es\/fpmalaga\/wp-json\/wp\/v2\/users\/12235"}],"replies":[{"embeddable":true,"href":"https:\/\/blogsaverroes.juntadeandalucia.es\/fpmalaga\/wp-json\/wp\/v2\/comments?post=320"}],"version-history":[{"count":1,"href":"https:\/\/blogsaverroes.juntadeandalucia.es\/fpmalaga\/wp-json\/wp\/v2\/pages\/320\/revisions"}],"predecessor-version":[{"id":321,"href":"https:\/\/blogsaverroes.juntadeandalucia.es\/fpmalaga\/wp-json\/wp\/v2\/pages\/320\/revisions\/321"}],"wp:attachment":[{"href":"https:\/\/blogsaverroes.juntadeandalucia.es\/fpmalaga\/wp-json\/wp\/v2\/media?parent=320"}],"curies":[{"name":"wp","href":"https:\/\/api.w.org\/{rel}","templated":true}]}}