{"id":322,"date":"2021-03-24T12:42:55","date_gmt":"2021-03-24T12:42:55","guid":{"rendered":"https:\/\/blogsaverroes.juntadeandalucia.es\/fpmalaga\/?page_id=322"},"modified":"2021-03-24T12:45:28","modified_gmt":"2021-03-24T12:45:28","slug":"quimica","status":"publish","type":"page","link":"https:\/\/blogsaverroes.juntadeandalucia.es\/fpmalaga\/quimica\/","title":{"rendered":"QU\u00cdMICA"},"content":{"rendered":"<p>\u00bfTe gustar\u00eda trabajar en laboratorios qu\u00edmicos o plantas qu\u00edmicas, analizando muestras? \u00bfAguas, materiales, tierra,&#8230;? \u00bfInvestigar para mejorar la sociedad? \u00bfQuieres conocer m\u00e1s este sector tan atractivo? No te pierdas los siguientes v\u00eddeos e informaci\u00f3n: <img loading=\"lazy\" decoding=\"async\" class=\"size-medium wp-image-113 alignright\" src=\"https:\/\/blogsaverroes.juntadeandalucia.es\/fpmalaga\/files\/2021\/02\/17-300x169.png\" alt=\"\" width=\"300\" height=\"169\" srcset=\"https:\/\/blogsaverroes.juntadeandalucia.es\/fpmalaga\/files\/2021\/02\/17-300x169.png 300w, https:\/\/blogsaverroes.juntadeandalucia.es\/fpmalaga\/files\/2021\/02\/17-1024x576.png 1024w, https:\/\/blogsaverroes.juntadeandalucia.es\/fpmalaga\/files\/2021\/02\/17-768x432.png 768w, https:\/\/blogsaverroes.juntadeandalucia.es\/fpmalaga\/files\/2021\/02\/17-1536x864.png 1536w, https:\/\/blogsaverroes.juntadeandalucia.es\/fpmalaga\/files\/2021\/02\/17.png 1920w\" sizes=\"(max-width: 300px) 100vw, 300px\" \/><\/p>\n<ul>\n<li><a href=\"https:\/\/youtu.be\/XEP1tgf5Zbo\" target=\"_blank\" rel=\"noopener noreferrer\">V\u00eddeo FAMILIA PROFESIONAL \u201cQU\u00cdMICA\u201d M\u00c1LAGA<\/a><\/li>\n<li><a href=\"https:\/\/youtu.be\/PDYaOW6SLjc\" target=\"_blank\" rel=\"noopener noreferrer\">V\u00eddeo \u201cQU\u00cdMICA\u201d Andaluc\u00eda<\/a><\/li>\n<li><span style=\"color: #000000\">Qu\u00e9 ciclos existen de QU\u00cdMICA (GRUPO C)<\/span>\n<ul>\n<li><strong>GRADO MEDIO:<\/strong>\n<ul>\n<li><a href=\"https:\/\/portals.ced.junta-andalucia.es\/educacion\/portals\/web\/formacion-profesional-andaluza\/fp-grado-medio\/detalle-titulo?idTitulo=15\" target=\"_blank\" rel=\"noopener noreferrer\">T\u00e9cnico en Planta Qu\u00edmica<\/a><\/li>\n<li><a href=\"https:\/\/portals.ced.junta-andalucia.es\/educacion\/portals\/web\/formacion-profesional-andaluza\/fp-grado-medio\/detalle-titulo?idTitulo=127\" target=\"_blank\" rel=\"noopener noreferrer\">T\u00e9cnico en Operaciones de Laboratorio<\/a><\/li>\n<\/ul>\n<\/li>\n<li><strong>GRADO SUPERIOR:<\/strong>\n<ul>\n<li><a href=\"https:\/\/portals.ced.junta-andalucia.es\/educacion\/portals\/web\/formacion-profesional-andaluza\/fp-grado-superior\/detalle-titulo?idTitulo=4\" target=\"_blank\" rel=\"noopener noreferrer\">T\u00e9cnico Superior en Laboratorio de An\u00e1lisis y de Control de Calidad<\/a><\/li>\n<li><a href=\"https:\/\/portals.ced.junta-andalucia.es\/educacion\/portals\/web\/formacion-profesional-andaluza\/fp-grado-superior\/detalle-titulo?idTitulo=16\" target=\"_blank\" rel=\"noopener noreferrer\">T\u00e9cnico Superior en Qu\u00edmica Industrial<\/a><\/li>\n<li><a href=\"https:\/\/portals.ced.junta-andalucia.es\/educacion\/portals\/web\/formacion-profesional-andaluza\/fp-grado-superior\/detalle-titulo?idTitulo=172\" target=\"_blank\" rel=\"noopener noreferrer\">T\u00e9cnico Superior en Fabricaci\u00f3n de productos farmac\u00e9uticos, biotecnol\u00f3gicos y afines<\/a><\/li>\n<li><a href=\"https:\/\/portals.ced.junta-andalucia.es\/educacion\/portals\/web\/formacion-profesional-andaluza\/fp-grado-superior\/detalle-titulo?idTitulo=337\" target=\"_blank\" rel=\"noopener noreferrer\">T\u00e9cnico Superior en Qu\u00edmica ambiental (LOGSE) (LOGSE)<\/a><\/li>\n<\/ul>\n<\/li>\n<li><strong>CURSO DE ESPECIALIZACI\u00d3N:&nbsp;<\/strong>\n<ul>\n<li>Cultivos celulares.&nbsp;<\/li>\n<\/ul>\n<\/li>\n<\/ul>\n<\/li>\n<li><a href=\"https:\/\/www.juntadeandalucia.es\/educacion\/portals\/web\/formacion-profesional-andaluza\/oferta-educativa\" target=\"_blank\" rel=\"noopener noreferrer\">\u00bfD\u00d3NDE SE ESTUDIA?<\/a><\/li>\n<\/ul>\n<p>&nbsp;<\/p>\n<p><img loading=\"lazy\" decoding=\"async\" class=\"size-medium wp-image-113 alignright\" src=\"https:\/\/blogsaverroes.juntadeandalucia.es\/fpmalaga\/files\/2021\/02\/17-300x169.png\" alt=\"\" width=\"300\" height=\"169\" srcset=\"https:\/\/blogsaverroes.juntadeandalucia.es\/fpmalaga\/files\/2021\/02\/17-300x169.png 300w, https:\/\/blogsaverroes.juntadeandalucia.es\/fpmalaga\/files\/2021\/02\/17-1024x576.png 1024w, https:\/\/blogsaverroes.juntadeandalucia.es\/fpmalaga\/files\/2021\/02\/17-768x432.png 768w, https:\/\/blogsaverroes.juntadeandalucia.es\/fpmalaga\/files\/2021\/02\/17-1536x864.png 1536w, https:\/\/blogsaverroes.juntadeandalucia.es\/fpmalaga\/files\/2021\/02\/17.png 1920w\" sizes=\"(max-width: 300px) 100vw, 300px\" \/><\/p>\n","protected":false},"excerpt":{"rendered":"<p>\u00bfTe gustar\u00eda trabajar en laboratorios qu\u00edmicos o plantas qu\u00edmicas, analizando muestras? \u00bfAguas, materiales, tierra,&#8230;? \u00bfInvestigar para mejorar la sociedad? \u00bfQuieres conocer m\u00e1s este sector tan atractivo? No te pierdas los siguientes v\u00eddeos e informaci\u00f3n:&#46;&#46;&#46;<\/p>\n","protected":false},"author":12235,"featured_media":0,"parent":0,"menu_order":0,"comment_status":"closed","ping_status":"closed","template":"","meta":{"ngg_post_thumbnail":0,"footnotes":""},"aioseo_notices":[],"_links":{"self":[{"href":"https:\/\/blogsaverroes.juntadeandalucia.es\/fpmalaga\/wp-json\/wp\/v2\/pages\/322"}],"collection":[{"href":"https:\/\/blogsaverroes.juntadeandalucia.es\/fpmalaga\/wp-json\/wp\/v2\/pages"}],"about":[{"href":"https:\/\/blogsaverroes.juntadeandalucia.es\/fpmalaga\/wp-json\/wp\/v2\/types\/page"}],"author":[{"embeddable":true,"href":"https:\/\/blogsaverroes.juntadeandalucia.es\/fpmalaga\/wp-json\/wp\/v2\/users\/12235"}],"replies":[{"embeddable":true,"href":"https:\/\/blogsaverroes.juntadeandalucia.es\/fpmalaga\/wp-json\/wp\/v2\/comments?post=322"}],"version-history":[{"count":1,"href":"https:\/\/blogsaverroes.juntadeandalucia.es\/fpmalaga\/wp-json\/wp\/v2\/pages\/322\/revisions"}],"predecessor-version":[{"id":324,"href":"https:\/\/blogsaverroes.juntadeandalucia.es\/fpmalaga\/wp-json\/wp\/v2\/pages\/322\/revisions\/324"}],"wp:attachment":[{"href":"https:\/\/blogsaverroes.juntadeandalucia.es\/fpmalaga\/wp-json\/wp\/v2\/media?parent=322"}],"curies":[{"name":"wp","href":"https:\/\/api.w.org\/{rel}","templated":true}]}}