{"id":339,"date":"2021-03-24T15:47:15","date_gmt":"2021-03-24T15:47:15","guid":{"rendered":"https:\/\/blogsaverroes.juntadeandalucia.es\/fpmalaga\/?page_id=339"},"modified":"2021-03-24T15:47:15","modified_gmt":"2021-03-24T15:47:15","slug":"textil-confeccion-y-piel","status":"publish","type":"page","link":"https:\/\/blogsaverroes.juntadeandalucia.es\/fpmalaga\/textil-confeccion-y-piel\/","title":{"rendered":"TEXTIL, CONFECCI\u00d3N Y PIEL"},"content":{"rendered":"<p>\u00bfTe apasiona el mundo de la moda? \u00bfTe gustar\u00eda aprender a dise\u00f1ar y crear tus propios patrones?&nbsp;<\/p>\n<p>Esta familia profesional tiene ciclos de Formaci\u00f3n profesional inicial, as\u00ed como de artes y dise\u00f1o.<\/p>\n<ul>\n<li><a href=\"https:\/\/youtu.be\/HuBLp1MV4hM\" target=\"_blank\" rel=\"noopener noreferrer\">V\u00eddeo &#8220;Textil, confecci\u00f3n y piel&#8221; de Andaluc\u00eda. <img loading=\"lazy\" decoding=\"async\" class=\"size-medium wp-image-117 alignright\" src=\"https:\/\/blogsaverroes.juntadeandalucia.es\/fpmalaga\/files\/2021\/02\/21-300x169.png\" alt=\"\" width=\"300\" height=\"169\" srcset=\"https:\/\/blogsaverroes.juntadeandalucia.es\/fpmalaga\/files\/2021\/02\/21-300x169.png 300w, https:\/\/blogsaverroes.juntadeandalucia.es\/fpmalaga\/files\/2021\/02\/21-1024x576.png 1024w, https:\/\/blogsaverroes.juntadeandalucia.es\/fpmalaga\/files\/2021\/02\/21-768x432.png 768w, https:\/\/blogsaverroes.juntadeandalucia.es\/fpmalaga\/files\/2021\/02\/21-1536x864.png 1536w, https:\/\/blogsaverroes.juntadeandalucia.es\/fpmalaga\/files\/2021\/02\/21.png 1920w\" sizes=\"(max-width: 300px) 100vw, 300px\" \/><\/a><\/li>\n<li><strong>Formaci\u00f3n profesional b\u00e1sica espec\u00edfica:&nbsp;<\/strong>&nbsp;\n<ul>\n<li>Programa espec\u00edfico de FPB para alumnado con necesidades, en IES Universidad laboral e IES Ciudad de Co\u00edn.&nbsp;<\/li>\n<li><a href=\"https:\/\/portals.ced.junta-andalucia.es\/educacion\/portals\/web\/formacion-profesional-andaluza\/fp-basica\/detalle-titulo?idTitulo=155\" target=\"_blank\" rel=\"noopener noreferrer\">Profesional B\u00e1sico en Arreglo y Reparaci\u00f3n de Art\u00edculos Textiles y de Piel<\/a><\/li>\n<li><a href=\"https:\/\/portals.ced.junta-andalucia.es\/educacion\/portals\/web\/formacion-profesional-andaluza\/fp-basica\/detalle-titulo?idTitulo=156\" target=\"_blank\" rel=\"noopener noreferrer\">Profesional B\u00e1sico en Tapicer\u00eda y Cortinaje<\/a><\/li>\n<\/ul>\n<\/li>\n<li><strong>GRADO MEDIO:<\/strong>&nbsp;&nbsp;\n<ul>\n<li><a href=\"https:\/\/portals.ced.junta-andalucia.es\/educacion\/portals\/web\/formacion-profesional-andaluza\/fp-grado-medio\/detalle-titulo?idTitulo=22\">T\u00e9cnico en Confecci\u00f3n y Moda<\/a> (Valverde del Camino, Huelva)<\/li>\n<li><a href=\"https:\/\/portals.ced.junta-andalucia.es\/educacion\/portals\/web\/formacion-profesional-andaluza\/fp-grado-medio\/detalle-titulo?idTitulo=70\">T\u00e9cnico en Calzado y Complementos de Moda<\/a> (se imparte en otras provincias, no en M\u00e1laga).<\/li>\n<\/ul>\n<\/li>\n<\/ul>\n<p>&nbsp;<\/p>\n<ul>\n<li><strong><span style=\"color: #ff0000\">CICLO PROFESIONAL DE GRADO SUPERIOR DE ARTES PL\u00c1STICAS Y DISE\u00d1O:&nbsp;<\/span><\/strong>\n<ul>\n<li><a href=\"https:\/\/www.escueladeartesantelmo.es\/portfolio-item\/cfgs-modelismo-de-indumentaria\/\" target=\"_blank\" rel=\"noopener noreferrer\">Modelismo e indumentaria<\/a><\/li>\n<\/ul>\n<\/li>\n<\/ul>\n<p>&nbsp;<\/p>\n","protected":false},"excerpt":{"rendered":"<p>\u00bfTe apasiona el mundo de la moda? \u00bfTe gustar\u00eda aprender a dise\u00f1ar y crear tus propios patrones?&nbsp; Esta familia profesional tiene ciclos de Formaci\u00f3n profesional inicial, as\u00ed como de artes y dise\u00f1o. V\u00eddeo &#8220;Textil,&#46;&#46;&#46;<\/p>\n","protected":false},"author":12235,"featured_media":0,"parent":0,"menu_order":0,"comment_status":"closed","ping_status":"closed","template":"","meta":{"ngg_post_thumbnail":0,"footnotes":""},"aioseo_notices":[],"_links":{"self":[{"href":"https:\/\/blogsaverroes.juntadeandalucia.es\/fpmalaga\/wp-json\/wp\/v2\/pages\/339"}],"collection":[{"href":"https:\/\/blogsaverroes.juntadeandalucia.es\/fpmalaga\/wp-json\/wp\/v2\/pages"}],"about":[{"href":"https:\/\/blogsaverroes.juntadeandalucia.es\/fpmalaga\/wp-json\/wp\/v2\/types\/page"}],"author":[{"embeddable":true,"href":"https:\/\/blogsaverroes.juntadeandalucia.es\/fpmalaga\/wp-json\/wp\/v2\/users\/12235"}],"replies":[{"embeddable":true,"href":"https:\/\/blogsaverroes.juntadeandalucia.es\/fpmalaga\/wp-json\/wp\/v2\/comments?post=339"}],"version-history":[{"count":1,"href":"https:\/\/blogsaverroes.juntadeandalucia.es\/fpmalaga\/wp-json\/wp\/v2\/pages\/339\/revisions"}],"predecessor-version":[{"id":340,"href":"https:\/\/blogsaverroes.juntadeandalucia.es\/fpmalaga\/wp-json\/wp\/v2\/pages\/339\/revisions\/340"}],"wp:attachment":[{"href":"https:\/\/blogsaverroes.juntadeandalucia.es\/fpmalaga\/wp-json\/wp\/v2\/media?parent=339"}],"curies":[{"name":"wp","href":"https:\/\/api.w.org\/{rel}","templated":true}]}}