{"id":39,"date":"2021-02-23T14:47:53","date_gmt":"2021-02-23T14:47:53","guid":{"rendered":"https:\/\/blogsaverroes.juntadeandalucia.es\/fpmalaga\/?page_id=39"},"modified":"2021-03-24T18:44:25","modified_gmt":"2021-03-24T18:44:25","slug":"que-estudiar","status":"publish","type":"page","link":"https:\/\/blogsaverroes.juntadeandalucia.es\/fpmalaga\/que-estudiar\/","title":{"rendered":"\u00bfQU\u00c9 ESTUDIAR?"},"content":{"rendered":"<p><em><span style=\"color: #000000\">\u00bfAlguna vez has pensado qu\u00e9 te gustar\u00eda estudiar? \u00bfHas descubierto tu talento? \u00bfQu\u00e9 te apasiona? <\/span><\/em><\/p>\n<p><em><span style=\"color: #000000\">Elige Formaci\u00f3n profesional para construir tus sue\u00f1os.&nbsp;<\/span><\/em><\/p>\n<table style=\"border-collapse: collapse;width: 100%;height: 242px\">\n<tbody>\n<tr>\n<td style=\"width: 20%\"><a href=\"https:\/\/blogsaverroes.juntadeandalucia.es\/fpmalaga\/actividades-fisicas-y-deportivas\/\" target=\"_blank\" rel=\"noopener noreferrer\"><img loading=\"lazy\" decoding=\"async\" class=\"wp-image-96 aligncenter\" src=\"https:\/\/blogsaverroes.juntadeandalucia.es\/fpmalaga\/files\/2021\/02\/1-300x169.png\" alt=\"\" width=\"233\" height=\"131\" srcset=\"https:\/\/blogsaverroes.juntadeandalucia.es\/fpmalaga\/files\/2021\/02\/1-300x169.png 300w, https:\/\/blogsaverroes.juntadeandalucia.es\/fpmalaga\/files\/2021\/02\/1-1024x576.png 1024w, https:\/\/blogsaverroes.juntadeandalucia.es\/fpmalaga\/files\/2021\/02\/1-768x432.png 768w, https:\/\/blogsaverroes.juntadeandalucia.es\/fpmalaga\/files\/2021\/02\/1-1536x864.png 1536w, https:\/\/blogsaverroes.juntadeandalucia.es\/fpmalaga\/files\/2021\/02\/1.png 1920w\" sizes=\"(max-width: 233px) 100vw, 233px\" \/><\/a><\/td>\n<td style=\"width: 20%\"><a href=\"https:\/\/blogsaverroes.juntadeandalucia.es\/fpmalaga\/administracion-y-gestion\/\" target=\"_blank\" rel=\"noopener noreferrer\"><img loading=\"lazy\" decoding=\"async\" class=\"alignnone size-medium wp-image-99\" src=\"https:\/\/blogsaverroes.juntadeandalucia.es\/fpmalaga\/files\/2021\/02\/4-bis-300x169.png\" alt=\"\" width=\"300\" height=\"169\" srcset=\"https:\/\/blogsaverroes.juntadeandalucia.es\/fpmalaga\/files\/2021\/02\/4-bis-300x169.png 300w, https:\/\/blogsaverroes.juntadeandalucia.es\/fpmalaga\/files\/2021\/02\/4-bis-1024x576.png 1024w, https:\/\/blogsaverroes.juntadeandalucia.es\/fpmalaga\/files\/2021\/02\/4-bis-768x432.png 768w, https:\/\/blogsaverroes.juntadeandalucia.es\/fpmalaga\/files\/2021\/02\/4-bis-1536x864.png 1536w, https:\/\/blogsaverroes.juntadeandalucia.es\/fpmalaga\/files\/2021\/02\/4-bis.png 1920w\" sizes=\"(max-width: 300px) 100vw, 300px\" \/><\/a><\/td>\n<td style=\"width: 20%\"><a href=\"https:\/\/blogsaverroes.juntadeandalucia.es\/fpmalaga\/agraria\/\" target=\"_blank\" rel=\"noopener noreferrer\"><img loading=\"lazy\" decoding=\"async\" class=\"wp-image-101 aligncenter\" src=\"https:\/\/blogsaverroes.juntadeandalucia.es\/fpmalaga\/files\/2021\/02\/5-300x169.png\" alt=\"\" width=\"206\" height=\"116\" srcset=\"https:\/\/blogsaverroes.juntadeandalucia.es\/fpmalaga\/files\/2021\/02\/5-300x169.png 300w, https:\/\/blogsaverroes.juntadeandalucia.es\/fpmalaga\/files\/2021\/02\/5-1024x576.png 1024w, https:\/\/blogsaverroes.juntadeandalucia.es\/fpmalaga\/files\/2021\/02\/5-768x432.png 768w, https:\/\/blogsaverroes.juntadeandalucia.es\/fpmalaga\/files\/2021\/02\/5-1536x864.png 1536w, https:\/\/blogsaverroes.juntadeandalucia.es\/fpmalaga\/files\/2021\/02\/5.png 1920w\" sizes=\"(max-width: 206px) 100vw, 206px\" \/><\/a><\/td>\n<td style=\"width: 20%\"><a href=\"https:\/\/blogsaverroes.juntadeandalucia.es\/fpmalaga\/artes-graficas\/\" target=\"_blank\" rel=\"noopener noreferrer\"><img loading=\"lazy\" decoding=\"async\" class=\"size-medium wp-image-121 aligncenter\" src=\"https:\/\/blogsaverroes.juntadeandalucia.es\/fpmalaga\/files\/2021\/02\/24-300x169.png\" alt=\"\" width=\"300\" height=\"169\" srcset=\"https:\/\/blogsaverroes.juntadeandalucia.es\/fpmalaga\/files\/2021\/02\/24-300x169.png 300w, https:\/\/blogsaverroes.juntadeandalucia.es\/fpmalaga\/files\/2021\/02\/24-1024x576.png 1024w, https:\/\/blogsaverroes.juntadeandalucia.es\/fpmalaga\/files\/2021\/02\/24-768x432.png 768w, https:\/\/blogsaverroes.juntadeandalucia.es\/fpmalaga\/files\/2021\/02\/24-1536x864.png 1536w, https:\/\/blogsaverroes.juntadeandalucia.es\/fpmalaga\/files\/2021\/02\/24.png 1920w\" sizes=\"(max-width: 300px) 100vw, 300px\" \/><\/a><\/td>\n<td style=\"width: 20%\"><a href=\"https:\/\/blogsaverroes.juntadeandalucia.es\/fpmalaga\/comercio-y-marketing\/\" target=\"_blank\" rel=\"noopener noreferrer\"><img loading=\"lazy\" decoding=\"async\" class=\"size-medium wp-image-102 aligncenter\" src=\"https:\/\/blogsaverroes.juntadeandalucia.es\/fpmalaga\/files\/2021\/02\/6-300x169.png\" alt=\"\" width=\"300\" height=\"169\" srcset=\"https:\/\/blogsaverroes.juntadeandalucia.es\/fpmalaga\/files\/2021\/02\/6-300x169.png 300w, https:\/\/blogsaverroes.juntadeandalucia.es\/fpmalaga\/files\/2021\/02\/6-1024x576.png 1024w, https:\/\/blogsaverroes.juntadeandalucia.es\/fpmalaga\/files\/2021\/02\/6-768x432.png 768w, https:\/\/blogsaverroes.juntadeandalucia.es\/fpmalaga\/files\/2021\/02\/6-1536x864.png 1536w, https:\/\/blogsaverroes.juntadeandalucia.es\/fpmalaga\/files\/2021\/02\/6.png 1920w\" sizes=\"(max-width: 300px) 100vw, 300px\" \/><\/a><\/td>\n<\/tr>\n<tr style=\"height: 140px\">\n<td style=\"width: 20%;height: 140px\"><a href=\"https:\/\/blogsaverroes.juntadeandalucia.es\/fpmalaga\/edificacion-y-obra-civil\/\" target=\"_blank\" rel=\"noopener noreferrer\"><img loading=\"lazy\" decoding=\"async\" class=\"size-medium wp-image-106 aligncenter\" src=\"https:\/\/blogsaverroes.juntadeandalucia.es\/fpmalaga\/files\/2021\/02\/10-300x169.png\" alt=\"\" width=\"300\" height=\"169\" srcset=\"https:\/\/blogsaverroes.juntadeandalucia.es\/fpmalaga\/files\/2021\/02\/10-300x169.png 300w, https:\/\/blogsaverroes.juntadeandalucia.es\/fpmalaga\/files\/2021\/02\/10-1024x576.png 1024w, https:\/\/blogsaverroes.juntadeandalucia.es\/fpmalaga\/files\/2021\/02\/10-768x432.png 768w, https:\/\/blogsaverroes.juntadeandalucia.es\/fpmalaga\/files\/2021\/02\/10-1536x864.png 1536w, https:\/\/blogsaverroes.juntadeandalucia.es\/fpmalaga\/files\/2021\/02\/10.png 1920w\" sizes=\"(max-width: 300px) 100vw, 300px\" \/><\/a><\/td>\n<td style=\"width: 20%;height: 140px\"><a href=\"https:\/\/blogsaverroes.juntadeandalucia.es\/fpmalaga\/electricidad-y-electronica\/\" target=\"_blank\" rel=\"noopener noreferrer\"><img loading=\"lazy\" decoding=\"async\" class=\"size-medium wp-image-105 aligncenter\" src=\"https:\/\/blogsaverroes.juntadeandalucia.es\/fpmalaga\/files\/2021\/02\/9-300x169.png\" alt=\"\" width=\"300\" height=\"169\" srcset=\"https:\/\/blogsaverroes.juntadeandalucia.es\/fpmalaga\/files\/2021\/02\/9-300x169.png 300w, https:\/\/blogsaverroes.juntadeandalucia.es\/fpmalaga\/files\/2021\/02\/9-1024x576.png 1024w, https:\/\/blogsaverroes.juntadeandalucia.es\/fpmalaga\/files\/2021\/02\/9-768x432.png 768w, https:\/\/blogsaverroes.juntadeandalucia.es\/fpmalaga\/files\/2021\/02\/9-1536x864.png 1536w, https:\/\/blogsaverroes.juntadeandalucia.es\/fpmalaga\/files\/2021\/02\/9.png 1920w\" sizes=\"(max-width: 300px) 100vw, 300px\" \/><\/a><\/td>\n<td style=\"width: 20%;height: 140px\"><a href=\"https:\/\/blogsaverroes.juntadeandalucia.es\/fpmalaga\/energia-y-agua\/\" target=\"_blank\" rel=\"noopener noreferrer\"><img loading=\"lazy\" decoding=\"async\" class=\"size-medium wp-image-103 aligncenter\" src=\"https:\/\/blogsaverroes.juntadeandalucia.es\/fpmalaga\/files\/2021\/02\/7-300x169.png\" alt=\"\" width=\"300\" height=\"169\" srcset=\"https:\/\/blogsaverroes.juntadeandalucia.es\/fpmalaga\/files\/2021\/02\/7-300x169.png 300w, https:\/\/blogsaverroes.juntadeandalucia.es\/fpmalaga\/files\/2021\/02\/7-1024x576.png 1024w, https:\/\/blogsaverroes.juntadeandalucia.es\/fpmalaga\/files\/2021\/02\/7-768x432.png 768w, https:\/\/blogsaverroes.juntadeandalucia.es\/fpmalaga\/files\/2021\/02\/7-1536x864.png 1536w, https:\/\/blogsaverroes.juntadeandalucia.es\/fpmalaga\/files\/2021\/02\/7.png 1920w\" sizes=\"(max-width: 300px) 100vw, 300px\" \/><\/a><\/td>\n<td style=\"width: 20%;height: 140px\"><a href=\"https:\/\/blogsaverroes.juntadeandalucia.es\/fpmalaga\/fabricacion-mecanica\/\" target=\"_blank\" rel=\"noopener noreferrer\"><img loading=\"lazy\" decoding=\"async\" class=\"size-medium wp-image-104 aligncenter\" src=\"https:\/\/blogsaverroes.juntadeandalucia.es\/fpmalaga\/files\/2021\/02\/8-300x169.png\" alt=\"\" width=\"300\" height=\"169\" srcset=\"https:\/\/blogsaverroes.juntadeandalucia.es\/fpmalaga\/files\/2021\/02\/8-300x169.png 300w, https:\/\/blogsaverroes.juntadeandalucia.es\/fpmalaga\/files\/2021\/02\/8-1024x576.png 1024w, https:\/\/blogsaverroes.juntadeandalucia.es\/fpmalaga\/files\/2021\/02\/8-768x432.png 768w, https:\/\/blogsaverroes.juntadeandalucia.es\/fpmalaga\/files\/2021\/02\/8-1536x864.png 1536w, https:\/\/blogsaverroes.juntadeandalucia.es\/fpmalaga\/files\/2021\/02\/8.png 1920w\" sizes=\"(max-width: 300px) 100vw, 300px\" \/><\/a><\/td>\n<td style=\"width: 20%;height: 140px\"><a href=\"https:\/\/blogsaverroes.juntadeandalucia.es\/fpmalaga\/hosteleria-y-turismo\/\" target=\"_blank\" rel=\"noopener noreferrer\"><img loading=\"lazy\" decoding=\"async\" class=\"size-medium wp-image-126 aligncenter\" src=\"https:\/\/blogsaverroes.juntadeandalucia.es\/fpmalaga\/files\/2021\/02\/29-300x169.png\" alt=\"\" width=\"300\" height=\"169\" srcset=\"https:\/\/blogsaverroes.juntadeandalucia.es\/fpmalaga\/files\/2021\/02\/29-300x169.png 300w, https:\/\/blogsaverroes.juntadeandalucia.es\/fpmalaga\/files\/2021\/02\/29-1024x576.png 1024w, https:\/\/blogsaverroes.juntadeandalucia.es\/fpmalaga\/files\/2021\/02\/29-768x432.png 768w, https:\/\/blogsaverroes.juntadeandalucia.es\/fpmalaga\/files\/2021\/02\/29-1536x864.png 1536w, https:\/\/blogsaverroes.juntadeandalucia.es\/fpmalaga\/files\/2021\/02\/29.png 1920w\" sizes=\"(max-width: 300px) 100vw, 300px\" \/><\/a><\/td>\n<\/tr>\n<tr style=\"height: 23px\">\n<td style=\"width: 20%;height: 23px\"><a href=\"https:\/\/blogsaverroes.juntadeandalucia.es\/fpmalaga\/imagen-personal\/\" target=\"_blank\" rel=\"noopener noreferrer\"><img loading=\"lazy\" decoding=\"async\" class=\"size-medium wp-image-107 aligncenter\" src=\"https:\/\/blogsaverroes.juntadeandalucia.es\/fpmalaga\/files\/2021\/02\/11-300x169.png\" alt=\"\" width=\"300\" height=\"169\" srcset=\"https:\/\/blogsaverroes.juntadeandalucia.es\/fpmalaga\/files\/2021\/02\/11-300x169.png 300w, https:\/\/blogsaverroes.juntadeandalucia.es\/fpmalaga\/files\/2021\/02\/11-1024x576.png 1024w, https:\/\/blogsaverroes.juntadeandalucia.es\/fpmalaga\/files\/2021\/02\/11-768x432.png 768w, https:\/\/blogsaverroes.juntadeandalucia.es\/fpmalaga\/files\/2021\/02\/11-1536x864.png 1536w, https:\/\/blogsaverroes.juntadeandalucia.es\/fpmalaga\/files\/2021\/02\/11.png 1920w\" sizes=\"(max-width: 300px) 100vw, 300px\" \/><\/a><\/td>\n<td style=\"width: 20%;height: 23px\"><a href=\"https:\/\/blogsaverroes.juntadeandalucia.es\/fpmalaga\/imagen-y-sonido\/\" target=\"_blank\" rel=\"noopener noreferrer\"><img loading=\"lazy\" decoding=\"async\" class=\"size-medium wp-image-108 aligncenter\" src=\"https:\/\/blogsaverroes.juntadeandalucia.es\/fpmalaga\/files\/2021\/02\/12-300x169.png\" alt=\"\" width=\"300\" height=\"169\" srcset=\"https:\/\/blogsaverroes.juntadeandalucia.es\/fpmalaga\/files\/2021\/02\/12-300x169.png 300w, https:\/\/blogsaverroes.juntadeandalucia.es\/fpmalaga\/files\/2021\/02\/12-1024x576.png 1024w, https:\/\/blogsaverroes.juntadeandalucia.es\/fpmalaga\/files\/2021\/02\/12-768x432.png 768w, https:\/\/blogsaverroes.juntadeandalucia.es\/fpmalaga\/files\/2021\/02\/12-1536x864.png 1536w, https:\/\/blogsaverroes.juntadeandalucia.es\/fpmalaga\/files\/2021\/02\/12.png 1920w\" sizes=\"(max-width: 300px) 100vw, 300px\" \/><\/a><\/td>\n<td style=\"width: 20%;height: 23px\"><a href=\"https:\/\/blogsaverroes.juntadeandalucia.es\/fpmalaga\/industrias-alimentarias\/\" target=\"_blank\" rel=\"noopener noreferrer\"><img loading=\"lazy\" decoding=\"async\" class=\"size-medium wp-image-109 aligncenter\" src=\"https:\/\/blogsaverroes.juntadeandalucia.es\/fpmalaga\/files\/2021\/02\/13-300x169.png\" alt=\"\" width=\"300\" height=\"169\" srcset=\"https:\/\/blogsaverroes.juntadeandalucia.es\/fpmalaga\/files\/2021\/02\/13-300x169.png 300w, https:\/\/blogsaverroes.juntadeandalucia.es\/fpmalaga\/files\/2021\/02\/13-1024x576.png 1024w, https:\/\/blogsaverroes.juntadeandalucia.es\/fpmalaga\/files\/2021\/02\/13-768x432.png 768w, https:\/\/blogsaverroes.juntadeandalucia.es\/fpmalaga\/files\/2021\/02\/13-1536x864.png 1536w, https:\/\/blogsaverroes.juntadeandalucia.es\/fpmalaga\/files\/2021\/02\/13.png 1920w\" sizes=\"(max-width: 300px) 100vw, 300px\" \/><\/a><\/td>\n<td style=\"width: 20%;height: 23px\"><a href=\"https:\/\/blogsaverroes.juntadeandalucia.es\/fpmalaga\/industrias-extractivas\/\" target=\"_blank\" rel=\"noopener noreferrer\"><img loading=\"lazy\" decoding=\"async\" class=\"size-medium wp-image-123 aligncenter\" src=\"https:\/\/blogsaverroes.juntadeandalucia.es\/fpmalaga\/files\/2021\/02\/26-300x168.png\" alt=\"\" width=\"300\" height=\"168\" srcset=\"https:\/\/blogsaverroes.juntadeandalucia.es\/fpmalaga\/files\/2021\/02\/26-300x168.png 300w, https:\/\/blogsaverroes.juntadeandalucia.es\/fpmalaga\/files\/2021\/02\/26.png 653w\" sizes=\"(max-width: 300px) 100vw, 300px\" \/><\/a><\/td>\n<td style=\"width: 20%;height: 23px\"><a href=\"https:\/\/blogsaverroes.juntadeandalucia.es\/fpmalaga\/informatica-y-comunicaciones\/\" target=\"_blank\" rel=\"noopener noreferrer\"><img loading=\"lazy\" decoding=\"async\" class=\"size-medium wp-image-110 aligncenter\" src=\"https:\/\/blogsaverroes.juntadeandalucia.es\/fpmalaga\/files\/2021\/02\/14-300x169.png\" alt=\"\" width=\"300\" height=\"169\" srcset=\"https:\/\/blogsaverroes.juntadeandalucia.es\/fpmalaga\/files\/2021\/02\/14-300x169.png 300w, https:\/\/blogsaverroes.juntadeandalucia.es\/fpmalaga\/files\/2021\/02\/14-1024x576.png 1024w, https:\/\/blogsaverroes.juntadeandalucia.es\/fpmalaga\/files\/2021\/02\/14-768x432.png 768w, https:\/\/blogsaverroes.juntadeandalucia.es\/fpmalaga\/files\/2021\/02\/14-1536x864.png 1536w, https:\/\/blogsaverroes.juntadeandalucia.es\/fpmalaga\/files\/2021\/02\/14.png 1920w\" sizes=\"(max-width: 300px) 100vw, 300px\" \/><\/a><\/td>\n<\/tr>\n<tr style=\"height: 23px\">\n<td style=\"width: 20%;height: 23px\"><a href=\"https:\/\/blogsaverroes.juntadeandalucia.es\/fpmalaga\/?page_id=320&amp;preview=true\" target=\"_blank\" rel=\"noopener noreferrer\"><img loading=\"lazy\" decoding=\"async\" class=\"alignnone size-medium wp-image-112\" src=\"https:\/\/blogsaverroes.juntadeandalucia.es\/fpmalaga\/files\/2021\/02\/16-300x169.png\" alt=\"\" width=\"300\" height=\"169\" srcset=\"https:\/\/blogsaverroes.juntadeandalucia.es\/fpmalaga\/files\/2021\/02\/16-300x169.png 300w, https:\/\/blogsaverroes.juntadeandalucia.es\/fpmalaga\/files\/2021\/02\/16-1024x576.png 1024w, https:\/\/blogsaverroes.juntadeandalucia.es\/fpmalaga\/files\/2021\/02\/16-768x432.png 768w, https:\/\/blogsaverroes.juntadeandalucia.es\/fpmalaga\/files\/2021\/02\/16-1536x864.png 1536w, https:\/\/blogsaverroes.juntadeandalucia.es\/fpmalaga\/files\/2021\/02\/16.png 1920w\" sizes=\"(max-width: 300px) 100vw, 300px\" \/><\/a><\/td>\n<td style=\"width: 20%;height: 23px\"><a href=\"https:\/\/blogsaverroes.juntadeandalucia.es\/fpmalaga\/maritimo-pesquera\/\" target=\"_blank\" rel=\"noopener noreferrer\"><img loading=\"lazy\" decoding=\"async\" class=\"alignnone size-medium wp-image-122\" src=\"https:\/\/blogsaverroes.juntadeandalucia.es\/fpmalaga\/files\/2021\/02\/25-300x169.png\" alt=\"\" width=\"300\" height=\"169\" srcset=\"https:\/\/blogsaverroes.juntadeandalucia.es\/fpmalaga\/files\/2021\/02\/25-300x169.png 300w, https:\/\/blogsaverroes.juntadeandalucia.es\/fpmalaga\/files\/2021\/02\/25.png 653w\" sizes=\"(max-width: 300px) 100vw, 300px\" \/><\/a><\/td>\n<td style=\"width: 20%;height: 23px\"><a href=\"https:\/\/blogsaverroes.juntadeandalucia.es\/fpmalaga\/quimica\/\" target=\"_blank\" rel=\"noopener noreferrer\"><img loading=\"lazy\" decoding=\"async\" class=\"alignnone size-medium wp-image-113\" src=\"https:\/\/blogsaverroes.juntadeandalucia.es\/fpmalaga\/files\/2021\/02\/17-300x169.png\" alt=\"\" width=\"300\" height=\"169\" srcset=\"https:\/\/blogsaverroes.juntadeandalucia.es\/fpmalaga\/files\/2021\/02\/17-300x169.png 300w, https:\/\/blogsaverroes.juntadeandalucia.es\/fpmalaga\/files\/2021\/02\/17-1024x576.png 1024w, https:\/\/blogsaverroes.juntadeandalucia.es\/fpmalaga\/files\/2021\/02\/17-768x432.png 768w, https:\/\/blogsaverroes.juntadeandalucia.es\/fpmalaga\/files\/2021\/02\/17-1536x864.png 1536w, https:\/\/blogsaverroes.juntadeandalucia.es\/fpmalaga\/files\/2021\/02\/17.png 1920w\" sizes=\"(max-width: 300px) 100vw, 300px\" \/><\/a><\/td>\n<td style=\"width: 20%;height: 23px\"><a href=\"https:\/\/blogsaverroes.juntadeandalucia.es\/fpmalaga\/sanidad\/\" target=\"_blank\" rel=\"noopener noreferrer\"><img loading=\"lazy\" decoding=\"async\" class=\"alignnone size-medium wp-image-114\" src=\"https:\/\/blogsaverroes.juntadeandalucia.es\/fpmalaga\/files\/2021\/02\/18-300x169.png\" alt=\"\" width=\"300\" height=\"169\" srcset=\"https:\/\/blogsaverroes.juntadeandalucia.es\/fpmalaga\/files\/2021\/02\/18-300x169.png 300w, https:\/\/blogsaverroes.juntadeandalucia.es\/fpmalaga\/files\/2021\/02\/18-1024x576.png 1024w, https:\/\/blogsaverroes.juntadeandalucia.es\/fpmalaga\/files\/2021\/02\/18-768x432.png 768w, https:\/\/blogsaverroes.juntadeandalucia.es\/fpmalaga\/files\/2021\/02\/18-1536x864.png 1536w, https:\/\/blogsaverroes.juntadeandalucia.es\/fpmalaga\/files\/2021\/02\/18.png 1920w\" sizes=\"(max-width: 300px) 100vw, 300px\" \/><\/a><\/td>\n<td style=\"width: 20%;height: 23px\"><a href=\"https:\/\/blogsaverroes.juntadeandalucia.es\/fpmalaga\/seguridad-y-medioambiente\/\" target=\"_blank\" rel=\"noopener noreferrer\"><img loading=\"lazy\" decoding=\"async\" class=\"alignnone size-medium wp-image-115\" src=\"https:\/\/blogsaverroes.juntadeandalucia.es\/fpmalaga\/files\/2021\/02\/19-300x169.png\" alt=\"\" width=\"300\" height=\"169\" srcset=\"https:\/\/blogsaverroes.juntadeandalucia.es\/fpmalaga\/files\/2021\/02\/19-300x169.png 300w, https:\/\/blogsaverroes.juntadeandalucia.es\/fpmalaga\/files\/2021\/02\/19-1024x576.png 1024w, https:\/\/blogsaverroes.juntadeandalucia.es\/fpmalaga\/files\/2021\/02\/19-768x432.png 768w, https:\/\/blogsaverroes.juntadeandalucia.es\/fpmalaga\/files\/2021\/02\/19-1536x864.png 1536w, https:\/\/blogsaverroes.juntadeandalucia.es\/fpmalaga\/files\/2021\/02\/19.png 1920w\" sizes=\"(max-width: 300px) 100vw, 300px\" \/><\/a><\/td>\n<\/tr>\n<tr style=\"height: 23px\">\n<td style=\"width: 20%;height: 23px\"><a href=\"https:\/\/blogsaverroes.juntadeandalucia.es\/fpmalaga\/servicios-socioculturales-y-a-la-comunidad\/\" target=\"_blank\" rel=\"noopener noreferrer\"><img loading=\"lazy\" decoding=\"async\" class=\"alignnone size-medium wp-image-116\" src=\"https:\/\/blogsaverroes.juntadeandalucia.es\/fpmalaga\/files\/2021\/02\/20-300x169.png\" alt=\"\" width=\"300\" height=\"169\" srcset=\"https:\/\/blogsaverroes.juntadeandalucia.es\/fpmalaga\/files\/2021\/02\/20-300x169.png 300w, https:\/\/blogsaverroes.juntadeandalucia.es\/fpmalaga\/files\/2021\/02\/20-1024x576.png 1024w, https:\/\/blogsaverroes.juntadeandalucia.es\/fpmalaga\/files\/2021\/02\/20-768x432.png 768w, https:\/\/blogsaverroes.juntadeandalucia.es\/fpmalaga\/files\/2021\/02\/20-1536x864.png 1536w, https:\/\/blogsaverroes.juntadeandalucia.es\/fpmalaga\/files\/2021\/02\/20.png 1920w\" sizes=\"(max-width: 300px) 100vw, 300px\" \/><\/a><\/td>\n<td style=\"width: 20%;height: 23px\"><a href=\"https:\/\/blogsaverroes.juntadeandalucia.es\/fpmalaga\/textil-confeccion-y-piel\/\" target=\"_blank\" rel=\"noopener noreferrer\"><img loading=\"lazy\" decoding=\"async\" class=\"alignnone size-medium wp-image-117\" src=\"https:\/\/blogsaverroes.juntadeandalucia.es\/fpmalaga\/files\/2021\/02\/21-300x169.png\" alt=\"\" width=\"300\" height=\"169\" srcset=\"https:\/\/blogsaverroes.juntadeandalucia.es\/fpmalaga\/files\/2021\/02\/21-300x169.png 300w, https:\/\/blogsaverroes.juntadeandalucia.es\/fpmalaga\/files\/2021\/02\/21-1024x576.png 1024w, https:\/\/blogsaverroes.juntadeandalucia.es\/fpmalaga\/files\/2021\/02\/21-768x432.png 768w, https:\/\/blogsaverroes.juntadeandalucia.es\/fpmalaga\/files\/2021\/02\/21-1536x864.png 1536w, https:\/\/blogsaverroes.juntadeandalucia.es\/fpmalaga\/files\/2021\/02\/21.png 1920w\" sizes=\"(max-width: 300px) 100vw, 300px\" \/><\/a><\/td>\n<td style=\"width: 20%;height: 23px\"><a href=\"https:\/\/blogsaverroes.juntadeandalucia.es\/fpmalaga\/transporte-y-mantenimiento-de-vehiculos\/\" target=\"_blank\" rel=\"noopener noreferrer\"><img loading=\"lazy\" decoding=\"async\" class=\"alignnone size-medium wp-image-118\" src=\"https:\/\/blogsaverroes.juntadeandalucia.es\/fpmalaga\/files\/2021\/02\/22-300x169.png\" alt=\"\" width=\"300\" height=\"169\" srcset=\"https:\/\/blogsaverroes.juntadeandalucia.es\/fpmalaga\/files\/2021\/02\/22-300x169.png 300w, https:\/\/blogsaverroes.juntadeandalucia.es\/fpmalaga\/files\/2021\/02\/22-1024x576.png 1024w, https:\/\/blogsaverroes.juntadeandalucia.es\/fpmalaga\/files\/2021\/02\/22-768x432.png 768w, https:\/\/blogsaverroes.juntadeandalucia.es\/fpmalaga\/files\/2021\/02\/22-1536x864.png 1536w, https:\/\/blogsaverroes.juntadeandalucia.es\/fpmalaga\/files\/2021\/02\/22.png 1920w\" sizes=\"(max-width: 300px) 100vw, 300px\" \/><\/a><\/td>\n<td style=\"width: 20%;height: 23px\"><a href=\"https:\/\/blogsaverroes.juntadeandalucia.es\/fpmalaga\/vidrio-y-ceramica\/\" target=\"_blank\" rel=\"noopener noreferrer\"><img loading=\"lazy\" decoding=\"async\" class=\"alignnone size-medium wp-image-119\" src=\"https:\/\/blogsaverroes.juntadeandalucia.es\/fpmalaga\/files\/2021\/02\/23-bis-300x169.png\" alt=\"\" width=\"300\" height=\"169\" srcset=\"https:\/\/blogsaverroes.juntadeandalucia.es\/fpmalaga\/files\/2021\/02\/23-bis-300x169.png 300w, https:\/\/blogsaverroes.juntadeandalucia.es\/fpmalaga\/files\/2021\/02\/23-bis-1024x576.png 1024w, https:\/\/blogsaverroes.juntadeandalucia.es\/fpmalaga\/files\/2021\/02\/23-bis-768x432.png 768w, https:\/\/blogsaverroes.juntadeandalucia.es\/fpmalaga\/files\/2021\/02\/23-bis-1536x864.png 1536w, https:\/\/blogsaverroes.juntadeandalucia.es\/fpmalaga\/files\/2021\/02\/23-bis.png 1920w\" sizes=\"(max-width: 300px) 100vw, 300px\" \/><\/a><\/td>\n<td style=\"width: 20%;height: 23px\"><a href=\"https:\/\/blogsaverroes.juntadeandalucia.es\/fpmalaga\/ciclos-artes\/\" target=\"_blank\" rel=\"noopener noreferrer\"><img loading=\"lazy\" decoding=\"async\" class=\"alignnone size-medium wp-image-92\" src=\"https:\/\/blogsaverroes.juntadeandalucia.es\/fpmalaga\/files\/2021\/02\/San-Telmo-300x127.png\" alt=\"\" width=\"300\" height=\"127\" srcset=\"https:\/\/blogsaverroes.juntadeandalucia.es\/fpmalaga\/files\/2021\/02\/San-Telmo-300x127.png 300w, https:\/\/blogsaverroes.juntadeandalucia.es\/fpmalaga\/files\/2021\/02\/San-Telmo.png 345w\" sizes=\"(max-width: 300px) 100vw, 300px\" \/><\/a><\/td>\n<\/tr>\n<tr style=\"height: 23px\">\n<td style=\"width: 20%;height: 23px\">&nbsp;<\/td>\n<td style=\"width: 20%;height: 23px\">&nbsp;<\/td>\n<td style=\"width: 20%;height: 23px\">&nbsp;<\/td>\n<td style=\"width: 20%;height: 23px\">&nbsp;<\/td>\n<td style=\"width: 20%;height: 23px\">&nbsp;<\/td>\n<\/tr>\n<\/tbody>\n<\/table>\n<p>&nbsp;<\/p>\n","protected":false},"excerpt":{"rendered":"<p>\u00bfAlguna vez has pensado qu\u00e9 te gustar\u00eda estudiar? \u00bfHas descubierto tu talento? \u00bfQu\u00e9 te apasiona? Elige Formaci\u00f3n profesional para construir tus sue\u00f1os.&nbsp; &nbsp; &nbsp; &nbsp; &nbsp; &nbsp; &nbsp;<\/p>\n","protected":false},"author":12235,"featured_media":0,"parent":0,"menu_order":0,"comment_status":"closed","ping_status":"closed","template":"","meta":{"ngg_post_thumbnail":0,"footnotes":""},"aioseo_notices":[],"_links":{"self":[{"href":"https:\/\/blogsaverroes.juntadeandalucia.es\/fpmalaga\/wp-json\/wp\/v2\/pages\/39"}],"collection":[{"href":"https:\/\/blogsaverroes.juntadeandalucia.es\/fpmalaga\/wp-json\/wp\/v2\/pages"}],"about":[{"href":"https:\/\/blogsaverroes.juntadeandalucia.es\/fpmalaga\/wp-json\/wp\/v2\/types\/page"}],"author":[{"embeddable":true,"href":"https:\/\/blogsaverroes.juntadeandalucia.es\/fpmalaga\/wp-json\/wp\/v2\/users\/12235"}],"replies":[{"embeddable":true,"href":"https:\/\/blogsaverroes.juntadeandalucia.es\/fpmalaga\/wp-json\/wp\/v2\/comments?post=39"}],"version-history":[{"count":24,"href":"https:\/\/blogsaverroes.juntadeandalucia.es\/fpmalaga\/wp-json\/wp\/v2\/pages\/39\/revisions"}],"predecessor-version":[{"id":380,"href":"https:\/\/blogsaverroes.juntadeandalucia.es\/fpmalaga\/wp-json\/wp\/v2\/pages\/39\/revisions\/380"}],"wp:attachment":[{"href":"https:\/\/blogsaverroes.juntadeandalucia.es\/fpmalaga\/wp-json\/wp\/v2\/media?parent=39"}],"curies":[{"name":"wp","href":"https:\/\/api.w.org\/{rel}","templated":true}]}}