{"id":41,"date":"2021-02-23T14:48:28","date_gmt":"2021-02-23T14:48:28","guid":{"rendered":"https:\/\/blogsaverroes.juntadeandalucia.es\/fpmalaga\/?page_id=41"},"modified":"2023-10-04T06:59:45","modified_gmt":"2023-10-04T06:59:45","slug":"donde-estudiar","status":"publish","type":"page","link":"https:\/\/blogsaverroes.juntadeandalucia.es\/fpmalaga\/donde-estudiar\/","title":{"rendered":"\u00bfQU\u00c9 Y D\u00d3NDE ESTUDIAR?"},"content":{"rendered":"<ul>\n<li><span style=\"color: #000000\">V\u00eddeos tutoriales:<\/span>\n<ul>\n<li><span style=\"color: #000000\">V\u00eddeo:<\/span> <a href=\"https:\/\/www.youtube.com\/watch?v=CDG-b_QKLDE\" target=\"_blank\" rel=\"noopener noreferrer\">\u00bfQu\u00e9 es la Formaci\u00f3n profesional b\u00e1sica y c\u00f3mo solicitarla?<\/a> (2021, Junta de Andaluc\u00eda)<\/li>\n<li>V\u00eddeo: <a href=\"https:\/\/www.youtube.com\/watch?v=TOT_o2VufCM\" target=\"_blank\" rel=\"noopener noreferrer\">\u00bfQu\u00e9 requisitos tiene la FPB?<img loading=\"lazy\" decoding=\"async\" class=\" wp-image-449 alignright\" src=\"https:\/\/blogsaverroes.juntadeandalucia.es\/fpmalaga\/files\/2021\/06\/FPA2021.png\" alt=\"\" width=\"131\" height=\"131\" srcset=\"https:\/\/blogsaverroes.juntadeandalucia.es\/fpmalaga\/files\/2021\/06\/FPA2021.png 225w, https:\/\/blogsaverroes.juntadeandalucia.es\/fpmalaga\/files\/2021\/06\/FPA2021-150x150.png 150w, https:\/\/blogsaverroes.juntadeandalucia.es\/fpmalaga\/files\/2021\/06\/FPA2021-80x80.png 80w\" sizes=\"(max-width: 131px) 100vw, 131px\" \/><\/a><\/li>\n<li><span style=\"color: #000000\">V\u00eddeo:<\/span> <a href=\"https:\/\/www.youtube.com\/watch?v=TVXGds6g7Z8\" target=\"_blank\" rel=\"noopener noreferrer\">\u00bfQu\u00e9 puedo estudiar si no tengo el t\u00edtulo de ESO?<\/a><\/li>\n<\/ul>\n<\/li>\n<li><a href=\"https:\/\/www.juntadeandalucia.es\/educacion\/secretariavirtual\/consulta\/oferta-educativa-formacion-profesional-basica\/\" target=\"_blank\" rel=\"noopener noreferrer\">CICLOS FORMATIVOS DE FP ESPEC\u00cdFICA&nbsp; OFERTA 23-24<\/a><\/li>\n<li>CICLOS FORMATIVOS DE <a href=\"https:\/\/blogsaverroes.juntadeandalucia.es\/fpmalaga\/files\/2023\/10\/PEFPB\u00c1SICA-OFERTA-EDUCATIVA-M\u00c1LAGA.pdf\">OFERTA EDUCATIVA M\u00c1LAGA<\/a><\/li>\n<li><a href=\"https:\/\/blogsaverroes.juntadeandalucia.es\/orientadelegacionmalaga\/guia-orient-oferta-educativa-2021-22\/\" target=\"_blank\" rel=\"noopener noreferrer\">Formaci\u00f3n profesional b\u00e1sica en M\u00e1laga&nbsp;<\/a>\n<ul>\n<li><a href=\"https:\/\/blogsaverroes.juntadeandalucia.es\/orientadelegacionmalaga\/files\/2020\/06\/Oferta-toda-FP-MALAGA-2020-21-por-ciclos.pdf\" target=\"_blank\" rel=\"noopener noreferrer\">Oferta ciclos formativos en M\u00e1laga 2020-21<\/a><\/li>\n<\/ul>\n<\/li>\n<\/ul>\n","protected":false},"excerpt":{"rendered":"<p>V\u00eddeos tutoriales: V\u00eddeo: \u00bfQu\u00e9 es la Formaci\u00f3n profesional b\u00e1sica y c\u00f3mo solicitarla? (2021, Junta de Andaluc\u00eda) V\u00eddeo: \u00bfQu\u00e9 requisitos tiene la FPB? V\u00eddeo: \u00bfQu\u00e9 puedo estudiar si no tengo el t\u00edtulo de ESO? CICLOS&#46;&#46;&#46;<\/p>\n","protected":false},"author":12235,"featured_media":0,"parent":0,"menu_order":0,"comment_status":"closed","ping_status":"closed","template":"","meta":{"ngg_post_thumbnail":0,"footnotes":""},"aioseo_notices":[],"_links":{"self":[{"href":"https:\/\/blogsaverroes.juntadeandalucia.es\/fpmalaga\/wp-json\/wp\/v2\/pages\/41"}],"collection":[{"href":"https:\/\/blogsaverroes.juntadeandalucia.es\/fpmalaga\/wp-json\/wp\/v2\/pages"}],"about":[{"href":"https:\/\/blogsaverroes.juntadeandalucia.es\/fpmalaga\/wp-json\/wp\/v2\/types\/page"}],"author":[{"embeddable":true,"href":"https:\/\/blogsaverroes.juntadeandalucia.es\/fpmalaga\/wp-json\/wp\/v2\/users\/12235"}],"replies":[{"embeddable":true,"href":"https:\/\/blogsaverroes.juntadeandalucia.es\/fpmalaga\/wp-json\/wp\/v2\/comments?post=41"}],"version-history":[{"count":10,"href":"https:\/\/blogsaverroes.juntadeandalucia.es\/fpmalaga\/wp-json\/wp\/v2\/pages\/41\/revisions"}],"predecessor-version":[{"id":632,"href":"https:\/\/blogsaverroes.juntadeandalucia.es\/fpmalaga\/wp-json\/wp\/v2\/pages\/41\/revisions\/632"}],"wp:attachment":[{"href":"https:\/\/blogsaverroes.juntadeandalucia.es\/fpmalaga\/wp-json\/wp\/v2\/media?parent=41"}],"curies":[{"name":"wp","href":"https:\/\/api.w.org\/{rel}","templated":true}]}}